{"id":987,"date":"2022-10-05T15:57:29","date_gmt":"2022-10-05T13:57:29","guid":{"rendered":"https:\/\/as-lightsound.de\/wordpress\/?post_type=product&#038;p=987"},"modified":"2025-10-08T10:17:22","modified_gmt":"2025-10-08T08:17:22","slug":"jbl-eon-718s-aktiv-subwoofer","status":"publish","type":"product","link":"https:\/\/as-lightsound.de\/wordpress\/product\/jbl-eon-718s-aktiv-subwoofer\/","title":{"rendered":"JBL EON 718S Aktiv-Subwoofer"},"content":{"rendered":"<p data-start=\"47\" data-end=\"590\">Der <strong data-start=\"51\" data-end=\"67\">JBL EON 718S<\/strong> ist ein leistungsstarker, aktiver Subwoofer in einem robusten Geh\u00e4use, der speziell f\u00fcr professionelle Beschallungen entwickelt wurde. Er kombiniert hohe Leistung mit modernem DSP-Management, um tiefe Frequenzen klar und druckvoll zu reproduzieren. Das integrierte, nutzerfreundliche Bedienfeld erm\u00f6glicht Einstellungen wie Parametrischer EQ, Delay und Polarity-Inversion direkt am Ger\u00e4t. Dank seiner Tragf\u00e4higkeit, Stapelbarkeit und robusten Konstruktion ist der 718S ideal f\u00fcr Touring-Eins\u00e4tze und mobile Installationen.<\/p>\n<hr data-start=\"592\" data-end=\"595\" \/>\n<h3 data-start=\"597\" data-end=\"630\">Technische Daten (Tech Specs)<\/h3>\n<div class=\"_tableContainer_1rjym_1\">\n<div class=\"group _tableWrapper_1rjym_13 flex w-fit flex-col-reverse\" tabindex=\"-1\">\n<table class=\"w-fit min-w-(--thread-content-width)\" data-start=\"632\" data-end=\"1458\">\n<thead data-start=\"632\" data-end=\"650\">\n<tr data-start=\"632\" data-end=\"650\">\n<th data-start=\"632\" data-end=\"642\" data-col-size=\"sm\">Merkmal<\/th>\n<th data-start=\"642\" data-end=\"650\" data-col-size=\"md\">Wert<\/th>\n<\/tr>\n<\/thead>\n<tbody data-start=\"671\" data-end=\"1458\">\n<tr data-start=\"671\" data-end=\"702\">\n<td data-start=\"671\" data-end=\"681\" data-col-size=\"sm\"><strong data-start=\"673\" data-end=\"680\">Typ<\/strong><\/td>\n<td data-start=\"681\" data-end=\"702\" data-col-size=\"md\">Aktiver Subwoofer<\/td>\n<\/tr>\n<tr data-start=\"703\" data-end=\"745\">\n<td data-start=\"703\" data-end=\"722\" data-col-size=\"sm\"><strong data-start=\"705\" data-end=\"721\">Treibergr\u00f6\u00dfe<\/strong><\/td>\n<td data-start=\"722\" data-end=\"745\" data-col-size=\"md\">18\u2033 Woofer (Ferrit)<\/td>\n<\/tr>\n<tr data-start=\"746\" data-end=\"789\">\n<td data-start=\"746\" data-end=\"761\" data-col-size=\"sm\"><strong data-start=\"748\" data-end=\"760\">Leistung<\/strong><\/td>\n<td data-start=\"761\" data-end=\"789\" data-col-size=\"md\">1 500 W Peak \/ 750 W RMS<\/td>\n<\/tr>\n<tr data-start=\"790\" data-end=\"839\">\n<td data-start=\"790\" data-end=\"821\" data-col-size=\"sm\"><strong data-start=\"792\" data-end=\"820\">Frequenzbereich (\u201310 dB)<\/strong><\/td>\n<td data-start=\"821\" data-end=\"839\" data-col-size=\"md\">31 Hz \u2013 150 Hz<\/td>\n<\/tr>\n<tr data-start=\"840\" data-end=\"885\">\n<td data-start=\"840\" data-end=\"867\" data-col-size=\"sm\"><strong data-start=\"842\" data-end=\"866\">Frequenzgang (\u20133 dB)<\/strong><\/td>\n<td data-start=\"867\" data-end=\"885\" data-col-size=\"md\">40 Hz \u2013 120 Hz<\/td>\n<\/tr>\n<tr data-start=\"886\" data-end=\"940\">\n<td data-start=\"886\" data-end=\"926\" data-col-size=\"sm\"><strong data-start=\"888\" data-end=\"925\">Maximaler Schalldruckpegel (Peak)<\/strong><\/td>\n<td data-col-size=\"md\" data-start=\"926\" data-end=\"940\">131 dB SPL<\/td>\n<\/tr>\n<tr data-start=\"941\" data-end=\"1010\">\n<td data-start=\"941\" data-end=\"962\" data-col-size=\"sm\"><strong data-start=\"943\" data-end=\"961\">DSP-Funktionen<\/strong><\/td>\n<td data-start=\"962\" data-end=\"1010\" data-col-size=\"md\">Parametrischer EQ, Delay, Polarity-Inversion<\/td>\n<\/tr>\n<tr data-start=\"1011\" data-end=\"1085\">\n<td data-start=\"1011\" data-end=\"1028\" data-col-size=\"sm\"><strong data-start=\"1013\" data-end=\"1027\">Anschl\u00fcsse<\/strong><\/td>\n<td data-start=\"1028\" data-end=\"1085\" data-col-size=\"md\">2 \u00d7 XLR-Kombi-Eing\u00e4nge, 2 \u00d7 XLR Durchschleif-Ausg\u00e4nge<\/td>\n<\/tr>\n<tr data-start=\"1086\" data-end=\"1148\">\n<td data-start=\"1086\" data-end=\"1127\" data-col-size=\"sm\"><strong data-start=\"1088\" data-end=\"1126\">Crossover-Frequenzen (umschaltbar)<\/strong><\/td>\n<td data-start=\"1127\" data-end=\"1148\" data-col-size=\"md\">80 \/ 100 \/ 120 Hz<\/td>\n<\/tr>\n<tr data-start=\"1149\" data-end=\"1205\">\n<td data-start=\"1149\" data-end=\"1183\" data-col-size=\"sm\"><strong data-start=\"1151\" data-end=\"1182\">Pole-Mount \/ Stativaufnahme<\/strong><\/td>\n<td data-start=\"1183\" data-end=\"1205\" data-col-size=\"md\">M20-Gewinde (oben)<\/td>\n<\/tr>\n<tr data-start=\"1206\" data-end=\"1284\">\n<td data-start=\"1206\" data-end=\"1228\" data-col-size=\"sm\"><strong data-start=\"1208\" data-end=\"1227\">Geh\u00e4usematerial<\/strong><\/td>\n<td data-start=\"1228\" data-end=\"1284\" data-col-size=\"md\">Multiplex-Holz mit DuraFlex-Oberfl\u00e4che, Metallgitter<\/td>\n<\/tr>\n<tr data-start=\"1285\" data-end=\"1355\">\n<td data-start=\"1285\" data-end=\"1318\" data-col-size=\"sm\"><strong data-start=\"1287\" data-end=\"1317\">Griffe \/ Transportmerkmale<\/strong><\/td>\n<td data-start=\"1318\" data-end=\"1355\" data-col-size=\"md\">Ergonomische Tragegriffe seitlich<\/td>\n<\/tr>\n<tr data-start=\"1356\" data-end=\"1408\">\n<td data-start=\"1356\" data-end=\"1386\" data-col-size=\"sm\"><strong data-start=\"1358\" data-end=\"1385\">Abmessungen (H \u00d7 B \u00d7 T)<\/strong><\/td>\n<td data-col-size=\"md\" data-start=\"1386\" data-end=\"1408\">674 \u00d7 609 \u00d7 637 mm<\/td>\n<\/tr>\n<tr data-start=\"1409\" data-end=\"1434\">\n<td data-start=\"1409\" data-end=\"1423\" data-col-size=\"sm\"><strong data-start=\"1411\" data-end=\"1422\">Gewicht<\/strong><\/td>\n<td data-start=\"1423\" data-end=\"1434\" data-col-size=\"md\">35,5 kg<\/td>\n<\/tr>\n<tr data-start=\"1435\" data-end=\"1458\">\n<td data-start=\"1435\" data-end=\"1447\" data-col-size=\"sm\"><strong data-start=\"1437\" data-end=\"1446\">Farbe<\/strong><\/td>\n<td data-start=\"1447\" data-end=\"1458\" data-col-size=\"md\">Schwarz<\/td>\n<\/tr>\n<\/tbody>\n<\/table>\n<\/div>\n<\/div>\n","protected":false},"excerpt":{"rendered":"<p>2\u00a0 vorr\u00e4tig<\/p>\n","protected":false},"featured_media":988,"template":"","meta":[],"product_brand":[],"product_cat":[19],"product_tag":[],"class_list":{"0":"post-987","1":"product","2":"type-product","3":"status-publish","4":"has-post-thumbnail","6":"product_cat-lautsprecher","8":"first","9":"instock","10":"taxable","11":"shipping-taxable","12":"purchasable","13":"product-type-simple"},"_links":{"self":[{"href":"https:\/\/as-lightsound.de\/wordpress\/wp-json\/wp\/v2\/product\/987","targetHints":{"allow":["GET"]}}],"collection":[{"href":"https:\/\/as-lightsound.de\/wordpress\/wp-json\/wp\/v2\/product"}],"about":[{"href":"https:\/\/as-lightsound.de\/wordpress\/wp-json\/wp\/v2\/types\/product"}],"wp:featuredmedia":[{"embeddable":true,"href":"https:\/\/as-lightsound.de\/wordpress\/wp-json\/wp\/v2\/media\/988"}],"wp:attachment":[{"href":"https:\/\/as-lightsound.de\/wordpress\/wp-json\/wp\/v2\/media?parent=987"}],"wp:term":[{"taxonomy":"product_brand","embeddable":true,"href":"https:\/\/as-lightsound.de\/wordpress\/wp-json\/wp\/v2\/product_brand?post=987"},{"taxonomy":"product_cat","embeddable":true,"href":"https:\/\/as-lightsound.de\/wordpress\/wp-json\/wp\/v2\/product_cat?post=987"},{"taxonomy":"product_tag","embeddable":true,"href":"https:\/\/as-lightsound.de\/wordpress\/wp-json\/wp\/v2\/product_tag?post=987"}],"curies":[{"name":"wp","href":"https:\/\/api.w.org\/{rel}","templated":true}]}}