{"id":986,"date":"2022-10-05T15:56:31","date_gmt":"2022-10-05T13:56:31","guid":{"rendered":"https:\/\/as-lightsound.de\/wordpress\/?post_type=product&#038;p=986"},"modified":"2025-10-08T10:17:59","modified_gmt":"2025-10-08T08:17:59","slug":"jbl-eon-712-aktivbox","status":"publish","type":"product","link":"https:\/\/as-lightsound.de\/wordpress\/product\/jbl-eon-712-aktivbox\/","title":{"rendered":"JBL EON 712 Aktivbox"},"content":{"rendered":"<p data-start=\"60\" data-end=\"696\">Der <strong data-start=\"64\" data-end=\"79\">JBL EON 712<\/strong> ist ein aktives Fullrange-Lautsprechersystem, das speziell f\u00fcr Anwendungen mit mittlerer bis hoher Leistung ausgelegt ist. Ausgestattet mit einem 12\u2033-Tieft\u00f6ner und einem 1\u2033-Hochtontreiber liefert es kraftvollen, klaren Klang f\u00fcr Sprach- und Musikanwendungen. Dank integriertem DSP mit Werk-Presets, FIR-Filtertechnologie und leistungsstarkem Verst\u00e4rkermodul bietet die EON 712 hohe Klangqualit\u00e4t und flexible Anpassung an verschiedene Umgebungen. Das robuste Kunststoffgeh\u00e4use mit Stativaufnahme, ergonomischen Griffen und Monitorwinkel macht sie flexibel einsetzbar auf B\u00fchne, in Bars, Studios und mobilen Setups.<\/p>\n<hr data-start=\"698\" data-end=\"701\" \/>\n<h3 data-start=\"703\" data-end=\"736\">Technische Daten (Tech Specs)<\/h3>\n<div class=\"_tableContainer_1rjym_1\">\n<div class=\"group _tableWrapper_1rjym_13 flex w-fit flex-col-reverse\" tabindex=\"-1\">\n<table class=\"w-fit min-w-(--thread-content-width)\" data-start=\"738\" data-end=\"1580\">\n<thead data-start=\"738\" data-end=\"756\">\n<tr data-start=\"738\" data-end=\"756\">\n<th data-start=\"738\" data-end=\"748\" data-col-size=\"sm\">Merkmal<\/th>\n<th data-start=\"748\" data-end=\"756\" data-col-size=\"md\">Wert<\/th>\n<\/tr>\n<\/thead>\n<tbody data-start=\"777\" data-end=\"1580\">\n<tr data-start=\"777\" data-end=\"811\">\n<td data-start=\"777\" data-end=\"787\" data-col-size=\"sm\"><strong data-start=\"779\" data-end=\"786\">Typ<\/strong><\/td>\n<td data-start=\"787\" data-end=\"811\" data-col-size=\"md\">Aktive Zwei-Wege-Box<\/td>\n<\/tr>\n<tr data-start=\"812\" data-end=\"866\">\n<td data-start=\"812\" data-end=\"829\" data-col-size=\"sm\"><strong data-start=\"814\" data-end=\"828\">Best\u00fcckung<\/strong><\/td>\n<td data-start=\"829\" data-end=\"866\" data-col-size=\"md\">12\u2033 Tieft\u00f6ner + 1\u2033 Hochtontreiber<\/td>\n<\/tr>\n<tr data-start=\"867\" data-end=\"926\">\n<td data-start=\"867\" data-end=\"912\" data-col-size=\"sm\"><strong data-start=\"869\" data-end=\"911\">Maximaler Schalldruckpegel (SPL, Peak)<\/strong><\/td>\n<td data-start=\"912\" data-end=\"926\" data-col-size=\"md\">ca. 126 dB<\/td>\n<\/tr>\n<tr data-start=\"927\" data-end=\"969\">\n<td data-start=\"927\" data-end=\"956\" data-col-size=\"sm\"><strong data-start=\"929\" data-end=\"955\">Abstrahlwinkel (h \u00d7 v)<\/strong><\/td>\n<td data-col-size=\"md\" data-start=\"956\" data-end=\"969\">90\u00b0 \u00d7 60\u00b0<\/td>\n<\/tr>\n<tr data-start=\"970\" data-end=\"1023\">\n<td data-start=\"970\" data-end=\"1001\" data-col-size=\"sm\"><strong data-start=\"972\" data-end=\"1000\">Frequenzbereich (\u201310 dB)<\/strong><\/td>\n<td data-start=\"1001\" data-end=\"1023\" data-col-size=\"md\">ca. 48 Hz \u2013 20 kHz<\/td>\n<\/tr>\n<tr data-start=\"1024\" data-end=\"1082\">\n<td data-start=\"1024\" data-end=\"1052\" data-col-size=\"sm\"><strong data-start=\"1026\" data-end=\"1051\">Leistung (Verst\u00e4rker)<\/strong><\/td>\n<td data-start=\"1052\" data-end=\"1082\" data-col-size=\"md\">ca. 1500 W Spitzenleistung<\/td>\n<\/tr>\n<tr data-start=\"1083\" data-end=\"1168\">\n<td data-start=\"1083\" data-end=\"1105\" data-col-size=\"sm\"><strong data-start=\"1085\" data-end=\"1104\">DSP \/ Steuerung<\/strong><\/td>\n<td data-start=\"1105\" data-end=\"1168\" data-col-size=\"md\">Digitales Preset-Management, FIR-Filter, EQ, Delay, Limiter<\/td>\n<\/tr>\n<tr data-start=\"1169\" data-end=\"1231\">\n<td data-start=\"1169\" data-end=\"1186\" data-col-size=\"sm\"><strong data-start=\"1171\" data-end=\"1185\">Anschl\u00fcsse<\/strong><\/td>\n<td data-start=\"1186\" data-end=\"1231\" data-col-size=\"md\">2 \u00d7 XLR\/Klinke Kombibuchsen, XLR-Ausg\u00e4nge<\/td>\n<\/tr>\n<tr data-start=\"1232\" data-end=\"1293\">\n<td data-start=\"1232\" data-end=\"1254\" data-col-size=\"sm\"><strong data-start=\"1234\" data-end=\"1253\">Geh\u00e4usematerial<\/strong><\/td>\n<td data-col-size=\"md\" data-start=\"1254\" data-end=\"1293\">Hochdruck-Kunststoff (Polypropylen)<\/td>\n<\/tr>\n<tr data-start=\"1294\" data-end=\"1343\">\n<td data-start=\"1294\" data-end=\"1328\" data-col-size=\"sm\"><strong data-start=\"1296\" data-end=\"1327\">Stativaufnahme \/ Pole-Mount<\/strong><\/td>\n<td data-start=\"1328\" data-end=\"1343\" data-col-size=\"md\">M20-Gewinde<\/td>\n<\/tr>\n<tr data-start=\"1344\" data-end=\"1404\">\n<td data-start=\"1344\" data-end=\"1364\" data-col-size=\"sm\"><strong data-start=\"1346\" data-end=\"1363\">Monitorwinkel<\/strong><\/td>\n<td data-start=\"1364\" data-end=\"1404\" data-col-size=\"md\">integrierter Bodenwinkel (z. B. 55\u00b0)<\/td>\n<\/tr>\n<tr data-start=\"1405\" data-end=\"1469\">\n<td data-start=\"1405\" data-end=\"1434\" data-col-size=\"sm\"><strong data-start=\"1407\" data-end=\"1433\">Griffe \/ Trageelemente<\/strong><\/td>\n<td data-start=\"1434\" data-end=\"1469\" data-col-size=\"md\">Frontgriff und Seitenhandgriffe<\/td>\n<\/tr>\n<tr data-start=\"1470\" data-end=\"1526\">\n<td data-start=\"1470\" data-end=\"1500\" data-col-size=\"sm\"><strong data-start=\"1472\" data-end=\"1499\">Abmessungen (H \u00d7 B \u00d7 T)<\/strong><\/td>\n<td data-col-size=\"md\" data-start=\"1500\" data-end=\"1526\">ca. 603 \u00d7 408 \u00d7 365 mm<\/td>\n<\/tr>\n<tr data-start=\"1527\" data-end=\"1556\">\n<td data-start=\"1527\" data-end=\"1541\" data-col-size=\"sm\"><strong data-start=\"1529\" data-end=\"1540\">Gewicht<\/strong><\/td>\n<td data-start=\"1541\" data-end=\"1556\" data-col-size=\"md\">ca. 16,7 kg<\/td>\n<\/tr>\n<tr data-start=\"1557\" data-end=\"1580\">\n<td data-start=\"1557\" data-end=\"1569\" data-col-size=\"sm\"><strong data-start=\"1559\" data-end=\"1568\">Farbe<\/strong><\/td>\n<td data-start=\"1569\" data-end=\"1580\" data-col-size=\"md\">Schwarz<\/td>\n<\/tr>\n<\/tbody>\n<\/table>\n<\/div>\n<\/div>\n","protected":false},"excerpt":{"rendered":"<p>6\u00a0 vorr\u00e4tig<\/p>\n","protected":false},"featured_media":983,"template":"","meta":[],"product_brand":[],"product_cat":[19],"product_tag":[],"class_list":{"0":"post-986","1":"product","2":"type-product","3":"status-publish","4":"has-post-thumbnail","6":"product_cat-lautsprecher","8":"first","9":"instock","10":"taxable","11":"shipping-taxable","12":"purchasable","13":"product-type-simple"},"_links":{"self":[{"href":"https:\/\/as-lightsound.de\/wordpress\/wp-json\/wp\/v2\/product\/986","targetHints":{"allow":["GET"]}}],"collection":[{"href":"https:\/\/as-lightsound.de\/wordpress\/wp-json\/wp\/v2\/product"}],"about":[{"href":"https:\/\/as-lightsound.de\/wordpress\/wp-json\/wp\/v2\/types\/product"}],"wp:featuredmedia":[{"embeddable":true,"href":"https:\/\/as-lightsound.de\/wordpress\/wp-json\/wp\/v2\/media\/983"}],"wp:attachment":[{"href":"https:\/\/as-lightsound.de\/wordpress\/wp-json\/wp\/v2\/media?parent=986"}],"wp:term":[{"taxonomy":"product_brand","embeddable":true,"href":"https:\/\/as-lightsound.de\/wordpress\/wp-json\/wp\/v2\/product_brand?post=986"},{"taxonomy":"product_cat","embeddable":true,"href":"https:\/\/as-lightsound.de\/wordpress\/wp-json\/wp\/v2\/product_cat?post=986"},{"taxonomy":"product_tag","embeddable":true,"href":"https:\/\/as-lightsound.de\/wordpress\/wp-json\/wp\/v2\/product_tag?post=986"}],"curies":[{"name":"wp","href":"https:\/\/api.w.org\/{rel}","templated":true}]}}