{"id":973,"date":"2022-03-18T17:14:31","date_gmt":"2022-03-18T16:14:31","guid":{"rendered":"https:\/\/as-lightsound.de\/wordpress\/?post_type=product&#038;p=973"},"modified":"2025-10-08T11:35:32","modified_gmt":"2025-10-08T09:35:32","slug":"sennheiser-hsp-ii-kugel-beige-lemo-3polig","status":"publish","type":"product","link":"https:\/\/as-lightsound.de\/wordpress\/product\/sennheiser-hsp-ii-kugel-beige-lemo-3polig\/","title":{"rendered":"Sennheiser HSP II (Kugel) beige, Lemo 3polig"},"content":{"rendered":"<p data-start=\"92\" data-end=\"606\">Das <strong data-start=\"96\" data-end=\"117\">Sennheiser HSP II<\/strong> ist ein hochwertiges, professionelles Headset-Mikrofon mit Kugelcharakteristik, konzipiert f\u00fcr Sprache und Gesang auf B\u00fchne, im Theater und im Broadcast-Bereich. Es kombiniert nat\u00fcrliche Klangwiedergabe mit hoher Pegelfestigkeit und unauff\u00e4lligem Tragekomfort. Das leichte Nackenb\u00fcgel-Design und die pr\u00e4zise Mikrofonpositionierung erm\u00f6glichen sicheren Halt bei gleichzeitig maximaler Bewegungsfreiheit. Die beige Farbgebung sorgt f\u00fcr dezente Optik bei Pr\u00e4sentationen und TV-Anwendungen.<\/p>\n<hr data-start=\"608\" data-end=\"611\" \/>\n<h3 data-start=\"613\" data-end=\"646\">Technische Daten (Tech Specs)<\/h3>\n<div class=\"_tableContainer_1rjym_1\">\n<div class=\"group _tableWrapper_1rjym_13 flex w-fit flex-col-reverse\" tabindex=\"-1\">\n<table class=\"w-fit min-w-(--thread-content-width)\" data-start=\"648\" data-end=\"1415\">\n<thead data-start=\"648\" data-end=\"666\">\n<tr data-start=\"648\" data-end=\"666\">\n<th data-start=\"648\" data-end=\"658\" data-col-size=\"sm\">Merkmal<\/th>\n<th data-start=\"658\" data-end=\"666\" data-col-size=\"md\">Wert<\/th>\n<\/tr>\n<\/thead>\n<tbody data-start=\"687\" data-end=\"1415\">\n<tr data-start=\"687\" data-end=\"721\">\n<td data-start=\"687\" data-end=\"700\" data-col-size=\"sm\"><strong data-start=\"689\" data-end=\"699\">Modell<\/strong><\/td>\n<td data-start=\"700\" data-end=\"721\" data-col-size=\"md\">Sennheiser HSP II<\/td>\n<\/tr>\n<tr data-start=\"722\" data-end=\"775\">\n<td data-start=\"722\" data-end=\"748\" data-col-size=\"sm\"><strong data-start=\"724\" data-end=\"747\">Richtcharakteristik<\/strong><\/td>\n<td data-start=\"748\" data-end=\"775\" data-col-size=\"md\">Kugel (omnidirektional)<\/td>\n<\/tr>\n<tr data-start=\"776\" data-end=\"816\">\n<td data-start=\"776\" data-end=\"798\" data-col-size=\"sm\"><strong data-start=\"778\" data-end=\"797\">Frequenzbereich<\/strong><\/td>\n<td data-start=\"798\" data-end=\"816\" data-col-size=\"md\">20 Hz \u2013 20 kHz<\/td>\n<\/tr>\n<tr data-start=\"817\" data-end=\"863\">\n<td data-start=\"817\" data-end=\"839\" data-col-size=\"sm\"><strong data-start=\"819\" data-end=\"838\">Empfindlichkeit<\/strong><\/td>\n<td data-start=\"839\" data-end=\"863\" data-col-size=\"md\">5 mV\/Pa (\u201346 dBV\/Pa)<\/td>\n<\/tr>\n<tr data-start=\"864\" data-end=\"891\">\n<td data-start=\"864\" data-end=\"883\" data-col-size=\"sm\"><strong data-start=\"866\" data-end=\"882\">Nennimpedanz<\/strong><\/td>\n<td data-start=\"883\" data-end=\"891\" data-col-size=\"md\">1 k\u03a9<\/td>\n<\/tr>\n<tr data-start=\"892\" data-end=\"930\">\n<td data-start=\"892\" data-end=\"920\" data-col-size=\"sm\"><strong data-start=\"894\" data-end=\"919\">Minimale Lastimpedanz<\/strong><\/td>\n<td data-start=\"920\" data-end=\"930\" data-col-size=\"md\">4,7 k\u03a9<\/td>\n<\/tr>\n<tr data-start=\"931\" data-end=\"984\">\n<td data-start=\"931\" data-end=\"970\" data-col-size=\"sm\"><strong data-start=\"933\" data-end=\"969\">Maximaler Schalldruckpegel (SPL)<\/strong><\/td>\n<td data-start=\"970\" data-end=\"984\" data-col-size=\"md\">150 dB SPL<\/td>\n<\/tr>\n<tr data-start=\"985\" data-end=\"1064\">\n<td data-start=\"985\" data-end=\"1011\" data-col-size=\"sm\"><strong data-start=\"987\" data-end=\"1010\">Versorgungsspannung<\/strong><\/td>\n<td data-start=\"1011\" data-end=\"1064\" data-col-size=\"md\">7,5 V DC (\u00fcber Taschensender oder Phantomadapter)<\/td>\n<\/tr>\n<tr data-start=\"1065\" data-end=\"1128\">\n<td data-start=\"1065\" data-end=\"1086\" data-col-size=\"sm\"><strong data-start=\"1067\" data-end=\"1085\">Steckverbinder<\/strong><\/td>\n<td data-start=\"1086\" data-end=\"1128\" data-col-size=\"md\">Lemo 3-polig (f\u00fcr Sennheiser SK-Serie)<\/td>\n<\/tr>\n<tr data-start=\"1129\" data-end=\"1159\">\n<td data-start=\"1129\" data-end=\"1146\" data-col-size=\"sm\"><strong data-start=\"1131\" data-end=\"1145\">Kabell\u00e4nge<\/strong><\/td>\n<td data-start=\"1146\" data-end=\"1159\" data-col-size=\"md\">ca. 1,6 m<\/td>\n<\/tr>\n<tr data-start=\"1160\" data-end=\"1181\">\n<td data-start=\"1160\" data-end=\"1172\" data-col-size=\"sm\"><strong data-start=\"1162\" data-end=\"1171\">Farbe<\/strong><\/td>\n<td data-start=\"1172\" data-end=\"1181\" data-col-size=\"md\">Beige<\/td>\n<\/tr>\n<tr data-start=\"1182\" data-end=\"1234\">\n<td data-start=\"1182\" data-end=\"1196\" data-col-size=\"sm\"><strong data-start=\"1184\" data-end=\"1195\">Gewicht<\/strong><\/td>\n<td data-start=\"1196\" data-end=\"1234\" data-col-size=\"md\">ca. 26 g (inkl. Kabel und Stecker)<\/td>\n<\/tr>\n<tr data-start=\"1235\" data-end=\"1284\">\n<td data-start=\"1235\" data-end=\"1251\" data-col-size=\"sm\"><strong data-start=\"1237\" data-end=\"1250\">Kapseltyp<\/strong><\/td>\n<td data-start=\"1251\" data-end=\"1284\" data-col-size=\"md\">Kondensator (pre-polarisiert)<\/td>\n<\/tr>\n<tr data-start=\"1285\" data-end=\"1343\">\n<td data-start=\"1285\" data-end=\"1305\" data-col-size=\"sm\"><strong data-start=\"1287\" data-end=\"1304\">B\u00fcgelmaterial<\/strong><\/td>\n<td data-start=\"1305\" data-end=\"1343\" data-col-size=\"md\">Federstahl, hautfarben beschichtet<\/td>\n<\/tr>\n<tr data-start=\"1344\" data-end=\"1415\">\n<td data-start=\"1344\" data-end=\"1362\" data-col-size=\"sm\"><strong data-start=\"1346\" data-end=\"1361\">Befestigung<\/strong><\/td>\n<td data-start=\"1362\" data-end=\"1415\" data-col-size=\"md\">Verstellbarer Ohrb\u00fcgel, wechselbare Mikrofonseite<\/td>\n<\/tr>\n<\/tbody>\n<\/table>\n<\/div>\n<\/div>\n","protected":false},"excerpt":{"rendered":"<p>12 vorr\u00e4tig<\/p>\n","protected":false},"featured_media":974,"template":"","meta":[],"product_brand":[],"product_cat":[23],"product_tag":[],"class_list":{"0":"post-973","1":"product","2":"type-product","3":"status-publish","4":"has-post-thumbnail","6":"product_cat-wireless","8":"first","9":"instock","10":"taxable","11":"shipping-taxable","12":"purchasable","13":"product-type-simple"},"_links":{"self":[{"href":"https:\/\/as-lightsound.de\/wordpress\/wp-json\/wp\/v2\/product\/973","targetHints":{"allow":["GET"]}}],"collection":[{"href":"https:\/\/as-lightsound.de\/wordpress\/wp-json\/wp\/v2\/product"}],"about":[{"href":"https:\/\/as-lightsound.de\/wordpress\/wp-json\/wp\/v2\/types\/product"}],"wp:featuredmedia":[{"embeddable":true,"href":"https:\/\/as-lightsound.de\/wordpress\/wp-json\/wp\/v2\/media\/974"}],"wp:attachment":[{"href":"https:\/\/as-lightsound.de\/wordpress\/wp-json\/wp\/v2\/media?parent=973"}],"wp:term":[{"taxonomy":"product_brand","embeddable":true,"href":"https:\/\/as-lightsound.de\/wordpress\/wp-json\/wp\/v2\/product_brand?post=973"},{"taxonomy":"product_cat","embeddable":true,"href":"https:\/\/as-lightsound.de\/wordpress\/wp-json\/wp\/v2\/product_cat?post=973"},{"taxonomy":"product_tag","embeddable":true,"href":"https:\/\/as-lightsound.de\/wordpress\/wp-json\/wp\/v2\/product_tag?post=973"}],"curies":[{"name":"wp","href":"https:\/\/api.w.org\/{rel}","templated":true}]}}