{"id":96,"date":"2021-02-17T10:58:47","date_gmt":"2021-02-17T09:58:47","guid":{"rendered":"https:\/\/as-lightsound.de\/wordpress\/?post_type=product&#038;p=96"},"modified":"2025-10-07T10:19:15","modified_gmt":"2025-10-07T08:19:15","slug":"midas-m32r","status":"publish","type":"product","link":"https:\/\/as-lightsound.de\/wordpress\/product\/midas-m32r\/","title":{"rendered":"Midas M32R"},"content":{"rendered":"<p data-start=\"200\" data-end=\"617\">Das <strong data-start=\"204\" data-end=\"218\">Midas M32R<\/strong> ist ein leistungsstarkes, kompaktes <strong data-start=\"255\" data-end=\"275\">Digitalmischpult<\/strong> mit 40 Eingangskan\u00e4len und 25 Mix-Bussen. Es kombiniert die legend\u00e4re Midas-Klangqualit\u00e4t mit moderner Netzwerktechnik, motorisierten Fadern und intuitiver Bedienung. Entwickelt f\u00fcr Live-, Studio- und Installationsanwendungen, \u00fcberzeugt das M32R durch seine hochwertige Verarbeitung, pr\u00e4zisen Workflow und flexible Steuerungsm\u00f6glichkeiten.<\/p>\n<hr data-start=\"619\" data-end=\"622\" \/>\n<h3 data-start=\"624\" data-end=\"661\"><strong data-start=\"628\" data-end=\"661\">Technische Daten (Tech Specs)<\/strong><\/h3>\n<div class=\"_tableContainer_1rjym_1\">\n<div class=\"group _tableWrapper_1rjym_13 flex w-fit flex-col-reverse\" tabindex=\"-1\">\n<table class=\"w-fit min-w-(--thread-content-width)\" data-start=\"663\" data-end=\"2386\">\n<thead data-start=\"663\" data-end=\"690\">\n<tr data-start=\"663\" data-end=\"690\">\n<th data-start=\"663\" data-end=\"673\" data-col-size=\"sm\">Merkmal<\/th>\n<th data-start=\"673\" data-end=\"690\" data-col-size=\"md\">Spezifikation<\/th>\n<\/tr>\n<\/thead>\n<tbody data-start=\"714\" data-end=\"2386\">\n<tr data-start=\"714\" data-end=\"767\">\n<td data-start=\"714\" data-end=\"735\" data-col-size=\"sm\"><strong data-start=\"716\" data-end=\"734\">Eingangskan\u00e4le<\/strong><\/td>\n<td data-start=\"735\" data-end=\"767\" data-col-size=\"md\">40 (32 Mic\/Line + 8 Aux\/USB)<\/td>\n<\/tr>\n<tr data-start=\"768\" data-end=\"837\">\n<td data-start=\"768\" data-end=\"783\" data-col-size=\"sm\"><strong data-start=\"770\" data-end=\"782\">Ausg\u00e4nge<\/strong><\/td>\n<td data-start=\"783\" data-end=\"837\" data-col-size=\"md\">25 Mix-Busse (16 Aux, 8 Matrix, L\/R Master + Mono)<\/td>\n<\/tr>\n<tr data-start=\"838\" data-end=\"942\">\n<td data-start=\"838\" data-end=\"856\" data-col-size=\"sm\"><strong data-start=\"840\" data-end=\"855\">Lokale I\/Os<\/strong><\/td>\n<td data-start=\"856\" data-end=\"942\" data-col-size=\"md\">16 \u00d7 XLR Mic\/Line In, 8 \u00d7 XLR Out, 6 \u00d7 Aux In\/Out (TRS), 1 \u00d7 Talkback Mic In (XLR)<\/td>\n<\/tr>\n<tr data-start=\"943\" data-end=\"1019\">\n<td data-start=\"943\" data-end=\"972\" data-col-size=\"sm\"><strong data-start=\"945\" data-end=\"971\">Digitale Ein-\/Ausg\u00e4nge<\/strong><\/td>\n<td data-start=\"972\" data-end=\"1019\" data-col-size=\"md\">1 \u00d7 AES50 A + 1 \u00d7 AES50 B (je 48\u00d748 Kan\u00e4le)<\/td>\n<\/tr>\n<tr data-start=\"1020\" data-end=\"1105\">\n<td data-start=\"1020\" data-end=\"1044\" data-col-size=\"sm\"><strong data-start=\"1022\" data-end=\"1043\">Erweiterungsslots<\/strong><\/td>\n<td data-start=\"1044\" data-end=\"1105\" data-col-size=\"md\">1 \u00d7 Card-Slot (vorinstalliert: USB 32\u00d732 Audio Interface oder Dante, je nach Wunsch)<\/td>\n<\/tr>\n<tr data-start=\"1106\" data-end=\"1170\">\n<td data-start=\"1106\" data-end=\"1120\" data-col-size=\"sm\"><strong data-start=\"1108\" data-end=\"1119\">Preamps<\/strong><\/td>\n<td data-start=\"1120\" data-end=\"1170\" data-col-size=\"md\">16 Midas PRO Series Mic-Preamps, fernsteuerbar<\/td>\n<\/tr>\n<tr data-start=\"1171\" data-end=\"1236\">\n<td data-start=\"1171\" data-end=\"1190\" data-col-size=\"sm\"><strong data-start=\"1173\" data-end=\"1189\">Verarbeitung<\/strong><\/td>\n<td data-start=\"1190\" data-end=\"1236\" data-col-size=\"md\">40-Bit Floating Point, 48 kHz Samplingrate<\/td>\n<\/tr>\n<tr data-start=\"1237\" data-end=\"1303\">\n<td data-start=\"1237\" data-end=\"1249\" data-col-size=\"sm\"><strong data-start=\"1239\" data-end=\"1248\">Fader<\/strong><\/td>\n<td data-start=\"1249\" data-end=\"1303\" data-col-size=\"md\">17 motorisierte 100 mm Fader (16 Kanal + 1 Master)<\/td>\n<\/tr>\n<tr data-start=\"1304\" data-end=\"1353\">\n<td data-start=\"1304\" data-end=\"1318\" data-col-size=\"sm\"><strong data-start=\"1306\" data-end=\"1317\">Display<\/strong><\/td>\n<td data-start=\"1318\" data-end=\"1353\" data-col-size=\"md\">5\u2033 Farb-TFT mit hoher Aufl\u00f6sung<\/td>\n<\/tr>\n<tr data-start=\"1354\" data-end=\"1439\">\n<td data-start=\"1354\" data-end=\"1368\" data-col-size=\"sm\"><strong data-start=\"1356\" data-end=\"1367\">Effekte<\/strong><\/td>\n<td data-start=\"1368\" data-end=\"1439\" data-col-size=\"md\">8 interne Stereo-Effekt-Engines (inkl. Reverb, Delay, EQ, Dynamics)<\/td>\n<\/tr>\n<tr data-start=\"1440\" data-end=\"1508\">\n<td data-start=\"1440\" data-end=\"1456\" data-col-size=\"sm\"><strong data-start=\"1442\" data-end=\"1455\">Equalizer<\/strong><\/td>\n<td data-start=\"1456\" data-end=\"1508\" data-col-size=\"md\">4-Band-Parametrik auf allen Eing\u00e4ngen und Bussen<\/td>\n<\/tr>\n<tr data-start=\"1509\" data-end=\"1571\">\n<td data-start=\"1509\" data-end=\"1524\" data-col-size=\"sm\"><strong data-start=\"1511\" data-end=\"1523\">Dynamics<\/strong><\/td>\n<td data-start=\"1524\" data-end=\"1571\" data-col-size=\"md\">Kompressor, Gate, Limiter auf allen Kan\u00e4len<\/td>\n<\/tr>\n<tr data-start=\"1572\" data-end=\"1629\">\n<td data-start=\"1572\" data-end=\"1593\" data-col-size=\"sm\"><strong data-start=\"1574\" data-end=\"1592\">Szenenspeicher<\/strong><\/td>\n<td data-start=\"1593\" data-end=\"1629\" data-col-size=\"md\">100 Szenen + Snapshot-Automation<\/td>\n<\/tr>\n<tr data-start=\"1630\" data-end=\"1687\">\n<td data-start=\"1630\" data-end=\"1644\" data-col-size=\"sm\"><strong data-start=\"1632\" data-end=\"1643\">Routing<\/strong><\/td>\n<td data-start=\"1644\" data-end=\"1687\" data-col-size=\"md\">Vollst\u00e4ndig frei konfigurierbare Matrix<\/td>\n<\/tr>\n<tr data-start=\"1688\" data-end=\"1757\">\n<td data-start=\"1688\" data-end=\"1711\" data-col-size=\"sm\"><strong data-start=\"1690\" data-end=\"1710\">Remote-Steuerung<\/strong><\/td>\n<td data-start=\"1711\" data-end=\"1757\" data-col-size=\"md\">Ethernet (iPad\/Tablet, PC\/Mac Editor, OSC)<\/td>\n<\/tr>\n<tr data-start=\"1758\" data-end=\"1828\">\n<td data-start=\"1758\" data-end=\"1778\" data-col-size=\"sm\"><strong data-start=\"1760\" data-end=\"1777\">USB-Interface<\/strong><\/td>\n<td data-start=\"1778\" data-end=\"1828\" data-col-size=\"md\">32\u00d732 Kan\u00e4le f\u00fcr Multitrack-Recording (48 kHz)<\/td>\n<\/tr>\n<tr data-start=\"1829\" data-end=\"1886\">\n<td data-start=\"1829\" data-end=\"1846\" data-col-size=\"sm\"><strong data-start=\"1831\" data-end=\"1845\">Word Clock<\/strong><\/td>\n<td data-start=\"1846\" data-end=\"1886\" data-col-size=\"md\">\u00fcber AES50 oder USB synchronisierbar<\/td>\n<\/tr>\n<tr data-start=\"1887\" data-end=\"1952\">\n<td data-start=\"1887\" data-end=\"1902\" data-col-size=\"sm\"><strong data-start=\"1889\" data-end=\"1901\">Netzwerk<\/strong><\/td>\n<td data-start=\"1902\" data-end=\"1952\" data-col-size=\"md\">AES50 f\u00fcr Stageboxen (z. B. DL16, DL32, DL151)<\/td>\n<\/tr>\n<tr data-start=\"1953\" data-end=\"1996\">\n<td data-start=\"1953\" data-end=\"1966\" data-col-size=\"sm\"><strong data-start=\"1955\" data-end=\"1965\">Latenz<\/strong><\/td>\n<td data-start=\"1966\" data-end=\"1996\" data-col-size=\"md\">&lt; 1 ms (Eingang \u2192 Ausgang)<\/td>\n<\/tr>\n<tr data-start=\"1997\" data-end=\"2049\">\n<td data-start=\"1997\" data-end=\"2023\" data-col-size=\"sm\"><strong data-start=\"1999\" data-end=\"2022\">Spannungsversorgung<\/strong><\/td>\n<td data-start=\"2023\" data-end=\"2049\" data-col-size=\"md\">100\u2013240 V AC, 50\/60 Hz<\/td>\n<\/tr>\n<tr data-start=\"2050\" data-end=\"2087\">\n<td data-start=\"2050\" data-end=\"2074\" data-col-size=\"sm\"><strong data-start=\"2052\" data-end=\"2073\">Leistungsaufnahme<\/strong><\/td>\n<td data-start=\"2074\" data-end=\"2087\" data-col-size=\"md\">ca. 120 W<\/td>\n<\/tr>\n<tr data-start=\"2088\" data-end=\"2121\">\n<td data-start=\"2088\" data-end=\"2104\" data-col-size=\"sm\"><strong data-start=\"2090\" data-end=\"2103\">Schutzart<\/strong><\/td>\n<td data-start=\"2104\" data-end=\"2121\" data-col-size=\"md\">IP20 (Indoor)<\/td>\n<\/tr>\n<tr data-start=\"2122\" data-end=\"2183\">\n<td data-start=\"2122\" data-end=\"2136\" data-col-size=\"sm\"><strong data-start=\"2124\" data-end=\"2135\">Geh\u00e4use<\/strong><\/td>\n<td data-start=\"2136\" data-end=\"2183\" data-col-size=\"md\">Aluminium-Druckgussrahmen, touring-tauglich<\/td>\n<\/tr>\n<tr data-start=\"2184\" data-end=\"2236\">\n<td data-start=\"2184\" data-end=\"2214\" data-col-size=\"sm\"><strong data-start=\"2186\" data-end=\"2213\">Abmessungen (B \u00d7 H \u00d7 T)<\/strong><\/td>\n<td data-start=\"2214\" data-end=\"2236\" data-col-size=\"md\">494 \u00d7 208 \u00d7 610 mm<\/td>\n<\/tr>\n<tr data-start=\"2237\" data-end=\"2266\">\n<td data-start=\"2237\" data-end=\"2251\" data-col-size=\"sm\"><strong data-start=\"2239\" data-end=\"2250\">Gewicht<\/strong><\/td>\n<td data-start=\"2251\" data-end=\"2266\" data-col-size=\"md\">ca. 16,5 kg<\/td>\n<\/tr>\n<tr data-start=\"2267\" data-end=\"2386\">\n<td data-start=\"2267\" data-end=\"2288\" data-col-size=\"sm\"><strong data-start=\"2269\" data-end=\"2287\">Besonderheiten<\/strong><\/td>\n<td data-start=\"2288\" data-end=\"2386\" data-col-size=\"md\">40 Eing\u00e4nge, 25 Busse, 32\u00d732 USB-Interface, 16 PRO-Preamps, AES50-Netzwerk, motorisierte Fader<\/td>\n<\/tr>\n<\/tbody>\n<\/table>\n<\/div>\n<\/div>\n","protected":false},"excerpt":{"rendered":"<p>3 vorr\u00e4tig<\/p>\n","protected":false},"featured_media":97,"template":"","meta":[],"product_brand":[],"product_cat":[16],"product_tag":[],"class_list":{"0":"post-96","1":"product","2":"type-product","3":"status-publish","4":"has-post-thumbnail","6":"product_cat-mischpulte","8":"first","9":"instock","10":"taxable","11":"shipping-taxable","12":"purchasable","13":"product-type-simple"},"_links":{"self":[{"href":"https:\/\/as-lightsound.de\/wordpress\/wp-json\/wp\/v2\/product\/96","targetHints":{"allow":["GET"]}}],"collection":[{"href":"https:\/\/as-lightsound.de\/wordpress\/wp-json\/wp\/v2\/product"}],"about":[{"href":"https:\/\/as-lightsound.de\/wordpress\/wp-json\/wp\/v2\/types\/product"}],"wp:featuredmedia":[{"embeddable":true,"href":"https:\/\/as-lightsound.de\/wordpress\/wp-json\/wp\/v2\/media\/97"}],"wp:attachment":[{"href":"https:\/\/as-lightsound.de\/wordpress\/wp-json\/wp\/v2\/media?parent=96"}],"wp:term":[{"taxonomy":"product_brand","embeddable":true,"href":"https:\/\/as-lightsound.de\/wordpress\/wp-json\/wp\/v2\/product_brand?post=96"},{"taxonomy":"product_cat","embeddable":true,"href":"https:\/\/as-lightsound.de\/wordpress\/wp-json\/wp\/v2\/product_cat?post=96"},{"taxonomy":"product_tag","embeddable":true,"href":"https:\/\/as-lightsound.de\/wordpress\/wp-json\/wp\/v2\/product_tag?post=96"}],"curies":[{"name":"wp","href":"https:\/\/api.w.org\/{rel}","templated":true}]}}