{"id":943,"date":"2021-12-21T16:07:35","date_gmt":"2021-12-21T15:07:35","guid":{"rendered":"https:\/\/as-lightsound.de\/wordpress\/?post_type=product&#038;p=943"},"modified":"2025-10-03T09:36:44","modified_gmt":"2025-10-03T07:36:44","slug":"midas-heritage-d-hd96-24","status":"publish","type":"product","link":"https:\/\/as-lightsound.de\/wordpress\/product\/midas-heritage-d-hd96-24\/","title":{"rendered":"Midas Heritage-D HD96-24"},"content":{"rendered":"<p data-start=\"179\" data-end=\"536\">Das <strong data-start=\"183\" data-end=\"211\">Midas Heritage-D HD96-24<\/strong> ist ein hochmodernes Digitalmischpult f\u00fcr Live-Sound auf h\u00f6chstem Niveau. Mit seiner leistungsstarken Engine, dem gro\u00dfen Multi-Touch-Display, flexibler Signalbearbeitung und erstklassiger Midas-Klangqualit\u00e4t setzt es neue Ma\u00dfst\u00e4be in Bedienkomfort und Performance \u2013 ideal f\u00fcr Touring, Konzerthallen, Theater und Broadcast.<\/p>\n<hr data-start=\"538\" data-end=\"541\" \/>\n<h3 data-start=\"543\" data-end=\"580\"><strong data-start=\"547\" data-end=\"580\">Technische Daten (Tech Specs)<\/strong><\/h3>\n<div class=\"_tableContainer_1rjym_1\">\n<div class=\"group _tableWrapper_1rjym_13 flex w-fit flex-col-reverse\" tabindex=\"-1\">\n<table class=\"w-fit min-w-(--thread-content-width)\" data-start=\"582\" data-end=\"1610\">\n<thead data-start=\"582\" data-end=\"609\">\n<tr data-start=\"582\" data-end=\"609\">\n<th data-start=\"582\" data-end=\"592\" data-col-size=\"sm\">Merkmal<\/th>\n<th data-start=\"592\" data-end=\"609\" data-col-size=\"lg\">Spezifikation<\/th>\n<\/tr>\n<\/thead>\n<tbody data-start=\"633\" data-end=\"1610\">\n<tr data-start=\"633\" data-end=\"696\">\n<td data-start=\"633\" data-end=\"656\" data-col-size=\"sm\"><strong data-start=\"635\" data-end=\"655\">Bedienoberfl\u00e4che<\/strong><\/td>\n<td data-start=\"656\" data-end=\"696\" data-col-size=\"lg\">24 motorisierte Fader, frei belegbar<\/td>\n<\/tr>\n<tr data-start=\"697\" data-end=\"760\">\n<td data-start=\"697\" data-end=\"711\" data-col-size=\"sm\"><strong data-start=\"699\" data-end=\"710\">Display<\/strong><\/td>\n<td data-start=\"711\" data-end=\"760\" data-col-size=\"lg\">21\u2033 Full-HD Multi-Touch-Screen, hochaufl\u00f6send<\/td>\n<\/tr>\n<tr data-start=\"761\" data-end=\"805\">\n<td data-start=\"761\" data-end=\"776\" data-col-size=\"sm\"><strong data-start=\"763\" data-end=\"775\">Eing\u00e4nge<\/strong><\/td>\n<td data-start=\"776\" data-end=\"805\" data-col-size=\"lg\">Bis zu 144 Eingangskan\u00e4le<\/td>\n<\/tr>\n<tr data-start=\"806\" data-end=\"861\">\n<td data-start=\"806\" data-end=\"821\" data-col-size=\"sm\"><strong data-start=\"808\" data-end=\"820\">Ausg\u00e4nge<\/strong><\/td>\n<td data-start=\"821\" data-end=\"861\" data-col-size=\"lg\">Bis zu 96 Busse (Aux, Group, Matrix)<\/td>\n<\/tr>\n<tr data-start=\"862\" data-end=\"943\">\n<td data-start=\"862\" data-end=\"882\" data-col-size=\"sm\"><strong data-start=\"864\" data-end=\"881\">Audioqualit\u00e4t<\/strong><\/td>\n<td data-start=\"882\" data-end=\"943\" data-col-size=\"lg\">96 kHz \/ 64 Bit Aufl\u00f6sung, Midas Pro Series Vorverst\u00e4rker<\/td>\n<\/tr>\n<tr data-start=\"944\" data-end=\"1054\">\n<td data-start=\"944\" data-end=\"971\" data-col-size=\"sm\"><strong data-start=\"946\" data-end=\"970\">Effekte \/ Processing<\/strong><\/td>\n<td data-start=\"971\" data-end=\"1054\" data-col-size=\"lg\">Umfangreiche interne FX-Racks, Dynamics und EQs pro Kanal, Insert-M\u00f6glichkeiten<\/td>\n<\/tr>\n<tr data-start=\"1055\" data-end=\"1151\">\n<td data-start=\"1055\" data-end=\"1081\" data-col-size=\"sm\"><strong data-start=\"1057\" data-end=\"1080\">Szenen \/ Automation<\/strong><\/td>\n<td data-start=\"1081\" data-end=\"1151\" data-col-size=\"lg\">Umfassendes Showfile-Management, Szenenspeicher, Snapshot-Funktion<\/td>\n<\/tr>\n<tr data-start=\"1152\" data-end=\"1252\">\n<td data-start=\"1152\" data-end=\"1167\" data-col-size=\"sm\"><strong data-start=\"1154\" data-end=\"1166\">Netzwerk<\/strong><\/td>\n<td data-start=\"1167\" data-end=\"1252\" data-col-size=\"lg\">AES50-Ports f\u00fcr Stageboxen, Dante \/ MADI \/ weitere Schnittstellen via Erweiterung<\/td>\n<\/tr>\n<tr data-start=\"1253\" data-end=\"1319\">\n<td data-start=\"1253\" data-end=\"1274\" data-col-size=\"sm\"><strong data-start=\"1255\" data-end=\"1273\">Remote Control<\/strong><\/td>\n<td data-start=\"1274\" data-end=\"1319\" data-col-size=\"lg\">Steuerung via Tablet \/ PC (Netzwerkf\u00e4hig)<\/td>\n<\/tr>\n<tr data-start=\"1320\" data-end=\"1383\">\n<td data-start=\"1320\" data-end=\"1337\" data-col-size=\"sm\"><strong data-start=\"1322\" data-end=\"1336\">Anschl\u00fcsse<\/strong><\/td>\n<td data-start=\"1337\" data-end=\"1383\" data-col-size=\"lg\">USB, Netzwerk, MIDI, Monitor Out, Talkback<\/td>\n<\/tr>\n<tr data-start=\"1384\" data-end=\"1441\">\n<td data-start=\"1384\" data-end=\"1414\" data-col-size=\"sm\"><strong data-start=\"1386\" data-end=\"1413\">Abmessungen (B \u00d7 H \u00d7 T)<\/strong><\/td>\n<td data-start=\"1414\" data-end=\"1441\" data-col-size=\"lg\">ca. 1180 \u00d7 320 \u00d7 900 mm<\/td>\n<\/tr>\n<tr data-start=\"1442\" data-end=\"1469\">\n<td data-start=\"1442\" data-end=\"1456\" data-col-size=\"sm\"><strong data-start=\"1444\" data-end=\"1455\">Gewicht<\/strong><\/td>\n<td data-start=\"1456\" data-end=\"1469\" data-col-size=\"lg\">ca. 80 kg<\/td>\n<\/tr>\n<tr data-start=\"1470\" data-end=\"1610\">\n<td data-start=\"1470\" data-end=\"1491\" data-col-size=\"sm\"><strong data-start=\"1472\" data-end=\"1490\">Besonderheiten<\/strong><\/td>\n<td data-start=\"1491\" data-end=\"1610\" data-col-size=\"lg\">High-End DSP-Architektur, intuitive Touch-Oberfl\u00e4che, zukunftssicher durch Erweiterungsslots, bew\u00e4hrter Midas-Sound<\/td>\n<\/tr>\n<\/tbody>\n<\/table>\n<\/div>\n<\/div>\n","protected":false},"excerpt":{"rendered":"<p>3 vorr\u00e4tig<\/p>\n","protected":false},"featured_media":2162,"template":"","meta":[],"product_brand":[],"product_cat":[16],"product_tag":[],"class_list":{"0":"post-943","1":"product","2":"type-product","3":"status-publish","4":"has-post-thumbnail","6":"product_cat-mischpulte","8":"first","9":"instock","10":"taxable","11":"shipping-taxable","12":"purchasable","13":"product-type-simple"},"_links":{"self":[{"href":"https:\/\/as-lightsound.de\/wordpress\/wp-json\/wp\/v2\/product\/943","targetHints":{"allow":["GET"]}}],"collection":[{"href":"https:\/\/as-lightsound.de\/wordpress\/wp-json\/wp\/v2\/product"}],"about":[{"href":"https:\/\/as-lightsound.de\/wordpress\/wp-json\/wp\/v2\/types\/product"}],"wp:featuredmedia":[{"embeddable":true,"href":"https:\/\/as-lightsound.de\/wordpress\/wp-json\/wp\/v2\/media\/2162"}],"wp:attachment":[{"href":"https:\/\/as-lightsound.de\/wordpress\/wp-json\/wp\/v2\/media?parent=943"}],"wp:term":[{"taxonomy":"product_brand","embeddable":true,"href":"https:\/\/as-lightsound.de\/wordpress\/wp-json\/wp\/v2\/product_brand?post=943"},{"taxonomy":"product_cat","embeddable":true,"href":"https:\/\/as-lightsound.de\/wordpress\/wp-json\/wp\/v2\/product_cat?post=943"},{"taxonomy":"product_tag","embeddable":true,"href":"https:\/\/as-lightsound.de\/wordpress\/wp-json\/wp\/v2\/product_tag?post=943"}],"curies":[{"name":"wp","href":"https:\/\/api.w.org\/{rel}","templated":true}]}}