{"id":94,"date":"2021-02-17T10:55:44","date_gmt":"2021-02-17T09:55:44","guid":{"rendered":"https:\/\/as-lightsound.de\/wordpress\/?post_type=product&#038;p=94"},"modified":"2025-10-07T10:20:05","modified_gmt":"2025-10-07T08:20:05","slug":"midas-m32c","status":"publish","type":"product","link":"https:\/\/as-lightsound.de\/wordpress\/product\/midas-m32c\/","title":{"rendered":"Midas M32C"},"content":{"rendered":"<p data-start=\"213\" data-end=\"680\">Der <strong data-start=\"217\" data-end=\"231\">Midas M32C<\/strong> ist ein kompakter <strong data-start=\"250\" data-end=\"275\">Digitalmischpult-Core<\/strong>, der die volle Leistung der M32-Serie in einem 19\u2033-Rackformat bietet. Er dient als zentrales Steuer- und Rechensystem f\u00fcr professionelle Audioanwendungen und kann mit Stageboxen, DAWs und Remote-Controllern kombiniert werden. Mit bis zu <strong data-start=\"513\" data-end=\"529\">40 Eing\u00e4ngen<\/strong>, <strong data-start=\"531\" data-end=\"544\">25 Bussen<\/strong>, integrierten Effekten und <strong data-start=\"572\" data-end=\"601\">32\u00d732 USB-Audio-Interface<\/strong> ist der M32C ideal f\u00fcr Touring, Festinstallationen, Broadcast und Recording.<\/p>\n<hr data-start=\"682\" data-end=\"685\" \/>\n<h3 data-start=\"687\" data-end=\"724\"><strong data-start=\"691\" data-end=\"724\">Technische Daten (Tech Specs)<\/strong><\/h3>\n<div class=\"_tableContainer_1rjym_1\">\n<div class=\"group _tableWrapper_1rjym_13 flex w-fit flex-col-reverse\" tabindex=\"-1\">\n<table class=\"w-fit min-w-(--thread-content-width)\" data-start=\"726\" data-end=\"2246\">\n<thead data-start=\"726\" data-end=\"753\">\n<tr data-start=\"726\" data-end=\"753\">\n<th data-start=\"726\" data-end=\"736\" data-col-size=\"sm\">Merkmal<\/th>\n<th data-start=\"736\" data-end=\"753\" data-col-size=\"md\">Spezifikation<\/th>\n<\/tr>\n<\/thead>\n<tbody data-start=\"777\" data-end=\"2246\">\n<tr data-start=\"777\" data-end=\"836\">\n<td data-start=\"777\" data-end=\"798\" data-col-size=\"sm\"><strong data-start=\"779\" data-end=\"797\">Eingangskan\u00e4le<\/strong><\/td>\n<td data-start=\"798\" data-end=\"836\" data-col-size=\"md\">40 (\u00fcber AES50 oder USB-Interface)<\/td>\n<\/tr>\n<tr data-start=\"837\" data-end=\"906\">\n<td data-start=\"837\" data-end=\"852\" data-col-size=\"sm\"><strong data-start=\"839\" data-end=\"851\">Ausg\u00e4nge<\/strong><\/td>\n<td data-start=\"852\" data-end=\"906\" data-col-size=\"md\">25 Mix-Busse (16 Aux, 8 Matrix, L\/R Master + Mono)<\/td>\n<\/tr>\n<tr data-start=\"907\" data-end=\"1017\">\n<td data-start=\"907\" data-end=\"925\" data-col-size=\"sm\"><strong data-start=\"909\" data-end=\"924\">Lokale I\/Os<\/strong><\/td>\n<td data-start=\"925\" data-end=\"1017\" data-col-size=\"md\">2 \u00d7 XLR Out (Main L\/R), 1 \u00d7 AES\/EBU Out, 2 \u00d7 Monitor Out (Klinke), 1 \u00d7 Talkback In (XLR)<\/td>\n<\/tr>\n<tr data-start=\"1018\" data-end=\"1093\">\n<td data-start=\"1018\" data-end=\"1047\" data-col-size=\"sm\"><strong data-start=\"1020\" data-end=\"1046\">Digitale Ein-\/Ausg\u00e4nge<\/strong><\/td>\n<td data-start=\"1047\" data-end=\"1093\" data-col-size=\"md\">2 \u00d7 AES50 Ports (je 48\u00d748 Kan\u00e4le @ 48 kHz)<\/td>\n<\/tr>\n<tr data-start=\"1094\" data-end=\"1179\">\n<td data-start=\"1094\" data-end=\"1118\" data-col-size=\"sm\"><strong data-start=\"1096\" data-end=\"1117\">Erweiterungsslots<\/strong><\/td>\n<td data-start=\"1118\" data-end=\"1179\" data-col-size=\"md\">1 \u00d7 Card-Slot (vorinstalliert: USB 32\u00d732 Audio Interface)<\/td>\n<\/tr>\n<tr data-start=\"1180\" data-end=\"1249\">\n<td data-start=\"1180\" data-end=\"1199\" data-col-size=\"sm\"><strong data-start=\"1182\" data-end=\"1198\">Verarbeitung<\/strong><\/td>\n<td data-start=\"1199\" data-end=\"1249\" data-col-size=\"md\">40-Bit Floating Point DSP, 48 kHz Samplingrate<\/td>\n<\/tr>\n<tr data-start=\"1250\" data-end=\"1331\">\n<td data-start=\"1250\" data-end=\"1264\" data-col-size=\"sm\"><strong data-start=\"1252\" data-end=\"1263\">Effekte<\/strong><\/td>\n<td data-start=\"1264\" data-end=\"1331\" data-col-size=\"md\">8 interne Stereo-FX-Engines (inkl. Reverb, Delay, EQ, Dynamics)<\/td>\n<\/tr>\n<tr data-start=\"1332\" data-end=\"1403\">\n<td data-start=\"1332\" data-end=\"1348\" data-col-size=\"sm\"><strong data-start=\"1334\" data-end=\"1347\">Equalizer<\/strong><\/td>\n<td data-start=\"1348\" data-end=\"1403\" data-col-size=\"md\">4-Band-Parametrik auf allen Eing\u00e4ngen und Ausg\u00e4ngen<\/td>\n<\/tr>\n<tr data-start=\"1404\" data-end=\"1466\">\n<td data-start=\"1404\" data-end=\"1419\" data-col-size=\"sm\"><strong data-start=\"1406\" data-end=\"1418\">Dynamics<\/strong><\/td>\n<td data-start=\"1419\" data-end=\"1466\" data-col-size=\"md\">Kompressor, Gate, Limiter auf allen Kan\u00e4len<\/td>\n<\/tr>\n<tr data-start=\"1467\" data-end=\"1525\">\n<td data-start=\"1467\" data-end=\"1490\" data-col-size=\"sm\"><strong data-start=\"1469\" data-end=\"1489\">Routing \/ Matrix<\/strong><\/td>\n<td data-start=\"1490\" data-end=\"1525\" data-col-size=\"md\">Vollst\u00e4ndig frei konfigurierbar<\/td>\n<\/tr>\n<tr data-start=\"1526\" data-end=\"1583\">\n<td data-start=\"1526\" data-end=\"1547\" data-col-size=\"sm\"><strong data-start=\"1528\" data-end=\"1546\">Szenenspeicher<\/strong><\/td>\n<td data-start=\"1547\" data-end=\"1583\" data-col-size=\"md\">100 Szenen + Snapshot-Automation<\/td>\n<\/tr>\n<tr data-start=\"1584\" data-end=\"1653\">\n<td data-start=\"1584\" data-end=\"1609\" data-col-size=\"sm\"><strong data-start=\"1586\" data-end=\"1608\">Steuerung \/ Remote<\/strong><\/td>\n<td data-start=\"1609\" data-end=\"1653\" data-col-size=\"md\">Ethernet (iPad\/Tablet, PC\/Mac, OSC), USB<\/td>\n<\/tr>\n<tr data-start=\"1654\" data-end=\"1724\">\n<td data-start=\"1654\" data-end=\"1674\" data-col-size=\"sm\"><strong data-start=\"1656\" data-end=\"1673\">USB-Interface<\/strong><\/td>\n<td data-start=\"1674\" data-end=\"1724\" data-col-size=\"md\">32\u00d732 Kan\u00e4le @ 48 kHz f\u00fcr Multitrack-Recording<\/td>\n<\/tr>\n<tr data-start=\"1725\" data-end=\"1811\">\n<td data-start=\"1725\" data-end=\"1740\" data-col-size=\"sm\"><strong data-start=\"1727\" data-end=\"1739\">Netzwerk<\/strong><\/td>\n<td data-start=\"1740\" data-end=\"1811\" data-col-size=\"md\">AES50 zur Anbindung von Stageboxen (z. B. DL16, DL32, DL151, DL153)<\/td>\n<\/tr>\n<tr data-start=\"1812\" data-end=\"1855\">\n<td data-start=\"1812\" data-end=\"1825\" data-col-size=\"sm\"><strong data-start=\"1814\" data-end=\"1824\">Latenz<\/strong><\/td>\n<td data-start=\"1825\" data-end=\"1855\" data-col-size=\"md\">&lt; 1 ms (Eingang \u2192 Ausgang)<\/td>\n<\/tr>\n<tr data-start=\"1856\" data-end=\"1908\">\n<td data-start=\"1856\" data-end=\"1882\" data-col-size=\"sm\"><strong data-start=\"1858\" data-end=\"1881\">Spannungsversorgung<\/strong><\/td>\n<td data-start=\"1882\" data-end=\"1908\" data-col-size=\"md\">100\u2013240 V AC, 50\/60 Hz<\/td>\n<\/tr>\n<tr data-start=\"1909\" data-end=\"1945\">\n<td data-start=\"1909\" data-end=\"1933\" data-col-size=\"sm\"><strong data-start=\"1911\" data-end=\"1932\">Leistungsaufnahme<\/strong><\/td>\n<td data-start=\"1933\" data-end=\"1945\" data-col-size=\"md\">ca. 50 W<\/td>\n<\/tr>\n<tr data-start=\"1946\" data-end=\"1979\">\n<td data-start=\"1946\" data-end=\"1962\" data-col-size=\"sm\"><strong data-start=\"1948\" data-end=\"1961\">Schutzart<\/strong><\/td>\n<td data-start=\"1962\" data-end=\"1979\" data-col-size=\"md\">IP20 (Indoor)<\/td>\n<\/tr>\n<tr data-start=\"1980\" data-end=\"2041\">\n<td data-start=\"1980\" data-end=\"1994\" data-col-size=\"sm\"><strong data-start=\"1982\" data-end=\"1993\">Geh\u00e4use<\/strong><\/td>\n<td data-start=\"1994\" data-end=\"2041\" data-col-size=\"md\">19\u2033 Rackmount, 1 HE, robustes Metallgeh\u00e4use<\/td>\n<\/tr>\n<tr data-start=\"2042\" data-end=\"2093\">\n<td data-start=\"2042\" data-end=\"2072\" data-col-size=\"sm\"><strong data-start=\"2044\" data-end=\"2071\">Abmessungen (B \u00d7 H \u00d7 T)<\/strong><\/td>\n<td data-start=\"2072\" data-end=\"2093\" data-col-size=\"md\">483 \u00d7 44 \u00d7 200 mm<\/td>\n<\/tr>\n<tr data-start=\"2094\" data-end=\"2122\">\n<td data-start=\"2094\" data-end=\"2108\" data-col-size=\"sm\"><strong data-start=\"2096\" data-end=\"2107\">Gewicht<\/strong><\/td>\n<td data-start=\"2108\" data-end=\"2122\" data-col-size=\"md\">ca. 3,8 kg<\/td>\n<\/tr>\n<tr data-start=\"2123\" data-end=\"2246\">\n<td data-start=\"2123\" data-end=\"2144\" data-col-size=\"sm\"><strong data-start=\"2125\" data-end=\"2143\">Besonderheiten<\/strong><\/td>\n<td data-start=\"2144\" data-end=\"2246\" data-col-size=\"md\">40 Eing\u00e4nge, 25 Busse, 32\u00d732 USB, Dual AES50, 1HE-Rack, volle M32-Funktionalit\u00e4t in kompakter Form<\/td>\n<\/tr>\n<\/tbody>\n<\/table>\n<\/div>\n<\/div>\n","protected":false},"excerpt":{"rendered":"<p>1 vorr\u00e4tig<\/p>\n","protected":false},"featured_media":95,"template":"","meta":[],"product_brand":[],"product_cat":[16],"product_tag":[],"class_list":{"0":"post-94","1":"product","2":"type-product","3":"status-publish","4":"has-post-thumbnail","6":"product_cat-mischpulte","8":"first","9":"instock","10":"taxable","11":"shipping-taxable","12":"purchasable","13":"product-type-simple"},"_links":{"self":[{"href":"https:\/\/as-lightsound.de\/wordpress\/wp-json\/wp\/v2\/product\/94","targetHints":{"allow":["GET"]}}],"collection":[{"href":"https:\/\/as-lightsound.de\/wordpress\/wp-json\/wp\/v2\/product"}],"about":[{"href":"https:\/\/as-lightsound.de\/wordpress\/wp-json\/wp\/v2\/types\/product"}],"wp:featuredmedia":[{"embeddable":true,"href":"https:\/\/as-lightsound.de\/wordpress\/wp-json\/wp\/v2\/media\/95"}],"wp:attachment":[{"href":"https:\/\/as-lightsound.de\/wordpress\/wp-json\/wp\/v2\/media?parent=94"}],"wp:term":[{"taxonomy":"product_brand","embeddable":true,"href":"https:\/\/as-lightsound.de\/wordpress\/wp-json\/wp\/v2\/product_brand?post=94"},{"taxonomy":"product_cat","embeddable":true,"href":"https:\/\/as-lightsound.de\/wordpress\/wp-json\/wp\/v2\/product_cat?post=94"},{"taxonomy":"product_tag","embeddable":true,"href":"https:\/\/as-lightsound.de\/wordpress\/wp-json\/wp\/v2\/product_tag?post=94"}],"curies":[{"name":"wp","href":"https:\/\/api.w.org\/{rel}","templated":true}]}}