{"id":933,"date":"2021-11-29T15:59:22","date_gmt":"2021-11-29T14:59:22","guid":{"rendered":"https:\/\/as-lightsound.de\/wordpress\/?post_type=product&#038;p=933"},"modified":"2025-10-09T11:03:39","modified_gmt":"2025-10-09T09:03:39","slug":"smoke-factory-fanfogger-ec-2-6-nebel-windmaschine-2600w-dmx512-im-tourcase-eingebaut","status":"publish","type":"product","link":"https:\/\/as-lightsound.de\/wordpress\/product\/smoke-factory-fanfogger-ec-2-6-nebel-windmaschine-2600w-dmx512-im-tourcase-eingebaut\/","title":{"rendered":"Smoke Factory FanFogger EC 2.6 Nebel- \/ Windmaschine"},"content":{"rendered":"<div class=\"woocommerce-product-details__short-description\">\n<p data-start=\"76\" data-end=\"740\">Die Smoke Factory FanFogger EC 2.6 verbindet einen leistungsstarken Dampferzeuger mit einem integrierten Gebl\u00e4se, um dichten Nebel schnell \u00fcber gro\u00dfe Fl\u00e4chen zu verteilen. Nebel- und L\u00fcftungsfunktionen lassen sich separat regeln, sodass Diffuswirkung und Haze-Effekte flexibel gestaltet werden k\u00f6nnen. Die Maschinenelektronik steuert Temperatur und Verdampfung dynamisch, um eine gleichm\u00e4\u00dfige Nebelproduktion zu gew\u00e4hrleisten. Steuerung ist \u00fcber DMX-512, analoges 0-10 V-Signal, Timer oder autonomen Modus m\u00f6glich. Durch den Einsatz in einem robusten Touring-Geh\u00e4use mit schnellem Wechsel der Fl\u00fcssigkeitsbeh\u00e4lter ist das Ger\u00e4t f\u00fcr den mobilen Einsatz ausgelegt.<\/p>\n<div class=\"_tableContainer_1rjym_1\">\n<div class=\"group _tableWrapper_1rjym_13 flex w-fit flex-col-reverse\" tabindex=\"-1\">\n<table class=\"w-fit min-w-(--thread-content-width)\" data-start=\"742\" data-end=\"1468\">\n<thead data-start=\"742\" data-end=\"777\">\n<tr data-start=\"742\" data-end=\"777\">\n<th data-start=\"742\" data-end=\"765\" data-col-size=\"sm\"><strong data-start=\"744\" data-end=\"764\">Technische Daten<\/strong><\/th>\n<th data-start=\"765\" data-end=\"777\" data-col-size=\"md\"><strong data-start=\"767\" data-end=\"775\">Wert<\/strong><\/th>\n<\/tr>\n<\/thead>\n<tbody data-start=\"814\" data-end=\"1468\">\n<tr data-start=\"814\" data-end=\"855\">\n<td data-start=\"814\" data-end=\"836\" data-col-size=\"sm\">Versorgungsspannung<\/td>\n<td data-start=\"836\" data-end=\"855\" data-col-size=\"md\">AC 240 V, 50 Hz<\/td>\n<\/tr>\n<tr data-start=\"856\" data-end=\"883\">\n<td data-start=\"856\" data-end=\"872\" data-col-size=\"sm\">Nebelleistung<\/td>\n<td data-start=\"872\" data-end=\"883\" data-col-size=\"md\">2.600 W<\/td>\n<\/tr>\n<tr data-start=\"884\" data-end=\"910\">\n<td data-start=\"884\" data-end=\"901\" data-col-size=\"sm\">L\u00fcfterleistung<\/td>\n<td data-start=\"901\" data-end=\"910\" data-col-size=\"md\">450 W<\/td>\n<\/tr>\n<tr data-start=\"911\" data-end=\"938\">\n<td data-start=\"911\" data-end=\"925\" data-col-size=\"sm\">Aufheizzeit<\/td>\n<td data-col-size=\"md\" data-start=\"925\" data-end=\"938\">ca. 7 min<\/td>\n<\/tr>\n<tr data-start=\"939\" data-end=\"978\">\n<td data-start=\"939\" data-end=\"964\" data-col-size=\"sm\">Nebelaussto\u00df (maximal)<\/td>\n<td data-start=\"964\" data-end=\"978\" data-col-size=\"md\">240 ml\/min<\/td>\n<\/tr>\n<tr data-start=\"979\" data-end=\"1024\">\n<td data-start=\"979\" data-end=\"1011\" data-col-size=\"sm\">Nebelaussto\u00df (kontinuierlich)<\/td>\n<td data-start=\"1011\" data-end=\"1024\" data-col-size=\"md\">60 ml\/min<\/td>\n<\/tr>\n<tr data-start=\"1025\" data-end=\"1083\">\n<td data-start=\"1025\" data-end=\"1037\" data-col-size=\"sm\">Steuerung<\/td>\n<td data-start=\"1037\" data-end=\"1083\" data-col-size=\"md\">DMX-512, analog 0\u201310 V, Timer, Stand-alone<\/td>\n<\/tr>\n<tr data-start=\"1084\" data-end=\"1143\">\n<td data-start=\"1084\" data-end=\"1097\" data-col-size=\"sm\">DMX-Kan\u00e4le<\/td>\n<td data-start=\"1097\" data-end=\"1143\" data-col-size=\"md\">1 oder mehr (standardm\u00e4\u00dfig DMX-kompatibel)<\/td>\n<\/tr>\n<tr data-start=\"1144\" data-end=\"1186\">\n<td data-start=\"1144\" data-end=\"1160\" data-col-size=\"sm\">Anschluss DMX<\/td>\n<td data-col-size=\"md\" data-start=\"1160\" data-end=\"1186\">5-poliger XLR In \/ Out<\/td>\n<\/tr>\n<tr data-start=\"1187\" data-end=\"1229\">\n<td data-start=\"1187\" data-end=\"1213\" data-col-size=\"sm\">Regelbereich Nebelmenge<\/td>\n<td data-start=\"1213\" data-end=\"1229\" data-col-size=\"md\">1 % bis 99 %<\/td>\n<\/tr>\n<tr data-start=\"1230\" data-end=\"1273\">\n<td data-start=\"1230\" data-end=\"1247\" data-col-size=\"sm\">Geh\u00e4usebauform<\/td>\n<td data-start=\"1247\" data-end=\"1273\" data-col-size=\"md\">Tour-Geh\u00e4use (Amptown)<\/td>\n<\/tr>\n<tr data-start=\"1274\" data-end=\"1343\">\n<td data-start=\"1274\" data-end=\"1297\" data-col-size=\"sm\">Fl\u00fcssigkeitsbeh\u00e4lter<\/td>\n<td data-start=\"1297\" data-end=\"1343\" data-col-size=\"md\">1 \u00d7 25 Liter oder 3 \u00d7 5 Liter (wechselbar)<\/td>\n<\/tr>\n<tr data-start=\"1344\" data-end=\"1392\">\n<td data-start=\"1344\" data-end=\"1370\" data-col-size=\"sm\">Abmessungen (L \u00d7 B \u00d7 H)<\/td>\n<td data-start=\"1370\" data-end=\"1392\" data-col-size=\"md\">937 \u00d7 468 \u00d7 870 mm<\/td>\n<\/tr>\n<tr data-start=\"1393\" data-end=\"1412\">\n<td data-start=\"1393\" data-end=\"1403\" data-col-size=\"sm\">Gewicht<\/td>\n<td data-start=\"1403\" data-end=\"1412\" data-col-size=\"md\">75 kg<\/td>\n<\/tr>\n<tr data-start=\"1413\" data-end=\"1468\">\n<td data-start=\"1413\" data-end=\"1434\" data-col-size=\"sm\">Temperaturregelung<\/td>\n<td data-start=\"1434\" data-end=\"1468\" data-col-size=\"md\">Mikroprozessor \/ DSP-gesteuert<\/td>\n<\/tr>\n<\/tbody>\n<\/table>\n<\/div>\n<\/div>\n<\/div>\n","protected":false},"excerpt":{"rendered":"<p>2 vorr\u00e4tig<\/p>\n","protected":false},"featured_media":934,"template":"","meta":[],"product_brand":[],"product_cat":[47],"product_tag":[],"class_list":{"0":"post-933","1":"product","2":"type-product","3":"status-publish","4":"has-post-thumbnail","6":"product_cat-co2-nebel","8":"first","9":"instock","10":"taxable","11":"shipping-taxable","12":"purchasable","13":"product-type-simple"},"_links":{"self":[{"href":"https:\/\/as-lightsound.de\/wordpress\/wp-json\/wp\/v2\/product\/933","targetHints":{"allow":["GET"]}}],"collection":[{"href":"https:\/\/as-lightsound.de\/wordpress\/wp-json\/wp\/v2\/product"}],"about":[{"href":"https:\/\/as-lightsound.de\/wordpress\/wp-json\/wp\/v2\/types\/product"}],"wp:featuredmedia":[{"embeddable":true,"href":"https:\/\/as-lightsound.de\/wordpress\/wp-json\/wp\/v2\/media\/934"}],"wp:attachment":[{"href":"https:\/\/as-lightsound.de\/wordpress\/wp-json\/wp\/v2\/media?parent=933"}],"wp:term":[{"taxonomy":"product_brand","embeddable":true,"href":"https:\/\/as-lightsound.de\/wordpress\/wp-json\/wp\/v2\/product_brand?post=933"},{"taxonomy":"product_cat","embeddable":true,"href":"https:\/\/as-lightsound.de\/wordpress\/wp-json\/wp\/v2\/product_cat?post=933"},{"taxonomy":"product_tag","embeddable":true,"href":"https:\/\/as-lightsound.de\/wordpress\/wp-json\/wp\/v2\/product_tag?post=933"}],"curies":[{"name":"wp","href":"https:\/\/api.w.org\/{rel}","templated":true}]}}