{"id":92,"date":"2021-02-17T10:54:15","date_gmt":"2021-02-17T09:54:15","guid":{"rendered":"https:\/\/as-lightsound.de\/wordpress\/?post_type=product&#038;p=92"},"modified":"2025-10-07T10:21:25","modified_gmt":"2025-10-07T08:21:25","slug":"midas-m32","status":"publish","type":"product","link":"https:\/\/as-lightsound.de\/wordpress\/product\/midas-m32\/","title":{"rendered":"Midas M32"},"content":{"rendered":"<p data-start=\"188\" data-end=\"638\">Das <strong data-start=\"192\" data-end=\"205\">Midas M32<\/strong> ist ein professionelles <strong data-start=\"230\" data-end=\"250\">Digitalmischpult<\/strong> f\u00fcr Live-, Studio- und Installationsanwendungen. Es kombiniert die legend\u00e4re Midas-Klangqualit\u00e4t mit modernster Digitaltechnik, intuitiver Bedienung und robuster Konstruktion. Mit bis zu <strong data-start=\"438\" data-end=\"460\">40 Eingangskan\u00e4len<\/strong>, <strong data-start=\"462\" data-end=\"479\">25 Mix-Bussen<\/strong>, <strong data-start=\"481\" data-end=\"509\">16 PRO-Serie-Mic-Preamps<\/strong> und umfangreicher Netzwerkanbindung \u00fcber <strong data-start=\"551\" data-end=\"560\">AES50<\/strong> bietet das M32 maximale Flexibilit\u00e4t und Zuverl\u00e4ssigkeit in jeder Umgebung.<\/p>\n<hr data-start=\"640\" data-end=\"643\" \/>\n<h3 data-start=\"645\" data-end=\"682\"><strong data-start=\"649\" data-end=\"682\">Technische Daten (Tech Specs)<\/strong><\/h3>\n<div class=\"_tableContainer_1rjym_1\">\n<div class=\"group _tableWrapper_1rjym_13 flex w-fit flex-col-reverse\" tabindex=\"-1\">\n<table class=\"w-fit min-w-(--thread-content-width)\" data-start=\"684\" data-end=\"2456\">\n<thead data-start=\"684\" data-end=\"711\">\n<tr data-start=\"684\" data-end=\"711\">\n<th data-start=\"684\" data-end=\"694\" data-col-size=\"sm\">Merkmal<\/th>\n<th data-start=\"694\" data-end=\"711\" data-col-size=\"lg\">Spezifikation<\/th>\n<\/tr>\n<\/thead>\n<tbody data-start=\"735\" data-end=\"2456\">\n<tr data-start=\"735\" data-end=\"788\">\n<td data-start=\"735\" data-end=\"756\" data-col-size=\"sm\"><strong data-start=\"737\" data-end=\"755\">Eingangskan\u00e4le<\/strong><\/td>\n<td data-start=\"756\" data-end=\"788\" data-col-size=\"lg\">40 (32 Mic\/Line + 8 Aux\/USB)<\/td>\n<\/tr>\n<tr data-start=\"789\" data-end=\"858\">\n<td data-start=\"789\" data-end=\"804\" data-col-size=\"sm\"><strong data-start=\"791\" data-end=\"803\">Ausg\u00e4nge<\/strong><\/td>\n<td data-start=\"804\" data-end=\"858\" data-col-size=\"lg\">25 Mix-Busse (16 Aux, 8 Matrix, L\/R Master + Mono)<\/td>\n<\/tr>\n<tr data-start=\"859\" data-end=\"964\">\n<td data-start=\"859\" data-end=\"877\" data-col-size=\"sm\"><strong data-start=\"861\" data-end=\"876\">Lokale I\/Os<\/strong><\/td>\n<td data-col-size=\"lg\" data-start=\"877\" data-end=\"964\">32 \u00d7 XLR Mic\/Line In, 16 \u00d7 XLR Out, 6 \u00d7 Aux In\/Out (TRS), 1 \u00d7 Talkback Mic In (XLR)<\/td>\n<\/tr>\n<tr data-start=\"965\" data-end=\"1031\">\n<td data-start=\"965\" data-end=\"994\" data-col-size=\"sm\"><strong data-start=\"967\" data-end=\"993\">Digitale Ein-\/Ausg\u00e4nge<\/strong><\/td>\n<td data-start=\"994\" data-end=\"1031\" data-col-size=\"lg\">2 \u00d7 AES50 Ports (je 48\u00d748 Kan\u00e4le)<\/td>\n<\/tr>\n<tr data-start=\"1032\" data-end=\"1111\">\n<td data-start=\"1032\" data-end=\"1056\" data-col-size=\"sm\"><strong data-start=\"1034\" data-end=\"1055\">Erweiterungsslots<\/strong><\/td>\n<td data-start=\"1056\" data-end=\"1111\" data-col-size=\"lg\">1 \u00d7 Card-Slot (Standard: 32\u00d732 USB Audio Interface)<\/td>\n<\/tr>\n<tr data-start=\"1112\" data-end=\"1186\">\n<td data-start=\"1112\" data-end=\"1126\" data-col-size=\"sm\"><strong data-start=\"1114\" data-end=\"1125\">Preamps<\/strong><\/td>\n<td data-start=\"1126\" data-end=\"1186\" data-col-size=\"lg\">32 fernsteuerbare Midas PRO Series Mikrofonvorverst\u00e4rker<\/td>\n<\/tr>\n<tr data-start=\"1187\" data-end=\"1256\">\n<td data-start=\"1187\" data-end=\"1206\" data-col-size=\"sm\"><strong data-start=\"1189\" data-end=\"1205\">Verarbeitung<\/strong><\/td>\n<td data-start=\"1206\" data-end=\"1256\" data-col-size=\"lg\">40-Bit Floating Point DSP, 48 kHz Samplingrate<\/td>\n<\/tr>\n<tr data-start=\"1257\" data-end=\"1323\">\n<td data-start=\"1257\" data-end=\"1269\" data-col-size=\"sm\"><strong data-start=\"1259\" data-end=\"1268\">Fader<\/strong><\/td>\n<td data-start=\"1269\" data-end=\"1323\" data-col-size=\"lg\">25 motorisierte 100-mm-Fader (24 Kanal + 1 Master)<\/td>\n<\/tr>\n<tr data-start=\"1324\" data-end=\"1372\">\n<td data-start=\"1324\" data-end=\"1338\" data-col-size=\"sm\"><strong data-start=\"1326\" data-end=\"1337\">Display<\/strong><\/td>\n<td data-col-size=\"lg\" data-start=\"1338\" data-end=\"1372\">7\u2033 Farb-TFT mit hohem Kontrast<\/td>\n<\/tr>\n<tr data-start=\"1373\" data-end=\"1466\">\n<td data-start=\"1373\" data-end=\"1387\" data-col-size=\"sm\"><strong data-start=\"1375\" data-end=\"1386\">Effekte<\/strong><\/td>\n<td data-start=\"1387\" data-end=\"1466\" data-col-size=\"lg\">8 interne Stereo-FX-Engines (inkl. Reverb, Delay, EQ, Dynamics, Modulation)<\/td>\n<\/tr>\n<tr data-start=\"1467\" data-end=\"1536\">\n<td data-start=\"1467\" data-end=\"1483\" data-col-size=\"sm\"><strong data-start=\"1469\" data-end=\"1482\">Equalizer<\/strong><\/td>\n<td data-start=\"1483\" data-end=\"1536\" data-col-size=\"lg\">4-Band-Parametrik auf allen Eing\u00e4ngen &amp; Ausg\u00e4ngen<\/td>\n<\/tr>\n<tr data-start=\"1537\" data-end=\"1600\">\n<td data-start=\"1537\" data-end=\"1552\" data-col-size=\"sm\"><strong data-start=\"1539\" data-end=\"1551\">Dynamics<\/strong><\/td>\n<td data-start=\"1552\" data-end=\"1600\" data-col-size=\"lg\">Kompressor, Gate und Limiter auf jedem Kanal<\/td>\n<\/tr>\n<tr data-start=\"1601\" data-end=\"1658\">\n<td data-start=\"1601\" data-end=\"1622\" data-col-size=\"sm\"><strong data-start=\"1603\" data-end=\"1621\">Szenenspeicher<\/strong><\/td>\n<td data-col-size=\"lg\" data-start=\"1622\" data-end=\"1658\">100 Szenen + Snapshot-Automation<\/td>\n<\/tr>\n<tr data-start=\"1659\" data-end=\"1730\">\n<td data-start=\"1659\" data-end=\"1673\" data-col-size=\"sm\"><strong data-start=\"1661\" data-end=\"1672\">Routing<\/strong><\/td>\n<td data-start=\"1673\" data-end=\"1730\" data-col-size=\"lg\">Frei konfigurierbare Matrix, AES50- und USB-Zuweisung<\/td>\n<\/tr>\n<tr data-start=\"1731\" data-end=\"1800\">\n<td data-start=\"1731\" data-end=\"1754\" data-col-size=\"sm\"><strong data-start=\"1733\" data-end=\"1753\">Remote-Steuerung<\/strong><\/td>\n<td data-start=\"1754\" data-end=\"1800\" data-col-size=\"lg\">Ethernet (iPad\/Tablet, PC\/Mac Editor, OSC)<\/td>\n<\/tr>\n<tr data-start=\"1801\" data-end=\"1860\">\n<td data-start=\"1801\" data-end=\"1821\" data-col-size=\"sm\"><strong data-start=\"1803\" data-end=\"1820\">USB-Interface<\/strong><\/td>\n<td data-start=\"1821\" data-end=\"1860\" data-col-size=\"lg\">32\u00d732 Multitrack-Recording @ 48 kHz<\/td>\n<\/tr>\n<tr data-start=\"1861\" data-end=\"1948\">\n<td data-start=\"1861\" data-end=\"1876\" data-col-size=\"sm\"><strong data-start=\"1863\" data-end=\"1875\">Netzwerk<\/strong><\/td>\n<td data-start=\"1876\" data-end=\"1948\" data-col-size=\"lg\">AES50 zur Verbindung mit Stageboxen (z. B. DL16, DL32, DL151, DL153)<\/td>\n<\/tr>\n<tr data-start=\"1949\" data-end=\"1992\">\n<td data-start=\"1949\" data-end=\"1962\" data-col-size=\"sm\"><strong data-start=\"1951\" data-end=\"1961\">Latenz<\/strong><\/td>\n<td data-col-size=\"lg\" data-start=\"1962\" data-end=\"1992\">&lt; 1 ms (Eingang \u2192 Ausgang)<\/td>\n<\/tr>\n<tr data-start=\"1993\" data-end=\"2050\">\n<td data-start=\"1993\" data-end=\"2010\" data-col-size=\"sm\"><strong data-start=\"1995\" data-end=\"2009\">Word Clock<\/strong><\/td>\n<td data-start=\"2010\" data-end=\"2050\" data-col-size=\"lg\">\u00fcber AES50 oder USB synchronisierbar<\/td>\n<\/tr>\n<tr data-start=\"2051\" data-end=\"2103\">\n<td data-start=\"2051\" data-end=\"2077\" data-col-size=\"sm\"><strong data-start=\"2053\" data-end=\"2076\">Spannungsversorgung<\/strong><\/td>\n<td data-start=\"2077\" data-end=\"2103\" data-col-size=\"lg\">100\u2013240 V AC, 50\/60 Hz<\/td>\n<\/tr>\n<tr data-start=\"2104\" data-end=\"2141\">\n<td data-start=\"2104\" data-end=\"2128\" data-col-size=\"sm\"><strong data-start=\"2106\" data-end=\"2127\">Leistungsaufnahme<\/strong><\/td>\n<td data-col-size=\"lg\" data-start=\"2128\" data-end=\"2141\">ca. 120 W<\/td>\n<\/tr>\n<tr data-start=\"2142\" data-end=\"2175\">\n<td data-start=\"2142\" data-end=\"2158\" data-col-size=\"sm\"><strong data-start=\"2144\" data-end=\"2157\">Schutzart<\/strong><\/td>\n<td data-start=\"2158\" data-end=\"2175\" data-col-size=\"lg\">IP20 (Indoor)<\/td>\n<\/tr>\n<tr data-start=\"2176\" data-end=\"2237\">\n<td data-start=\"2176\" data-end=\"2190\" data-col-size=\"sm\"><strong data-start=\"2178\" data-end=\"2189\">Geh\u00e4use<\/strong><\/td>\n<td data-start=\"2190\" data-end=\"2237\" data-col-size=\"lg\">Aluminium-Druckgussrahmen, touring-tauglich<\/td>\n<\/tr>\n<tr data-start=\"2238\" data-end=\"2290\">\n<td data-start=\"2238\" data-end=\"2268\" data-col-size=\"sm\"><strong data-start=\"2240\" data-end=\"2267\">Abmessungen (B \u00d7 H \u00d7 T)<\/strong><\/td>\n<td data-col-size=\"lg\" data-start=\"2268\" data-end=\"2290\">891 \u00d7 256 \u00d7 610 mm<\/td>\n<\/tr>\n<tr data-start=\"2291\" data-end=\"2320\">\n<td data-start=\"2291\" data-end=\"2305\" data-col-size=\"sm\"><strong data-start=\"2293\" data-end=\"2304\">Gewicht<\/strong><\/td>\n<td data-col-size=\"lg\" data-start=\"2305\" data-end=\"2320\">ca. 25,5 kg<\/td>\n<\/tr>\n<tr data-start=\"2321\" data-end=\"2456\">\n<td data-start=\"2321\" data-end=\"2342\" data-col-size=\"sm\"><strong data-start=\"2323\" data-end=\"2341\">Besonderheiten<\/strong><\/td>\n<td data-col-size=\"lg\" data-start=\"2342\" data-end=\"2456\">40 Kan\u00e4le, 25 Busse, 16 Midas-Preamps, 32\u00d732 USB-Interface, AES50-Netzwerk, motorisierte Fader, 7\u2033 Farbdisplay<\/td>\n<\/tr>\n<\/tbody>\n<\/table>\n<\/div>\n<\/div>\n","protected":false},"excerpt":{"rendered":"<p>1 vorr\u00e4tig<\/p>\n","protected":false},"featured_media":93,"template":"","meta":[],"product_brand":[],"product_cat":[16],"product_tag":[],"class_list":{"0":"post-92","1":"product","2":"type-product","3":"status-publish","4":"has-post-thumbnail","6":"product_cat-mischpulte","8":"first","9":"instock","10":"taxable","11":"shipping-taxable","12":"purchasable","13":"product-type-simple"},"_links":{"self":[{"href":"https:\/\/as-lightsound.de\/wordpress\/wp-json\/wp\/v2\/product\/92","targetHints":{"allow":["GET"]}}],"collection":[{"href":"https:\/\/as-lightsound.de\/wordpress\/wp-json\/wp\/v2\/product"}],"about":[{"href":"https:\/\/as-lightsound.de\/wordpress\/wp-json\/wp\/v2\/types\/product"}],"wp:featuredmedia":[{"embeddable":true,"href":"https:\/\/as-lightsound.de\/wordpress\/wp-json\/wp\/v2\/media\/93"}],"wp:attachment":[{"href":"https:\/\/as-lightsound.de\/wordpress\/wp-json\/wp\/v2\/media?parent=92"}],"wp:term":[{"taxonomy":"product_brand","embeddable":true,"href":"https:\/\/as-lightsound.de\/wordpress\/wp-json\/wp\/v2\/product_brand?post=92"},{"taxonomy":"product_cat","embeddable":true,"href":"https:\/\/as-lightsound.de\/wordpress\/wp-json\/wp\/v2\/product_cat?post=92"},{"taxonomy":"product_tag","embeddable":true,"href":"https:\/\/as-lightsound.de\/wordpress\/wp-json\/wp\/v2\/product_tag?post=92"}],"curies":[{"name":"wp","href":"https:\/\/api.w.org\/{rel}","templated":true}]}}