{"id":910,"date":"2021-10-01T17:31:40","date_gmt":"2021-10-01T15:31:40","guid":{"rendered":"https:\/\/as-lightsound.de\/wordpress\/?post_type=product&#038;p=910"},"modified":"2025-10-07T09:33:45","modified_gmt":"2025-10-07T07:33:45","slug":"grandma-3-light","status":"publish","type":"product","link":"https:\/\/as-lightsound.de\/wordpress\/product\/grandma-3-light\/","title":{"rendered":"GrandMA 3 light"},"content":{"rendered":"<p data-start=\"189\" data-end=\"657\">Die <strong data-start=\"193\" data-end=\"211\">grandMA3 light<\/strong> ist die vielseitigste Konsole der grandMA3-Serie und bietet die volle Leistung der MA-Net3 Plattform in einem transportfreundlichen Format. Sie ist die erste Wahl f\u00fcr Touring, Theater, Fernsehen, Festivals und Corporate Events, wo maximale Performance und intuitive Bedienung gefragt sind. Mit 8.192 Steuerkan\u00e4len (Universen), motorisierten Fadern und gro\u00dfem Multi-Touch-Bildschirm bietet sie professionelle Kontrolle f\u00fcr jede Lichtproduktion.<\/p>\n<hr data-start=\"659\" data-end=\"662\" \/>\n<h3 data-start=\"664\" data-end=\"701\"><strong data-start=\"668\" data-end=\"701\">Technische Daten (Tech Specs)<\/strong><\/h3>\n<div class=\"_tableContainer_1rjym_1\">\n<div class=\"group _tableWrapper_1rjym_13 flex w-fit flex-col-reverse\" tabindex=\"-1\">\n<table class=\"w-fit min-w-(--thread-content-width)\" data-start=\"703\" data-end=\"2163\">\n<thead data-start=\"703\" data-end=\"730\">\n<tr data-start=\"703\" data-end=\"730\">\n<th data-start=\"703\" data-end=\"713\" data-col-size=\"sm\">Merkmal<\/th>\n<th data-start=\"713\" data-end=\"730\" data-col-size=\"lg\">Spezifikation<\/th>\n<\/tr>\n<\/thead>\n<tbody data-start=\"754\" data-end=\"2163\">\n<tr data-start=\"754\" data-end=\"831\">\n<td data-start=\"754\" data-end=\"779\" data-col-size=\"sm\"><strong data-start=\"756\" data-end=\"778\">Universen (Output)<\/strong><\/td>\n<td data-start=\"779\" data-end=\"831\" data-col-size=\"lg\">8.192 Parameter (erweiterbar \u00fcber MA-Net3 Nodes)<\/td>\n<\/tr>\n<tr data-start=\"832\" data-end=\"888\">\n<td data-start=\"832\" data-end=\"861\" data-col-size=\"sm\"><strong data-start=\"834\" data-end=\"860\">Physische DMX-Ausg\u00e4nge<\/strong><\/td>\n<td data-start=\"861\" data-end=\"888\" data-col-size=\"lg\">8 \u00d7 XLR 5-pol (DMX\/RDM)<\/td>\n<\/tr>\n<tr data-start=\"889\" data-end=\"949\">\n<td data-start=\"889\" data-end=\"914\" data-col-size=\"sm\"><strong data-start=\"891\" data-end=\"913\">Netzwerkprotokolle<\/strong><\/td>\n<td data-start=\"914\" data-end=\"949\" data-col-size=\"lg\">MA-Net3, MA-Net2, Art-Net, sACN<\/td>\n<\/tr>\n<tr data-start=\"950\" data-end=\"1041\">\n<td data-start=\"950\" data-end=\"973\" data-col-size=\"sm\"><strong data-start=\"952\" data-end=\"972\">Fader \/ Executor<\/strong><\/td>\n<td data-start=\"973\" data-end=\"1041\" data-col-size=\"lg\">15 motorisierte 60-mm-Fader, 5 duale Encoder, 60 Executor-Tasten<\/td>\n<\/tr>\n<tr data-start=\"1042\" data-end=\"1163\">\n<td data-start=\"1042\" data-end=\"1060\" data-col-size=\"sm\"><strong data-start=\"1044\" data-end=\"1059\">Bildschirme<\/strong><\/td>\n<td data-start=\"1060\" data-end=\"1163\" data-col-size=\"lg\">2 \u00d7 integrierte 15,6\u2033 Full-HD Multi-Touch-Displays + externe Monitor-Unterst\u00fctzung (2\u00d7 DisplayPort)<\/td>\n<\/tr>\n<tr data-start=\"1164\" data-end=\"1256\">\n<td data-start=\"1164\" data-end=\"1191\" data-col-size=\"sm\"><strong data-start=\"1166\" data-end=\"1190\">Tastatur \/ Trackball<\/strong><\/td>\n<td data-start=\"1191\" data-end=\"1256\" data-col-size=\"lg\">Eingebaute Tastaturbeleuchtung, integriertes Trackball-System<\/td>\n<\/tr>\n<tr data-start=\"1257\" data-end=\"1324\">\n<td data-start=\"1257\" data-end=\"1282\" data-col-size=\"sm\"><strong data-start=\"1259\" data-end=\"1281\">Playback-Kapazit\u00e4t<\/strong><\/td>\n<td data-start=\"1282\" data-end=\"1324\" data-col-size=\"lg\">Unbegrenzt (abh\u00e4ngig von Projektgr\u00f6\u00dfe)<\/td>\n<\/tr>\n<tr data-start=\"1325\" data-end=\"1395\">\n<td data-start=\"1325\" data-end=\"1347\" data-col-size=\"sm\"><strong data-start=\"1327\" data-end=\"1346\">Timecode \/ Sync<\/strong><\/td>\n<td data-start=\"1347\" data-end=\"1395\" data-col-size=\"lg\">LTC, MIDI, SMPTE, OSC, Timecode Input\/Output<\/td>\n<\/tr>\n<tr data-start=\"1396\" data-end=\"1466\">\n<td data-start=\"1396\" data-end=\"1415\" data-col-size=\"sm\"><strong data-start=\"1398\" data-end=\"1414\">Audio \/ MIDI<\/strong><\/td>\n<td data-start=\"1415\" data-end=\"1466\" data-col-size=\"lg\">MIDI In\/Out\/Thru, LTC In, Klinke, Netzwerk-MIDI<\/td>\n<\/tr>\n<tr data-start=\"1467\" data-end=\"1537\">\n<td data-start=\"1467\" data-end=\"1492\" data-col-size=\"sm\"><strong data-start=\"1469\" data-end=\"1491\">Netzwerkanschl\u00fcsse<\/strong><\/td>\n<td data-start=\"1492\" data-end=\"1537\" data-col-size=\"lg\">2 \u00d7 Neutrik etherCON (Gigabit, redundant)<\/td>\n<\/tr>\n<tr data-start=\"1538\" data-end=\"1596\">\n<td data-start=\"1538\" data-end=\"1559\" data-col-size=\"sm\"><strong data-start=\"1540\" data-end=\"1558\">USB-Anschl\u00fcsse<\/strong><\/td>\n<td data-start=\"1559\" data-end=\"1596\" data-col-size=\"lg\">5 \u00d7 USB (Typ A, 3.0\/2.0 gemischt)<\/td>\n<\/tr>\n<tr data-start=\"1597\" data-end=\"1661\">\n<td data-start=\"1597\" data-end=\"1621\" data-col-size=\"sm\"><strong data-start=\"1599\" data-end=\"1620\">Interner Speicher<\/strong><\/td>\n<td data-start=\"1621\" data-end=\"1661\" data-col-size=\"lg\">SSD, schnelles Boot- &amp; Backup-System<\/td>\n<\/tr>\n<tr data-start=\"1662\" data-end=\"1710\">\n<td data-start=\"1662\" data-end=\"1684\" data-col-size=\"sm\"><strong data-start=\"1664\" data-end=\"1683\">Stromversorgung<\/strong><\/td>\n<td data-start=\"1684\" data-end=\"1710\" data-col-size=\"lg\">100\u2013240 V AC, 50\/60 Hz<\/td>\n<\/tr>\n<tr data-start=\"1711\" data-end=\"1748\">\n<td data-start=\"1711\" data-end=\"1735\" data-col-size=\"sm\"><strong data-start=\"1713\" data-end=\"1734\">Leistungsaufnahme<\/strong><\/td>\n<td data-start=\"1735\" data-end=\"1748\" data-col-size=\"lg\">ca. 200 W<\/td>\n<\/tr>\n<tr data-start=\"1749\" data-end=\"1797\">\n<td data-start=\"1749\" data-end=\"1772\" data-col-size=\"sm\"><strong data-start=\"1751\" data-end=\"1771\">Anschl\u00fcsse Strom<\/strong><\/td>\n<td data-start=\"1772\" data-end=\"1797\" data-col-size=\"lg\">PowerCON TRUE1 In\/Out<\/td>\n<\/tr>\n<tr data-start=\"1798\" data-end=\"1858\">\n<td data-start=\"1798\" data-end=\"1812\" data-col-size=\"sm\"><strong data-start=\"1800\" data-end=\"1811\">Geh\u00e4use<\/strong><\/td>\n<td data-start=\"1812\" data-end=\"1858\" data-col-size=\"lg\">Robustes Aluminiumgeh\u00e4use, touringtauglich<\/td>\n<\/tr>\n<tr data-start=\"1859\" data-end=\"1892\">\n<td data-start=\"1859\" data-end=\"1875\" data-col-size=\"sm\"><strong data-start=\"1861\" data-end=\"1874\">Schutzart<\/strong><\/td>\n<td data-start=\"1875\" data-end=\"1892\" data-col-size=\"lg\">IP20 (Indoor)<\/td>\n<\/tr>\n<tr data-start=\"1893\" data-end=\"1949\">\n<td data-start=\"1893\" data-end=\"1923\" data-col-size=\"sm\"><strong data-start=\"1895\" data-end=\"1922\">Abmessungen (B \u00d7 H \u00d7 T)<\/strong><\/td>\n<td data-start=\"1923\" data-end=\"1949\" data-col-size=\"lg\">ca. 973 \u00d7 183 \u00d7 555 mm<\/td>\n<\/tr>\n<tr data-start=\"1950\" data-end=\"1977\">\n<td data-start=\"1950\" data-end=\"1964\" data-col-size=\"sm\"><strong data-start=\"1952\" data-end=\"1963\">Gewicht<\/strong><\/td>\n<td data-start=\"1964\" data-end=\"1977\" data-col-size=\"lg\">ca. 25 kg<\/td>\n<\/tr>\n<tr data-start=\"1978\" data-end=\"2163\">\n<td data-start=\"1978\" data-end=\"1999\" data-col-size=\"sm\"><strong data-start=\"1980\" data-end=\"1998\">Besonderheiten<\/strong><\/td>\n<td data-start=\"1999\" data-end=\"2163\" data-col-size=\"lg\">8 universelle DMX-Ports, motorisierte Fader, Touchscreens, duale Netzwerk-Ports, RDM, Timecode &amp; Art-Net\/sACN-Unterst\u00fctzung, kompatibel mit allen grandMA3 Nodes<\/td>\n<\/tr>\n<\/tbody>\n<\/table>\n<\/div>\n<\/div>\n","protected":false},"excerpt":{"rendered":"<p>1 vorr\u00e4tig<\/p>\n","protected":false},"featured_media":1942,"template":"","meta":[],"product_brand":[],"product_cat":[33],"product_tag":[],"class_list":{"0":"post-910","1":"product","2":"type-product","3":"status-publish","4":"has-post-thumbnail","6":"product_cat-steuerpulte","8":"first","9":"instock","10":"taxable","11":"shipping-taxable","12":"purchasable","13":"product-type-simple"},"_links":{"self":[{"href":"https:\/\/as-lightsound.de\/wordpress\/wp-json\/wp\/v2\/product\/910","targetHints":{"allow":["GET"]}}],"collection":[{"href":"https:\/\/as-lightsound.de\/wordpress\/wp-json\/wp\/v2\/product"}],"about":[{"href":"https:\/\/as-lightsound.de\/wordpress\/wp-json\/wp\/v2\/types\/product"}],"wp:featuredmedia":[{"embeddable":true,"href":"https:\/\/as-lightsound.de\/wordpress\/wp-json\/wp\/v2\/media\/1942"}],"wp:attachment":[{"href":"https:\/\/as-lightsound.de\/wordpress\/wp-json\/wp\/v2\/media?parent=910"}],"wp:term":[{"taxonomy":"product_brand","embeddable":true,"href":"https:\/\/as-lightsound.de\/wordpress\/wp-json\/wp\/v2\/product_brand?post=910"},{"taxonomy":"product_cat","embeddable":true,"href":"https:\/\/as-lightsound.de\/wordpress\/wp-json\/wp\/v2\/product_cat?post=910"},{"taxonomy":"product_tag","embeddable":true,"href":"https:\/\/as-lightsound.de\/wordpress\/wp-json\/wp\/v2\/product_tag?post=910"}],"curies":[{"name":"wp","href":"https:\/\/api.w.org\/{rel}","templated":true}]}}