{"id":893,"date":"2021-09-02T11:20:43","date_gmt":"2021-09-02T09:20:43","guid":{"rendered":"https:\/\/as-lightsound.de\/wordpress\/?post_type=product&#038;p=893"},"modified":"2025-10-08T11:08:09","modified_gmt":"2025-10-08T09:08:09","slug":"marshall-mr1960-gitarrenbox-gerade-schwarz","status":"publish","type":"product","link":"https:\/\/as-lightsound.de\/wordpress\/product\/marshall-mr1960-gitarrenbox-gerade-schwarz\/","title":{"rendered":"Marshall MR1960 Gitarrenbox gerade schwarz"},"content":{"rendered":"<p data-start=\"63\" data-end=\"595\">Die <strong data-start=\"67\" data-end=\"87\">Marshall MR1960A<\/strong> ist eine klassische, gerade 4\u00d712\u2033-Gitarrenbox, die f\u00fcr ihren druckvollen, durchsetzungsstarken Sound weltweit bekannt ist. Sie liefert den typischen Marshall-Ton mit satten Mitten, pr\u00e4zisen H\u00f6hen und definiertem Bassfundament. Das geschlossene Geh\u00e4use aus robustem Birkenmultiplex sorgt f\u00fcr fokussierte Projektion und exzellente Belastbarkeit. Mit ihren vier Celestion G12T-75 Lautsprechern ist sie ideal f\u00fcr Gitarristen, die in Studio und Live-Umgebungen einen kraftvollen, klar definierten Sound suchen.<\/p>\n<hr data-start=\"597\" data-end=\"600\" \/>\n<h3 data-start=\"602\" data-end=\"635\">Technische Daten (Tech Specs)<\/h3>\n<div class=\"_tableContainer_1rjym_1\">\n<div class=\"group _tableWrapper_1rjym_13 flex w-fit flex-col-reverse\" tabindex=\"-1\">\n<table class=\"w-fit min-w-(--thread-content-width)\" data-start=\"637\" data-end=\"1466\">\n<thead data-start=\"637\" data-end=\"655\">\n<tr data-start=\"637\" data-end=\"655\">\n<th data-start=\"637\" data-end=\"647\" data-col-size=\"sm\">Merkmal<\/th>\n<th data-start=\"647\" data-end=\"655\" data-col-size=\"md\">Wert<\/th>\n<\/tr>\n<\/thead>\n<tbody data-start=\"676\" data-end=\"1466\">\n<tr data-start=\"676\" data-end=\"729\">\n<td data-start=\"676\" data-end=\"689\" data-col-size=\"sm\"><strong data-start=\"678\" data-end=\"688\">Modell<\/strong><\/td>\n<td data-start=\"689\" data-end=\"729\" data-col-size=\"md\">Marshall MR1960A (gerade Ausf\u00fchrung)<\/td>\n<\/tr>\n<tr data-start=\"730\" data-end=\"780\">\n<td data-start=\"730\" data-end=\"740\" data-col-size=\"sm\"><strong data-start=\"732\" data-end=\"739\">Typ<\/strong><\/td>\n<td data-start=\"740\" data-end=\"780\" data-col-size=\"md\">Gitarrenlautsprecherbox, geschlossen<\/td>\n<\/tr>\n<tr data-start=\"781\" data-end=\"840\">\n<td data-start=\"781\" data-end=\"798\" data-col-size=\"sm\"><strong data-start=\"783\" data-end=\"797\">Best\u00fcckung<\/strong><\/td>\n<td data-start=\"798\" data-end=\"840\" data-col-size=\"md\">4 \u00d7 12\u2033 Celestion G12T-75 Lautsprecher<\/td>\n<\/tr>\n<tr data-start=\"841\" data-end=\"871\">\n<td data-start=\"841\" data-end=\"862\" data-col-size=\"sm\"><strong data-start=\"843\" data-end=\"861\">Leistung (RMS)<\/strong><\/td>\n<td data-start=\"862\" data-end=\"871\" data-col-size=\"md\">300 W<\/td>\n<\/tr>\n<tr data-start=\"872\" data-end=\"925\">\n<td data-start=\"872\" data-end=\"894\" data-col-size=\"sm\"><strong data-start=\"874\" data-end=\"893\">Impedanz (mono)<\/strong><\/td>\n<td data-start=\"894\" data-end=\"925\" data-col-size=\"md\">16 \u03a9 oder 4 \u03a9 (umschaltbar)<\/td>\n<\/tr>\n<tr data-start=\"926\" data-end=\"961\">\n<td data-start=\"926\" data-end=\"950\" data-col-size=\"sm\"><strong data-start=\"928\" data-end=\"949\">Impedanz (stereo)<\/strong><\/td>\n<td data-start=\"950\" data-end=\"961\" data-col-size=\"md\">2 \u00d7 8 \u03a9<\/td>\n<\/tr>\n<tr data-start=\"962\" data-end=\"1002\">\n<td data-start=\"962\" data-end=\"984\" data-col-size=\"sm\"><strong data-start=\"964\" data-end=\"983\">Frequenzbereich<\/strong><\/td>\n<td data-start=\"984\" data-end=\"1002\" data-col-size=\"md\">70 Hz \u2013 20 kHz<\/td>\n<\/tr>\n<tr data-start=\"1003\" data-end=\"1044\">\n<td data-start=\"1003\" data-end=\"1025\" data-col-size=\"sm\"><strong data-start=\"1005\" data-end=\"1024\">Geh\u00e4usematerial<\/strong><\/td>\n<td data-start=\"1025\" data-end=\"1044\" data-col-size=\"md\">Birkenmultiplex<\/td>\n<\/tr>\n<tr data-start=\"1045\" data-end=\"1092\">\n<td data-start=\"1045\" data-end=\"1058\" data-col-size=\"sm\"><strong data-start=\"1047\" data-end=\"1057\">Bauart<\/strong><\/td>\n<td data-start=\"1058\" data-end=\"1092\" data-col-size=\"md\">Geschlossen (straight cabinet)<\/td>\n<\/tr>\n<tr data-start=\"1093\" data-end=\"1153\">\n<td data-start=\"1093\" data-end=\"1110\" data-col-size=\"sm\"><strong data-start=\"1095\" data-end=\"1109\">Anschl\u00fcsse<\/strong><\/td>\n<td data-start=\"1110\" data-end=\"1153\" data-col-size=\"md\">2 \u00d7 6,3 mm Klinkenbuchse (Input \/ Link)<\/td>\n<\/tr>\n<tr data-start=\"1154\" data-end=\"1230\">\n<td data-start=\"1154\" data-end=\"1176\" data-col-size=\"sm\"><strong data-start=\"1156\" data-end=\"1175\">Frontbespannung<\/strong><\/td>\n<td data-start=\"1176\" data-end=\"1230\" data-col-size=\"md\">Klassisches Marshall Gewebe (schwarz-wei\u00df kariert)<\/td>\n<\/tr>\n<tr data-start=\"1231\" data-end=\"1271\">\n<td data-start=\"1231\" data-end=\"1250\" data-col-size=\"sm\"><strong data-start=\"1233\" data-end=\"1249\">Kantenschutz<\/strong><\/td>\n<td data-start=\"1250\" data-end=\"1271\" data-col-size=\"md\">Metall, verchromt<\/td>\n<\/tr>\n<tr data-start=\"1272\" data-end=\"1327\">\n<td data-start=\"1272\" data-end=\"1293\" data-col-size=\"sm\"><strong data-start=\"1274\" data-end=\"1292\">Ecken \/ Rollen<\/strong><\/td>\n<td data-start=\"1293\" data-end=\"1327\" data-col-size=\"md\">Abnehmbare Rollen, Metallecken<\/td>\n<\/tr>\n<tr data-start=\"1328\" data-end=\"1380\">\n<td data-start=\"1328\" data-end=\"1358\" data-col-size=\"sm\"><strong data-start=\"1330\" data-end=\"1357\">Abmessungen (H \u00d7 B \u00d7 T)<\/strong><\/td>\n<td data-start=\"1358\" data-end=\"1380\" data-col-size=\"md\">770 \u00d7 755 \u00d7 365 mm<\/td>\n<\/tr>\n<tr data-start=\"1381\" data-end=\"1408\">\n<td data-start=\"1381\" data-end=\"1395\" data-col-size=\"sm\"><strong data-start=\"1383\" data-end=\"1394\">Gewicht<\/strong><\/td>\n<td data-start=\"1395\" data-end=\"1408\" data-col-size=\"md\">ca. 36 kg<\/td>\n<\/tr>\n<tr data-start=\"1409\" data-end=\"1466\">\n<td data-start=\"1409\" data-end=\"1430\" data-col-size=\"sm\"><strong data-start=\"1411\" data-end=\"1429\">Farbe \/ Finish<\/strong><\/td>\n<td data-start=\"1430\" data-end=\"1466\" data-col-size=\"md\">Schwarz mit wei\u00dfem Marshall-Logo<\/td>\n<\/tr>\n<\/tbody>\n<\/table>\n<\/div>\n<\/div>\n","protected":false},"excerpt":{"rendered":"<p>2 vorr\u00e4tig<\/p>\n","protected":false},"featured_media":894,"template":"","meta":[],"product_brand":[],"product_cat":[36],"product_tag":[],"class_list":{"0":"post-893","1":"product","2":"type-product","3":"status-publish","4":"has-post-thumbnail","6":"product_cat-backline","8":"first","9":"instock","10":"taxable","11":"shipping-taxable","12":"purchasable","13":"product-type-simple"},"_links":{"self":[{"href":"https:\/\/as-lightsound.de\/wordpress\/wp-json\/wp\/v2\/product\/893","targetHints":{"allow":["GET"]}}],"collection":[{"href":"https:\/\/as-lightsound.de\/wordpress\/wp-json\/wp\/v2\/product"}],"about":[{"href":"https:\/\/as-lightsound.de\/wordpress\/wp-json\/wp\/v2\/types\/product"}],"wp:featuredmedia":[{"embeddable":true,"href":"https:\/\/as-lightsound.de\/wordpress\/wp-json\/wp\/v2\/media\/894"}],"wp:attachment":[{"href":"https:\/\/as-lightsound.de\/wordpress\/wp-json\/wp\/v2\/media?parent=893"}],"wp:term":[{"taxonomy":"product_brand","embeddable":true,"href":"https:\/\/as-lightsound.de\/wordpress\/wp-json\/wp\/v2\/product_brand?post=893"},{"taxonomy":"product_cat","embeddable":true,"href":"https:\/\/as-lightsound.de\/wordpress\/wp-json\/wp\/v2\/product_cat?post=893"},{"taxonomy":"product_tag","embeddable":true,"href":"https:\/\/as-lightsound.de\/wordpress\/wp-json\/wp\/v2\/product_tag?post=893"}],"curies":[{"name":"wp","href":"https:\/\/api.w.org\/{rel}","templated":true}]}}