{"id":891,"date":"2021-09-02T11:05:33","date_gmt":"2021-09-02T09:05:33","guid":{"rendered":"https:\/\/as-lightsound.de\/wordpress\/?post_type=product&#038;p=891"},"modified":"2025-10-08T11:08:31","modified_gmt":"2025-10-08T09:08:31","slug":"marshall-mr1960-a-gitarrenbox-schraeg-schwarz","status":"publish","type":"product","link":"https:\/\/as-lightsound.de\/wordpress\/product\/marshall-mr1960-a-gitarrenbox-schraeg-schwarz\/","title":{"rendered":"Marshall MR1960 A Gitarrenbox schr\u00e4g schwarz"},"content":{"rendered":"<p data-start=\"63\" data-end=\"653\">Die <strong data-start=\"67\" data-end=\"87\">Marshall MR1960A<\/strong> ist die schr\u00e4g gebaute Variante der legend\u00e4ren 4\u00d712\u2033-Gitarrenbox von Marshall und steht f\u00fcr den typischen, kraftvollen Rocksound mit exzellenter Durchsetzungskraft. Das geneigte Geh\u00e4usedesign sorgt f\u00fcr eine bessere Schallverteilung und erm\u00f6glicht es dem Gitarristen, den eigenen Sound auch in gr\u00f6\u00dferen B\u00fchnenumgebungen klar zu h\u00f6ren. Ausgestattet mit vier Celestion G12T-75 Lautsprechern liefert die MR1960A satte Mitten, straffe B\u00e4sse und klare H\u00f6hen. Das robuste Birkenmultiplex-Geh\u00e4use mit schwarzem Tolex-Finish garantiert Langlebigkeit und Tour-Tauglichkeit.<\/p>\n<hr data-start=\"655\" data-end=\"658\" \/>\n<h3 data-start=\"660\" data-end=\"693\">Technische Daten (Tech Specs)<\/h3>\n<div class=\"_tableContainer_1rjym_1\">\n<div class=\"group _tableWrapper_1rjym_13 flex w-fit flex-col-reverse\" tabindex=\"-1\">\n<table class=\"w-fit min-w-(--thread-content-width)\" data-start=\"695\" data-end=\"1531\">\n<thead data-start=\"695\" data-end=\"713\">\n<tr data-start=\"695\" data-end=\"713\">\n<th data-start=\"695\" data-end=\"705\" data-col-size=\"sm\">Merkmal<\/th>\n<th data-start=\"705\" data-end=\"713\" data-col-size=\"sm\">Wert<\/th>\n<\/tr>\n<\/thead>\n<tbody data-start=\"734\" data-end=\"1531\">\n<tr data-start=\"734\" data-end=\"784\">\n<td data-start=\"734\" data-end=\"747\" data-col-size=\"sm\"><strong data-start=\"736\" data-end=\"746\">Modell<\/strong><\/td>\n<td data-start=\"747\" data-end=\"784\" data-col-size=\"sm\">Marshall MR1960A (angled cabinet)<\/td>\n<\/tr>\n<tr data-start=\"785\" data-end=\"835\">\n<td data-start=\"785\" data-end=\"795\" data-col-size=\"sm\"><strong data-start=\"787\" data-end=\"794\">Typ<\/strong><\/td>\n<td data-start=\"795\" data-end=\"835\" data-col-size=\"sm\">Gitarrenlautsprecherbox, geschlossen<\/td>\n<\/tr>\n<tr data-start=\"836\" data-end=\"875\">\n<td data-start=\"836\" data-end=\"850\" data-col-size=\"sm\"><strong data-start=\"838\" data-end=\"849\">Bauform<\/strong><\/td>\n<td data-start=\"850\" data-end=\"875\" data-col-size=\"sm\">Schr\u00e4g (angled front)<\/td>\n<\/tr>\n<tr data-start=\"876\" data-end=\"935\">\n<td data-start=\"876\" data-end=\"893\" data-col-size=\"sm\"><strong data-start=\"878\" data-end=\"892\">Best\u00fcckung<\/strong><\/td>\n<td data-start=\"893\" data-end=\"935\" data-col-size=\"sm\">4 \u00d7 12\u2033 Celestion G12T-75 Lautsprecher<\/td>\n<\/tr>\n<tr data-start=\"936\" data-end=\"966\">\n<td data-start=\"936\" data-end=\"957\" data-col-size=\"sm\"><strong data-start=\"938\" data-end=\"956\">Leistung (RMS)<\/strong><\/td>\n<td data-start=\"957\" data-end=\"966\" data-col-size=\"sm\">300 W<\/td>\n<\/tr>\n<tr data-start=\"967\" data-end=\"1020\">\n<td data-start=\"967\" data-end=\"989\" data-col-size=\"sm\"><strong data-start=\"969\" data-end=\"988\">Impedanz (mono)<\/strong><\/td>\n<td data-start=\"989\" data-end=\"1020\" data-col-size=\"sm\">16 \u03a9 oder 4 \u03a9 (umschaltbar)<\/td>\n<\/tr>\n<tr data-start=\"1021\" data-end=\"1056\">\n<td data-start=\"1021\" data-end=\"1045\" data-col-size=\"sm\"><strong data-start=\"1023\" data-end=\"1044\">Impedanz (stereo)<\/strong><\/td>\n<td data-start=\"1045\" data-end=\"1056\" data-col-size=\"sm\">2 \u00d7 8 \u03a9<\/td>\n<\/tr>\n<tr data-start=\"1057\" data-end=\"1097\">\n<td data-start=\"1057\" data-end=\"1079\" data-col-size=\"sm\"><strong data-start=\"1059\" data-end=\"1078\">Frequenzbereich<\/strong><\/td>\n<td data-start=\"1079\" data-end=\"1097\" data-col-size=\"sm\">70 Hz \u2013 20 kHz<\/td>\n<\/tr>\n<tr data-start=\"1098\" data-end=\"1139\">\n<td data-start=\"1098\" data-end=\"1120\" data-col-size=\"sm\"><strong data-start=\"1100\" data-end=\"1119\">Geh\u00e4usematerial<\/strong><\/td>\n<td data-start=\"1120\" data-end=\"1139\" data-col-size=\"sm\">Birkenmultiplex<\/td>\n<\/tr>\n<tr data-start=\"1140\" data-end=\"1176\">\n<td data-start=\"1140\" data-end=\"1161\" data-col-size=\"sm\"><strong data-start=\"1142\" data-end=\"1160\">Geh\u00e4useprinzip<\/strong><\/td>\n<td data-start=\"1161\" data-end=\"1176\" data-col-size=\"sm\">Geschlossen<\/td>\n<\/tr>\n<tr data-start=\"1177\" data-end=\"1238\">\n<td data-start=\"1177\" data-end=\"1194\" data-col-size=\"sm\"><strong data-start=\"1179\" data-end=\"1193\">Anschl\u00fcsse<\/strong><\/td>\n<td data-start=\"1194\" data-end=\"1238\" data-col-size=\"sm\">2 \u00d7 6,3 mm Klinkenbuchsen (Input \/ Link)<\/td>\n<\/tr>\n<tr data-start=\"1239\" data-end=\"1297\">\n<td data-start=\"1239\" data-end=\"1261\" data-col-size=\"sm\"><strong data-start=\"1241\" data-end=\"1260\">Frontbespannung<\/strong><\/td>\n<td data-start=\"1261\" data-end=\"1297\" data-col-size=\"sm\">Klassisches Marshall Grill Cloth<\/td>\n<\/tr>\n<tr data-start=\"1298\" data-end=\"1343\">\n<td data-start=\"1298\" data-end=\"1317\" data-col-size=\"sm\"><strong data-start=\"1300\" data-end=\"1316\">Kantenschutz<\/strong><\/td>\n<td data-start=\"1317\" data-end=\"1343\" data-col-size=\"sm\">Verchromte Metallecken<\/td>\n<\/tr>\n<tr data-start=\"1344\" data-end=\"1392\">\n<td data-start=\"1344\" data-end=\"1357\" data-col-size=\"sm\"><strong data-start=\"1346\" data-end=\"1356\">Rollen<\/strong><\/td>\n<td data-start=\"1357\" data-end=\"1392\" data-col-size=\"sm\">Abnehmbar, mit Stahlhalterungen<\/td>\n<\/tr>\n<tr data-start=\"1393\" data-end=\"1445\">\n<td data-start=\"1393\" data-end=\"1423\" data-col-size=\"sm\"><strong data-start=\"1395\" data-end=\"1422\">Abmessungen (H \u00d7 B \u00d7 T)<\/strong><\/td>\n<td data-start=\"1423\" data-end=\"1445\" data-col-size=\"sm\">770 \u00d7 755 \u00d7 365 mm<\/td>\n<\/tr>\n<tr data-start=\"1446\" data-end=\"1473\">\n<td data-start=\"1446\" data-end=\"1460\" data-col-size=\"sm\"><strong data-start=\"1448\" data-end=\"1459\">Gewicht<\/strong><\/td>\n<td data-start=\"1460\" data-end=\"1473\" data-col-size=\"sm\">ca. 36 kg<\/td>\n<\/tr>\n<tr data-start=\"1474\" data-end=\"1531\">\n<td data-start=\"1474\" data-end=\"1495\" data-col-size=\"sm\"><strong data-start=\"1476\" data-end=\"1494\">Farbe \/ Finish<\/strong><\/td>\n<td data-start=\"1495\" data-end=\"1531\" data-col-size=\"sm\">Schwarz mit wei\u00dfem Marshall-Logo<\/td>\n<\/tr>\n<\/tbody>\n<\/table>\n<\/div>\n<\/div>\n","protected":false},"excerpt":{"rendered":"<p>2 vorr\u00e4tig<\/p>\n","protected":false},"featured_media":892,"template":"","meta":[],"product_brand":[],"product_cat":[36],"product_tag":[],"class_list":{"0":"post-891","1":"product","2":"type-product","3":"status-publish","4":"has-post-thumbnail","6":"product_cat-backline","8":"first","9":"instock","10":"taxable","11":"shipping-taxable","12":"purchasable","13":"product-type-simple"},"_links":{"self":[{"href":"https:\/\/as-lightsound.de\/wordpress\/wp-json\/wp\/v2\/product\/891","targetHints":{"allow":["GET"]}}],"collection":[{"href":"https:\/\/as-lightsound.de\/wordpress\/wp-json\/wp\/v2\/product"}],"about":[{"href":"https:\/\/as-lightsound.de\/wordpress\/wp-json\/wp\/v2\/types\/product"}],"wp:featuredmedia":[{"embeddable":true,"href":"https:\/\/as-lightsound.de\/wordpress\/wp-json\/wp\/v2\/media\/892"}],"wp:attachment":[{"href":"https:\/\/as-lightsound.de\/wordpress\/wp-json\/wp\/v2\/media?parent=891"}],"wp:term":[{"taxonomy":"product_brand","embeddable":true,"href":"https:\/\/as-lightsound.de\/wordpress\/wp-json\/wp\/v2\/product_brand?post=891"},{"taxonomy":"product_cat","embeddable":true,"href":"https:\/\/as-lightsound.de\/wordpress\/wp-json\/wp\/v2\/product_cat?post=891"},{"taxonomy":"product_tag","embeddable":true,"href":"https:\/\/as-lightsound.de\/wordpress\/wp-json\/wp\/v2\/product_tag?post=891"}],"curies":[{"name":"wp","href":"https:\/\/api.w.org\/{rel}","templated":true}]}}