{"id":889,"date":"2021-09-02T11:02:36","date_gmt":"2021-09-02T09:02:36","guid":{"rendered":"https:\/\/as-lightsound.de\/wordpress\/?post_type=product&#038;p=889"},"modified":"2025-10-08T11:08:57","modified_gmt":"2025-10-08T09:08:57","slug":"marshall-jvm410h-gitarren-topteil","status":"publish","type":"product","link":"https:\/\/as-lightsound.de\/wordpress\/product\/marshall-jvm410h-gitarren-topteil\/","title":{"rendered":"Marshall JVM410H Gitarren Topteil"},"content":{"rendered":"<p data-start=\"84\" data-end=\"743\">Der <strong data-start=\"88\" data-end=\"108\">Marshall JVM410H<\/strong> ist ein leistungsstarkes Vollr\u00f6hren-Topteil mit vier unabh\u00e4ngigen Kan\u00e4len, das maximale Flexibilit\u00e4t f\u00fcr Studio- und Live-Betrieb bietet. Jeder Kanal verf\u00fcgt \u00fcber drei w\u00e4hlbare Gain-Modi, wodurch insgesamt zw\u00f6lf unterschiedliche Soundcharaktere von glasklaren Clean-T\u00f6nen bis zu High-Gain-Metal-Sounds zur Verf\u00fcgung stehen. Die R\u00f6hrenvorstufe auf Basis von vier ECC83-R\u00f6hren und die Endstufe mit vier EL34-R\u00f6hren liefern den typischen Marshall-Sound mit Durchsetzungskraft, Dynamik und W\u00e4rme. MIDI-Kompatibilit\u00e4t, programmierbarer Reverb und ein seriell\/parallel schaltbarer Effektweg runden das professionelle Ausstattungspaket ab.<\/p>\n<hr data-start=\"745\" data-end=\"748\" \/>\n<h3 data-start=\"750\" data-end=\"783\">Technische Daten (Tech Specs)<\/h3>\n<div class=\"_tableContainer_1rjym_1\">\n<div class=\"group _tableWrapper_1rjym_13 flex w-fit flex-col-reverse\" tabindex=\"-1\">\n<table class=\"w-fit min-w-(--thread-content-width)\" data-start=\"785\" data-end=\"1795\">\n<thead data-start=\"785\" data-end=\"803\">\n<tr data-start=\"785\" data-end=\"803\">\n<th data-start=\"785\" data-end=\"795\" data-col-size=\"sm\">Merkmal<\/th>\n<th data-start=\"795\" data-end=\"803\" data-col-size=\"md\">Wert<\/th>\n<\/tr>\n<\/thead>\n<tbody data-start=\"824\" data-end=\"1795\">\n<tr data-start=\"824\" data-end=\"864\">\n<td data-start=\"824\" data-end=\"834\" data-col-size=\"sm\"><strong data-start=\"826\" data-end=\"833\">Typ<\/strong><\/td>\n<td data-start=\"834\" data-end=\"864\" data-col-size=\"md\">Vollr\u00f6hren-Gitarrentopteil<\/td>\n<\/tr>\n<tr data-start=\"865\" data-end=\"893\">\n<td data-start=\"865\" data-end=\"880\" data-col-size=\"sm\"><strong data-start=\"867\" data-end=\"879\">Leistung<\/strong><\/td>\n<td data-start=\"880\" data-end=\"893\" data-col-size=\"md\">100 W RMS<\/td>\n<\/tr>\n<tr data-start=\"894\" data-end=\"928\">\n<td data-start=\"894\" data-end=\"916\" data-col-size=\"sm\"><strong data-start=\"896\" data-end=\"915\">Endstufenr\u00f6hren<\/strong><\/td>\n<td data-start=\"916\" data-end=\"928\" data-col-size=\"md\">4 \u00d7 EL34<\/td>\n<\/tr>\n<tr data-start=\"929\" data-end=\"991\">\n<td data-start=\"929\" data-end=\"951\" data-col-size=\"sm\"><strong data-start=\"931\" data-end=\"950\">Vorstufenr\u00f6hren<\/strong><\/td>\n<td data-start=\"951\" data-end=\"991\" data-col-size=\"md\">4 \u00d7 ECC83, 1 \u00d7 ECC83 (Phasentreiber)<\/td>\n<\/tr>\n<tr data-start=\"992\" data-end=\"1036\">\n<td data-start=\"992\" data-end=\"1005\" data-col-size=\"sm\"><strong data-start=\"994\" data-end=\"1004\">Kan\u00e4le<\/strong><\/td>\n<td data-start=\"1005\" data-end=\"1036\" data-col-size=\"md\">4 (Clean, Crunch, OD1, OD2)<\/td>\n<\/tr>\n<tr data-start=\"1037\" data-end=\"1099\">\n<td data-start=\"1037\" data-end=\"1063\" data-col-size=\"sm\"><strong data-start=\"1039\" data-end=\"1062\">Gain-Modi pro Kanal<\/strong><\/td>\n<td data-start=\"1063\" data-end=\"1099\" data-col-size=\"md\">3 (insgesamt 12 Sound-Varianten)<\/td>\n<\/tr>\n<tr data-start=\"1100\" data-end=\"1160\">\n<td data-start=\"1100\" data-end=\"1117\" data-col-size=\"sm\"><strong data-start=\"1102\" data-end=\"1116\">EQ-Sektion<\/strong><\/td>\n<td data-start=\"1117\" data-end=\"1160\" data-col-size=\"md\">Separate Bass, Middle, Treble pro Kanal<\/td>\n<\/tr>\n<tr data-start=\"1161\" data-end=\"1223\">\n<td data-start=\"1161\" data-end=\"1182\" data-col-size=\"sm\"><strong data-start=\"1163\" data-end=\"1181\">Master-Sektion<\/strong><\/td>\n<td data-start=\"1182\" data-end=\"1223\" data-col-size=\"md\">2 Master-Volumes, Presence, Resonance<\/td>\n<\/tr>\n<tr data-start=\"1224\" data-end=\"1277\">\n<td data-start=\"1224\" data-end=\"1238\" data-col-size=\"sm\"><strong data-start=\"1226\" data-end=\"1237\">Effekte<\/strong><\/td>\n<td data-start=\"1238\" data-end=\"1277\" data-col-size=\"md\">Digitaler Reverb pro Kanal regelbar<\/td>\n<\/tr>\n<tr data-start=\"1278\" data-end=\"1326\">\n<td data-start=\"1278\" data-end=\"1294\" data-col-size=\"sm\"><strong data-start=\"1280\" data-end=\"1293\">Effektweg<\/strong><\/td>\n<td data-start=\"1294\" data-end=\"1326\" data-col-size=\"md\">Seriell \/ Parallel schaltbar<\/td>\n<\/tr>\n<tr data-start=\"1327\" data-end=\"1397\">\n<td data-start=\"1327\" data-end=\"1345\" data-col-size=\"sm\"><strong data-start=\"1329\" data-end=\"1344\">Fu\u00dfschalter<\/strong><\/td>\n<td data-start=\"1345\" data-end=\"1397\" data-col-size=\"md\">Programmierbarer 6-fach Fu\u00dfschalter (inkl. MIDI)<\/td>\n<\/tr>\n<tr data-start=\"1398\" data-end=\"1450\">\n<td data-start=\"1398\" data-end=\"1424\" data-col-size=\"sm\"><strong data-start=\"1400\" data-end=\"1423\">MIDI-Kompatibilit\u00e4t<\/strong><\/td>\n<td data-start=\"1424\" data-end=\"1450\" data-col-size=\"md\">Vollst\u00e4ndig integriert<\/td>\n<\/tr>\n<tr data-start=\"1451\" data-end=\"1541\">\n<td data-start=\"1451\" data-end=\"1468\" data-col-size=\"sm\"><strong data-start=\"1453\" data-end=\"1467\">Anschl\u00fcsse<\/strong><\/td>\n<td data-start=\"1468\" data-end=\"1541\" data-col-size=\"md\">4\/8\/16 \u03a9 Lautsprecherausg\u00e4nge, FX Send\/Return, Line Out, MIDI In\/Thru<\/td>\n<\/tr>\n<tr data-start=\"1542\" data-end=\"1594\">\n<td data-start=\"1542\" data-end=\"1572\" data-col-size=\"sm\"><strong data-start=\"1544\" data-end=\"1571\">Abmessungen (B \u00d7 H \u00d7 T)<\/strong><\/td>\n<td data-start=\"1572\" data-end=\"1594\" data-col-size=\"md\">750 \u00d7 310 \u00d7 215 mm<\/td>\n<\/tr>\n<tr data-start=\"1595\" data-end=\"1622\">\n<td data-start=\"1595\" data-end=\"1609\" data-col-size=\"sm\"><strong data-start=\"1597\" data-end=\"1608\">Gewicht<\/strong><\/td>\n<td data-start=\"1609\" data-end=\"1622\" data-col-size=\"md\">ca. 22 kg<\/td>\n<\/tr>\n<tr data-start=\"1623\" data-end=\"1680\">\n<td data-start=\"1623\" data-end=\"1645\" data-col-size=\"sm\"><strong data-start=\"1625\" data-end=\"1644\">Geh\u00e4usematerial<\/strong><\/td>\n<td data-start=\"1645\" data-end=\"1680\" data-col-size=\"md\">Holzgeh\u00e4use mit schwarzem Tolex<\/td>\n<\/tr>\n<tr data-start=\"1681\" data-end=\"1755\">\n<td data-start=\"1681\" data-end=\"1699\" data-col-size=\"sm\"><strong data-start=\"1683\" data-end=\"1698\">Frontdesign<\/strong><\/td>\n<td data-start=\"1699\" data-end=\"1755\" data-col-size=\"md\">Goldfarbenes Marshall-Panel mit beleuchteten Tastern<\/td>\n<\/tr>\n<tr data-start=\"1756\" data-end=\"1795\">\n<td data-start=\"1756\" data-end=\"1777\" data-col-size=\"sm\"><strong data-start=\"1758\" data-end=\"1776\">Farbe \/ Finish<\/strong><\/td>\n<td data-start=\"1777\" data-end=\"1795\" data-col-size=\"md\">Schwarz \/ Gold<\/td>\n<\/tr>\n<\/tbody>\n<\/table>\n<\/div>\n<\/div>\n","protected":false},"excerpt":{"rendered":"<p>1 vorr\u00e4tig<\/p>\n","protected":false},"featured_media":890,"template":"","meta":[],"product_brand":[],"product_cat":[36],"product_tag":[],"class_list":{"0":"post-889","1":"product","2":"type-product","3":"status-publish","4":"has-post-thumbnail","6":"product_cat-backline","8":"first","9":"instock","10":"taxable","11":"shipping-taxable","12":"purchasable","13":"product-type-simple"},"_links":{"self":[{"href":"https:\/\/as-lightsound.de\/wordpress\/wp-json\/wp\/v2\/product\/889","targetHints":{"allow":["GET"]}}],"collection":[{"href":"https:\/\/as-lightsound.de\/wordpress\/wp-json\/wp\/v2\/product"}],"about":[{"href":"https:\/\/as-lightsound.de\/wordpress\/wp-json\/wp\/v2\/types\/product"}],"wp:featuredmedia":[{"embeddable":true,"href":"https:\/\/as-lightsound.de\/wordpress\/wp-json\/wp\/v2\/media\/890"}],"wp:attachment":[{"href":"https:\/\/as-lightsound.de\/wordpress\/wp-json\/wp\/v2\/media?parent=889"}],"wp:term":[{"taxonomy":"product_brand","embeddable":true,"href":"https:\/\/as-lightsound.de\/wordpress\/wp-json\/wp\/v2\/product_brand?post=889"},{"taxonomy":"product_cat","embeddable":true,"href":"https:\/\/as-lightsound.de\/wordpress\/wp-json\/wp\/v2\/product_cat?post=889"},{"taxonomy":"product_tag","embeddable":true,"href":"https:\/\/as-lightsound.de\/wordpress\/wp-json\/wp\/v2\/product_tag?post=889"}],"curies":[{"name":"wp","href":"https:\/\/api.w.org\/{rel}","templated":true}]}}