{"id":88,"date":"2021-02-17T10:51:11","date_gmt":"2021-02-17T09:51:11","guid":{"rendered":"https:\/\/as-lightsound.de\/wordpress\/?post_type=product&#038;p=88"},"modified":"2025-10-07T10:22:32","modified_gmt":"2025-10-07T08:22:32","slug":"klark-teknik-dn9650-dante-bridge","status":"publish","type":"product","link":"https:\/\/as-lightsound.de\/wordpress\/product\/klark-teknik-dn9650-dante-bridge\/","title":{"rendered":"Klark Teknik DN9650 Dante Bridge"},"content":{"rendered":"<p data-start=\"186\" data-end=\"669\">Die <strong data-start=\"190\" data-end=\"213\">Klark Teknik DN9650<\/strong> ist eine professionelle <strong data-start=\"238\" data-end=\"262\">Audio-Netzwerkbridge<\/strong>, die AES50-basierte Systeme \u2013 wie Midas PRO-, Heritage- und DL-Serie \u2013 mit Dante-, MADI- oder AES\/EBU-Netzwerken verbindet. In der Dante-Konfiguration erm\u00f6glicht sie die <strong data-start=\"433\" data-end=\"487\">nahtlose Integration von bis zu 64\u00d764 Audiokan\u00e4len<\/strong> zwischen Midas-Konsolen und Dante-f\u00e4higen Ger\u00e4ten. Die DN9650 ist ideal f\u00fcr Live-, Broadcast- und Studioanwendungen, in denen hochwertige, latenzarme Audio\u00fcbertragung gefragt ist.<\/p>\n<hr data-start=\"671\" data-end=\"674\" \/>\n<h3 data-start=\"676\" data-end=\"713\"><strong data-start=\"680\" data-end=\"713\">Technische Daten (Tech Specs)<\/strong><\/h3>\n<div class=\"_tableContainer_1rjym_1\">\n<div class=\"group _tableWrapper_1rjym_13 flex w-fit flex-col-reverse\" tabindex=\"-1\">\n<table class=\"w-fit min-w-(--thread-content-width)\" data-start=\"715\" data-end=\"2037\">\n<thead data-start=\"715\" data-end=\"742\">\n<tr data-start=\"715\" data-end=\"742\">\n<th data-start=\"715\" data-end=\"725\" data-col-size=\"sm\">Merkmal<\/th>\n<th data-start=\"725\" data-end=\"742\" data-col-size=\"lg\">Spezifikation<\/th>\n<\/tr>\n<\/thead>\n<tbody data-start=\"766\" data-end=\"2037\">\n<tr data-start=\"766\" data-end=\"881\">\n<td data-start=\"766\" data-end=\"781\" data-col-size=\"sm\"><strong data-start=\"768\" data-end=\"780\">Funktion<\/strong><\/td>\n<td data-start=\"781\" data-end=\"881\" data-col-size=\"lg\">Netzwerkbridge zur Konvertierung von AES50-Audio in Dante (oder andere Formate \u00fcber Option-Card)<\/td>\n<\/tr>\n<tr data-start=\"882\" data-end=\"1007\">\n<td data-start=\"882\" data-end=\"908\" data-col-size=\"sm\"><strong data-start=\"884\" data-end=\"907\">Eing\u00e4nge \/ Ausg\u00e4nge<\/strong><\/td>\n<td data-start=\"908\" data-end=\"1007\" data-col-size=\"lg\">1 \u00d7 AES50-Port (48\u00d748 oder 64\u00d764 Kan\u00e4le @ 48 kHz \/ 96 kHz), 1 \u00d7 Dante-Port (RJ45, 64\u00d764 Kan\u00e4le)<\/td>\n<\/tr>\n<tr data-start=\"1008\" data-end=\"1054\">\n<td data-start=\"1008\" data-end=\"1027\" data-col-size=\"sm\"><strong data-start=\"1010\" data-end=\"1026\">Audioformate<\/strong><\/td>\n<td data-start=\"1027\" data-end=\"1054\" data-col-size=\"lg\">48 \/ 96 kHz, 24 Bit PCM<\/td>\n<\/tr>\n<tr data-start=\"1055\" data-end=\"1078\">\n<td data-start=\"1055\" data-end=\"1068\" data-col-size=\"sm\"><strong data-start=\"1057\" data-end=\"1067\">Latenz<\/strong><\/td>\n<td data-start=\"1068\" data-end=\"1078\" data-col-size=\"lg\">&lt; 1 ms<\/td>\n<\/tr>\n<tr data-start=\"1079\" data-end=\"1178\">\n<td data-start=\"1079\" data-end=\"1100\" data-col-size=\"sm\"><strong data-start=\"1081\" data-end=\"1099\">Kompatibilit\u00e4t<\/strong><\/td>\n<td data-start=\"1100\" data-end=\"1178\" data-col-size=\"lg\">Midas PRO-Serie, Heritage-D, DL-Stageboxen, Behringer X32, Dante-Netzwerke<\/td>\n<\/tr>\n<tr data-start=\"1179\" data-end=\"1257\">\n<td data-start=\"1179\" data-end=\"1201\" data-col-size=\"sm\"><strong data-start=\"1181\" data-end=\"1200\">Synchronisation<\/strong><\/td>\n<td data-start=\"1201\" data-end=\"1257\" data-col-size=\"lg\">Word Clock In\/Out (BNC), interne oder Netzwerk-Clock<\/td>\n<\/tr>\n<tr data-start=\"1258\" data-end=\"1351\">\n<td data-start=\"1258\" data-end=\"1287\" data-col-size=\"sm\"><strong data-start=\"1260\" data-end=\"1286\">Steuerung \/ Monitoring<\/strong><\/td>\n<td data-start=\"1287\" data-end=\"1351\" data-col-size=\"lg\">Via \u201eKT-AES50 Control Center\u201c Software oder Dante Controller<\/td>\n<\/tr>\n<tr data-start=\"1352\" data-end=\"1452\">\n<td data-start=\"1352\" data-end=\"1374\" data-col-size=\"sm\"><strong data-start=\"1354\" data-end=\"1373\">Erweiterbarkeit<\/strong><\/td>\n<td data-start=\"1374\" data-end=\"1452\" data-col-size=\"lg\">Option-Card-Slot f\u00fcr alternative Schnittstellen (z. B. MADI, AES\/EBU, USB)<\/td>\n<\/tr>\n<tr data-start=\"1453\" data-end=\"1548\">\n<td data-start=\"1453\" data-end=\"1478\" data-col-size=\"sm\"><strong data-start=\"1455\" data-end=\"1477\">Netzwerkanschl\u00fcsse<\/strong><\/td>\n<td data-start=\"1478\" data-end=\"1548\" data-col-size=\"lg\">1 \u00d7 Gigabit Dante Primary, 1 \u00d7 Gigabit Dante Secondary (redundant)<\/td>\n<\/tr>\n<tr data-start=\"1549\" data-end=\"1608\">\n<td data-start=\"1549\" data-end=\"1563\" data-col-size=\"sm\"><strong data-start=\"1551\" data-end=\"1562\">K\u00fchlung<\/strong><\/td>\n<td data-start=\"1563\" data-end=\"1608\" data-col-size=\"lg\">Passiv, l\u00fcfterlos (ger\u00e4uschloser Betrieb)<\/td>\n<\/tr>\n<tr data-start=\"1609\" data-end=\"1669\">\n<td data-start=\"1609\" data-end=\"1635\" data-col-size=\"sm\"><strong data-start=\"1611\" data-end=\"1634\">Spannungsversorgung<\/strong><\/td>\n<td data-start=\"1635\" data-end=\"1669\" data-col-size=\"lg\">100\u2013240 V AC, 50\/60 Hz, intern<\/td>\n<\/tr>\n<tr data-start=\"1670\" data-end=\"1706\">\n<td data-start=\"1670\" data-end=\"1694\" data-col-size=\"sm\"><strong data-start=\"1672\" data-end=\"1693\">Leistungsaufnahme<\/strong><\/td>\n<td data-start=\"1694\" data-end=\"1706\" data-col-size=\"lg\">ca. 30 W<\/td>\n<\/tr>\n<tr data-start=\"1707\" data-end=\"1768\">\n<td data-start=\"1707\" data-end=\"1721\" data-col-size=\"sm\"><strong data-start=\"1709\" data-end=\"1720\">Geh\u00e4use<\/strong><\/td>\n<td data-start=\"1721\" data-end=\"1768\" data-col-size=\"lg\">19\u2033 Rackmount, 1 HE, robustes Metallgeh\u00e4use<\/td>\n<\/tr>\n<tr data-start=\"1769\" data-end=\"1802\">\n<td data-start=\"1769\" data-end=\"1785\" data-col-size=\"sm\"><strong data-start=\"1771\" data-end=\"1784\">Schutzart<\/strong><\/td>\n<td data-start=\"1785\" data-end=\"1802\" data-col-size=\"lg\">IP20 (Indoor)<\/td>\n<\/tr>\n<tr data-start=\"1803\" data-end=\"1854\">\n<td data-start=\"1803\" data-end=\"1833\" data-col-size=\"sm\"><strong data-start=\"1805\" data-end=\"1832\">Abmessungen (B \u00d7 H \u00d7 T)<\/strong><\/td>\n<td data-start=\"1833\" data-end=\"1854\" data-col-size=\"lg\">483 \u00d7 44 \u00d7 200 mm<\/td>\n<\/tr>\n<tr data-start=\"1855\" data-end=\"1883\">\n<td data-start=\"1855\" data-end=\"1869\" data-col-size=\"sm\"><strong data-start=\"1857\" data-end=\"1868\">Gewicht<\/strong><\/td>\n<td data-start=\"1869\" data-end=\"1883\" data-col-size=\"lg\">ca. 3,5 kg<\/td>\n<\/tr>\n<tr data-start=\"1884\" data-end=\"2037\">\n<td data-start=\"1884\" data-end=\"1905\" data-col-size=\"sm\"><strong data-start=\"1886\" data-end=\"1904\">Besonderheiten<\/strong><\/td>\n<td data-start=\"1905\" data-end=\"2037\" data-col-size=\"lg\">64\u00d764 Dante I\/O, AES50-kompatibel, Word Clock I\/O, latenzarme \u00dcbertragung, robustes Rackgeh\u00e4use, Dante Controller konfigurierbar<\/td>\n<\/tr>\n<\/tbody>\n<\/table>\n<\/div>\n<\/div>\n","protected":false},"excerpt":{"rendered":"<p>1 vorr\u00e4tig<\/p>\n","protected":false},"featured_media":89,"template":"","meta":[],"product_brand":[],"product_cat":[16],"product_tag":[],"class_list":{"0":"post-88","1":"product","2":"type-product","3":"status-publish","4":"has-post-thumbnail","6":"product_cat-mischpulte","8":"first","9":"instock","10":"taxable","11":"shipping-taxable","12":"purchasable","13":"product-type-simple"},"_links":{"self":[{"href":"https:\/\/as-lightsound.de\/wordpress\/wp-json\/wp\/v2\/product\/88","targetHints":{"allow":["GET"]}}],"collection":[{"href":"https:\/\/as-lightsound.de\/wordpress\/wp-json\/wp\/v2\/product"}],"about":[{"href":"https:\/\/as-lightsound.de\/wordpress\/wp-json\/wp\/v2\/types\/product"}],"wp:featuredmedia":[{"embeddable":true,"href":"https:\/\/as-lightsound.de\/wordpress\/wp-json\/wp\/v2\/media\/89"}],"wp:attachment":[{"href":"https:\/\/as-lightsound.de\/wordpress\/wp-json\/wp\/v2\/media?parent=88"}],"wp:term":[{"taxonomy":"product_brand","embeddable":true,"href":"https:\/\/as-lightsound.de\/wordpress\/wp-json\/wp\/v2\/product_brand?post=88"},{"taxonomy":"product_cat","embeddable":true,"href":"https:\/\/as-lightsound.de\/wordpress\/wp-json\/wp\/v2\/product_cat?post=88"},{"taxonomy":"product_tag","embeddable":true,"href":"https:\/\/as-lightsound.de\/wordpress\/wp-json\/wp\/v2\/product_tag?post=88"}],"curies":[{"name":"wp","href":"https:\/\/api.w.org\/{rel}","templated":true}]}}