{"id":78,"date":"2021-02-17T10:35:11","date_gmt":"2021-02-17T09:35:11","guid":{"rendered":"https:\/\/as-lightsound.de\/wordpress\/?post_type=product&#038;p=78"},"modified":"2025-10-08T11:24:29","modified_gmt":"2025-10-08T09:24:29","slug":"crown-xti-4000","status":"publish","type":"product","link":"https:\/\/as-lightsound.de\/wordpress\/product\/crown-xti-4000\/","title":{"rendered":"Crown XTI 4000"},"content":{"rendered":"<p data-start=\"69\" data-end=\"614\">Die <strong data-start=\"73\" data-end=\"91\">Crown XTi 4000<\/strong> ist eine leistungsstarke, digitale Stereo-Endstufe f\u00fcr Touring-, Installations- und Beschallungsanwendungen. Sie kombiniert hohe Ausgangsleistung mit integriertem DSP zur pr\u00e4zisen Kontrolle von Pegel, Frequenzgang und Limiting. Dank der robusten Bauweise, des geringen Gewichts und der hohen Effizienz bietet die XTi 4000 zuverl\u00e4ssige Performance selbst unter anspruchsvollen Bedingungen. Die intuitive Software-Steuerung \u00fcber USB erm\u00f6glicht einfache Konfiguration und \u00dcberwachung im Live- oder Festinstallationsbetrieb.<\/p>\n<hr data-start=\"616\" data-end=\"619\" \/>\n<h3 data-start=\"621\" data-end=\"654\">Technische Daten (Tech Specs)<\/h3>\n<div class=\"_tableContainer_1rjym_1\">\n<div class=\"group _tableWrapper_1rjym_13 flex w-fit flex-col-reverse\" tabindex=\"-1\">\n<table class=\"w-fit min-w-(--thread-content-width)\" data-start=\"656\" data-end=\"1853\">\n<thead data-start=\"656\" data-end=\"674\">\n<tr data-start=\"656\" data-end=\"674\">\n<th data-start=\"656\" data-end=\"666\" data-col-size=\"sm\">Merkmal<\/th>\n<th data-start=\"666\" data-end=\"674\" data-col-size=\"md\">Wert<\/th>\n<\/tr>\n<\/thead>\n<tbody data-start=\"695\" data-end=\"1853\">\n<tr data-start=\"695\" data-end=\"726\">\n<td data-start=\"695\" data-end=\"708\" data-col-size=\"sm\"><strong data-start=\"697\" data-end=\"707\">Modell<\/strong><\/td>\n<td data-start=\"708\" data-end=\"726\" data-col-size=\"md\">Crown XTi 4000<\/td>\n<\/tr>\n<tr data-start=\"727\" data-end=\"778\">\n<td data-start=\"727\" data-end=\"737\" data-col-size=\"sm\"><strong data-start=\"729\" data-end=\"736\">Typ<\/strong><\/td>\n<td data-start=\"737\" data-end=\"778\" data-col-size=\"md\">2-Kanal-Endstufe mit integriertem DSP<\/td>\n<\/tr>\n<tr data-start=\"779\" data-end=\"826\">\n<td data-start=\"779\" data-end=\"807\" data-col-size=\"sm\"><strong data-start=\"781\" data-end=\"806\">Leistung @ 8 \u03a9 Stereo<\/strong><\/td>\n<td data-start=\"807\" data-end=\"826\" data-col-size=\"md\">650 W pro Kanal<\/td>\n<\/tr>\n<tr data-start=\"827\" data-end=\"876\">\n<td data-start=\"827\" data-end=\"855\" data-col-size=\"sm\"><strong data-start=\"829\" data-end=\"854\">Leistung @ 4 \u03a9 Stereo<\/strong><\/td>\n<td data-start=\"855\" data-end=\"876\" data-col-size=\"md\">1.200 W pro Kanal<\/td>\n<\/tr>\n<tr data-start=\"877\" data-end=\"926\">\n<td data-start=\"877\" data-end=\"905\" data-col-size=\"sm\"><strong data-start=\"879\" data-end=\"904\">Leistung @ 2 \u03a9 Stereo<\/strong><\/td>\n<td data-start=\"905\" data-end=\"926\" data-col-size=\"md\">1.600 W pro Kanal<\/td>\n<\/tr>\n<tr data-start=\"927\" data-end=\"966\">\n<td data-start=\"927\" data-end=\"955\" data-col-size=\"sm\"><strong data-start=\"929\" data-end=\"954\">Leistung @ 8 \u03a9 Bridge<\/strong><\/td>\n<td data-start=\"955\" data-end=\"966\" data-col-size=\"md\">2.400 W<\/td>\n<\/tr>\n<tr data-start=\"967\" data-end=\"1006\">\n<td data-start=\"967\" data-end=\"995\" data-col-size=\"sm\"><strong data-start=\"969\" data-end=\"994\">Leistung @ 4 \u03a9 Bridge<\/strong><\/td>\n<td data-start=\"995\" data-end=\"1006\" data-col-size=\"md\">3.200 W<\/td>\n<\/tr>\n<tr data-start=\"1007\" data-end=\"1045\">\n<td data-start=\"1007\" data-end=\"1031\" data-col-size=\"sm\"><strong data-start=\"1009\" data-end=\"1030\">Verst\u00e4rkerprinzip<\/strong><\/td>\n<td data-start=\"1031\" data-end=\"1045\" data-col-size=\"md\">Class AB+B<\/td>\n<\/tr>\n<tr data-start=\"1046\" data-end=\"1125\">\n<td data-start=\"1046\" data-end=\"1067\" data-col-size=\"sm\"><strong data-start=\"1048\" data-end=\"1066\">DSP-Funktionen<\/strong><\/td>\n<td data-start=\"1067\" data-end=\"1125\" data-col-size=\"md\">Crossover, EQ, Delay, Limiter, Subharmonic Synthesizer<\/td>\n<\/tr>\n<tr data-start=\"1126\" data-end=\"1195\">\n<td data-start=\"1126\" data-end=\"1151\" data-col-size=\"sm\"><strong data-start=\"1128\" data-end=\"1150\">Signalverarbeitung<\/strong><\/td>\n<td data-start=\"1151\" data-end=\"1195\" data-col-size=\"md\">24 Bit \/ 48 kHz Digital Signal Processor<\/td>\n<\/tr>\n<tr data-start=\"1196\" data-end=\"1243\">\n<td data-start=\"1196\" data-end=\"1215\" data-col-size=\"sm\"><strong data-start=\"1198\" data-end=\"1214\">Frequenzgang<\/strong><\/td>\n<td data-start=\"1215\" data-end=\"1243\" data-col-size=\"md\">20 Hz \u2013 20 kHz (\u00b10,5 dB)<\/td>\n<\/tr>\n<tr data-start=\"1244\" data-end=\"1283\">\n<td data-start=\"1244\" data-end=\"1272\" data-col-size=\"sm\"><strong data-start=\"1246\" data-end=\"1271\">Signal-Rausch-Abstand<\/strong><\/td>\n<td data-start=\"1272\" data-end=\"1283\" data-col-size=\"md\">&gt;100 dB<\/td>\n<\/tr>\n<tr data-start=\"1284\" data-end=\"1318\">\n<td data-start=\"1284\" data-end=\"1308\" data-col-size=\"sm\"><strong data-start=\"1286\" data-end=\"1307\">Klirrfaktor (THD)<\/strong><\/td>\n<td data-start=\"1308\" data-end=\"1318\" data-col-size=\"md\">&lt;0,5 %<\/td>\n<\/tr>\n<tr data-start=\"1319\" data-end=\"1357\">\n<td data-start=\"1319\" data-end=\"1341\" data-col-size=\"sm\"><strong data-start=\"1321\" data-end=\"1340\">D\u00e4mpfungsfaktor<\/strong><\/td>\n<td data-start=\"1341\" data-end=\"1357\" data-col-size=\"md\">&gt;500 bei 8 \u03a9<\/td>\n<\/tr>\n<tr data-start=\"1358\" data-end=\"1398\">\n<td data-start=\"1358\" data-end=\"1373\" data-col-size=\"sm\"><strong data-start=\"1360\" data-end=\"1372\">Eing\u00e4nge<\/strong><\/td>\n<td data-start=\"1373\" data-end=\"1398\" data-col-size=\"md\">2 \u00d7 XLR (symmetrisch)<\/td>\n<\/tr>\n<tr data-start=\"1399\" data-end=\"1449\">\n<td data-start=\"1399\" data-end=\"1414\" data-col-size=\"sm\"><strong data-start=\"1401\" data-end=\"1413\">Ausg\u00e4nge<\/strong><\/td>\n<td data-start=\"1414\" data-end=\"1449\" data-col-size=\"md\">2 \u00d7 Speakon NL4, Schraubklemmen<\/td>\n<\/tr>\n<tr data-start=\"1450\" data-end=\"1518\">\n<td data-start=\"1450\" data-end=\"1483\" data-col-size=\"sm\"><strong data-start=\"1452\" data-end=\"1482\">Steuerung \/ Schnittstellen<\/strong><\/td>\n<td data-start=\"1483\" data-end=\"1518\" data-col-size=\"md\">USB (System Architect Software)<\/td>\n<\/tr>\n<tr data-start=\"1519\" data-end=\"1571\">\n<td data-start=\"1519\" data-end=\"1533\" data-col-size=\"sm\"><strong data-start=\"1521\" data-end=\"1532\">K\u00fchlung<\/strong><\/td>\n<td data-start=\"1533\" data-end=\"1571\" data-col-size=\"md\">L\u00fcftergeregelt, temperaturabh\u00e4ngig<\/td>\n<\/tr>\n<tr data-start=\"1572\" data-end=\"1617\">\n<td data-start=\"1572\" data-end=\"1591\" data-col-size=\"sm\"><strong data-start=\"1574\" data-end=\"1590\">Netzspannung<\/strong><\/td>\n<td data-start=\"1591\" data-end=\"1617\" data-col-size=\"md\">220\u2013240 V AC, 50\/60 Hz<\/td>\n<\/tr>\n<tr data-start=\"1618\" data-end=\"1660\">\n<td data-start=\"1618\" data-end=\"1649\" data-col-size=\"sm\"><strong data-start=\"1620\" data-end=\"1648\">Leistungsaufnahme (max.)<\/strong><\/td>\n<td data-start=\"1649\" data-end=\"1660\" data-col-size=\"md\">1.800 W<\/td>\n<\/tr>\n<tr data-start=\"1661\" data-end=\"1719\">\n<td data-start=\"1661\" data-end=\"1691\" data-col-size=\"sm\"><strong data-start=\"1663\" data-end=\"1690\">Abmessungen (B \u00d7 H \u00d7 T)<\/strong><\/td>\n<td data-start=\"1691\" data-end=\"1719\" data-col-size=\"md\">483 \u00d7 89 \u00d7 406 mm (2 HE)<\/td>\n<\/tr>\n<tr data-start=\"1720\" data-end=\"1744\">\n<td data-start=\"1720\" data-end=\"1734\" data-col-size=\"sm\"><strong data-start=\"1722\" data-end=\"1733\">Gewicht<\/strong><\/td>\n<td data-start=\"1734\" data-end=\"1744\" data-col-size=\"md\">8,4 kg<\/td>\n<\/tr>\n<tr data-start=\"1745\" data-end=\"1813\">\n<td data-start=\"1745\" data-end=\"1767\" data-col-size=\"sm\"><strong data-start=\"1747\" data-end=\"1766\">Geh\u00e4usematerial<\/strong><\/td>\n<td data-start=\"1767\" data-end=\"1813\" data-col-size=\"md\">Stahlchassis mit Frontblende aus Aluminium<\/td>\n<\/tr>\n<tr data-start=\"1814\" data-end=\"1853\">\n<td data-start=\"1814\" data-end=\"1835\" data-col-size=\"sm\"><strong data-start=\"1816\" data-end=\"1834\">Farbe \/ Finish<\/strong><\/td>\n<td data-start=\"1835\" data-end=\"1853\" data-col-size=\"md\">Schwarz \/ Grau<\/td>\n<\/tr>\n<\/tbody>\n<\/table>\n<\/div>\n<\/div>\n","protected":false},"excerpt":{"rendered":"<p>2 vorr\u00e4tig<\/p>\n","protected":false},"featured_media":79,"template":"","meta":[],"product_brand":[],"product_cat":[20],"product_tag":[],"class_list":{"0":"post-78","1":"product","2":"type-product","3":"status-publish","4":"has-post-thumbnail","6":"product_cat-amping","8":"first","9":"instock","10":"taxable","11":"shipping-taxable","12":"purchasable","13":"product-type-simple"},"_links":{"self":[{"href":"https:\/\/as-lightsound.de\/wordpress\/wp-json\/wp\/v2\/product\/78","targetHints":{"allow":["GET"]}}],"collection":[{"href":"https:\/\/as-lightsound.de\/wordpress\/wp-json\/wp\/v2\/product"}],"about":[{"href":"https:\/\/as-lightsound.de\/wordpress\/wp-json\/wp\/v2\/types\/product"}],"wp:featuredmedia":[{"embeddable":true,"href":"https:\/\/as-lightsound.de\/wordpress\/wp-json\/wp\/v2\/media\/79"}],"wp:attachment":[{"href":"https:\/\/as-lightsound.de\/wordpress\/wp-json\/wp\/v2\/media?parent=78"}],"wp:term":[{"taxonomy":"product_brand","embeddable":true,"href":"https:\/\/as-lightsound.de\/wordpress\/wp-json\/wp\/v2\/product_brand?post=78"},{"taxonomy":"product_cat","embeddable":true,"href":"https:\/\/as-lightsound.de\/wordpress\/wp-json\/wp\/v2\/product_cat?post=78"},{"taxonomy":"product_tag","embeddable":true,"href":"https:\/\/as-lightsound.de\/wordpress\/wp-json\/wp\/v2\/product_tag?post=78"}],"curies":[{"name":"wp","href":"https:\/\/api.w.org\/{rel}","templated":true}]}}