{"id":778,"date":"2021-06-17T17:34:13","date_gmt":"2021-06-17T15:34:13","guid":{"rendered":"https:\/\/as-lightsound.de\/wordpress\/?post_type=product&#038;p=778"},"modified":"2025-10-04T07:49:20","modified_gmt":"2025-10-04T05:49:20","slug":"midas-pro-x-mischpult-inkl-neutron-dsp","status":"publish","type":"product","link":"https:\/\/as-lightsound.de\/wordpress\/product\/midas-pro-x-mischpult-inkl-neutron-dsp\/","title":{"rendered":"Midas Pro X Mischpult Inkl. Neutron DSP"},"content":{"rendered":"<p data-start=\"153\" data-end=\"436\">Das <strong data-start=\"157\" data-end=\"172\">Midas PRO X<\/strong> ist ein High-End-Digitalmischpult f\u00fcr anspruchsvolle Live-Sound-Anwendungen. Mit \u00fcberragender Klangqualit\u00e4t, einer intuitiven Benutzeroberfl\u00e4che und umfangreichen Routing-Optionen bietet es die perfekte Plattform f\u00fcr Tourneen, Festivals, Theater und Gro\u00dfevents.<\/p>\n<hr data-start=\"438\" data-end=\"441\" \/>\n<h3 data-start=\"443\" data-end=\"480\"><strong data-start=\"447\" data-end=\"480\">Technische Daten (Tech Specs)<\/strong><\/h3>\n<div class=\"_tableContainer_1rjym_1\">\n<div class=\"group _tableWrapper_1rjym_13 flex w-fit flex-col-reverse\" tabindex=\"-1\">\n<table class=\"w-fit min-w-(--thread-content-width)\" data-start=\"482\" data-end=\"1757\">\n<thead data-start=\"482\" data-end=\"509\">\n<tr data-start=\"482\" data-end=\"509\">\n<th data-start=\"482\" data-end=\"492\" data-col-size=\"sm\">Merkmal<\/th>\n<th data-start=\"492\" data-end=\"509\" data-col-size=\"lg\">Spezifikation<\/th>\n<\/tr>\n<\/thead>\n<tbody data-start=\"533\" data-end=\"1757\">\n<tr data-start=\"533\" data-end=\"612\">\n<td data-start=\"533\" data-end=\"554\" data-col-size=\"sm\"><strong data-start=\"535\" data-end=\"553\">Eingangskan\u00e4le<\/strong><\/td>\n<td data-start=\"554\" data-end=\"612\" data-col-size=\"lg\">Bis zu 168 Eingangssignale (kombiniert mit Stageboxen)<\/td>\n<\/tr>\n<tr data-start=\"613\" data-end=\"688\">\n<td data-start=\"613\" data-end=\"636\" data-col-size=\"sm\"><strong data-start=\"615\" data-end=\"635\">Busse \/ Ausg\u00e4nge<\/strong><\/td>\n<td data-start=\"636\" data-end=\"688\" data-col-size=\"lg\">Bis zu 99 Mix-Busse, 35 Matrix-Busse, LCR-Master<\/td>\n<\/tr>\n<tr data-start=\"689\" data-end=\"761\">\n<td data-start=\"689\" data-end=\"709\" data-col-size=\"sm\"><strong data-start=\"691\" data-end=\"708\">Audioqualit\u00e4t<\/strong><\/td>\n<td data-start=\"709\" data-end=\"761\" data-col-size=\"lg\">96 kHz, 40-Bit Floating Point Signalverarbeitung<\/td>\n<\/tr>\n<tr data-start=\"762\" data-end=\"803\">\n<td data-start=\"762\" data-end=\"775\" data-col-size=\"sm\"><strong data-start=\"764\" data-end=\"774\">Latenz<\/strong><\/td>\n<td data-start=\"775\" data-end=\"803\" data-col-size=\"lg\">&lt; 2 ms (Input to Output)<\/td>\n<\/tr>\n<tr data-start=\"804\" data-end=\"906\">\n<td data-start=\"804\" data-end=\"832\" data-col-size=\"sm\"><strong data-start=\"806\" data-end=\"831\">Mikrofonvorverst\u00e4rker<\/strong><\/td>\n<td data-start=\"832\" data-end=\"906\" data-col-size=\"lg\">Midas PRO-Serie, bekannt f\u00fcr au\u00dfergew\u00f6hnliche Transparenz und Headroom<\/td>\n<\/tr>\n<tr data-start=\"907\" data-end=\"1019\">\n<td data-start=\"907\" data-end=\"934\" data-col-size=\"sm\"><strong data-start=\"909\" data-end=\"933\">Effekte \/ Processing<\/strong><\/td>\n<td data-start=\"934\" data-end=\"1019\" data-col-size=\"lg\">36 vollwertige interne Effekt-Engines, EQ, Dynamics und Insert-Optionen pro Kanal<\/td>\n<\/tr>\n<tr data-start=\"1020\" data-end=\"1088\">\n<td data-start=\"1020\" data-end=\"1035\" data-col-size=\"sm\"><strong data-start=\"1022\" data-end=\"1034\">Displays<\/strong><\/td>\n<td data-start=\"1035\" data-end=\"1088\" data-col-size=\"lg\">3 \u00d7 15\u2033 TFT-Touchscreens mit schneller Navigation<\/td>\n<\/tr>\n<tr data-start=\"1089\" data-end=\"1149\">\n<td data-start=\"1089\" data-end=\"1101\" data-col-size=\"sm\"><strong data-start=\"1091\" data-end=\"1100\">Fader<\/strong><\/td>\n<td data-start=\"1101\" data-end=\"1149\" data-col-size=\"lg\">38 motorisierte Fader (inkl. Master-Sektion)<\/td>\n<\/tr>\n<tr data-start=\"1150\" data-end=\"1233\">\n<td data-start=\"1150\" data-end=\"1175\" data-col-size=\"sm\"><strong data-start=\"1152\" data-end=\"1174\">Routing \/ Netzwerk<\/strong><\/td>\n<td data-start=\"1175\" data-end=\"1233\" data-col-size=\"lg\">AES50 (bis zu 288 Ein- und 294 Ausg\u00e4nge \u00fcber Netzwerk)<\/td>\n<\/tr>\n<tr data-start=\"1234\" data-end=\"1316\">\n<td data-start=\"1234\" data-end=\"1251\" data-col-size=\"sm\"><strong data-start=\"1236\" data-end=\"1250\">Anschl\u00fcsse<\/strong><\/td>\n<td data-start=\"1251\" data-end=\"1316\" data-col-size=\"lg\">MIDI, USB, Word Clock, Ethernet, Talkback, Monitor, Kopfh\u00f6rer<\/td>\n<\/tr>\n<tr data-start=\"1317\" data-end=\"1403\">\n<td data-start=\"1317\" data-end=\"1337\" data-col-size=\"sm\"><strong data-start=\"1319\" data-end=\"1336\">Fernsteuerung<\/strong><\/td>\n<td data-start=\"1337\" data-end=\"1403\" data-col-size=\"lg\">Kompatibel mit Midas NEUTRON Engine, Remote-Software verf\u00fcgbar<\/td>\n<\/tr>\n<tr data-start=\"1404\" data-end=\"1461\">\n<td data-start=\"1404\" data-end=\"1426\" data-col-size=\"sm\"><strong data-start=\"1406\" data-end=\"1425\">Stromversorgung<\/strong><\/td>\n<td data-start=\"1426\" data-end=\"1461\" data-col-size=\"lg\">Redundante Netzteile integriert<\/td>\n<\/tr>\n<tr data-start=\"1462\" data-end=\"1521\">\n<td data-start=\"1462\" data-end=\"1476\" data-col-size=\"sm\"><strong data-start=\"1464\" data-end=\"1475\">Geh\u00e4use<\/strong><\/td>\n<td data-start=\"1476\" data-end=\"1521\" data-col-size=\"lg\">Robustes Touring-Design mit Klappdisplays<\/td>\n<\/tr>\n<tr data-start=\"1522\" data-end=\"1580\">\n<td data-start=\"1522\" data-end=\"1552\" data-col-size=\"sm\"><strong data-start=\"1524\" data-end=\"1551\">Abmessungen (B \u00d7 H \u00d7 T)<\/strong><\/td>\n<td data-start=\"1552\" data-end=\"1580\" data-col-size=\"lg\">ca. 1.290 \u00d7 245 \u00d7 795 mm<\/td>\n<\/tr>\n<tr data-start=\"1581\" data-end=\"1608\">\n<td data-start=\"1581\" data-end=\"1595\" data-col-size=\"sm\"><strong data-start=\"1583\" data-end=\"1594\">Gewicht<\/strong><\/td>\n<td data-start=\"1595\" data-end=\"1608\" data-col-size=\"lg\">ca. 85 kg<\/td>\n<\/tr>\n<tr data-start=\"1609\" data-end=\"1757\">\n<td data-start=\"1609\" data-end=\"1630\" data-col-size=\"sm\"><strong data-start=\"1611\" data-end=\"1629\">Besonderheiten<\/strong><\/td>\n<td data-start=\"1630\" data-end=\"1757\" data-col-size=\"lg\">High-End DSP-Engine, flexible Bus-Struktur, Live-optimierte Bedienung, extrem niedrige Latenz, Midas-typische Klangqualit\u00e4t<\/td>\n<\/tr>\n<\/tbody>\n<\/table>\n<\/div>\n<\/div>\n","protected":false},"excerpt":{"rendered":"<p>1 vorr\u00e4tig<\/p>\n","protected":false},"featured_media":2177,"template":"","meta":[],"product_brand":[],"product_cat":[16],"product_tag":[],"class_list":{"0":"post-778","1":"product","2":"type-product","3":"status-publish","4":"has-post-thumbnail","6":"product_cat-mischpulte","8":"first","9":"instock","10":"taxable","11":"shipping-taxable","12":"purchasable","13":"product-type-simple"},"_links":{"self":[{"href":"https:\/\/as-lightsound.de\/wordpress\/wp-json\/wp\/v2\/product\/778","targetHints":{"allow":["GET"]}}],"collection":[{"href":"https:\/\/as-lightsound.de\/wordpress\/wp-json\/wp\/v2\/product"}],"about":[{"href":"https:\/\/as-lightsound.de\/wordpress\/wp-json\/wp\/v2\/types\/product"}],"wp:featuredmedia":[{"embeddable":true,"href":"https:\/\/as-lightsound.de\/wordpress\/wp-json\/wp\/v2\/media\/2177"}],"wp:attachment":[{"href":"https:\/\/as-lightsound.de\/wordpress\/wp-json\/wp\/v2\/media?parent=778"}],"wp:term":[{"taxonomy":"product_brand","embeddable":true,"href":"https:\/\/as-lightsound.de\/wordpress\/wp-json\/wp\/v2\/product_brand?post=778"},{"taxonomy":"product_cat","embeddable":true,"href":"https:\/\/as-lightsound.de\/wordpress\/wp-json\/wp\/v2\/product_cat?post=778"},{"taxonomy":"product_tag","embeddable":true,"href":"https:\/\/as-lightsound.de\/wordpress\/wp-json\/wp\/v2\/product_tag?post=778"}],"curies":[{"name":"wp","href":"https:\/\/api.w.org\/{rel}","templated":true}]}}