{"id":702,"date":"2021-06-17T14:50:22","date_gmt":"2021-06-17T12:50:22","guid":{"rendered":"https:\/\/as-lightsound.de\/wordpress\/?post_type=product&#038;p=702"},"modified":"2025-10-09T11:03:59","modified_gmt":"2025-10-09T09:03:59","slug":"magicfx-smokebubble-blaster","status":"publish","type":"product","link":"https:\/\/as-lightsound.de\/wordpress\/product\/magicfx-smokebubble-blaster\/","title":{"rendered":"MAGICFX SMOKEBUBBLE BLASTER"},"content":{"rendered":"<p data-start=\"82\" data-end=\"558\">Die MAGICFX SMOKEBUBBLE BLASTER erzeugt mit integriertem Nebelsystem gef\u00fcllte oder normale Seifenblasen mit hoher Frequenz. Die Regelung erlaubt getrennte Steuerung von Nebelproduktion, Blasleistung und Fan-Geschwindigkeit \u00fcber DMX oder im Standalone-Modus. Die Maschine verf\u00fcgt \u00fcber R\u00fcckf\u00fchrung ungenutzter Bubble-Fl\u00fcssigkeit und eine stabile Leistungsabgabe zur Minimierung von Verlusten. Das robuste Tour-Geh\u00e4use erm\u00f6glicht den Einsatz in professionellen Show-Umgebungen.<\/p>\n<div class=\"_tableContainer_1rjym_1\">\n<div class=\"group _tableWrapper_1rjym_13 flex w-fit flex-col-reverse\" tabindex=\"-1\">\n<table class=\"w-fit min-w-(--thread-content-width)\" data-start=\"560\" data-end=\"1242\">\n<thead data-start=\"560\" data-end=\"595\">\n<tr data-start=\"560\" data-end=\"595\">\n<th data-start=\"560\" data-end=\"583\" data-col-size=\"sm\"><strong data-start=\"562\" data-end=\"582\">Technische Daten<\/strong><\/th>\n<th data-start=\"583\" data-end=\"595\" data-col-size=\"md\"><strong data-start=\"585\" data-end=\"593\">Wert<\/strong><\/th>\n<\/tr>\n<\/thead>\n<tbody data-start=\"632\" data-end=\"1242\">\n<tr data-start=\"632\" data-end=\"677\">\n<td data-start=\"632\" data-end=\"654\" data-col-size=\"sm\">Versorgungsspannung<\/td>\n<td data-start=\"654\" data-end=\"677\" data-col-size=\"md\">220-240 V AC, 50 Hz<\/td>\n<\/tr>\n<tr data-start=\"678\" data-end=\"707\">\n<td data-start=\"678\" data-end=\"698\" data-col-size=\"sm\">Leistungsaufnahme<\/td>\n<td data-start=\"698\" data-end=\"707\" data-col-size=\"md\">600 W<\/td>\n<\/tr>\n<tr data-start=\"708\" data-end=\"753\">\n<td data-start=\"708\" data-end=\"734\" data-col-size=\"sm\">Abmessungen (L \u00d7 B \u00d7 H)<\/td>\n<td data-start=\"734\" data-end=\"753\" data-col-size=\"md\">80 \u00d7 60 \u00d7 92 cm<\/td>\n<\/tr>\n<tr data-start=\"754\" data-end=\"773\">\n<td data-start=\"754\" data-end=\"764\" data-col-size=\"sm\">Gewicht<\/td>\n<td data-start=\"764\" data-end=\"773\" data-col-size=\"md\">92 kg<\/td>\n<\/tr>\n<tr data-start=\"774\" data-end=\"834\">\n<td data-start=\"774\" data-end=\"786\" data-col-size=\"sm\">Steuerung<\/td>\n<td data-start=\"786\" data-end=\"834\" data-col-size=\"md\">DMX-512 mit RDM, manueller Modus, Standalone<\/td>\n<\/tr>\n<tr data-start=\"835\" data-end=\"881\">\n<td data-start=\"835\" data-end=\"852\" data-col-size=\"sm\">Blasenleistung<\/td>\n<td data-start=\"852\" data-end=\"881\" data-col-size=\"md\">bis 6.000 Blasen \/ Minute<\/td>\n<\/tr>\n<tr data-start=\"882\" data-end=\"926\">\n<td data-start=\"882\" data-end=\"915\" data-col-size=\"sm\">Fl\u00fcssigkeitsverbrauch \u2013 Bubble<\/td>\n<td data-col-size=\"md\" data-start=\"915\" data-end=\"926\">8,5 l\/h<\/td>\n<\/tr>\n<tr data-start=\"927\" data-end=\"972\">\n<td data-start=\"927\" data-end=\"959\" data-col-size=\"sm\">Fl\u00fcssigkeitsverbrauch \u2013 Nebel<\/td>\n<td data-start=\"959\" data-end=\"972\" data-col-size=\"md\">0,275 l\/h<\/td>\n<\/tr>\n<tr data-start=\"973\" data-end=\"1010\">\n<td data-start=\"973\" data-end=\"1002\" data-col-size=\"sm\">Beh\u00e4lterkapazit\u00e4t \u2013 Bubble<\/td>\n<td data-col-size=\"md\" data-start=\"1002\" data-end=\"1010\">20 l<\/td>\n<\/tr>\n<tr data-start=\"1011\" data-end=\"1046\">\n<td data-start=\"1011\" data-end=\"1039\" data-col-size=\"sm\">Beh\u00e4lterkapazit\u00e4t \u2013 Nebel<\/td>\n<td data-start=\"1039\" data-end=\"1046\" data-col-size=\"md\">5 l<\/td>\n<\/tr>\n<tr data-start=\"1047\" data-end=\"1162\">\n<td data-start=\"1047\" data-end=\"1061\" data-col-size=\"sm\">Funk\u00adtionen<\/td>\n<td data-start=\"1061\" data-end=\"1162\" data-col-size=\"md\">Auswahl zwischen normaler Blase oder smoke-gef\u00fcllter Blase, separate Fan-Geschwindigkeitsregelung<\/td>\n<\/tr>\n<tr data-start=\"1163\" data-end=\"1195\">\n<td data-start=\"1163\" data-end=\"1189\" data-col-size=\"sm\">R\u00fcckf\u00fchrung Fl\u00fcssigkeit<\/td>\n<td data-start=\"1189\" data-end=\"1195\" data-col-size=\"md\">ja<\/td>\n<\/tr>\n<tr data-start=\"1196\" data-end=\"1242\">\n<td data-start=\"1196\" data-end=\"1214\" data-col-size=\"sm\">Geh\u00e4usematerial<\/td>\n<td data-start=\"1214\" data-end=\"1242\" data-col-size=\"md\">Metall \/ Touringbauweise<\/td>\n<\/tr>\n<\/tbody>\n<\/table>\n<\/div>\n<\/div>\n","protected":false},"excerpt":{"rendered":"<p>2 vorr\u00e4tig<\/p>\n","protected":false},"featured_media":703,"template":"","meta":[],"product_brand":[],"product_cat":[47,44],"product_tag":[],"class_list":{"0":"post-702","1":"product","2":"type-product","3":"status-publish","4":"has-post-thumbnail","6":"product_cat-co2-nebel","7":"product_cat-special-fx","9":"first","10":"instock","11":"taxable","12":"shipping-taxable","13":"purchasable","14":"product-type-simple"},"_links":{"self":[{"href":"https:\/\/as-lightsound.de\/wordpress\/wp-json\/wp\/v2\/product\/702","targetHints":{"allow":["GET"]}}],"collection":[{"href":"https:\/\/as-lightsound.de\/wordpress\/wp-json\/wp\/v2\/product"}],"about":[{"href":"https:\/\/as-lightsound.de\/wordpress\/wp-json\/wp\/v2\/types\/product"}],"wp:featuredmedia":[{"embeddable":true,"href":"https:\/\/as-lightsound.de\/wordpress\/wp-json\/wp\/v2\/media\/703"}],"wp:attachment":[{"href":"https:\/\/as-lightsound.de\/wordpress\/wp-json\/wp\/v2\/media?parent=702"}],"wp:term":[{"taxonomy":"product_brand","embeddable":true,"href":"https:\/\/as-lightsound.de\/wordpress\/wp-json\/wp\/v2\/product_brand?post=702"},{"taxonomy":"product_cat","embeddable":true,"href":"https:\/\/as-lightsound.de\/wordpress\/wp-json\/wp\/v2\/product_cat?post=702"},{"taxonomy":"product_tag","embeddable":true,"href":"https:\/\/as-lightsound.de\/wordpress\/wp-json\/wp\/v2\/product_tag?post=702"}],"curies":[{"name":"wp","href":"https:\/\/api.w.org\/{rel}","templated":true}]}}