{"id":644,"date":"2021-06-07T17:55:27","date_gmt":"2021-06-07T15:55:27","guid":{"rendered":"https:\/\/as-lightsound.de\/wordpress\/?post_type=product&#038;p=644"},"modified":"2022-01-04T16:08:05","modified_gmt":"2022-01-04T15:08:05","slug":"arkaos-media-master-pro","status":"publish","type":"product","link":"https:\/\/as-lightsound.de\/wordpress\/product\/arkaos-media-master-pro\/","title":{"rendered":"Arkaos Media Master Pro"},"content":{"rendered":"<p>Die marktf\u00fchrende L\u00f6sung f\u00fcr Echtzeit-Medienwiedergabe und Video-Mapping verwandelt jeden leistungsf\u00e4higen Computer in einen vollwertigen professionellen Medienserver, der in der Lage ist, Videoshows mit bis zu 36 Layern synchron auf mehreren Servern auszuf\u00fchren. Alles gesteuert von einem beliebigen Lichtpult.<br \/>\nMediaMaster Pro wird mit der neuen Video-Mapper-Erweiterung ausgeliefert, die ein einfaches Video-Mapping auf unregelm\u00e4\u00dfig geformte Oberfl\u00e4chen und \u00fcber mehrere Ausg\u00e4nge erm\u00f6glicht.<\/p>\n<p>Sie wurde entwickelt, damit Sie Video-Mapping-Projekte in k\u00fcrzester Zeit einrichten k\u00f6nnen, und macht es unglaublich einfach, mit nur wenigen Klicks Visuals um komplexe Objekte flie\u00dfen zu lassen.<\/p>\n<p>Installiert auf leistungsf\u00e4higem PC f\u00fcr den mobilen Einsatz.<\/p>\n","protected":false},"excerpt":{"rendered":"<p>1 vorr\u00e4tig<\/p>\n","protected":false},"featured_media":645,"template":"","meta":[],"product_brand":[],"product_cat":[50],"product_tag":[],"class_list":{"0":"post-644","1":"product","2":"type-product","3":"status-publish","4":"has-post-thumbnail","6":"product_cat-software-zum-mieten","8":"first","9":"instock","10":"taxable","11":"shipping-taxable","12":"product-type-simple"},"_links":{"self":[{"href":"https:\/\/as-lightsound.de\/wordpress\/wp-json\/wp\/v2\/product\/644","targetHints":{"allow":["GET"]}}],"collection":[{"href":"https:\/\/as-lightsound.de\/wordpress\/wp-json\/wp\/v2\/product"}],"about":[{"href":"https:\/\/as-lightsound.de\/wordpress\/wp-json\/wp\/v2\/types\/product"}],"wp:featuredmedia":[{"embeddable":true,"href":"https:\/\/as-lightsound.de\/wordpress\/wp-json\/wp\/v2\/media\/645"}],"wp:attachment":[{"href":"https:\/\/as-lightsound.de\/wordpress\/wp-json\/wp\/v2\/media?parent=644"}],"wp:term":[{"taxonomy":"product_brand","embeddable":true,"href":"https:\/\/as-lightsound.de\/wordpress\/wp-json\/wp\/v2\/product_brand?post=644"},{"taxonomy":"product_cat","embeddable":true,"href":"https:\/\/as-lightsound.de\/wordpress\/wp-json\/wp\/v2\/product_cat?post=644"},{"taxonomy":"product_tag","embeddable":true,"href":"https:\/\/as-lightsound.de\/wordpress\/wp-json\/wp\/v2\/product_tag?post=644"}],"curies":[{"name":"wp","href":"https:\/\/api.w.org\/{rel}","templated":true}]}}