{"id":643,"date":"2021-06-07T17:54:08","date_gmt":"2021-06-07T15:54:08","guid":{"rendered":"https:\/\/as-lightsound.de\/wordpress\/?post_type=product&#038;p=643"},"modified":"2022-01-04T16:08:39","modified_gmt":"2022-01-04T15:08:39","slug":"capture-2021","status":"publish","type":"product","link":"https:\/\/as-lightsound.de\/wordpress\/product\/capture-2021\/","title":{"rendered":"Capture 2021"},"content":{"rendered":"<p>Sparen Sie Zeit mit einer Beleuchtungsdesign-, Dokumentations- und Visualisierungssoftware, die sowohl einfach zu erlernen als auch lohnend zu nutzen ist! Capture ist eine native macOS- und Windows-Anwendung, mit der Sie mit Beleuchtung, Video, Laser, bewegten Kulissen und Wassereffekten arbeiten k\u00f6nnen. Capture zeichnet sich durch seine Benutzerfreundlichkeit und den nahtlosen Wechsel zwischen Design, Dokumentation und Visualisierung aus. Dies bietet ein noch nie dagewesenes Ma\u00df an Flexibilit\u00e4t und die M\u00f6glichkeit, verschiedene Arten von Designprozessen zu unterst\u00fctzen. Es ermutigt Sie, neue Arbeitsabl\u00e4ufe auszuprobieren und schnellere Arbeitsweisen zu finden.<\/p>\n<p>Installiert auf Leistungsf\u00e4higem PC f\u00fcr den mobilen Einsatz.<\/p>\n","protected":false},"excerpt":{"rendered":"<p>1 vorr\u00e4tig<\/p>\n","protected":false},"featured_media":642,"template":"","meta":[],"product_brand":[],"product_cat":[50],"product_tag":[],"class_list":{"0":"post-643","1":"product","2":"type-product","3":"status-publish","4":"has-post-thumbnail","6":"product_cat-software-zum-mieten","8":"first","9":"instock","10":"taxable","11":"shipping-taxable","12":"product-type-simple"},"_links":{"self":[{"href":"https:\/\/as-lightsound.de\/wordpress\/wp-json\/wp\/v2\/product\/643","targetHints":{"allow":["GET"]}}],"collection":[{"href":"https:\/\/as-lightsound.de\/wordpress\/wp-json\/wp\/v2\/product"}],"about":[{"href":"https:\/\/as-lightsound.de\/wordpress\/wp-json\/wp\/v2\/types\/product"}],"wp:featuredmedia":[{"embeddable":true,"href":"https:\/\/as-lightsound.de\/wordpress\/wp-json\/wp\/v2\/media\/642"}],"wp:attachment":[{"href":"https:\/\/as-lightsound.de\/wordpress\/wp-json\/wp\/v2\/media?parent=643"}],"wp:term":[{"taxonomy":"product_brand","embeddable":true,"href":"https:\/\/as-lightsound.de\/wordpress\/wp-json\/wp\/v2\/product_brand?post=643"},{"taxonomy":"product_cat","embeddable":true,"href":"https:\/\/as-lightsound.de\/wordpress\/wp-json\/wp\/v2\/product_cat?post=643"},{"taxonomy":"product_tag","embeddable":true,"href":"https:\/\/as-lightsound.de\/wordpress\/wp-json\/wp\/v2\/product_tag?post=643"}],"curies":[{"name":"wp","href":"https:\/\/api.w.org\/{rel}","templated":true}]}}