{"id":641,"date":"2021-06-07T17:50:39","date_gmt":"2021-06-07T15:50:39","guid":{"rendered":"https:\/\/as-lightsound.de\/wordpress\/?post_type=product&#038;p=641"},"modified":"2022-01-04T16:08:45","modified_gmt":"2022-01-04T15:08:45","slug":"smaart-v8","status":"publish","type":"product","link":"https:\/\/as-lightsound.de\/wordpress\/product\/smaart-v8\/","title":{"rendered":"Smaart V8"},"content":{"rendered":"<p>Im Kern ist Smaart eine computergest\u00fctzte Zweikanal-FFT-Plattform, die wir bei unserer Arbeit als Audio-Ingenieure verwenden, um den Frequenzinhalt von Signalen zu betrachten oder die Reaktion unserer elektrischen und elektroakustischen Systeme zu messen, alles, um besser informierte Entscheidungen \u00fcber den Einsatz und Betrieb dieser Systeme zu treffen. Um mit Smaart v8 zu beginnen, sind neben der Smaart-Software und dem Host-Computer einige grundlegende Hardware-Anforderungen erforderlich. Als Minimum f\u00fcr elektroakustische Systeme (PA-Systemanalyse) reichen ein 2\u00d72-Audioger\u00e4te-Interface und ein einzelnes Messmikrofon aus. Dies ist jedoch nur der Anfang, denn Smaart ist so konzipiert, dass es sich an die Anforderungen selbst der komplexesten Systeme und Umgebungen anpassen l\u00e4sst. Die einzige praktische Einschr\u00e4nkung von Smaart ist Ihre eigene &#8211; sei es die Erweiterung Ihres Hardware-Universums oder die Verbesserung Ihrer Kenntnisse durch \u00dcbung und Training.<\/p>\n<p>Installiert auf leistungsf\u00e4higem PC f\u00fcr den mobilen Einsatz.<\/p>\n","protected":false},"excerpt":{"rendered":"<p>1 vorr\u00e4tig<\/p>\n","protected":false},"featured_media":639,"template":"","meta":[],"product_brand":[],"product_cat":[50],"product_tag":[],"class_list":{"0":"post-641","1":"product","2":"type-product","3":"status-publish","4":"has-post-thumbnail","6":"product_cat-software-zum-mieten","8":"first","9":"instock","10":"taxable","11":"shipping-taxable","12":"product-type-simple"},"_links":{"self":[{"href":"https:\/\/as-lightsound.de\/wordpress\/wp-json\/wp\/v2\/product\/641","targetHints":{"allow":["GET"]}}],"collection":[{"href":"https:\/\/as-lightsound.de\/wordpress\/wp-json\/wp\/v2\/product"}],"about":[{"href":"https:\/\/as-lightsound.de\/wordpress\/wp-json\/wp\/v2\/types\/product"}],"wp:featuredmedia":[{"embeddable":true,"href":"https:\/\/as-lightsound.de\/wordpress\/wp-json\/wp\/v2\/media\/639"}],"wp:attachment":[{"href":"https:\/\/as-lightsound.de\/wordpress\/wp-json\/wp\/v2\/media?parent=641"}],"wp:term":[{"taxonomy":"product_brand","embeddable":true,"href":"https:\/\/as-lightsound.de\/wordpress\/wp-json\/wp\/v2\/product_brand?post=641"},{"taxonomy":"product_cat","embeddable":true,"href":"https:\/\/as-lightsound.de\/wordpress\/wp-json\/wp\/v2\/product_cat?post=641"},{"taxonomy":"product_tag","embeddable":true,"href":"https:\/\/as-lightsound.de\/wordpress\/wp-json\/wp\/v2\/product_tag?post=641"}],"curies":[{"name":"wp","href":"https:\/\/api.w.org\/{rel}","templated":true}]}}