{"id":633,"date":"2021-06-07T17:33:48","date_gmt":"2021-06-07T15:33:48","guid":{"rendered":"https:\/\/as-lightsound.de\/wordpress\/?post_type=product&#038;p=633"},"modified":"2025-10-02T13:27:28","modified_gmt":"2025-10-02T11:27:28","slug":"vectorworks-2021","status":"publish","type":"product","link":"https:\/\/as-lightsound.de\/wordpress\/product\/vectorworks-2021\/","title":{"rendered":"Vectorworks 2021"},"content":{"rendered":"<div class=\"ce_text block\">\n<h3>Der Standard f\u00fcr Licht- und Setdesign<\/h3>\n<p>Mit Vectorworks Spotlight arbeiten Designer, Produktionsleiter, Meister, Programmierer, Techniker oder Werkst\u00e4tten perfekt vernetzt zusammen.<\/p>\n<p>Vectorworks Spotlight hat sich als beliebter Standard f\u00fcr die Entwicklung und Pr\u00e4sentation von B\u00fchnen-, Licht- oder Videogestaltung sowie die Anfertigung von technischen Pl\u00e4nen jeder Art etabliert.<\/p>\n<\/div>\n<p>Installiert auf leistungsf\u00e4higem PC f\u00fcr den mobilen Einsatz.<\/p>\n<p>&nbsp;<\/p>\n","protected":false},"excerpt":{"rendered":"<p>1 vorr\u00e4tig<\/p>\n","protected":false},"featured_media":634,"template":"","meta":[],"product_brand":[],"product_cat":[50],"product_tag":[],"class_list":{"0":"post-633","1":"product","2":"type-product","3":"status-publish","4":"has-post-thumbnail","6":"product_cat-software-zum-mieten","8":"first","9":"instock","10":"taxable","11":"shipping-taxable","12":"product-type-simple"},"_links":{"self":[{"href":"https:\/\/as-lightsound.de\/wordpress\/wp-json\/wp\/v2\/product\/633","targetHints":{"allow":["GET"]}}],"collection":[{"href":"https:\/\/as-lightsound.de\/wordpress\/wp-json\/wp\/v2\/product"}],"about":[{"href":"https:\/\/as-lightsound.de\/wordpress\/wp-json\/wp\/v2\/types\/product"}],"wp:featuredmedia":[{"embeddable":true,"href":"https:\/\/as-lightsound.de\/wordpress\/wp-json\/wp\/v2\/media\/634"}],"wp:attachment":[{"href":"https:\/\/as-lightsound.de\/wordpress\/wp-json\/wp\/v2\/media?parent=633"}],"wp:term":[{"taxonomy":"product_brand","embeddable":true,"href":"https:\/\/as-lightsound.de\/wordpress\/wp-json\/wp\/v2\/product_brand?post=633"},{"taxonomy":"product_cat","embeddable":true,"href":"https:\/\/as-lightsound.de\/wordpress\/wp-json\/wp\/v2\/product_cat?post=633"},{"taxonomy":"product_tag","embeddable":true,"href":"https:\/\/as-lightsound.de\/wordpress\/wp-json\/wp\/v2\/product_tag?post=633"}],"curies":[{"name":"wp","href":"https:\/\/api.w.org\/{rel}","templated":true}]}}