{"id":628,"date":"2021-06-07T17:08:53","date_gmt":"2021-06-07T15:08:53","guid":{"rendered":"https:\/\/as-lightsound.de\/wordpress\/?post_type=product&#038;p=628"},"modified":"2025-10-02T13:27:49","modified_gmt":"2025-10-02T11:27:49","slug":"braceworks-2021","status":"publish","type":"product","link":"https:\/\/as-lightsound.de\/wordpress\/product\/braceworks-2021\/","title":{"rendered":"Braceworks 2021"},"content":{"rendered":"<p>Braceworks bietet Eventplanern und Rigging-Profis eine einfache M\u00f6glichkeit der statischen Analyse von Traversensystemen. Sie berechnen die Belastung Ihrer Traversenplanung, halten technische Standards ein und gew\u00e4hrleisten damit die Sicherheit.<\/p>\n<p>Als Zusatzmodul f\u00fcr Vectorworks Spotlight und Designer ist Braceworks nahtlos in Vectorworks integriert und bietet einen vollst\u00e4ndig integrierten Workflow von der Konstruktion \u00fcber die Analyse bis zur Dokumentation.<\/p>\n<p>Sie erhalten in diesem Video einen \u00dcberblick, wie Braceworks Sie bei der 3D-Planung, Analyse und Dokumentation unterst\u00fctzt.<\/p>\n","protected":false},"excerpt":{"rendered":"<p>1 vorr\u00e4tig<\/p>\n","protected":false},"featured_media":629,"template":"","meta":[],"product_brand":[],"product_cat":[50],"product_tag":[],"class_list":{"0":"post-628","1":"product","2":"type-product","3":"status-publish","4":"has-post-thumbnail","6":"product_cat-software-zum-mieten","8":"first","9":"instock","10":"taxable","11":"shipping-taxable","12":"product-type-simple"},"_links":{"self":[{"href":"https:\/\/as-lightsound.de\/wordpress\/wp-json\/wp\/v2\/product\/628","targetHints":{"allow":["GET"]}}],"collection":[{"href":"https:\/\/as-lightsound.de\/wordpress\/wp-json\/wp\/v2\/product"}],"about":[{"href":"https:\/\/as-lightsound.de\/wordpress\/wp-json\/wp\/v2\/types\/product"}],"wp:featuredmedia":[{"embeddable":true,"href":"https:\/\/as-lightsound.de\/wordpress\/wp-json\/wp\/v2\/media\/629"}],"wp:attachment":[{"href":"https:\/\/as-lightsound.de\/wordpress\/wp-json\/wp\/v2\/media?parent=628"}],"wp:term":[{"taxonomy":"product_brand","embeddable":true,"href":"https:\/\/as-lightsound.de\/wordpress\/wp-json\/wp\/v2\/product_brand?post=628"},{"taxonomy":"product_cat","embeddable":true,"href":"https:\/\/as-lightsound.de\/wordpress\/wp-json\/wp\/v2\/product_cat?post=628"},{"taxonomy":"product_tag","embeddable":true,"href":"https:\/\/as-lightsound.de\/wordpress\/wp-json\/wp\/v2\/product_tag?post=628"}],"curies":[{"name":"wp","href":"https:\/\/api.w.org\/{rel}","templated":true}]}}