{"id":626,"date":"2021-06-07T17:03:06","date_gmt":"2021-06-07T15:03:06","guid":{"rendered":"https:\/\/as-lightsound.de\/wordpress\/?post_type=product&#038;p=626"},"modified":"2025-10-08T11:10:49","modified_gmt":"2025-10-08T09:10:49","slug":"fender-american-deluxe-stratocaster","status":"publish","type":"product","link":"https:\/\/as-lightsound.de\/wordpress\/product\/fender-american-deluxe-stratocaster\/","title":{"rendered":"FENDER AMERICAN DELUXE STRATOCASTER"},"content":{"rendered":"<p data-start=\"94\" data-end=\"734\">Die <strong data-start=\"98\" data-end=\"137\">Fender American Deluxe Stratocaster<\/strong> steht f\u00fcr h\u00f6chste Verarbeitungsqualit\u00e4t, vielseitige Klangm\u00f6glichkeiten und exzellente Spielbarkeit. Mit drei N3 Noiseless Singlecoils bietet sie den typischen Stratocaster-Ton ohne Nebenger\u00e4usche \u2013 von glasklaren Clean-Sounds bis zu durchsetzungsstarken Overdrive-Kl\u00e4ngen. Der moderne Ahornhals mit Compound-Radius-Griffbrett erm\u00f6glicht pr\u00e4zises Greifen und komfortables Solospiel in allen Lagen. Dank S-1-Schaltung, Locking-Mechaniken und hochwertiger Hardware ist diese Stratocaster perfekt f\u00fcr professionelle Musiker, die klassische Fender-Sounds mit moderner Performance verbinden m\u00f6chten.<\/p>\n<hr data-start=\"736\" data-end=\"739\" \/>\n<h3 data-start=\"741\" data-end=\"774\">Technische Daten (Tech Specs)<\/h3>\n<div class=\"_tableContainer_1rjym_1\">\n<div class=\"group _tableWrapper_1rjym_13 flex w-fit flex-col-reverse\" tabindex=\"-1\">\n<table class=\"w-fit min-w-(--thread-content-width)\" data-start=\"776\" data-end=\"1754\">\n<thead data-start=\"776\" data-end=\"794\">\n<tr data-start=\"776\" data-end=\"794\">\n<th data-start=\"776\" data-end=\"786\" data-col-size=\"sm\">Merkmal<\/th>\n<th data-start=\"786\" data-end=\"794\" data-col-size=\"md\">Wert<\/th>\n<\/tr>\n<\/thead>\n<tbody data-start=\"815\" data-end=\"1754\">\n<tr data-start=\"815\" data-end=\"867\">\n<td data-start=\"815\" data-end=\"828\" data-col-size=\"sm\"><strong data-start=\"817\" data-end=\"827\">Modell<\/strong><\/td>\n<td data-start=\"828\" data-end=\"867\" data-col-size=\"md\">Fender American Deluxe Stratocaster<\/td>\n<\/tr>\n<tr data-start=\"868\" data-end=\"889\">\n<td data-start=\"868\" data-end=\"881\" data-col-size=\"sm\"><strong data-start=\"870\" data-end=\"880\">Korpus<\/strong><\/td>\n<td data-start=\"881\" data-end=\"889\" data-col-size=\"md\">Erle<\/td>\n<\/tr>\n<tr data-start=\"890\" data-end=\"929\">\n<td data-start=\"890\" data-end=\"901\" data-col-size=\"sm\"><strong data-start=\"892\" data-end=\"900\">Hals<\/strong><\/td>\n<td data-start=\"901\" data-end=\"929\" data-col-size=\"md\">Ahorn, Modern &#8222;C&#8220;-Profil<\/td>\n<\/tr>\n<tr data-start=\"930\" data-end=\"989\">\n<td data-start=\"930\" data-end=\"947\" data-col-size=\"sm\"><strong data-start=\"932\" data-end=\"946\">Griffbrett<\/strong><\/td>\n<td data-start=\"947\" data-end=\"989\" data-col-size=\"md\">Ahorn oder Palisander (modellabh\u00e4ngig)<\/td>\n<\/tr>\n<tr data-start=\"990\" data-end=\"1021\">\n<td data-start=\"990\" data-end=\"1003\" data-col-size=\"sm\"><strong data-start=\"992\" data-end=\"1002\">Mensur<\/strong><\/td>\n<td data-start=\"1003\" data-end=\"1021\" data-col-size=\"md\">648 mm (25,5\u2033)<\/td>\n<\/tr>\n<tr data-start=\"1022\" data-end=\"1086\">\n<td data-start=\"1022\" data-end=\"1045\" data-col-size=\"sm\"><strong data-start=\"1024\" data-end=\"1044\">Griffbrettradius<\/strong><\/td>\n<td data-start=\"1045\" data-end=\"1086\" data-col-size=\"md\">241\u2013355 mm (9,5\u2033\u201314\u2033 Compound Radius)<\/td>\n<\/tr>\n<tr data-start=\"1087\" data-end=\"1118\">\n<td data-start=\"1087\" data-end=\"1099\" data-col-size=\"sm\"><strong data-start=\"1089\" data-end=\"1098\">B\u00fcnde<\/strong><\/td>\n<td data-start=\"1099\" data-end=\"1118\" data-col-size=\"md\">22 Medium Jumbo<\/td>\n<\/tr>\n<tr data-start=\"1119\" data-end=\"1149\">\n<td data-start=\"1119\" data-end=\"1138\" data-col-size=\"sm\"><strong data-start=\"1121\" data-end=\"1137\">Sattelbreite<\/strong><\/td>\n<td data-start=\"1138\" data-end=\"1149\" data-col-size=\"md\">42,8 mm<\/td>\n<\/tr>\n<tr data-start=\"1150\" data-end=\"1196\">\n<td data-start=\"1150\" data-end=\"1171\" data-col-size=\"sm\"><strong data-start=\"1152\" data-end=\"1170\">Sattelmaterial<\/strong><\/td>\n<td data-start=\"1171\" data-end=\"1196\" data-col-size=\"md\">Synthetischer Knochen<\/td>\n<\/tr>\n<tr data-start=\"1197\" data-end=\"1247\">\n<td data-start=\"1197\" data-end=\"1215\" data-col-size=\"sm\"><strong data-start=\"1199\" data-end=\"1214\">Tonabnehmer<\/strong><\/td>\n<td data-start=\"1215\" data-end=\"1247\" data-col-size=\"md\">3 \u00d7 N3 Noiseless Singlecoils<\/td>\n<\/tr>\n<tr data-start=\"1248\" data-end=\"1308\">\n<td data-start=\"1248\" data-end=\"1264\" data-col-size=\"sm\"><strong data-start=\"1250\" data-end=\"1263\">Schaltung<\/strong><\/td>\n<td data-start=\"1264\" data-end=\"1308\" data-col-size=\"md\">5-Wege-Schalter mit S-1 Switching System<\/td>\n<\/tr>\n<tr data-start=\"1309\" data-end=\"1382\">\n<td data-start=\"1309\" data-end=\"1322\" data-col-size=\"sm\"><strong data-start=\"1311\" data-end=\"1321\">Regler<\/strong><\/td>\n<td data-start=\"1322\" data-end=\"1382\" data-col-size=\"md\">Master Volume, Tone (Neck\/Middle), No-Load Tone (Bridge)<\/td>\n<\/tr>\n<tr data-start=\"1383\" data-end=\"1463\">\n<td data-start=\"1383\" data-end=\"1404\" data-col-size=\"sm\"><strong data-start=\"1385\" data-end=\"1403\">Steg \/ Tremolo<\/strong><\/td>\n<td data-start=\"1404\" data-end=\"1463\" data-col-size=\"md\">2-Punkt Synchron-Tremolo mit verstellbaren Stahlreitern<\/td>\n<\/tr>\n<tr data-start=\"1464\" data-end=\"1506\">\n<td data-start=\"1464\" data-end=\"1481\" data-col-size=\"sm\"><strong data-start=\"1466\" data-end=\"1480\">Mechaniken<\/strong><\/td>\n<td data-start=\"1481\" data-end=\"1506\" data-col-size=\"md\">Deluxe Locking Tuners<\/td>\n<\/tr>\n<tr data-start=\"1507\" data-end=\"1537\">\n<td data-start=\"1507\" data-end=\"1528\" data-col-size=\"sm\"><strong data-start=\"1509\" data-end=\"1527\">Hardware-Farbe<\/strong><\/td>\n<td data-start=\"1528\" data-end=\"1537\" data-col-size=\"md\">Chrom<\/td>\n<\/tr>\n<tr data-start=\"1538\" data-end=\"1598\">\n<td data-start=\"1538\" data-end=\"1555\" data-col-size=\"sm\"><strong data-start=\"1540\" data-end=\"1554\">Korpusform<\/strong><\/td>\n<td data-start=\"1555\" data-end=\"1598\" data-col-size=\"md\">Stratocaster mit ergonomischen Konturen<\/td>\n<\/tr>\n<tr data-start=\"1599\" data-end=\"1637\">\n<td data-start=\"1599\" data-end=\"1612\" data-col-size=\"sm\"><strong data-start=\"1601\" data-end=\"1611\">Finish<\/strong><\/td>\n<td data-start=\"1612\" data-end=\"1637\" data-col-size=\"md\">Hochglanz Polyurethan<\/td>\n<\/tr>\n<tr data-start=\"1638\" data-end=\"1726\">\n<td data-start=\"1638\" data-end=\"1651\" data-col-size=\"sm\"><strong data-start=\"1640\" data-end=\"1650\">Farben<\/strong><\/td>\n<td data-start=\"1651\" data-end=\"1726\" data-col-size=\"md\">Je nach Ausf\u00fchrung (z. B. Olympic Pearl, Sunset Metallic, Black, Amber)<\/td>\n<\/tr>\n<tr data-start=\"1727\" data-end=\"1754\">\n<td data-start=\"1727\" data-end=\"1747\" data-col-size=\"sm\"><strong data-start=\"1729\" data-end=\"1746\">Herkunftsland<\/strong><\/td>\n<td data-start=\"1747\" data-end=\"1754\" data-col-size=\"md\">USA<\/td>\n<\/tr>\n<\/tbody>\n<\/table>\n<\/div>\n<\/div>\n","protected":false},"excerpt":{"rendered":"<p>1 vorr\u00e4tig<\/p>\n","protected":false},"featured_media":627,"template":"","meta":[],"product_brand":[],"product_cat":[36],"product_tag":[],"class_list":{"0":"post-626","1":"product","2":"type-product","3":"status-publish","4":"has-post-thumbnail","6":"product_cat-backline","8":"first","9":"instock","10":"taxable","11":"shipping-taxable","12":"purchasable","13":"product-type-simple"},"_links":{"self":[{"href":"https:\/\/as-lightsound.de\/wordpress\/wp-json\/wp\/v2\/product\/626","targetHints":{"allow":["GET"]}}],"collection":[{"href":"https:\/\/as-lightsound.de\/wordpress\/wp-json\/wp\/v2\/product"}],"about":[{"href":"https:\/\/as-lightsound.de\/wordpress\/wp-json\/wp\/v2\/types\/product"}],"wp:featuredmedia":[{"embeddable":true,"href":"https:\/\/as-lightsound.de\/wordpress\/wp-json\/wp\/v2\/media\/627"}],"wp:attachment":[{"href":"https:\/\/as-lightsound.de\/wordpress\/wp-json\/wp\/v2\/media?parent=626"}],"wp:term":[{"taxonomy":"product_brand","embeddable":true,"href":"https:\/\/as-lightsound.de\/wordpress\/wp-json\/wp\/v2\/product_brand?post=626"},{"taxonomy":"product_cat","embeddable":true,"href":"https:\/\/as-lightsound.de\/wordpress\/wp-json\/wp\/v2\/product_cat?post=626"},{"taxonomy":"product_tag","embeddable":true,"href":"https:\/\/as-lightsound.de\/wordpress\/wp-json\/wp\/v2\/product_tag?post=626"}],"curies":[{"name":"wp","href":"https:\/\/api.w.org\/{rel}","templated":true}]}}