{"id":620,"date":"2021-06-07T16:52:29","date_gmt":"2021-06-07T14:52:29","guid":{"rendered":"https:\/\/as-lightsound.de\/wordpress\/?post_type=product&#038;p=620"},"modified":"2025-10-08T11:11:56","modified_gmt":"2025-10-08T09:11:56","slug":"fender-am-pro-ii-jazz-bass-rw-3ts","status":"publish","type":"product","link":"https:\/\/as-lightsound.de\/wordpress\/product\/fender-am-pro-ii-jazz-bass-rw-3ts\/","title":{"rendered":"Fender Am Pro II Jazz Bass RW 3TS"},"content":{"rendered":"<p data-start=\"110\" data-end=\"690\">Der <strong data-start=\"114\" data-end=\"166\">Fender American Professional II Jazz Bass RW 3TS<\/strong> (RW = Rosewood Fingerboard, 3TS = 3-Color Sunburst) kombiniert traditionelles Fender-Design mit modernen Verbesserungen in Spielgef\u00fchl und Klangvielfalt. Der Erle-Korpus im klassischen 3-Color-Sunburst-Finish, der schlanke \u201eSlim C\u201c-Hals mit abgerundeten Griffbrettkanten und die V-Mod II Jazz Bass Pickups liefern einen warmen, dynamischen Ton mit klarer Artikulation. Mit seiner optimierten Br\u00fccke, hochwertigen Elektronik und erstklassiger Verarbeitung ist dieser Bass ein professionelles Werkzeug f\u00fcr B\u00fchne und Studio.<\/p>\n<hr data-start=\"692\" data-end=\"695\" \/>\n<h3 data-start=\"697\" data-end=\"730\">Technische Daten (Tech Specs)<\/h3>\n<div class=\"_tableContainer_1rjym_1\">\n<div class=\"group _tableWrapper_1rjym_13 flex w-fit flex-col-reverse\" tabindex=\"-1\">\n<table class=\"w-fit min-w-(--thread-content-width)\" data-start=\"732\" data-end=\"1637\">\n<thead data-start=\"732\" data-end=\"750\">\n<tr data-start=\"732\" data-end=\"750\">\n<th data-start=\"732\" data-end=\"742\" data-col-size=\"sm\">Merkmal<\/th>\n<th data-start=\"742\" data-end=\"750\" data-col-size=\"md\">Wert<\/th>\n<\/tr>\n<\/thead>\n<tbody data-start=\"771\" data-end=\"1637\">\n<tr data-start=\"771\" data-end=\"836\">\n<td data-start=\"771\" data-end=\"784\" data-col-size=\"sm\"><strong data-start=\"773\" data-end=\"783\">Modell<\/strong><\/td>\n<td data-start=\"784\" data-end=\"836\" data-col-size=\"md\">Fender American Professional II Jazz Bass RW 3TS<\/td>\n<\/tr>\n<tr data-start=\"837\" data-end=\"858\">\n<td data-start=\"837\" data-end=\"850\" data-col-size=\"sm\"><strong data-start=\"839\" data-end=\"849\">Korpus<\/strong><\/td>\n<td data-start=\"850\" data-end=\"858\" data-col-size=\"md\">Erle<\/td>\n<\/tr>\n<tr data-start=\"859\" data-end=\"891\">\n<td data-start=\"859\" data-end=\"870\" data-col-size=\"sm\"><strong data-start=\"861\" data-end=\"869\">Hals<\/strong><\/td>\n<td data-start=\"870\" data-end=\"891\" data-col-size=\"md\">Ahorn, geschraubt<\/td>\n<\/tr>\n<tr data-start=\"892\" data-end=\"927\">\n<td data-start=\"892\" data-end=\"909\" data-col-size=\"sm\"><strong data-start=\"894\" data-end=\"908\">Halsprofil<\/strong><\/td>\n<td data-start=\"909\" data-end=\"927\" data-col-size=\"md\">Slim \u201cC\u201d Shape<\/td>\n<\/tr>\n<tr data-start=\"928\" data-end=\"970\">\n<td data-start=\"928\" data-end=\"945\" data-col-size=\"sm\"><strong data-start=\"930\" data-end=\"944\">Griffbrett<\/strong><\/td>\n<td data-start=\"945\" data-end=\"970\" data-col-size=\"md\">Palisander (Rosewood)<\/td>\n<\/tr>\n<tr data-start=\"971\" data-end=\"1000\">\n<td data-start=\"971\" data-end=\"984\" data-col-size=\"sm\"><strong data-start=\"973\" data-end=\"983\">Mensur<\/strong><\/td>\n<td data-start=\"984\" data-end=\"1000\" data-col-size=\"md\">864 mm (34\u2033)<\/td>\n<\/tr>\n<tr data-start=\"1001\" data-end=\"1041\">\n<td data-start=\"1001\" data-end=\"1024\" data-col-size=\"sm\"><strong data-start=\"1003\" data-end=\"1023\">Griffbrettradius<\/strong><\/td>\n<td data-start=\"1024\" data-end=\"1041\" data-col-size=\"md\">241 mm (9,5\u2033)<\/td>\n<\/tr>\n<tr data-start=\"1042\" data-end=\"1072\">\n<td data-start=\"1042\" data-end=\"1054\" data-col-size=\"sm\"><strong data-start=\"1044\" data-end=\"1053\">B\u00fcnde<\/strong><\/td>\n<td data-start=\"1054\" data-end=\"1072\" data-col-size=\"md\">20 Narrow Tall<\/td>\n<\/tr>\n<tr data-start=\"1073\" data-end=\"1103\">\n<td data-start=\"1073\" data-end=\"1092\" data-col-size=\"sm\"><strong data-start=\"1075\" data-end=\"1091\">Sattelbreite<\/strong><\/td>\n<td data-start=\"1092\" data-end=\"1103\" data-col-size=\"md\">38,1 mm<\/td>\n<\/tr>\n<tr data-start=\"1104\" data-end=\"1136\">\n<td data-start=\"1104\" data-end=\"1125\" data-col-size=\"sm\"><strong data-start=\"1106\" data-end=\"1124\">Sattelmaterial<\/strong><\/td>\n<td data-start=\"1125\" data-end=\"1136\" data-col-size=\"md\">Knochen<\/td>\n<\/tr>\n<tr data-start=\"1137\" data-end=\"1200\">\n<td data-start=\"1137\" data-end=\"1155\" data-col-size=\"sm\"><strong data-start=\"1139\" data-end=\"1154\">Tonabnehmer<\/strong><\/td>\n<td data-start=\"1155\" data-end=\"1200\" data-col-size=\"md\">2 \u00d7 V-Mod II Singlecoil Jazz Bass Pickups<\/td>\n<\/tr>\n<tr data-start=\"1201\" data-end=\"1228\">\n<td data-start=\"1201\" data-end=\"1218\" data-col-size=\"sm\"><strong data-start=\"1203\" data-end=\"1217\">Elektronik<\/strong><\/td>\n<td data-start=\"1218\" data-end=\"1228\" data-col-size=\"md\">Passiv<\/td>\n<\/tr>\n<tr data-start=\"1229\" data-end=\"1289\">\n<td data-start=\"1229\" data-end=\"1242\" data-col-size=\"sm\"><strong data-start=\"1231\" data-end=\"1241\">Regler<\/strong><\/td>\n<td data-start=\"1242\" data-end=\"1289\" data-col-size=\"md\">2 \u00d7 Volume (Neck \/ Bridge), 1 \u00d7 Master Tone<\/td>\n<\/tr>\n<tr data-start=\"1290\" data-end=\"1359\">\n<td data-start=\"1290\" data-end=\"1303\" data-col-size=\"sm\"><strong data-start=\"1292\" data-end=\"1302\">Br\u00fccke<\/strong><\/td>\n<td data-start=\"1303\" data-end=\"1359\" data-col-size=\"md\">HiMass Vintage Bridge (Top-Load oder String-Through)<\/td>\n<\/tr>\n<tr data-start=\"1360\" data-end=\"1420\">\n<td data-start=\"1360\" data-end=\"1377\" data-col-size=\"sm\"><strong data-start=\"1362\" data-end=\"1376\">Mechaniken<\/strong><\/td>\n<td data-start=\"1377\" data-end=\"1420\" data-col-size=\"md\">Fender Lightweight Vintage-Style Tuners<\/td>\n<\/tr>\n<tr data-start=\"1421\" data-end=\"1451\">\n<td data-start=\"1421\" data-end=\"1442\" data-col-size=\"sm\"><strong data-start=\"1423\" data-end=\"1441\">Hardware-Farbe<\/strong><\/td>\n<td data-start=\"1442\" data-end=\"1451\" data-col-size=\"md\">Chrom<\/td>\n<\/tr>\n<tr data-start=\"1452\" data-end=\"1482\">\n<td data-start=\"1452\" data-end=\"1469\" data-col-size=\"sm\"><strong data-start=\"1454\" data-end=\"1468\">Korpusform<\/strong><\/td>\n<td data-start=\"1469\" data-end=\"1482\" data-col-size=\"md\">Jazz Bass<\/td>\n<\/tr>\n<tr data-start=\"1483\" data-end=\"1565\">\n<td data-start=\"1483\" data-end=\"1496\" data-col-size=\"sm\"><strong data-start=\"1485\" data-end=\"1495\">Finish<\/strong><\/td>\n<td data-start=\"1496\" data-end=\"1565\" data-col-size=\"md\">3-Color Sunburst (Nitrocellulose-\u00e4hnliche Polyurethan-Lackierung)<\/td>\n<\/tr>\n<tr data-start=\"1566\" data-end=\"1609\">\n<td data-start=\"1566\" data-end=\"1582\" data-col-size=\"sm\"><strong data-start=\"1568\" data-end=\"1581\">Pickguard<\/strong><\/td>\n<td data-start=\"1582\" data-end=\"1609\" data-col-size=\"md\">3-lagig, Tortoise Shell<\/td>\n<\/tr>\n<tr data-start=\"1610\" data-end=\"1637\">\n<td data-start=\"1610\" data-end=\"1630\" data-col-size=\"sm\"><strong data-start=\"1612\" data-end=\"1629\">Herkunftsland<\/strong><\/td>\n<td data-start=\"1630\" data-end=\"1637\" data-col-size=\"md\">USA<\/td>\n<\/tr>\n<\/tbody>\n<\/table>\n<\/div>\n<\/div>\n","protected":false},"excerpt":{"rendered":"<p>1 vorr\u00e4tig<\/p>\n","protected":false},"featured_media":621,"template":"","meta":[],"product_brand":[],"product_cat":[36],"product_tag":[],"class_list":{"0":"post-620","1":"product","2":"type-product","3":"status-publish","4":"has-post-thumbnail","6":"product_cat-backline","8":"first","9":"instock","10":"taxable","11":"shipping-taxable","12":"purchasable","13":"product-type-simple"},"_links":{"self":[{"href":"https:\/\/as-lightsound.de\/wordpress\/wp-json\/wp\/v2\/product\/620","targetHints":{"allow":["GET"]}}],"collection":[{"href":"https:\/\/as-lightsound.de\/wordpress\/wp-json\/wp\/v2\/product"}],"about":[{"href":"https:\/\/as-lightsound.de\/wordpress\/wp-json\/wp\/v2\/types\/product"}],"wp:featuredmedia":[{"embeddable":true,"href":"https:\/\/as-lightsound.de\/wordpress\/wp-json\/wp\/v2\/media\/621"}],"wp:attachment":[{"href":"https:\/\/as-lightsound.de\/wordpress\/wp-json\/wp\/v2\/media?parent=620"}],"wp:term":[{"taxonomy":"product_brand","embeddable":true,"href":"https:\/\/as-lightsound.de\/wordpress\/wp-json\/wp\/v2\/product_brand?post=620"},{"taxonomy":"product_cat","embeddable":true,"href":"https:\/\/as-lightsound.de\/wordpress\/wp-json\/wp\/v2\/product_cat?post=620"},{"taxonomy":"product_tag","embeddable":true,"href":"https:\/\/as-lightsound.de\/wordpress\/wp-json\/wp\/v2\/product_tag?post=620"}],"curies":[{"name":"wp","href":"https:\/\/api.w.org\/{rel}","templated":true}]}}