{"id":614,"date":"2021-06-07T16:42:14","date_gmt":"2021-06-07T14:42:14","guid":{"rendered":"https:\/\/as-lightsound.de\/wordpress\/?post_type=product&#038;p=614"},"modified":"2025-10-08T11:12:59","modified_gmt":"2025-10-08T09:12:59","slug":"yamaha-fgx720sca-westerngitarre-mit-tonabnehmer","status":"publish","type":"product","link":"https:\/\/as-lightsound.de\/wordpress\/product\/yamaha-fgx720sca-westerngitarre-mit-tonabnehmer\/","title":{"rendered":"Takamine P1DC Pro Series Gitarre"},"content":{"rendered":"<p data-start=\"80\" data-end=\"693\">Die <strong data-start=\"84\" data-end=\"101\">Takamine P1DC<\/strong> ist eine hochwertige Dreadnought-Westerngitarre aus der japanischen Pro Series, entwickelt f\u00fcr professionelle Live- und Studioeins\u00e4tze. Ihr massiver Mahagoni-Korpus in Kombination mit einer massiven Zederndecke liefert einen warmen, ausgewogenen Klang mit hervorragender Dynamik und Resonanz. Dank des Cutaway-Designs und des integrierten CT4B-II Preampsystems mit 3-Band-EQ und Tuner bietet sie maximale Klangkontrolle und B\u00fchnenflexibilit\u00e4t. Die erstklassige Verarbeitung und das elegante Natural Satin Finish machen die P1DC zu einem verl\u00e4sslichen Instrument f\u00fcr anspruchsvolle Musiker.<\/p>\n<hr data-start=\"695\" data-end=\"698\" \/>\n<h3 data-start=\"700\" data-end=\"733\">Technische Daten (Tech Specs)<\/h3>\n<div class=\"_tableContainer_1rjym_1\">\n<div class=\"group _tableWrapper_1rjym_13 flex w-fit flex-col-reverse\" tabindex=\"-1\">\n<table class=\"w-fit min-w-(--thread-content-width)\" data-start=\"735\" data-end=\"1412\">\n<thead data-start=\"735\" data-end=\"753\">\n<tr data-start=\"735\" data-end=\"753\">\n<th data-start=\"735\" data-end=\"745\" data-col-size=\"sm\">Merkmal<\/th>\n<th data-start=\"745\" data-end=\"753\" data-col-size=\"md\">Wert<\/th>\n<\/tr>\n<\/thead>\n<tbody data-start=\"774\" data-end=\"1412\">\n<tr data-start=\"774\" data-end=\"804\">\n<td data-start=\"774\" data-end=\"787\" data-col-size=\"sm\"><strong data-start=\"776\" data-end=\"786\">Modell<\/strong><\/td>\n<td data-start=\"787\" data-end=\"804\" data-col-size=\"md\">Takamine P1DC<\/td>\n<\/tr>\n<tr data-start=\"805\" data-end=\"831\">\n<td data-start=\"805\" data-end=\"817\" data-col-size=\"sm\"><strong data-start=\"807\" data-end=\"816\">Serie<\/strong><\/td>\n<td data-start=\"817\" data-end=\"831\" data-col-size=\"md\">Pro Series<\/td>\n<\/tr>\n<tr data-start=\"832\" data-end=\"872\">\n<td data-start=\"832\" data-end=\"849\" data-col-size=\"sm\"><strong data-start=\"834\" data-end=\"848\">Korpusform<\/strong><\/td>\n<td data-start=\"849\" data-end=\"872\" data-col-size=\"md\">Dreadnought Cutaway<\/td>\n<\/tr>\n<tr data-start=\"873\" data-end=\"902\">\n<td data-start=\"873\" data-end=\"885\" data-col-size=\"sm\"><strong data-start=\"875\" data-end=\"884\">Decke<\/strong><\/td>\n<td data-start=\"885\" data-end=\"902\" data-col-size=\"md\">Massive Zeder<\/td>\n<\/tr>\n<tr data-start=\"903\" data-end=\"947\">\n<td data-start=\"903\" data-end=\"926\" data-col-size=\"sm\"><strong data-start=\"905\" data-end=\"925\">Boden und Zargen<\/strong><\/td>\n<td data-start=\"926\" data-end=\"947\" data-col-size=\"md\">Mahagoni (massiv)<\/td>\n<\/tr>\n<tr data-start=\"948\" data-end=\"971\">\n<td data-start=\"948\" data-end=\"959\" data-col-size=\"sm\"><strong data-start=\"950\" data-end=\"958\">Hals<\/strong><\/td>\n<td data-start=\"959\" data-end=\"971\" data-col-size=\"md\">Mahagoni<\/td>\n<\/tr>\n<tr data-start=\"972\" data-end=\"1003\">\n<td data-start=\"972\" data-end=\"989\" data-col-size=\"sm\"><strong data-start=\"974\" data-end=\"988\">Griffbrett<\/strong><\/td>\n<td data-start=\"989\" data-end=\"1003\" data-col-size=\"md\">Palisander<\/td>\n<\/tr>\n<tr data-start=\"1004\" data-end=\"1027\">\n<td data-start=\"1004\" data-end=\"1017\" data-col-size=\"sm\"><strong data-start=\"1006\" data-end=\"1016\">Mensur<\/strong><\/td>\n<td data-start=\"1017\" data-end=\"1027\" data-col-size=\"md\">644 mm<\/td>\n<\/tr>\n<tr data-start=\"1028\" data-end=\"1058\">\n<td data-start=\"1028\" data-end=\"1047\" data-col-size=\"sm\"><strong data-start=\"1030\" data-end=\"1046\">Sattelbreite<\/strong><\/td>\n<td data-start=\"1047\" data-end=\"1058\" data-col-size=\"md\">42,5 mm<\/td>\n<\/tr>\n<tr data-start=\"1059\" data-end=\"1084\">\n<td data-start=\"1059\" data-end=\"1070\" data-col-size=\"sm\"><strong data-start=\"1061\" data-end=\"1069\">Steg<\/strong><\/td>\n<td data-start=\"1070\" data-end=\"1084\" data-col-size=\"md\">Palisander<\/td>\n<\/tr>\n<tr data-start=\"1085\" data-end=\"1103\">\n<td data-start=\"1085\" data-end=\"1097\" data-col-size=\"sm\"><strong data-start=\"1087\" data-end=\"1096\">B\u00fcnde<\/strong><\/td>\n<td data-start=\"1097\" data-end=\"1103\" data-col-size=\"md\">20<\/td>\n<\/tr>\n<tr data-start=\"1104\" data-end=\"1199\">\n<td data-start=\"1104\" data-end=\"1135\" data-col-size=\"sm\"><strong data-start=\"1106\" data-end=\"1134\">Tonabnehmer \/ Elektronik<\/strong><\/td>\n<td data-start=\"1135\" data-end=\"1199\" data-col-size=\"md\">Takamine CT4B-II Preamp mit 3-Band-EQ und integriertem Tuner<\/td>\n<\/tr>\n<tr data-start=\"1200\" data-end=\"1243\">\n<td data-start=\"1200\" data-end=\"1217\" data-col-size=\"sm\"><strong data-start=\"1202\" data-end=\"1216\">Mechaniken<\/strong><\/td>\n<td data-start=\"1217\" data-end=\"1243\" data-col-size=\"md\">Vergoldet, geschlossen<\/td>\n<\/tr>\n<tr data-start=\"1244\" data-end=\"1267\">\n<td data-start=\"1244\" data-end=\"1259\" data-col-size=\"sm\"><strong data-start=\"1246\" data-end=\"1258\">Einlagen<\/strong><\/td>\n<td data-start=\"1259\" data-end=\"1267\" data-col-size=\"md\">Dots<\/td>\n<\/tr>\n<tr data-start=\"1268\" data-end=\"1308\">\n<td data-start=\"1268\" data-end=\"1282\" data-col-size=\"sm\"><strong data-start=\"1270\" data-end=\"1281\">Binding<\/strong><\/td>\n<td data-start=\"1282\" data-end=\"1308\" data-col-size=\"md\">Mehrlagig, cremefarben<\/td>\n<\/tr>\n<tr data-start=\"1309\" data-end=\"1339\">\n<td data-start=\"1309\" data-end=\"1322\" data-col-size=\"sm\"><strong data-start=\"1311\" data-end=\"1321\">Finish<\/strong><\/td>\n<td data-start=\"1322\" data-end=\"1339\" data-col-size=\"md\">Natural Satin<\/td>\n<\/tr>\n<tr data-start=\"1340\" data-end=\"1382\">\n<td data-start=\"1340\" data-end=\"1362\" data-col-size=\"sm\"><strong data-start=\"1342\" data-end=\"1361\">Koffer \/ Gigbag<\/strong><\/td>\n<td data-start=\"1362\" data-end=\"1382\" data-col-size=\"md\">Inklusive Koffer<\/td>\n<\/tr>\n<tr data-start=\"1383\" data-end=\"1412\">\n<td data-start=\"1383\" data-end=\"1403\" data-col-size=\"sm\"><strong data-start=\"1385\" data-end=\"1402\">Herkunftsland<\/strong><\/td>\n<td data-start=\"1403\" data-end=\"1412\" data-col-size=\"md\">Japan<\/td>\n<\/tr>\n<\/tbody>\n<\/table>\n<\/div>\n<\/div>\n","protected":false},"excerpt":{"rendered":"<p>1 vorr\u00e4tig<\/p>\n","protected":false},"featured_media":1952,"template":"","meta":[],"product_brand":[],"product_cat":[36],"product_tag":[],"class_list":{"0":"post-614","1":"product","2":"type-product","3":"status-publish","4":"has-post-thumbnail","6":"product_cat-backline","8":"first","9":"instock","10":"taxable","11":"shipping-taxable","12":"purchasable","13":"product-type-simple"},"_links":{"self":[{"href":"https:\/\/as-lightsound.de\/wordpress\/wp-json\/wp\/v2\/product\/614","targetHints":{"allow":["GET"]}}],"collection":[{"href":"https:\/\/as-lightsound.de\/wordpress\/wp-json\/wp\/v2\/product"}],"about":[{"href":"https:\/\/as-lightsound.de\/wordpress\/wp-json\/wp\/v2\/types\/product"}],"wp:featuredmedia":[{"embeddable":true,"href":"https:\/\/as-lightsound.de\/wordpress\/wp-json\/wp\/v2\/media\/1952"}],"wp:attachment":[{"href":"https:\/\/as-lightsound.de\/wordpress\/wp-json\/wp\/v2\/media?parent=614"}],"wp:term":[{"taxonomy":"product_brand","embeddable":true,"href":"https:\/\/as-lightsound.de\/wordpress\/wp-json\/wp\/v2\/product_brand?post=614"},{"taxonomy":"product_cat","embeddable":true,"href":"https:\/\/as-lightsound.de\/wordpress\/wp-json\/wp\/v2\/product_cat?post=614"},{"taxonomy":"product_tag","embeddable":true,"href":"https:\/\/as-lightsound.de\/wordpress\/wp-json\/wp\/v2\/product_tag?post=614"}],"curies":[{"name":"wp","href":"https:\/\/api.w.org\/{rel}","templated":true}]}}