{"id":612,"date":"2021-06-07T16:31:37","date_gmt":"2021-06-07T14:31:37","guid":{"rendered":"https:\/\/as-lightsound.de\/wordpress\/?post_type=product&#038;p=612"},"modified":"2025-10-08T11:13:32","modified_gmt":"2025-10-08T09:13:32","slug":"prs-custom-24-dark-cherry","status":"publish","type":"product","link":"https:\/\/as-lightsound.de\/wordpress\/product\/prs-custom-24-dark-cherry\/","title":{"rendered":"PRS Custom 24 Dark Cherry"},"content":{"rendered":"<p data-start=\"95\" data-end=\"704\">Die <strong data-start=\"99\" data-end=\"128\">PRS Custom 24 Dark Cherry<\/strong> ist das Flaggschiffmodell von Paul Reed Smith und steht f\u00fcr h\u00f6chste Verarbeitungsqualit\u00e4t, exzellente Klangvielfalt und makellose Spielbarkeit. Mit ihrem doppelt gew\u00f6lbten Mahagonikorpus, der edlen Ahorndecke und dem schlanken \u201ePattern Thin\u201c-Hals bietet sie ein ausgewogenes Spielgef\u00fchl f\u00fcr Studio- und Live-Eins\u00e4tze. Die PRS 85\/15 Humbucker in Kombination mit der 5-Wege-Schaltung liefern alles von glasklaren Cleans bis zu satten High-Gain-Sounds. Das charakteristische Dark Cherry Sunburst Finish und die Bird-Inlays runden das edle Gesamtbild dieser Premium-Gitarre ab.<\/p>\n<hr data-start=\"706\" data-end=\"709\" \/>\n<h3 data-start=\"711\" data-end=\"744\">Technische Daten (Tech Specs)<\/h3>\n<div class=\"_tableContainer_1rjym_1\">\n<div class=\"group _tableWrapper_1rjym_13 flex w-fit flex-col-reverse\" tabindex=\"-1\">\n<table class=\"w-fit min-w-(--thread-content-width)\" data-start=\"746\" data-end=\"1541\">\n<thead data-start=\"746\" data-end=\"764\">\n<tr data-start=\"746\" data-end=\"764\">\n<th data-start=\"746\" data-end=\"756\" data-col-size=\"sm\">Merkmal<\/th>\n<th data-start=\"756\" data-end=\"764\" data-col-size=\"md\">Wert<\/th>\n<\/tr>\n<\/thead>\n<tbody data-start=\"785\" data-end=\"1541\">\n<tr data-start=\"785\" data-end=\"815\">\n<td data-start=\"785\" data-end=\"798\" data-col-size=\"sm\"><strong data-start=\"787\" data-end=\"797\">Modell<\/strong><\/td>\n<td data-start=\"798\" data-end=\"815\" data-col-size=\"md\">PRS Custom 24<\/td>\n<\/tr>\n<tr data-start=\"816\" data-end=\"853\">\n<td data-start=\"816\" data-end=\"829\" data-col-size=\"sm\"><strong data-start=\"818\" data-end=\"828\">Finish<\/strong><\/td>\n<td data-start=\"829\" data-end=\"853\" data-col-size=\"md\">Dark Cherry Sunburst<\/td>\n<\/tr>\n<tr data-start=\"854\" data-end=\"879\">\n<td data-start=\"854\" data-end=\"867\" data-col-size=\"sm\"><strong data-start=\"856\" data-end=\"866\">Korpus<\/strong><\/td>\n<td data-start=\"867\" data-end=\"879\" data-col-size=\"md\">Mahagoni<\/td>\n<\/tr>\n<tr data-start=\"880\" data-end=\"925\">\n<td data-start=\"880\" data-end=\"892\" data-col-size=\"sm\"><strong data-start=\"882\" data-end=\"891\">Decke<\/strong><\/td>\n<td data-start=\"892\" data-end=\"925\" data-col-size=\"md\">Ahorn (gew\u00f6lbt, Flamed Maple)<\/td>\n<\/tr>\n<tr data-start=\"926\" data-end=\"949\">\n<td data-start=\"926\" data-end=\"937\" data-col-size=\"sm\"><strong data-start=\"928\" data-end=\"936\">Hals<\/strong><\/td>\n<td data-start=\"937\" data-end=\"949\" data-col-size=\"md\">Mahagoni<\/td>\n<\/tr>\n<tr data-start=\"950\" data-end=\"983\">\n<td data-start=\"950\" data-end=\"967\" data-col-size=\"sm\"><strong data-start=\"952\" data-end=\"966\">Halsprofil<\/strong><\/td>\n<td data-start=\"967\" data-end=\"983\" data-col-size=\"md\">Pattern Thin<\/td>\n<\/tr>\n<tr data-start=\"984\" data-end=\"1015\">\n<td data-start=\"984\" data-end=\"1001\" data-col-size=\"sm\"><strong data-start=\"986\" data-end=\"1000\">Griffbrett<\/strong><\/td>\n<td data-start=\"1001\" data-end=\"1015\" data-col-size=\"md\">Palisander<\/td>\n<\/tr>\n<tr data-start=\"1016\" data-end=\"1045\">\n<td data-start=\"1016\" data-end=\"1029\" data-col-size=\"sm\"><strong data-start=\"1018\" data-end=\"1028\">Mensur<\/strong><\/td>\n<td data-start=\"1029\" data-end=\"1045\" data-col-size=\"md\">635 mm (25\u2033)<\/td>\n<\/tr>\n<tr data-start=\"1046\" data-end=\"1085\">\n<td data-start=\"1046\" data-end=\"1069\" data-col-size=\"sm\"><strong data-start=\"1048\" data-end=\"1068\">Griffbrettradius<\/strong><\/td>\n<td data-start=\"1069\" data-end=\"1085\" data-col-size=\"md\">254 mm (10\u2033)<\/td>\n<\/tr>\n<tr data-start=\"1086\" data-end=\"1104\">\n<td data-start=\"1086\" data-end=\"1098\" data-col-size=\"sm\"><strong data-start=\"1088\" data-end=\"1097\">B\u00fcnde<\/strong><\/td>\n<td data-start=\"1098\" data-end=\"1104\" data-col-size=\"md\">24<\/td>\n<\/tr>\n<tr data-start=\"1105\" data-end=\"1139\">\n<td data-start=\"1105\" data-end=\"1120\" data-col-size=\"sm\"><strong data-start=\"1107\" data-end=\"1119\">Einlagen<\/strong><\/td>\n<td data-start=\"1120\" data-end=\"1139\" data-col-size=\"md\">PRS Bird Inlays<\/td>\n<\/tr>\n<tr data-start=\"1140\" data-end=\"1185\">\n<td data-start=\"1140\" data-end=\"1158\" data-col-size=\"sm\"><strong data-start=\"1142\" data-end=\"1157\">Tonabnehmer<\/strong><\/td>\n<td data-start=\"1158\" data-end=\"1185\" data-col-size=\"md\">2 \u00d7 PRS 85\/15 Humbucker<\/td>\n<\/tr>\n<tr data-start=\"1186\" data-end=\"1263\">\n<td data-start=\"1186\" data-end=\"1202\" data-col-size=\"sm\"><strong data-start=\"1188\" data-end=\"1201\">Schaltung<\/strong><\/td>\n<td data-start=\"1202\" data-end=\"1263\" data-col-size=\"md\">5-Wege-Drehschalter (verschiedene Coil-Tap-Kombinationen)<\/td>\n<\/tr>\n<tr data-start=\"1264\" data-end=\"1293\">\n<td data-start=\"1264\" data-end=\"1277\" data-col-size=\"sm\"><strong data-start=\"1266\" data-end=\"1276\">Regler<\/strong><\/td>\n<td data-start=\"1277\" data-end=\"1293\" data-col-size=\"md\">Volume, Tone<\/td>\n<\/tr>\n<tr data-start=\"1294\" data-end=\"1340\">\n<td data-start=\"1294\" data-end=\"1317\" data-col-size=\"sm\"><strong data-start=\"1296\" data-end=\"1316\">Br\u00fccke \/ Tremolo<\/strong><\/td>\n<td data-start=\"1317\" data-end=\"1340\" data-col-size=\"md\">PRS Gen III Tremolo<\/td>\n<\/tr>\n<tr data-start=\"1341\" data-end=\"1390\">\n<td data-start=\"1341\" data-end=\"1358\" data-col-size=\"sm\"><strong data-start=\"1343\" data-end=\"1357\">Mechaniken<\/strong><\/td>\n<td data-start=\"1358\" data-end=\"1390\" data-col-size=\"md\">PRS Phase III Locking Tuners<\/td>\n<\/tr>\n<tr data-start=\"1391\" data-end=\"1422\">\n<td data-start=\"1391\" data-end=\"1412\" data-col-size=\"sm\"><strong data-start=\"1393\" data-end=\"1411\">Hardware-Farbe<\/strong><\/td>\n<td data-start=\"1412\" data-end=\"1422\" data-col-size=\"md\">Nickel<\/td>\n<\/tr>\n<tr data-start=\"1423\" data-end=\"1458\">\n<td data-start=\"1423\" data-end=\"1440\" data-col-size=\"sm\"><strong data-start=\"1425\" data-end=\"1439\">Korpusform<\/strong><\/td>\n<td data-start=\"1440\" data-end=\"1458\" data-col-size=\"md\">Double Cutaway<\/td>\n<\/tr>\n<tr data-start=\"1459\" data-end=\"1486\">\n<td data-start=\"1459\" data-end=\"1479\" data-col-size=\"sm\"><strong data-start=\"1461\" data-end=\"1478\">Herkunftsland<\/strong><\/td>\n<td data-start=\"1479\" data-end=\"1486\" data-col-size=\"md\">USA<\/td>\n<\/tr>\n<tr data-start=\"1487\" data-end=\"1541\">\n<td data-start=\"1487\" data-end=\"1509\" data-col-size=\"sm\"><\/td>\n<td data-start=\"1509\" data-end=\"1541\" data-col-size=\"md\"><\/td>\n<\/tr>\n<\/tbody>\n<\/table>\n<\/div>\n<\/div>\n","protected":false},"excerpt":{"rendered":"<p>1 vorr\u00e4tig<\/p>\n","protected":false},"featured_media":613,"template":"","meta":[],"product_brand":[],"product_cat":[36],"product_tag":[],"class_list":{"0":"post-612","1":"product","2":"type-product","3":"status-publish","4":"has-post-thumbnail","6":"product_cat-backline","8":"first","9":"instock","10":"taxable","11":"shipping-taxable","12":"purchasable","13":"product-type-simple"},"_links":{"self":[{"href":"https:\/\/as-lightsound.de\/wordpress\/wp-json\/wp\/v2\/product\/612","targetHints":{"allow":["GET"]}}],"collection":[{"href":"https:\/\/as-lightsound.de\/wordpress\/wp-json\/wp\/v2\/product"}],"about":[{"href":"https:\/\/as-lightsound.de\/wordpress\/wp-json\/wp\/v2\/types\/product"}],"wp:featuredmedia":[{"embeddable":true,"href":"https:\/\/as-lightsound.de\/wordpress\/wp-json\/wp\/v2\/media\/613"}],"wp:attachment":[{"href":"https:\/\/as-lightsound.de\/wordpress\/wp-json\/wp\/v2\/media?parent=612"}],"wp:term":[{"taxonomy":"product_brand","embeddable":true,"href":"https:\/\/as-lightsound.de\/wordpress\/wp-json\/wp\/v2\/product_brand?post=612"},{"taxonomy":"product_cat","embeddable":true,"href":"https:\/\/as-lightsound.de\/wordpress\/wp-json\/wp\/v2\/product_cat?post=612"},{"taxonomy":"product_tag","embeddable":true,"href":"https:\/\/as-lightsound.de\/wordpress\/wp-json\/wp\/v2\/product_tag?post=612"}],"curies":[{"name":"wp","href":"https:\/\/api.w.org\/{rel}","templated":true}]}}