{"id":600,"date":"2021-06-05T12:32:57","date_gmt":"2021-06-05T10:32:57","guid":{"rendered":"https:\/\/as-lightsound.de\/wordpress\/?post_type=product&#038;p=600"},"modified":"2025-10-09T10:53:48","modified_gmt":"2025-10-09T08:53:48","slug":"light-bright-sparkle-400","status":"publish","type":"product","link":"https:\/\/as-lightsound.de\/wordpress\/product\/light-bright-sparkle-400\/","title":{"rendered":"Light Bright Sparkle 400"},"content":{"rendered":"<p data-start=\"60\" data-end=\"530\">Der <strong data-start=\"64\" data-end=\"79\">Sparkle 400<\/strong> von Light Bright ist ein hochwertiges Kaltfeuer-Effektger\u00e4t, das Spezialgranulat in beeindruckende Funkenstrahlen verwandelt. Steuerbar via DMX oder Fernbedienung, erzeugt er visuelle Highlights ohne Flammen- oder Hitzeeffekte \u2014 ideal f\u00fcr B\u00fchnen, Clubs, Messen oder Showproduktionen. Das Ger\u00e4t arbeitet staubarm und ist auf den Innenbereich ausgelegt (IP20), bei sachgem\u00e4\u00dfem Betrieb bietet es eine sichere Alternative zu herk\u00f6mmlichen Pyroeffekten.<\/p>\n<hr data-start=\"532\" data-end=\"535\" \/>\n<h3 data-start=\"537\" data-end=\"570\">Technische Daten (Tech Specs)<\/h3>\n<div class=\"_tableContainer_1rjym_1\">\n<div class=\"group _tableWrapper_1rjym_13 flex w-fit flex-col-reverse\" tabindex=\"-1\">\n<table class=\"w-fit min-w-(--thread-content-width)\" data-start=\"572\" data-end=\"1394\">\n<thead data-start=\"572\" data-end=\"590\">\n<tr data-start=\"572\" data-end=\"590\">\n<th data-start=\"572\" data-end=\"582\" data-col-size=\"sm\">Merkmal<\/th>\n<th data-start=\"582\" data-end=\"590\" data-col-size=\"md\">Wert<\/th>\n<\/tr>\n<\/thead>\n<tbody data-start=\"611\" data-end=\"1394\">\n<tr data-start=\"611\" data-end=\"639\">\n<td data-start=\"611\" data-end=\"624\" data-col-size=\"sm\"><strong data-start=\"613\" data-end=\"623\">Modell<\/strong><\/td>\n<td data-start=\"624\" data-end=\"639\" data-col-size=\"md\">Sparkle 400<\/td>\n<\/tr>\n<tr data-start=\"640\" data-end=\"673\">\n<td data-start=\"640\" data-end=\"664\" data-col-size=\"sm\"><strong data-start=\"642\" data-end=\"663\">Leistungsaufnahme<\/strong><\/td>\n<td data-start=\"664\" data-end=\"673\" data-col-size=\"md\">400 W<\/td>\n<\/tr>\n<tr data-start=\"674\" data-end=\"726\">\n<td data-start=\"674\" data-end=\"700\" data-col-size=\"sm\"><strong data-start=\"676\" data-end=\"699\">Versorgungsspannung<\/strong><\/td>\n<td data-col-size=\"md\" data-start=\"700\" data-end=\"726\">AC 100-240 V, 50\/60 Hz<\/td>\n<\/tr>\n<tr data-start=\"727\" data-end=\"777\">\n<td data-start=\"727\" data-end=\"743\" data-col-size=\"sm\"><strong data-start=\"729\" data-end=\"742\">Steuerung<\/strong><\/td>\n<td data-start=\"743\" data-end=\"777\" data-col-size=\"md\">DMX (3-pol XLR), Fernbedienung<\/td>\n<\/tr>\n<tr data-start=\"778\" data-end=\"807\">\n<td data-start=\"778\" data-end=\"795\" data-col-size=\"sm\"><strong data-start=\"780\" data-end=\"794\">DMX-Kan\u00e4le<\/strong><\/td>\n<td data-col-size=\"md\" data-start=\"795\" data-end=\"807\">2 Kan\u00e4le<\/td>\n<\/tr>\n<tr data-start=\"808\" data-end=\"843\">\n<td data-start=\"808\" data-end=\"826\" data-col-size=\"sm\"><strong data-start=\"810\" data-end=\"825\">Aufheizzeit<\/strong><\/td>\n<td data-start=\"826\" data-end=\"843\" data-col-size=\"md\">ca. 5 Minuten<\/td>\n<\/tr>\n<tr data-start=\"844\" data-end=\"887\">\n<td data-start=\"844\" data-end=\"860\" data-col-size=\"sm\"><strong data-start=\"846\" data-end=\"859\">Ger\u00e4tetyp<\/strong><\/td>\n<td data-start=\"860\" data-end=\"887\" data-col-size=\"md\">Indoor-Kaltfunkeneffekt<\/td>\n<\/tr>\n<tr data-start=\"888\" data-end=\"941\">\n<td data-start=\"888\" data-end=\"910\" data-col-size=\"sm\"><strong data-start=\"890\" data-end=\"909\">IP-Schutzklasse<\/strong><\/td>\n<td data-start=\"910\" data-end=\"941\" data-col-size=\"md\">IP20 (f\u00fcr den Innenbereich)<\/td>\n<\/tr>\n<tr data-start=\"942\" data-end=\"989\">\n<td data-start=\"942\" data-end=\"967\" data-col-size=\"sm\"><strong data-start=\"944\" data-end=\"966\">Geh\u00e4useabmessungen<\/strong><\/td>\n<td data-start=\"967\" data-end=\"989\" data-col-size=\"md\">250 \u00d7 230 \u00d7 310 mm<\/td>\n<\/tr>\n<tr data-start=\"990\" data-end=\"1022\">\n<td data-start=\"990\" data-end=\"1012\" data-col-size=\"sm\"><strong data-start=\"992\" data-end=\"1011\">Gewicht (netto)<\/strong><\/td>\n<td data-start=\"1012\" data-end=\"1022\" data-col-size=\"md\">8,9 kg<\/td>\n<\/tr>\n<tr data-start=\"1023\" data-end=\"1088\">\n<td data-start=\"1023\" data-end=\"1048\" data-col-size=\"sm\"><strong data-start=\"1025\" data-end=\"1047\">Material \/ Geh\u00e4use<\/strong><\/td>\n<td data-start=\"1048\" data-end=\"1088\" data-col-size=\"md\">Metall und hitzebest\u00e4ndiges Material<\/td>\n<\/tr>\n<tr data-start=\"1089\" data-end=\"1162\">\n<td data-start=\"1089\" data-end=\"1121\" data-col-size=\"sm\"><strong data-start=\"1091\" data-end=\"1120\">Betriebstemperaturbereich<\/strong><\/td>\n<td data-start=\"1121\" data-end=\"1162\" data-col-size=\"md\">bis maximal 45 \u00b0C Umgebungstemperatur<\/td>\n<\/tr>\n<tr data-start=\"1163\" data-end=\"1205\">\n<td data-start=\"1163\" data-end=\"1194\" data-col-size=\"sm\"><strong data-start=\"1165\" data-end=\"1193\">Mindestabstand zur Decke<\/strong><\/td>\n<td data-start=\"1194\" data-end=\"1205\" data-col-size=\"md\">\u2265 3,0 m<\/td>\n<\/tr>\n<tr data-start=\"1206\" data-end=\"1318\">\n<td data-start=\"1206\" data-end=\"1233\" data-col-size=\"sm\"><strong data-start=\"1208\" data-end=\"1232\">Besondere Funktionen<\/strong><\/td>\n<td data-start=\"1233\" data-end=\"1318\" data-col-size=\"md\">Mehrere Arbeitsh\u00f6hen \u00fcber Fernbedienung w\u00e4hlbar, Pulverreinigung (\u201cClear Powder\u201d)<\/td>\n<\/tr>\n<tr data-start=\"1319\" data-end=\"1394\">\n<td data-start=\"1319\" data-end=\"1346\" data-col-size=\"sm\"><strong data-start=\"1321\" data-end=\"1345\">Innenluftanforderung<\/strong><\/td>\n<td data-start=\"1346\" data-end=\"1394\" data-col-size=\"md\">gute Bel\u00fcftung, L\u00fcftungs\u00f6ffnungen freihalten<\/td>\n<\/tr>\n<\/tbody>\n<\/table>\n<\/div>\n<\/div>\n","protected":false},"excerpt":{"rendered":"<p>16 vorr\u00e4tig<\/p>\n","protected":false},"featured_media":601,"template":"","meta":[],"product_brand":[],"product_cat":[45,44],"product_tag":[],"class_list":{"0":"post-600","1":"product","2":"type-product","3":"status-publish","4":"has-post-thumbnail","6":"product_cat-feuer","7":"product_cat-special-fx","9":"first","10":"instock","11":"taxable","12":"shipping-taxable","13":"purchasable","14":"product-type-simple"},"_links":{"self":[{"href":"https:\/\/as-lightsound.de\/wordpress\/wp-json\/wp\/v2\/product\/600","targetHints":{"allow":["GET"]}}],"collection":[{"href":"https:\/\/as-lightsound.de\/wordpress\/wp-json\/wp\/v2\/product"}],"about":[{"href":"https:\/\/as-lightsound.de\/wordpress\/wp-json\/wp\/v2\/types\/product"}],"wp:featuredmedia":[{"embeddable":true,"href":"https:\/\/as-lightsound.de\/wordpress\/wp-json\/wp\/v2\/media\/601"}],"wp:attachment":[{"href":"https:\/\/as-lightsound.de\/wordpress\/wp-json\/wp\/v2\/media?parent=600"}],"wp:term":[{"taxonomy":"product_brand","embeddable":true,"href":"https:\/\/as-lightsound.de\/wordpress\/wp-json\/wp\/v2\/product_brand?post=600"},{"taxonomy":"product_cat","embeddable":true,"href":"https:\/\/as-lightsound.de\/wordpress\/wp-json\/wp\/v2\/product_cat?post=600"},{"taxonomy":"product_tag","embeddable":true,"href":"https:\/\/as-lightsound.de\/wordpress\/wp-json\/wp\/v2\/product_tag?post=600"}],"curies":[{"name":"wp","href":"https:\/\/api.w.org\/{rel}","templated":true}]}}