{"id":576,"date":"2021-06-05T12:14:25","date_gmt":"2021-06-05T10:14:25","guid":{"rendered":"https:\/\/as-lightsound.de\/wordpress\/?post_type=product&#038;p=576"},"modified":"2025-10-09T11:06:12","modified_gmt":"2025-10-09T09:06:12","slug":"smoke-factory-spaceball-ii","status":"publish","type":"product","link":"https:\/\/as-lightsound.de\/wordpress\/product\/smoke-factory-spaceball-ii\/","title":{"rendered":"Smoke Factory Spaceball II"},"content":{"rendered":"<p data-start=\"73\" data-end=\"576\">Die Smoke Factory Spaceball II ist eine platzsparende Verdampfer-Nebelmaschine mit integrierter Temperaturregelung f\u00fcr zuverl\u00e4ssigen Dauerbetrieb. Trotz der kompakten Bauweise erreicht sie eine hohe Nebelproduktion mit stufenlos regulierbarer Aussto\u00dfleistung. Steuerbar ist die Maschine \u00fcber DMX-512, analoges 0\u201310 V-Signal oder im Standalone-Modus mit eingebautem Timer. Das Ger\u00e4t ist serienm\u00e4\u00dfig in ein Flightcase eingebaut und kann sowohl horizontal als auch vertikal ausgerichtet betrieben werden.<\/p>\n<div class=\"_tableContainer_1rjym_1\">\n<div class=\"group _tableWrapper_1rjym_13 flex w-fit flex-col-reverse\" tabindex=\"-1\">\n<table class=\"w-fit min-w-(--thread-content-width)\" data-start=\"578\" data-end=\"1241\">\n<thead data-start=\"578\" data-end=\"626\">\n<tr data-start=\"578\" data-end=\"626\">\n<th data-start=\"578\" data-end=\"614\" data-col-size=\"sm\"><strong data-start=\"580\" data-end=\"613\">Technische Daten (Tech Specs)<\/strong><\/th>\n<th data-start=\"614\" data-end=\"626\" data-col-size=\"md\"><strong data-start=\"616\" data-end=\"624\">Wert<\/strong><\/th>\n<\/tr>\n<\/thead>\n<tbody data-start=\"676\" data-end=\"1241\">\n<tr data-start=\"676\" data-end=\"717\">\n<td data-start=\"676\" data-end=\"698\" data-col-size=\"sm\">Versorgungsspannung<\/td>\n<td data-start=\"698\" data-end=\"717\" data-col-size=\"md\">AC 230 V, 50 Hz<\/td>\n<\/tr>\n<tr data-start=\"718\" data-end=\"762\">\n<td data-start=\"718\" data-end=\"753\" data-col-size=\"sm\">Heizleistung \/ Leistungsaufnahme<\/td>\n<td data-start=\"753\" data-end=\"762\" data-col-size=\"md\">650 W<\/td>\n<\/tr>\n<tr data-start=\"763\" data-end=\"790\">\n<td data-start=\"763\" data-end=\"777\" data-col-size=\"sm\">Aufheizzeit<\/td>\n<td data-col-size=\"md\" data-start=\"777\" data-end=\"790\">ca. 7 min<\/td>\n<\/tr>\n<tr data-start=\"791\" data-end=\"824\">\n<td data-start=\"791\" data-end=\"814\" data-col-size=\"sm\">Fl\u00fcssigkeitsbeh\u00e4lter<\/td>\n<td data-start=\"814\" data-end=\"824\" data-col-size=\"md\">750 ml<\/td>\n<\/tr>\n<tr data-start=\"825\" data-end=\"865\">\n<td data-start=\"825\" data-end=\"852\" data-col-size=\"sm\">Nebelverbrauch (Maximal)<\/td>\n<td data-start=\"852\" data-end=\"865\" data-col-size=\"md\">60 ml\/min<\/td>\n<\/tr>\n<tr data-start=\"866\" data-end=\"911\">\n<td data-start=\"866\" data-end=\"898\" data-col-size=\"sm\">Nebelverbrauch (Dauerbetrieb)<\/td>\n<td data-col-size=\"md\" data-start=\"898\" data-end=\"911\">15 ml\/min<\/td>\n<\/tr>\n<tr data-start=\"912\" data-end=\"969\">\n<td data-start=\"912\" data-end=\"924\" data-col-size=\"sm\">Steuerung<\/td>\n<td data-start=\"924\" data-end=\"969\" data-col-size=\"md\">DMX-512, analog 0\u201310 V, Timer, Standalone<\/td>\n<\/tr>\n<tr data-start=\"970\" data-end=\"1012\">\n<td data-start=\"970\" data-end=\"996\" data-col-size=\"sm\">Regelbarkeit Nebelmenge<\/td>\n<td data-col-size=\"md\" data-start=\"996\" data-end=\"1012\">1 % bis 99 %<\/td>\n<\/tr>\n<tr data-start=\"1013\" data-end=\"1063\">\n<td data-start=\"1013\" data-end=\"1027\" data-col-size=\"sm\">Ausrichtung<\/td>\n<td data-start=\"1027\" data-end=\"1063\" data-col-size=\"md\">horizontal oder vertikal m\u00f6glich<\/td>\n<\/tr>\n<tr data-start=\"1064\" data-end=\"1114\">\n<td data-start=\"1064\" data-end=\"1086\" data-col-size=\"sm\">Temperaturkontrolle<\/td>\n<td data-start=\"1086\" data-end=\"1114\" data-col-size=\"md\">mikroprozessor-gesteuert<\/td>\n<\/tr>\n<tr data-start=\"1115\" data-end=\"1154\">\n<td data-start=\"1115\" data-end=\"1129\" data-col-size=\"sm\">Geh\u00e4useform<\/td>\n<td data-col-size=\"md\" data-start=\"1129\" data-end=\"1154\">Flightcase integriert<\/td>\n<\/tr>\n<tr data-start=\"1155\" data-end=\"1203\">\n<td data-start=\"1155\" data-end=\"1181\" data-col-size=\"sm\">Abmessungen (L \u00d7 B \u00d7 H)<\/td>\n<td data-start=\"1181\" data-end=\"1203\" data-col-size=\"md\">330 \u00d7 190 \u00d7 330 mm<\/td>\n<\/tr>\n<tr data-start=\"1204\" data-end=\"1241\">\n<td data-start=\"1204\" data-end=\"1233\" data-col-size=\"sm\">Gewicht (ohne Fl\u00fcssigkeit)<\/td>\n<td data-start=\"1233\" data-end=\"1241\" data-col-size=\"md\">9 kg<\/td>\n<\/tr>\n<\/tbody>\n<\/table>\n<\/div>\n<\/div>\n","protected":false},"excerpt":{"rendered":"<p>2 vorr\u00e4tig<\/p>\n","protected":false},"featured_media":594,"template":"","meta":[],"product_brand":[],"product_cat":[47,44],"product_tag":[],"class_list":{"0":"post-576","1":"product","2":"type-product","3":"status-publish","4":"has-post-thumbnail","6":"product_cat-co2-nebel","7":"product_cat-special-fx","9":"first","10":"instock","11":"taxable","12":"shipping-taxable","13":"purchasable","14":"product-type-simple"},"_links":{"self":[{"href":"https:\/\/as-lightsound.de\/wordpress\/wp-json\/wp\/v2\/product\/576","targetHints":{"allow":["GET"]}}],"collection":[{"href":"https:\/\/as-lightsound.de\/wordpress\/wp-json\/wp\/v2\/product"}],"about":[{"href":"https:\/\/as-lightsound.de\/wordpress\/wp-json\/wp\/v2\/types\/product"}],"wp:featuredmedia":[{"embeddable":true,"href":"https:\/\/as-lightsound.de\/wordpress\/wp-json\/wp\/v2\/media\/594"}],"wp:attachment":[{"href":"https:\/\/as-lightsound.de\/wordpress\/wp-json\/wp\/v2\/media?parent=576"}],"wp:term":[{"taxonomy":"product_brand","embeddable":true,"href":"https:\/\/as-lightsound.de\/wordpress\/wp-json\/wp\/v2\/product_brand?post=576"},{"taxonomy":"product_cat","embeddable":true,"href":"https:\/\/as-lightsound.de\/wordpress\/wp-json\/wp\/v2\/product_cat?post=576"},{"taxonomy":"product_tag","embeddable":true,"href":"https:\/\/as-lightsound.de\/wordpress\/wp-json\/wp\/v2\/product_tag?post=576"}],"curies":[{"name":"wp","href":"https:\/\/api.w.org\/{rel}","templated":true}]}}