{"id":572,"date":"2021-06-05T12:09:27","date_gmt":"2021-06-05T10:09:27","guid":{"rendered":"https:\/\/as-lightsound.de\/wordpress\/?post_type=product&#038;p=572"},"modified":"2025-10-09T11:12:53","modified_gmt":"2025-10-09T09:12:53","slug":"adj-bubbletron-seifenblasenmaschine","status":"publish","type":"product","link":"https:\/\/as-lightsound.de\/wordpress\/product\/adj-bubbletron-seifenblasenmaschine\/","title":{"rendered":"ADJ BubbleTron Seifenblasenmaschine"},"content":{"rendered":"<ul>\n<li>\n<p data-start=\"54\" data-end=\"480\">Die <strong data-start=\"58\" data-end=\"76\">ADJ BubbleTron<\/strong> ist eine tragbare Seifenblasenmaschine mit hoher Aussto\u00dfleistung bei gleichzeitig geringer Leistungsaufnahme. Das Ger\u00e4t verf\u00fcgt \u00fcber einen Fronttank mit einfacher Zug\u00e4nglichkeit (\u201eEZ-Access\u201c) und einen leistungsstarken L\u00fcfter, der die erzeugten Blasen schnell in die Umgebung schleust. Eine kabellose Fernbedienung mit 8 m Reichweite ist integriert, und das solide Geh\u00e4use erlaubt den mobilen Einsatz.<\/p>\n<div class=\"_tableContainer_1rjym_1\">\n<div class=\"group _tableWrapper_1rjym_13 flex w-fit flex-col-reverse\" tabindex=\"-1\">\n<table class=\"w-fit min-w-(--thread-content-width)\" data-start=\"482\" data-end=\"889\">\n<thead data-start=\"482\" data-end=\"517\">\n<tr data-start=\"482\" data-end=\"517\">\n<th data-start=\"482\" data-end=\"505\" data-col-size=\"sm\"><strong data-start=\"484\" data-end=\"504\">Technische Daten<\/strong><\/th>\n<th data-start=\"505\" data-end=\"517\" data-col-size=\"sm\"><strong data-start=\"507\" data-end=\"515\">Wert<\/strong><\/th>\n<\/tr>\n<\/thead>\n<tbody data-start=\"556\" data-end=\"889\">\n<tr data-start=\"556\" data-end=\"611\">\n<td data-start=\"556\" data-end=\"578\" data-col-size=\"sm\">Versorgungsspannung<\/td>\n<td data-start=\"578\" data-end=\"611\" data-col-size=\"sm\">120 V AC \/ 230 V AC, 50\/60 Hz<\/td>\n<\/tr>\n<tr data-start=\"612\" data-end=\"640\">\n<td data-start=\"612\" data-end=\"632\" data-col-size=\"sm\">Leistungsaufnahme<\/td>\n<td data-start=\"632\" data-end=\"640\" data-col-size=\"sm\">24 W<\/td>\n<\/tr>\n<tr data-start=\"641\" data-end=\"694\">\n<td data-start=\"641\" data-end=\"665\" data-col-size=\"sm\">Fl\u00fcssigkeitsverbrauch<\/td>\n<td data-start=\"665\" data-end=\"694\" data-col-size=\"sm\">ca. 11 ml\/min (bei 230 V)<\/td>\n<\/tr>\n<tr data-start=\"695\" data-end=\"722\">\n<td data-start=\"695\" data-end=\"713\" data-col-size=\"sm\">Beh\u00e4ltervolumen<\/td>\n<td data-start=\"713\" data-end=\"722\" data-col-size=\"sm\">2,0 l<\/td>\n<\/tr>\n<tr data-start=\"723\" data-end=\"771\">\n<td data-start=\"723\" data-end=\"749\" data-col-size=\"sm\">Abmessungen (L \u00d7 B \u00d7 H)<\/td>\n<td data-start=\"749\" data-end=\"771\" data-col-size=\"sm\">352 \u00d7 176 \u00d7 209 mm<\/td>\n<\/tr>\n<tr data-start=\"772\" data-end=\"796\">\n<td data-start=\"772\" data-end=\"782\" data-col-size=\"sm\">Gewicht<\/td>\n<td data-start=\"782\" data-end=\"796\" data-col-size=\"sm\">ca. 2,0 kg<\/td>\n<\/tr>\n<tr data-start=\"797\" data-end=\"848\">\n<td data-start=\"797\" data-end=\"809\" data-col-size=\"sm\">Steuerung<\/td>\n<td data-start=\"809\" data-end=\"848\" data-col-size=\"sm\">On\/Off, kabelgebundene Remote (8 m)<\/td>\n<\/tr>\n<tr data-start=\"849\" data-end=\"889\">\n<td data-start=\"849\" data-end=\"867\" data-col-size=\"sm\">Geh\u00e4usematerial<\/td>\n<td data-start=\"867\" data-end=\"889\" data-col-size=\"sm\">Kunststoff, robust<\/td>\n<\/tr>\n<\/tbody>\n<\/table>\n<\/div>\n<\/div>\n<\/li>\n<\/ul>\n","protected":false},"excerpt":{"rendered":"<p>2 vorr\u00e4tig<\/p>\n","protected":false},"featured_media":573,"template":"","meta":[],"product_brand":[],"product_cat":[48,44],"product_tag":[],"class_list":{"0":"post-572","1":"product","2":"type-product","3":"status-publish","4":"has-post-thumbnail","6":"product_cat-sonstige","7":"product_cat-special-fx","9":"first","10":"instock","11":"taxable","12":"shipping-taxable","13":"purchasable","14":"product-type-simple"},"_links":{"self":[{"href":"https:\/\/as-lightsound.de\/wordpress\/wp-json\/wp\/v2\/product\/572","targetHints":{"allow":["GET"]}}],"collection":[{"href":"https:\/\/as-lightsound.de\/wordpress\/wp-json\/wp\/v2\/product"}],"about":[{"href":"https:\/\/as-lightsound.de\/wordpress\/wp-json\/wp\/v2\/types\/product"}],"wp:featuredmedia":[{"embeddable":true,"href":"https:\/\/as-lightsound.de\/wordpress\/wp-json\/wp\/v2\/media\/573"}],"wp:attachment":[{"href":"https:\/\/as-lightsound.de\/wordpress\/wp-json\/wp\/v2\/media?parent=572"}],"wp:term":[{"taxonomy":"product_brand","embeddable":true,"href":"https:\/\/as-lightsound.de\/wordpress\/wp-json\/wp\/v2\/product_brand?post=572"},{"taxonomy":"product_cat","embeddable":true,"href":"https:\/\/as-lightsound.de\/wordpress\/wp-json\/wp\/v2\/product_cat?post=572"},{"taxonomy":"product_tag","embeddable":true,"href":"https:\/\/as-lightsound.de\/wordpress\/wp-json\/wp\/v2\/product_tag?post=572"}],"curies":[{"name":"wp","href":"https:\/\/api.w.org\/{rel}","templated":true}]}}