{"id":570,"date":"2021-06-05T11:54:03","date_gmt":"2021-06-05T09:54:03","guid":{"rendered":"https:\/\/as-lightsound.de\/wordpress\/?post_type=product&#038;p=570"},"modified":"2025-10-09T11:06:39","modified_gmt":"2025-10-09T09:06:39","slug":"magic-fx-co2-gun","status":"publish","type":"product","link":"https:\/\/as-lightsound.de\/wordpress\/product\/magic-fx-co2-gun\/","title":{"rendered":"MagicFX CO2-Launcher"},"content":{"rendered":"<p data-start=\"70\" data-end=\"518\">Der MAGICFX CO2-Launcher ist ein manuell ausgel\u00f6stes Spezialeffektger\u00e4t, das mit einem Ausl\u00f6ser CO\u2082-Impulse, Konfetti, Streamer oder T-Shirts abschie\u00dfen kann. Das Ger\u00e4t besitzt eine Schnellnachf\u00fcllfunktion f\u00fcr den Effektzylinder, sodass schnelle Effektabfolgen m\u00f6glich sind. F\u00fcr den Einsatz ist lediglich CO\u2082-Anschluss erforderlich, das System ben\u00f6tigt keine vorherige Aufheizphase. Die Konstruktion ist f\u00fcr den B\u00fchnen- und Showbetrieb ausgelegt.<\/p>\n<div class=\"_tableContainer_1rjym_1\">\n<div class=\"group _tableWrapper_1rjym_13 flex w-fit flex-col-reverse\" tabindex=\"-1\">\n<table class=\"w-fit min-w-(--thread-content-width)\" data-start=\"520\" data-end=\"960\">\n<thead data-start=\"520\" data-end=\"555\">\n<tr data-start=\"520\" data-end=\"555\">\n<th data-start=\"520\" data-end=\"543\" data-col-size=\"sm\"><strong data-start=\"522\" data-end=\"542\">Technische Daten<\/strong><\/th>\n<th data-start=\"543\" data-end=\"555\" data-col-size=\"sm\"><strong data-start=\"545\" data-end=\"553\">Wert<\/strong><\/th>\n<\/tr>\n<\/thead>\n<tbody data-start=\"594\" data-end=\"960\">\n<tr data-start=\"594\" data-end=\"642\">\n<td data-start=\"594\" data-end=\"620\" data-col-size=\"sm\">Abmessungen (L \u00d7 B \u00d7 H)<\/td>\n<td data-start=\"620\" data-end=\"642\" data-col-size=\"sm\">640 \u00d7 107 \u00d7 270 mm<\/td>\n<\/tr>\n<tr data-start=\"643\" data-end=\"663\">\n<td data-start=\"643\" data-end=\"653\" data-col-size=\"sm\">Gewicht<\/td>\n<td data-start=\"653\" data-end=\"663\" data-col-size=\"sm\">4,2 kg<\/td>\n<\/tr>\n<tr data-start=\"664\" data-end=\"705\">\n<td data-start=\"664\" data-end=\"684\" data-col-size=\"sm\">Trigger-Steuerung<\/td>\n<td data-col-size=\"sm\" data-start=\"684\" data-end=\"705\">manuell ausgel\u00f6st<\/td>\n<\/tr>\n<tr data-start=\"706\" data-end=\"749\">\n<td data-start=\"706\" data-end=\"732\" data-col-size=\"sm\">Verbrauch fl\u00fcssiges CO\u2082<\/td>\n<td data-start=\"732\" data-end=\"749\" data-col-size=\"sm\">bis 0,42 kg\/s<\/td>\n<\/tr>\n<tr data-start=\"750\" data-end=\"789\">\n<td data-start=\"750\" data-end=\"774\" data-col-size=\"sm\">Reichweite CO\u2082-Effekt<\/td>\n<td data-col-size=\"sm\" data-start=\"774\" data-end=\"789\">bis ca. 8 m<\/td>\n<\/tr>\n<tr data-start=\"790\" data-end=\"828\">\n<td data-start=\"790\" data-end=\"812\" data-col-size=\"sm\">Reichweite Konfetti<\/td>\n<td data-start=\"812\" data-end=\"828\" data-col-size=\"sm\">bis ca. 15 m<\/td>\n<\/tr>\n<tr data-start=\"829\" data-end=\"867\">\n<td data-start=\"829\" data-end=\"851\" data-col-size=\"sm\">Reichweite Streamer<\/td>\n<td data-start=\"851\" data-end=\"867\" data-col-size=\"sm\">bis ca. 20 m<\/td>\n<\/tr>\n<tr data-start=\"868\" data-end=\"906\">\n<td data-start=\"868\" data-end=\"890\" data-col-size=\"sm\">Reichweite T-Shirts<\/td>\n<td data-start=\"890\" data-end=\"906\" data-col-size=\"sm\">bis ca. 30 m<\/td>\n<\/tr>\n<tr data-start=\"907\" data-end=\"960\">\n<td data-start=\"907\" data-end=\"923\" data-col-size=\"sm\">Wirkungstypen<\/td>\n<td data-start=\"923\" data-end=\"960\" data-col-size=\"sm\">CO\u2082, Konfetti, Streamer, T-Shirts<\/td>\n<\/tr>\n<\/tbody>\n<\/table>\n<\/div>\n<\/div>\n","protected":false},"excerpt":{"rendered":"<p>2 vorr\u00e4tig<\/p>\n","protected":false},"featured_media":1359,"template":"","meta":[],"product_brand":[],"product_cat":[47,44],"product_tag":[],"class_list":{"0":"post-570","1":"product","2":"type-product","3":"status-publish","4":"has-post-thumbnail","6":"product_cat-co2-nebel","7":"product_cat-special-fx","9":"first","10":"instock","11":"taxable","12":"shipping-taxable","13":"purchasable","14":"product-type-simple"},"_links":{"self":[{"href":"https:\/\/as-lightsound.de\/wordpress\/wp-json\/wp\/v2\/product\/570","targetHints":{"allow":["GET"]}}],"collection":[{"href":"https:\/\/as-lightsound.de\/wordpress\/wp-json\/wp\/v2\/product"}],"about":[{"href":"https:\/\/as-lightsound.de\/wordpress\/wp-json\/wp\/v2\/types\/product"}],"wp:featuredmedia":[{"embeddable":true,"href":"https:\/\/as-lightsound.de\/wordpress\/wp-json\/wp\/v2\/media\/1359"}],"wp:attachment":[{"href":"https:\/\/as-lightsound.de\/wordpress\/wp-json\/wp\/v2\/media?parent=570"}],"wp:term":[{"taxonomy":"product_brand","embeddable":true,"href":"https:\/\/as-lightsound.de\/wordpress\/wp-json\/wp\/v2\/product_brand?post=570"},{"taxonomy":"product_cat","embeddable":true,"href":"https:\/\/as-lightsound.de\/wordpress\/wp-json\/wp\/v2\/product_cat?post=570"},{"taxonomy":"product_tag","embeddable":true,"href":"https:\/\/as-lightsound.de\/wordpress\/wp-json\/wp\/v2\/product_tag?post=570"}],"curies":[{"name":"wp","href":"https:\/\/api.w.org\/{rel}","templated":true}]}}