{"id":566,"date":"2021-06-05T11:37:25","date_gmt":"2021-06-05T09:37:25","guid":{"rendered":"https:\/\/as-lightsound.de\/wordpress\/?post_type=product&#038;p=566"},"modified":"2025-10-09T09:28:45","modified_gmt":"2025-10-09T07:28:45","slug":"magicfx-power-shot","status":"publish","type":"product","link":"https:\/\/as-lightsound.de\/wordpress\/product\/magicfx-power-shot\/","title":{"rendered":"MagicFX Power Shot"},"content":{"rendered":"<p data-start=\"78\" data-end=\"410\">Der <strong data-start=\"82\" data-end=\"104\">MagicFX Power Shot<\/strong> ist ein kompaktes Elektro-Trigger-Ger\u00e4t, das Konfetti- oder Streamer-Kartuschen ausl\u00f6st, sobald es mit Strom versorgt wird. Es l\u00e4sst sich entweder auf B\u00fchnen positionieren oder an Traversen montieren. Mit variablem Aussto\u00df und einfacher Bedienung eignet sich das Ger\u00e4t f\u00fcr Innen- und Au\u00dfenveranstaltungen.<\/p>\n<hr data-start=\"412\" data-end=\"415\" \/>\n<h3 data-start=\"417\" data-end=\"450\">Technische Daten (Tech Specs)<\/h3>\n<div class=\"_tableContainer_1rjym_1\">\n<div class=\"group _tableWrapper_1rjym_13 flex w-fit flex-col-reverse\" tabindex=\"-1\">\n<table class=\"w-fit min-w-(--thread-content-width)\" data-start=\"452\" data-end=\"1185\">\n<thead data-start=\"452\" data-end=\"470\">\n<tr data-start=\"452\" data-end=\"470\">\n<th data-start=\"452\" data-end=\"462\" data-col-size=\"sm\">Merkmal<\/th>\n<th data-start=\"462\" data-end=\"470\" data-col-size=\"md\">Wert<\/th>\n<\/tr>\n<\/thead>\n<tbody data-start=\"481\" data-end=\"1185\">\n<tr data-start=\"481\" data-end=\"533\">\n<td data-start=\"481\" data-end=\"511\" data-col-size=\"sm\"><strong data-start=\"483\" data-end=\"510\">Modell \/ Typbezeichnung<\/strong><\/td>\n<td data-start=\"511\" data-end=\"533\" data-col-size=\"md\">MagicFX Power Shot<\/td>\n<\/tr>\n<tr data-start=\"534\" data-end=\"595\">\n<td data-start=\"534\" data-end=\"551\" data-col-size=\"sm\"><strong data-start=\"536\" data-end=\"550\">Triggertyp<\/strong><\/td>\n<td data-start=\"551\" data-end=\"595\" data-col-size=\"md\">Elektrischer On\/Off-Schuss (Plug-&amp;-Play)<\/td>\n<\/tr>\n<tr data-start=\"596\" data-end=\"648\">\n<td data-start=\"596\" data-end=\"622\" data-col-size=\"sm\"><strong data-start=\"598\" data-end=\"621\">Spannung \/ Frequenz<\/strong><\/td>\n<td data-start=\"622\" data-end=\"648\" data-col-size=\"md\">220-240 V AC, 50\/60 Hz<\/td>\n<\/tr>\n<tr data-start=\"649\" data-end=\"686\">\n<td data-start=\"649\" data-end=\"673\" data-col-size=\"sm\"><strong data-start=\"651\" data-end=\"672\">Leistungsaufnahme<\/strong><\/td>\n<td data-start=\"673\" data-end=\"686\" data-col-size=\"md\">ca. 100 W<\/td>\n<\/tr>\n<tr data-start=\"687\" data-end=\"740\">\n<td data-start=\"687\" data-end=\"717\" data-col-size=\"sm\"><strong data-start=\"689\" data-end=\"716\">Abmessungen (L \u00d7 B \u00d7 H)<\/strong><\/td>\n<td data-col-size=\"md\" data-start=\"717\" data-end=\"740\">15 \u00d7 14,5 \u00d7 16,6 cm<\/td>\n<\/tr>\n<tr data-start=\"741\" data-end=\"769\">\n<td data-start=\"741\" data-end=\"755\" data-col-size=\"sm\"><strong data-start=\"743\" data-end=\"754\">Gewicht<\/strong><\/td>\n<td data-col-size=\"md\" data-start=\"755\" data-end=\"769\">ca. 1,7 kg<\/td>\n<\/tr>\n<tr data-start=\"770\" data-end=\"818\">\n<td data-start=\"770\" data-end=\"785\" data-col-size=\"sm\"><strong data-start=\"772\" data-end=\"784\">Material<\/strong><\/td>\n<td data-start=\"785\" data-end=\"818\" data-col-size=\"md\">Aluminium \/ Stahlblechgeh\u00e4use<\/td>\n<\/tr>\n<tr data-start=\"819\" data-end=\"891\">\n<td data-start=\"819\" data-end=\"846\" data-col-size=\"sm\"><strong data-start=\"821\" data-end=\"845\">Montagem\u00f6glichkeiten<\/strong><\/td>\n<td data-start=\"846\" data-end=\"891\" data-col-size=\"md\">Boden, Traversenmontage mittels Halterung<\/td>\n<\/tr>\n<tr data-start=\"892\" data-end=\"975\">\n<td data-start=\"892\" data-end=\"928\" data-col-size=\"sm\"><strong data-start=\"894\" data-end=\"927\">Aussto\u00dfreichweite (Sch\u00e4tzung)<\/strong><\/td>\n<td data-col-size=\"md\" data-start=\"928\" data-end=\"975\">Konfetti: 6 \u2013 12 m<br \/>\nStreamer: 12 \u2013 20 m<\/td>\n<\/tr>\n<tr data-start=\"976\" data-end=\"1020\">\n<td data-start=\"976\" data-end=\"992\" data-col-size=\"sm\"><strong data-start=\"978\" data-end=\"991\">Steuerung<\/strong><\/td>\n<td data-start=\"992\" data-end=\"1020\" data-col-size=\"md\">Direkt ON\/OFF (kein DMX)<\/td>\n<\/tr>\n<tr data-start=\"1021\" data-end=\"1112\">\n<td data-start=\"1021\" data-end=\"1062\" data-col-size=\"sm\"><strong data-start=\"1023\" data-end=\"1061\">Verbrauchsmittel (nicht enthalten)<\/strong><\/td>\n<td data-start=\"1062\" data-end=\"1112\" data-col-size=\"md\">Elektrische Konfetti- oder Streamer-Kartuschen<\/td>\n<\/tr>\n<tr data-start=\"1113\" data-end=\"1185\">\n<td data-start=\"1113\" data-end=\"1142\" data-col-size=\"sm\"><strong data-start=\"1115\" data-end=\"1141\">Sicherheitsmechanismen<\/strong><\/td>\n<td data-start=\"1142\" data-end=\"1185\" data-col-size=\"md\">Abschaltschutz durch Stromunterbrechung<\/td>\n<\/tr>\n<\/tbody>\n<\/table>\n<\/div>\n<\/div>\n","protected":false},"excerpt":{"rendered":"<p>8 vorr\u00e4tig<\/p>\n","protected":false},"featured_media":541,"template":"","meta":[],"product_brand":[],"product_cat":[49,44],"product_tag":[],"class_list":{"0":"post-566","1":"product","2":"type-product","3":"status-publish","4":"has-post-thumbnail","6":"product_cat-konfetti-fx","7":"product_cat-special-fx","9":"first","10":"instock","11":"taxable","12":"shipping-taxable","13":"purchasable","14":"product-type-simple"},"_links":{"self":[{"href":"https:\/\/as-lightsound.de\/wordpress\/wp-json\/wp\/v2\/product\/566","targetHints":{"allow":["GET"]}}],"collection":[{"href":"https:\/\/as-lightsound.de\/wordpress\/wp-json\/wp\/v2\/product"}],"about":[{"href":"https:\/\/as-lightsound.de\/wordpress\/wp-json\/wp\/v2\/types\/product"}],"wp:featuredmedia":[{"embeddable":true,"href":"https:\/\/as-lightsound.de\/wordpress\/wp-json\/wp\/v2\/media\/541"}],"wp:attachment":[{"href":"https:\/\/as-lightsound.de\/wordpress\/wp-json\/wp\/v2\/media?parent=566"}],"wp:term":[{"taxonomy":"product_brand","embeddable":true,"href":"https:\/\/as-lightsound.de\/wordpress\/wp-json\/wp\/v2\/product_brand?post=566"},{"taxonomy":"product_cat","embeddable":true,"href":"https:\/\/as-lightsound.de\/wordpress\/wp-json\/wp\/v2\/product_cat?post=566"},{"taxonomy":"product_tag","embeddable":true,"href":"https:\/\/as-lightsound.de\/wordpress\/wp-json\/wp\/v2\/product_tag?post=566"}],"curies":[{"name":"wp","href":"https:\/\/api.w.org\/{rel}","templated":true}]}}