{"id":511,"date":"2021-06-05T10:00:05","date_gmt":"2021-06-05T08:00:05","guid":{"rendered":"https:\/\/as-lightsound.de\/wordpress\/?post_type=product&#038;p=511"},"modified":"2025-11-06T14:07:20","modified_gmt":"2025-11-06T13:07:20","slug":"explo-wave-flamer","status":"publish","type":"product","link":"https:\/\/as-lightsound.de\/wordpress\/product\/explo-wave-flamer\/","title":{"rendered":"ExploSFX Wave Flamer"},"content":{"rendered":"<p data-start=\"74\" data-end=\"463\">Der <strong data-start=\"78\" data-end=\"102\">ExploSFX Wave Flamer<\/strong> ist ein leistungsstarker Flammenprojektor, der durch seine motorische Bewegungsfunktion dynamische Flammenwellen erzeugt. Er l\u00e4sst sich \u00fcber DMX steuern und unterst\u00fctzt sowohl vertikale als auch neigbare Ausrichtung. Das Ger\u00e4t ist f\u00fcr spannende Live-Inszenierungen, Showeffekte und B\u00fchneins\u00e4tze ausgelegt, bei denen eine bewegte Flammenwirkung gew\u00fcnscht ist.<\/p>\n<hr data-start=\"465\" data-end=\"468\" \/>\n<h3 data-start=\"470\" data-end=\"503\">Technische Daten (Tech Specs)<\/h3>\n<div class=\"_tableContainer_1rjym_1\">\n<div class=\"group _tableWrapper_1rjym_13 flex w-fit flex-col-reverse\" tabindex=\"-1\">\n<table class=\"w-fit min-w-(--thread-content-width)\" data-start=\"505\" data-end=\"1364\">\n<thead data-start=\"505\" data-end=\"523\">\n<tr data-start=\"505\" data-end=\"523\">\n<th data-start=\"505\" data-end=\"515\" data-col-size=\"sm\">Merkmal<\/th>\n<th data-start=\"515\" data-end=\"523\" data-col-size=\"md\">Wert<\/th>\n<\/tr>\n<\/thead>\n<tbody data-start=\"544\" data-end=\"1364\">\n<tr data-start=\"544\" data-end=\"572\">\n<td data-start=\"544\" data-end=\"557\" data-col-size=\"sm\"><strong data-start=\"546\" data-end=\"556\">Modell<\/strong><\/td>\n<td data-col-size=\"md\" data-start=\"557\" data-end=\"572\">Wave Flamer<\/td>\n<\/tr>\n<tr data-start=\"573\" data-end=\"623\">\n<td data-start=\"573\" data-end=\"601\" data-col-size=\"sm\"><strong data-start=\"575\" data-end=\"600\">Flammenh\u00f6he (maximal)<\/strong><\/td>\n<td data-start=\"601\" data-end=\"623\" data-col-size=\"md\">bis zu ca. 8 Meter<\/td>\n<\/tr>\n<tr data-start=\"624\" data-end=\"667\">\n<td data-start=\"624\" data-end=\"638\" data-col-size=\"sm\"><strong data-start=\"626\" data-end=\"637\">Z\u00fcndung<\/strong><\/td>\n<td data-start=\"638\" data-end=\"667\" data-col-size=\"md\">Dual-Hochspannungsz\u00fcndung<\/td>\n<\/tr>\n<tr data-start=\"668\" data-end=\"728\">\n<td data-start=\"668\" data-end=\"684\" data-col-size=\"sm\"><strong data-start=\"670\" data-end=\"683\">Steuerung<\/strong><\/td>\n<td data-start=\"684\" data-end=\"728\" data-col-size=\"md\">DMX-512 (3- &amp; 5-pol), manuelle Steuerung<\/td>\n<\/tr>\n<tr data-start=\"729\" data-end=\"790\">\n<td data-start=\"729\" data-end=\"750\" data-col-size=\"sm\"><strong data-start=\"731\" data-end=\"749\">Wellenbewegung<\/strong><\/td>\n<td data-start=\"750\" data-end=\"790\" data-col-size=\"md\">\u00b1 45\u00b0 Schwenk \u00fcber eingebauten Motor<\/td>\n<\/tr>\n<tr data-start=\"791\" data-end=\"839\">\n<td data-start=\"791\" data-end=\"808\" data-col-size=\"sm\"><strong data-start=\"793\" data-end=\"807\">Brennstoff<\/strong><\/td>\n<td data-start=\"808\" data-end=\"839\" data-col-size=\"md\">Isopropanl \/ Isoparaffin (L\/H)<\/td>\n<\/tr>\n<tr data-start=\"840\" data-end=\"879\">\n<td data-start=\"840\" data-end=\"859\" data-col-size=\"sm\"><strong data-start=\"842\" data-end=\"858\">Arbeitsdruck<\/strong><\/td>\n<td data-start=\"859\" data-end=\"879\" data-col-size=\"md\">ca. 8 bis 10 bar<\/td>\n<\/tr>\n<tr data-start=\"880\" data-end=\"978\">\n<td data-start=\"880\" data-end=\"908\" data-col-size=\"sm\"><strong data-start=\"882\" data-end=\"907\">Sicherheitsfunktionen<\/strong><\/td>\n<td data-col-size=\"md\" data-start=\"908\" data-end=\"978\">\u00dcberwachung der Flamme, Abschaltung bei Ausfall, E-Stop-Anschl\u00fcsse<\/td>\n<\/tr>\n<tr data-start=\"979\" data-end=\"1043\">\n<td data-start=\"979\" data-end=\"1016\" data-col-size=\"sm\"><strong data-start=\"981\" data-end=\"1015\">Versorgungsspannung \/ Leistung<\/strong><\/td>\n<td data-start=\"1016\" data-end=\"1043\" data-col-size=\"md\">100\u2013240 V AC, ca. 200 W<\/td>\n<\/tr>\n<tr data-start=\"1044\" data-end=\"1110\">\n<td data-start=\"1044\" data-end=\"1069\" data-col-size=\"sm\"><strong data-start=\"1046\" data-end=\"1068\">Material \/ Geh\u00e4use<\/strong><\/td>\n<td data-start=\"1069\" data-end=\"1110\" data-col-size=\"md\">Edelstahl \/ hitzebest\u00e4ndiges Material<\/td>\n<\/tr>\n<tr data-start=\"1111\" data-end=\"1143\">\n<td data-start=\"1111\" data-end=\"1125\" data-col-size=\"sm\"><\/td>\n<td data-col-size=\"md\" data-start=\"1125\" data-end=\"1143\"><\/td>\n<\/tr>\n<tr data-start=\"1144\" data-end=\"1200\">\n<td data-start=\"1144\" data-end=\"1174\" data-col-size=\"sm\"><strong data-start=\"1146\" data-end=\"1173\">Abmessungen (B \u00d7 T \u00d7 H)<\/strong><\/td>\n<td data-start=\"1174\" data-end=\"1200\" data-col-size=\"md\">ca. 320 \u00d7 320 \u00d7 380 mm<\/td>\n<\/tr>\n<tr data-start=\"1201\" data-end=\"1228\">\n<td data-start=\"1201\" data-end=\"1215\" data-col-size=\"sm\"><strong data-start=\"1203\" data-end=\"1214\">Gewicht<\/strong><\/td>\n<td data-start=\"1215\" data-end=\"1228\" data-col-size=\"md\">ca. 14 kg<\/td>\n<\/tr>\n<tr data-start=\"1229\" data-end=\"1280\">\n<td data-start=\"1229\" data-end=\"1248\" data-col-size=\"sm\"><strong data-start=\"1231\" data-end=\"1247\">Schutzklasse<\/strong><\/td>\n<td data-col-size=\"md\" data-start=\"1248\" data-end=\"1280\">IP54 (spritzwassergesch\u00fctzt)<\/td>\n<\/tr>\n<tr data-start=\"1281\" data-end=\"1364\">\n<td data-start=\"1281\" data-end=\"1302\" data-col-size=\"sm\"><strong data-start=\"1283\" data-end=\"1301\">Einsatzbereich<\/strong><\/td>\n<td data-start=\"1302\" data-end=\"1364\" data-col-size=\"md\">Indoor \/ Outdoor (wettergesch\u00fctzt, aber kein Regenbetrieb)<\/td>\n<\/tr>\n<\/tbody>\n<\/table>\n<\/div>\n<\/div>\n","protected":false},"excerpt":{"rendered":"<p>4 vorr\u00e4tig<\/p>\n","protected":false},"featured_media":518,"template":"","meta":[],"product_brand":[],"product_cat":[45,44],"product_tag":[],"class_list":{"0":"post-511","1":"product","2":"type-product","3":"status-publish","4":"has-post-thumbnail","6":"product_cat-feuer","7":"product_cat-special-fx","9":"first","10":"instock","11":"taxable","12":"shipping-taxable","13":"purchasable","14":"product-type-simple"},"_links":{"self":[{"href":"https:\/\/as-lightsound.de\/wordpress\/wp-json\/wp\/v2\/product\/511","targetHints":{"allow":["GET"]}}],"collection":[{"href":"https:\/\/as-lightsound.de\/wordpress\/wp-json\/wp\/v2\/product"}],"about":[{"href":"https:\/\/as-lightsound.de\/wordpress\/wp-json\/wp\/v2\/types\/product"}],"wp:featuredmedia":[{"embeddable":true,"href":"https:\/\/as-lightsound.de\/wordpress\/wp-json\/wp\/v2\/media\/518"}],"wp:attachment":[{"href":"https:\/\/as-lightsound.de\/wordpress\/wp-json\/wp\/v2\/media?parent=511"}],"wp:term":[{"taxonomy":"product_brand","embeddable":true,"href":"https:\/\/as-lightsound.de\/wordpress\/wp-json\/wp\/v2\/product_brand?post=511"},{"taxonomy":"product_cat","embeddable":true,"href":"https:\/\/as-lightsound.de\/wordpress\/wp-json\/wp\/v2\/product_cat?post=511"},{"taxonomy":"product_tag","embeddable":true,"href":"https:\/\/as-lightsound.de\/wordpress\/wp-json\/wp\/v2\/product_tag?post=511"}],"curies":[{"name":"wp","href":"https:\/\/api.w.org\/{rel}","templated":true}]}}