{"id":490,"date":"2021-05-10T17:50:09","date_gmt":"2021-05-10T15:50:09","guid":{"rendered":"https:\/\/as-lightsound.de\/wordpress\/?post_type=product&#038;p=490"},"modified":"2025-10-09T09:21:37","modified_gmt":"2025-10-09T07:21:37","slug":"fantek-t-105-traversenlift","status":"publish","type":"product","link":"https:\/\/as-lightsound.de\/wordpress\/product\/fantek-t-105-traversenlift\/","title":{"rendered":"Fantek T-105 Traversenlift"},"content":{"rendered":"<p data-start=\"37\" data-end=\"314\">Der <strong data-start=\"41\" data-end=\"57\">Fantek T-105<\/strong> ist ein teleskopischer Traversenlift, der sich f\u00fcr den vertikalen Ausbau von Licht-, Ton- oder Strukturelementen eignet. Er bietet kompakte Ma\u00dfe im eingefahrenen Zustand und eine solide Traglast f\u00fcr professionelle Eins\u00e4tze in Event- und B\u00fchnenumgebungen.<\/p>\n<hr data-start=\"316\" data-end=\"319\" \/>\n<h3 data-start=\"321\" data-end=\"354\">Technische Daten (Tech Specs)<\/h3>\n<div class=\"_tableContainer_1rjym_1\">\n<div class=\"group _tableWrapper_1rjym_13 flex w-fit flex-col-reverse\" tabindex=\"-1\">\n<table class=\"w-fit min-w-(--thread-content-width)\" data-start=\"356\" data-end=\"1275\">\n<thead data-start=\"356\" data-end=\"374\">\n<tr data-start=\"356\" data-end=\"374\">\n<th data-start=\"356\" data-end=\"366\" data-col-size=\"sm\">Merkmal<\/th>\n<th data-start=\"366\" data-end=\"374\" data-col-size=\"md\">Wert<\/th>\n<\/tr>\n<\/thead>\n<tbody data-start=\"385\" data-end=\"1275\">\n<tr data-start=\"385\" data-end=\"414\">\n<td data-start=\"385\" data-end=\"398\" data-col-size=\"sm\"><strong data-start=\"387\" data-end=\"397\">Modell<\/strong><\/td>\n<td data-col-size=\"md\" data-start=\"398\" data-end=\"414\">Fantek T-105<\/td>\n<\/tr>\n<tr data-start=\"415\" data-end=\"452\">\n<td data-start=\"415\" data-end=\"441\" data-col-size=\"sm\"><strong data-start=\"417\" data-end=\"440\">Abschnitte \/ Stufen<\/strong><\/td>\n<td data-start=\"441\" data-end=\"452\" data-col-size=\"md\">4 Teile<\/td>\n<\/tr>\n<tr data-start=\"453\" data-end=\"483\">\n<td data-start=\"453\" data-end=\"473\" data-col-size=\"sm\"><strong data-start=\"455\" data-end=\"472\">Maximale H\u00f6he<\/strong><\/td>\n<td data-start=\"473\" data-end=\"483\" data-col-size=\"md\">5,30 m<\/td>\n<\/tr>\n<tr data-start=\"484\" data-end=\"528\">\n<td data-start=\"484\" data-end=\"518\" data-col-size=\"sm\"><strong data-start=\"486\" data-end=\"517\">Minimale H\u00f6he (eingefahren)<\/strong><\/td>\n<td data-col-size=\"md\" data-start=\"518\" data-end=\"528\">1,74 m<\/td>\n<\/tr>\n<tr data-start=\"529\" data-end=\"560\">\n<td data-start=\"529\" data-end=\"550\" data-col-size=\"sm\"><strong data-start=\"531\" data-end=\"549\">Traglast (SWL)<\/strong><\/td>\n<td data-start=\"550\" data-end=\"560\" data-col-size=\"md\">225 kg<\/td>\n<\/tr>\n<tr data-start=\"561\" data-end=\"616\">\n<td data-start=\"561\" data-end=\"607\" data-col-size=\"sm\"><strong data-start=\"563\" data-end=\"606\">Mindestlast (f\u00fcr sichere Bremsfunktion)<\/strong><\/td>\n<td data-col-size=\"md\" data-start=\"607\" data-end=\"616\">25 kg<\/td>\n<\/tr>\n<tr data-start=\"617\" data-end=\"671\">\n<td data-start=\"617\" data-end=\"648\" data-col-size=\"sm\"><strong data-start=\"619\" data-end=\"647\">Aufstandsfl\u00e4che ge\u00f6ffnet<\/strong><\/td>\n<td data-start=\"648\" data-end=\"671\" data-col-size=\"md\">ca. 2,10 m \u00d7 2,10 m<\/td>\n<\/tr>\n<tr data-start=\"672\" data-end=\"729\">\n<td data-start=\"672\" data-end=\"706\" data-col-size=\"sm\"><strong data-start=\"674\" data-end=\"705\">Aufstandsfl\u00e4che eingefahren<\/strong><\/td>\n<td data-start=\"706\" data-end=\"729\" data-col-size=\"md\">ca. 0,46 m \u00d7 0,46 m<\/td>\n<\/tr>\n<tr data-start=\"730\" data-end=\"773\">\n<td data-start=\"730\" data-end=\"760\" data-col-size=\"sm\"><strong data-start=\"732\" data-end=\"759\">Eigengewicht (komplett)<\/strong><\/td>\n<td data-col-size=\"md\" data-start=\"760\" data-end=\"773\">ca. 90 kg<\/td>\n<\/tr>\n<tr data-start=\"774\" data-end=\"810\">\n<td data-start=\"774\" data-end=\"789\" data-col-size=\"sm\"><strong data-start=\"776\" data-end=\"788\">Material<\/strong><\/td>\n<td data-start=\"789\" data-end=\"810\" data-col-size=\"md\">Stahlkonstruktion<\/td>\n<\/tr>\n<tr data-start=\"811\" data-end=\"872\">\n<td data-start=\"811\" data-end=\"833\" data-col-size=\"sm\"><strong data-start=\"813\" data-end=\"832\">Winde \/ Antrieb<\/strong><\/td>\n<td data-start=\"833\" data-end=\"872\" data-col-size=\"md\">Handwinde ALKO 901 (mit Lastbremse)<\/td>\n<\/tr>\n<tr data-start=\"873\" data-end=\"912\">\n<td data-start=\"873\" data-end=\"892\" data-col-size=\"sm\"><strong data-start=\"875\" data-end=\"891\">Kabel \/ Seil<\/strong><\/td>\n<td data-start=\"892\" data-end=\"912\" data-col-size=\"md\">Stahlseil \u00d8 6 mm<\/td>\n<\/tr>\n<tr data-start=\"913\" data-end=\"999\">\n<td data-start=\"913\" data-end=\"941\" data-col-size=\"sm\"><strong data-start=\"915\" data-end=\"940\">Sicherungsmechanismen<\/strong><\/td>\n<td data-start=\"941\" data-end=\"999\" data-col-size=\"md\">Automatische Profilarretierung durch Sicherungstrigger<\/td>\n<\/tr>\n<tr data-start=\"1000\" data-end=\"1095\">\n<td data-start=\"1000\" data-end=\"1017\" data-col-size=\"sm\"><strong data-start=\"1002\" data-end=\"1016\">Justierung<\/strong><\/td>\n<td data-start=\"1017\" data-end=\"1095\" data-col-size=\"md\">R\u00e4ndelschraube und Nylon-Dorn zur Beseitigung von Spiel zwi\u00adschen Profilen<\/td>\n<\/tr>\n<tr data-start=\"1096\" data-end=\"1178\">\n<td data-start=\"1096\" data-end=\"1128\" data-col-size=\"sm\"><strong data-start=\"1098\" data-end=\"1127\">Stabilisierung \/ Ausleger<\/strong><\/td>\n<td data-start=\"1128\" data-end=\"1178\" data-col-size=\"md\">Beinstabilisatoren mit rutschfesten Gummif\u00fc\u00dfen<\/td>\n<\/tr>\n<tr data-start=\"1179\" data-end=\"1275\">\n<td data-start=\"1179\" data-end=\"1217\" data-col-size=\"sm\"><strong data-start=\"1181\" data-end=\"1216\">Zustandslast &amp; Zertifizierungen<\/strong><\/td>\n<td data-col-size=\"md\" data-start=\"1217\" data-end=\"1275\">gepr\u00fcft gem\u00e4\u00df DIN 15020 und BGV C1 (GS-Zertifizierung)<\/td>\n<\/tr>\n<\/tbody>\n<\/table>\n<\/div>\n<\/div>\n","protected":false},"excerpt":{"rendered":"<p>2 vorr\u00e4tig<\/p>\n","protected":false},"featured_media":491,"template":"","meta":[],"product_brand":[],"product_cat":[43],"product_tag":[],"class_list":{"0":"post-490","1":"product","2":"type-product","3":"status-publish","4":"has-post-thumbnail","6":"product_cat-lifte","8":"first","9":"instock","10":"taxable","11":"shipping-taxable","12":"purchasable","13":"product-type-simple"},"_links":{"self":[{"href":"https:\/\/as-lightsound.de\/wordpress\/wp-json\/wp\/v2\/product\/490","targetHints":{"allow":["GET"]}}],"collection":[{"href":"https:\/\/as-lightsound.de\/wordpress\/wp-json\/wp\/v2\/product"}],"about":[{"href":"https:\/\/as-lightsound.de\/wordpress\/wp-json\/wp\/v2\/types\/product"}],"wp:featuredmedia":[{"embeddable":true,"href":"https:\/\/as-lightsound.de\/wordpress\/wp-json\/wp\/v2\/media\/491"}],"wp:attachment":[{"href":"https:\/\/as-lightsound.de\/wordpress\/wp-json\/wp\/v2\/media?parent=490"}],"wp:term":[{"taxonomy":"product_brand","embeddable":true,"href":"https:\/\/as-lightsound.de\/wordpress\/wp-json\/wp\/v2\/product_brand?post=490"},{"taxonomy":"product_cat","embeddable":true,"href":"https:\/\/as-lightsound.de\/wordpress\/wp-json\/wp\/v2\/product_cat?post=490"},{"taxonomy":"product_tag","embeddable":true,"href":"https:\/\/as-lightsound.de\/wordpress\/wp-json\/wp\/v2\/product_tag?post=490"}],"curies":[{"name":"wp","href":"https:\/\/api.w.org\/{rel}","templated":true}]}}