{"id":483,"date":"2021-05-10T16:56:06","date_gmt":"2021-05-10T14:56:06","guid":{"rendered":"https:\/\/as-lightsound.de\/wordpress\/?post_type=product&#038;p=483"},"modified":"2022-01-04T16:15:19","modified_gmt":"2022-01-04T15:15:19","slug":"fantek-t-103-traversenlift","status":"publish","type":"product","link":"https:\/\/as-lightsound.de\/wordpress\/product\/fantek-t-103-traversenlift\/","title":{"rendered":"Fantek T-103 Traversenlift"},"content":{"rendered":"<ul>\n<li>Sektionen: 3<\/li>\n<li>Ausz\u00fcge: 2<\/li>\n<li>Material: Stahl<\/li>\n<li>H\u00f6he: 5.23m<\/li>\n<li>H\u00f6he: 1.78m<\/li>\n<li>Auflast: 150kg<\/li>\n<li>Auflast: 25kg<\/li>\n<li>Stellfl\u00e4che ge\u00f6ffnet:\u00a01,48 x 1,48m<\/li>\n<li>Stellfl\u00e4che geschlossen: 0,37 x 0,37m<\/li>\n<li>Eigengewicht: 42,5kg<\/li>\n<li>gepr\u00fcft gem\u00e4\u00df: DIN 56950 1\/3<\/li>\n<li>Winde: ALKO 501 (500kg)<\/li>\n<\/ul>\n","protected":false},"excerpt":{"rendered":"<p>2 vorr\u00e4tig<\/p>\n","protected":false},"featured_media":489,"template":"","meta":[],"product_brand":[],"product_cat":[43],"product_tag":[],"class_list":{"0":"post-483","1":"product","2":"type-product","3":"status-publish","4":"has-post-thumbnail","6":"product_cat-lifte","8":"first","9":"instock","10":"taxable","11":"shipping-taxable","12":"purchasable","13":"product-type-simple"},"_links":{"self":[{"href":"https:\/\/as-lightsound.de\/wordpress\/wp-json\/wp\/v2\/product\/483","targetHints":{"allow":["GET"]}}],"collection":[{"href":"https:\/\/as-lightsound.de\/wordpress\/wp-json\/wp\/v2\/product"}],"about":[{"href":"https:\/\/as-lightsound.de\/wordpress\/wp-json\/wp\/v2\/types\/product"}],"wp:featuredmedia":[{"embeddable":true,"href":"https:\/\/as-lightsound.de\/wordpress\/wp-json\/wp\/v2\/media\/489"}],"wp:attachment":[{"href":"https:\/\/as-lightsound.de\/wordpress\/wp-json\/wp\/v2\/media?parent=483"}],"wp:term":[{"taxonomy":"product_brand","embeddable":true,"href":"https:\/\/as-lightsound.de\/wordpress\/wp-json\/wp\/v2\/product_brand?post=483"},{"taxonomy":"product_cat","embeddable":true,"href":"https:\/\/as-lightsound.de\/wordpress\/wp-json\/wp\/v2\/product_cat?post=483"},{"taxonomy":"product_tag","embeddable":true,"href":"https:\/\/as-lightsound.de\/wordpress\/wp-json\/wp\/v2\/product_tag?post=483"}],"curies":[{"name":"wp","href":"https:\/\/api.w.org\/{rel}","templated":true}]}}