{"id":415,"date":"2021-05-05T16:51:43","date_gmt":"2021-05-05T14:51:43","guid":{"rendered":"https:\/\/as-lightsound.de\/wordpress\/?post_type=product&#038;p=415"},"modified":"2025-10-08T11:17:10","modified_gmt":"2025-10-08T09:17:10","slug":"pioneer-cdj-1000-mk-iii","status":"publish","type":"product","link":"https:\/\/as-lightsound.de\/wordpress\/product\/pioneer-cdj-1000-mk-iii\/","title":{"rendered":"Pioneer CDJ 1000 MK III"},"content":{"rendered":"<p data-start=\"84\" data-end=\"658\">Der <strong data-start=\"88\" data-end=\"111\">Pioneer CDJ-1000MK3<\/strong> ist ein professioneller CD-Player, der f\u00fcr pr\u00e4zises Mixing und authentisches Vinyl-Feeling entwickelt wurde. Er bietet hervorragende Klangqualit\u00e4t, schnelle Ladezeiten und eine intuitive Bedienoberfl\u00e4che, die weltweit in Clubs und auf B\u00fchnen gesch\u00e4tzt wird. Das gro\u00dfe Jog Wheel mit anpassbarer Empfindlichkeit, der hochaufl\u00f6sende Wave-Display-Screen und die Hot Cue-Funktion erm\u00f6glichen kreative Mix- und Performance-Techniken. Mit robuster Verarbeitung und zuverl\u00e4ssiger Technik ist der CDJ-1000MK3 ein Klassiker im professionellen DJ-Bereich.<\/p>\n<hr data-start=\"660\" data-end=\"663\" \/>\n<h3 data-start=\"665\" data-end=\"698\">Technische Daten (Tech Specs)<\/h3>\n<div class=\"_tableContainer_1rjym_1\">\n<div class=\"group _tableWrapper_1rjym_13 flex w-fit flex-col-reverse\" tabindex=\"-1\">\n<table class=\"w-fit min-w-(--thread-content-width)\" data-start=\"700\" data-end=\"1705\">\n<thead data-start=\"700\" data-end=\"718\">\n<tr data-start=\"700\" data-end=\"718\">\n<th data-start=\"700\" data-end=\"710\" data-col-size=\"sm\">Merkmal<\/th>\n<th data-start=\"710\" data-end=\"718\" data-col-size=\"md\">Wert<\/th>\n<\/tr>\n<\/thead>\n<tbody data-start=\"739\" data-end=\"1705\">\n<tr data-start=\"739\" data-end=\"775\">\n<td data-start=\"739\" data-end=\"752\" data-col-size=\"sm\"><strong data-start=\"741\" data-end=\"751\">Modell<\/strong><\/td>\n<td data-start=\"752\" data-end=\"775\" data-col-size=\"md\">Pioneer CDJ-1000MK3<\/td>\n<\/tr>\n<tr data-start=\"776\" data-end=\"827\">\n<td data-start=\"776\" data-end=\"786\" data-col-size=\"sm\"><strong data-start=\"778\" data-end=\"785\">Typ<\/strong><\/td>\n<td data-start=\"786\" data-end=\"827\" data-col-size=\"md\">Professioneller CD\/MP3-Player f\u00fcr DJs<\/td>\n<\/tr>\n<tr data-start=\"828\" data-end=\"881\">\n<td data-start=\"828\" data-end=\"848\" data-col-size=\"sm\"><strong data-start=\"830\" data-end=\"847\">Medienformate<\/strong><\/td>\n<td data-start=\"848\" data-end=\"881\" data-col-size=\"md\">CD, CD-R, CD-RW (Audio \/ MP3)<\/td>\n<\/tr>\n<tr data-start=\"882\" data-end=\"940\">\n<td data-start=\"882\" data-end=\"896\" data-col-size=\"sm\"><strong data-start=\"884\" data-end=\"895\">Display<\/strong><\/td>\n<td data-start=\"896\" data-end=\"940\" data-col-size=\"md\">Hochaufl\u00f6sendes LCD mit Waveform-Anzeige<\/td>\n<\/tr>\n<tr data-start=\"941\" data-end=\"1021\">\n<td data-start=\"941\" data-end=\"957\" data-col-size=\"sm\"><strong data-start=\"943\" data-end=\"956\">Jog Wheel<\/strong><\/td>\n<td data-start=\"957\" data-end=\"1021\" data-col-size=\"md\">206 mm Aluminium-Jog Wheel mit einstellbarer Empfindlichkeit<\/td>\n<\/tr>\n<tr data-start=\"1022\" data-end=\"1080\">\n<td data-start=\"1022\" data-end=\"1037\" data-col-size=\"sm\"><strong data-start=\"1024\" data-end=\"1036\">Hot Cues<\/strong><\/td>\n<td data-start=\"1037\" data-end=\"1080\" data-col-size=\"md\">3 Hot Cue\/Loop-Speicherpl\u00e4tze (A, B, C)<\/td>\n<\/tr>\n<tr data-start=\"1081\" data-end=\"1137\">\n<td data-start=\"1081\" data-end=\"1107\" data-col-size=\"sm\"><strong data-start=\"1083\" data-end=\"1106\">Pitch-Fader-Bereich<\/strong><\/td>\n<td data-start=\"1107\" data-end=\"1137\" data-col-size=\"md\">\u00b16 %, \u00b110 %, \u00b116 %, \u00b1100 %<\/td>\n<\/tr>\n<tr data-start=\"1138\" data-end=\"1212\">\n<td data-start=\"1138\" data-end=\"1155\" data-col-size=\"sm\"><strong data-start=\"1140\" data-end=\"1154\">Tempo Lock<\/strong><\/td>\n<td data-start=\"1155\" data-end=\"1212\" data-col-size=\"md\">Master Tempo zur Tonh\u00f6henerhaltung bei Pitch-\u00c4nderung<\/td>\n<\/tr>\n<tr data-start=\"1213\" data-end=\"1281\">\n<td data-start=\"1213\" data-end=\"1234\" data-col-size=\"sm\"><strong data-start=\"1215\" data-end=\"1233\">Suchfunktionen<\/strong><\/td>\n<td data-start=\"1234\" data-end=\"1281\" data-col-size=\"md\">Cue\/Loop-Memory, Track Search, Wave Display<\/td>\n<\/tr>\n<tr data-start=\"1282\" data-end=\"1343\">\n<td data-start=\"1282\" data-end=\"1304\" data-col-size=\"sm\"><strong data-start=\"1284\" data-end=\"1303\">Loop-Funktionen<\/strong><\/td>\n<td data-start=\"1304\" data-end=\"1343\" data-col-size=\"md\">Auto Beat Loop, Manual Loop, Reloop<\/td>\n<\/tr>\n<tr data-start=\"1344\" data-end=\"1400\">\n<td data-start=\"1344\" data-end=\"1364\" data-col-size=\"sm\"><strong data-start=\"1346\" data-end=\"1363\">Audioausg\u00e4nge<\/strong><\/td>\n<td data-start=\"1364\" data-end=\"1400\" data-col-size=\"md\">Analog (Cinch) \/ Digital (SPDIF)<\/td>\n<\/tr>\n<tr data-start=\"1401\" data-end=\"1437\">\n<td data-start=\"1401\" data-end=\"1420\" data-col-size=\"sm\"><strong data-start=\"1403\" data-end=\"1419\">Frequenzgang<\/strong><\/td>\n<td data-start=\"1420\" data-end=\"1437\" data-col-size=\"md\">4 Hz \u2013 20 kHz<\/td>\n<\/tr>\n<tr data-start=\"1438\" data-end=\"1476\">\n<td data-start=\"1438\" data-end=\"1466\" data-col-size=\"sm\"><strong data-start=\"1440\" data-end=\"1465\">Signal-Rausch-Abstand<\/strong><\/td>\n<td data-start=\"1466\" data-end=\"1476\" data-col-size=\"md\">115 dB<\/td>\n<\/tr>\n<tr data-start=\"1477\" data-end=\"1512\">\n<td data-start=\"1477\" data-end=\"1501\" data-col-size=\"sm\"><strong data-start=\"1479\" data-end=\"1500\">Klirrfaktor (THD)<\/strong><\/td>\n<td data-start=\"1501\" data-end=\"1512\" data-col-size=\"md\">0,006 %<\/td>\n<\/tr>\n<tr data-start=\"1513\" data-end=\"1561\">\n<td data-start=\"1513\" data-end=\"1535\" data-col-size=\"sm\"><strong data-start=\"1515\" data-end=\"1534\">Stromversorgung<\/strong><\/td>\n<td data-start=\"1535\" data-end=\"1561\" data-col-size=\"md\">220\u2013240 V AC, 50\/60 Hz<\/td>\n<\/tr>\n<tr data-start=\"1562\" data-end=\"1594\">\n<td data-start=\"1562\" data-end=\"1586\" data-col-size=\"sm\"><strong data-start=\"1564\" data-end=\"1585\">Leistungsaufnahme<\/strong><\/td>\n<td data-start=\"1586\" data-end=\"1594\" data-col-size=\"md\">28 W<\/td>\n<\/tr>\n<tr data-start=\"1595\" data-end=\"1647\">\n<td data-start=\"1595\" data-end=\"1625\" data-col-size=\"sm\"><strong data-start=\"1597\" data-end=\"1624\">Abmessungen (B \u00d7 H \u00d7 T)<\/strong><\/td>\n<td data-start=\"1625\" data-end=\"1647\" data-col-size=\"md\">320 \u00d7 108 \u00d7 370 mm<\/td>\n<\/tr>\n<tr data-start=\"1648\" data-end=\"1672\">\n<td data-start=\"1648\" data-end=\"1662\" data-col-size=\"sm\"><strong data-start=\"1650\" data-end=\"1661\">Gewicht<\/strong><\/td>\n<td data-start=\"1662\" data-end=\"1672\" data-col-size=\"md\">4,2 kg<\/td>\n<\/tr>\n<tr data-start=\"1673\" data-end=\"1705\">\n<td data-start=\"1673\" data-end=\"1694\" data-col-size=\"sm\"><strong data-start=\"1675\" data-end=\"1693\">Farbe \/ Finish<\/strong><\/td>\n<td data-start=\"1694\" data-end=\"1705\" data-col-size=\"md\">Schwarz<\/td>\n<\/tr>\n<\/tbody>\n<\/table>\n<\/div>\n<\/div>\n","protected":false},"excerpt":{"rendered":"<p>2 vorr\u00e4tig<\/p>\n","protected":false},"featured_media":416,"template":"","meta":[],"product_brand":[],"product_cat":[37],"product_tag":[],"class_list":{"0":"post-415","1":"product","2":"type-product","3":"status-publish","4":"has-post-thumbnail","6":"product_cat-dj-gear","8":"first","9":"instock","10":"taxable","11":"shipping-taxable","12":"purchasable","13":"product-type-simple"},"_links":{"self":[{"href":"https:\/\/as-lightsound.de\/wordpress\/wp-json\/wp\/v2\/product\/415","targetHints":{"allow":["GET"]}}],"collection":[{"href":"https:\/\/as-lightsound.de\/wordpress\/wp-json\/wp\/v2\/product"}],"about":[{"href":"https:\/\/as-lightsound.de\/wordpress\/wp-json\/wp\/v2\/types\/product"}],"wp:featuredmedia":[{"embeddable":true,"href":"https:\/\/as-lightsound.de\/wordpress\/wp-json\/wp\/v2\/media\/416"}],"wp:attachment":[{"href":"https:\/\/as-lightsound.de\/wordpress\/wp-json\/wp\/v2\/media?parent=415"}],"wp:term":[{"taxonomy":"product_brand","embeddable":true,"href":"https:\/\/as-lightsound.de\/wordpress\/wp-json\/wp\/v2\/product_brand?post=415"},{"taxonomy":"product_cat","embeddable":true,"href":"https:\/\/as-lightsound.de\/wordpress\/wp-json\/wp\/v2\/product_cat?post=415"},{"taxonomy":"product_tag","embeddable":true,"href":"https:\/\/as-lightsound.de\/wordpress\/wp-json\/wp\/v2\/product_tag?post=415"}],"curies":[{"name":"wp","href":"https:\/\/api.w.org\/{rel}","templated":true}]}}