{"id":413,"date":"2021-05-05T16:50:37","date_gmt":"2021-05-05T14:50:37","guid":{"rendered":"https:\/\/as-lightsound.de\/wordpress\/?post_type=product&#038;p=413"},"modified":"2025-10-08T11:17:36","modified_gmt":"2025-10-08T09:17:36","slug":"pioneer-djm-nxs-900","status":"publish","type":"product","link":"https:\/\/as-lightsound.de\/wordpress\/product\/pioneer-djm-nxs-900\/","title":{"rendered":"Pioneer DJM NXS 900"},"content":{"rendered":"<p data-start=\"106\" data-end=\"655\">Der <strong data-start=\"110\" data-end=\"132\">Pioneer DJM-900NXS<\/strong> ist ein professioneller Clubmixer f\u00fcr den anspruchsvollen DJ-Einsatz. Mit seiner integrierten Soundkarte, hochwertigen 32-Bit-Wandlern und umfassenden Effektfunktionen bietet er maximale Flexibilit\u00e4t f\u00fcr kreative Performances. Die robuste Verarbeitung, die pr\u00e4zisen Fader und die intuitive Bedienung machen ihn zum Standardmixer in internationalen Clubs und auf Festivals. Durch die nahtlose Integration mit CDJ-Playern und DJ-Software ist der DJM-900NXS sowohl f\u00fcr traditionelle als auch digitale Setups ideal geeignet.<\/p>\n<hr data-start=\"657\" data-end=\"660\" \/>\n<h3 data-start=\"662\" data-end=\"695\">Technische Daten (Tech Specs)<\/h3>\n<div class=\"_tableContainer_1rjym_1\">\n<div class=\"group _tableWrapper_1rjym_13 flex w-fit flex-col-reverse\" tabindex=\"-1\">\n<table class=\"w-fit min-w-(--thread-content-width)\" data-start=\"697\" data-end=\"1870\">\n<thead data-start=\"697\" data-end=\"715\">\n<tr data-start=\"697\" data-end=\"715\">\n<th data-start=\"697\" data-end=\"707\" data-col-size=\"sm\">Merkmal<\/th>\n<th data-start=\"707\" data-end=\"715\" data-col-size=\"md\">Wert<\/th>\n<\/tr>\n<\/thead>\n<tbody data-start=\"736\" data-end=\"1870\">\n<tr data-start=\"736\" data-end=\"771\">\n<td data-start=\"736\" data-end=\"749\" data-col-size=\"sm\"><strong data-start=\"738\" data-end=\"748\">Modell<\/strong><\/td>\n<td data-start=\"749\" data-end=\"771\" data-col-size=\"md\">Pioneer DJM-900NXS<\/td>\n<\/tr>\n<tr data-start=\"772\" data-end=\"818\">\n<td data-start=\"772\" data-end=\"782\" data-col-size=\"sm\"><strong data-start=\"774\" data-end=\"781\">Typ<\/strong><\/td>\n<td data-start=\"782\" data-end=\"818\" data-col-size=\"md\">Professioneller 4-Kanal-DJ-Mixer<\/td>\n<\/tr>\n<tr data-start=\"819\" data-end=\"853\">\n<td data-start=\"819\" data-end=\"832\" data-col-size=\"sm\"><strong data-start=\"821\" data-end=\"831\">Kan\u00e4le<\/strong><\/td>\n<td data-start=\"832\" data-end=\"853\" data-col-size=\"md\">4 + Mikrofonkanal<\/td>\n<\/tr>\n<tr data-start=\"854\" data-end=\"935\">\n<td data-start=\"854\" data-end=\"869\" data-col-size=\"sm\"><strong data-start=\"856\" data-end=\"868\">Eing\u00e4nge<\/strong><\/td>\n<td data-start=\"869\" data-end=\"935\" data-col-size=\"md\">4 \u00d7 Line (Cinch), 4 \u00d7 Phono (Cinch), 2 \u00d7 Mic (XLR\/Klinke), AUX<\/td>\n<\/tr>\n<tr data-start=\"936\" data-end=\"1037\">\n<td data-start=\"936\" data-end=\"951\" data-col-size=\"sm\"><strong data-start=\"938\" data-end=\"950\">Ausg\u00e4nge<\/strong><\/td>\n<td data-start=\"951\" data-end=\"1037\" data-col-size=\"md\">Master Out 1 (XLR), Master Out 2 (Cinch), Booth Out (Klinke), Rec Out, Digital Out<\/td>\n<\/tr>\n<tr data-start=\"1038\" data-end=\"1103\">\n<td data-start=\"1038\" data-end=\"1064\" data-col-size=\"sm\"><strong data-start=\"1040\" data-end=\"1063\">Digitales Interface<\/strong><\/td>\n<td data-start=\"1064\" data-end=\"1103\" data-col-size=\"md\">24-Bit \/ 96-kHz USB Audio Interface<\/td>\n<\/tr>\n<tr data-start=\"1104\" data-end=\"1203\">\n<td data-start=\"1104\" data-end=\"1128\" data-col-size=\"sm\"><strong data-start=\"1106\" data-end=\"1127\">Effekte (Beat FX)<\/strong><\/td>\n<td data-start=\"1128\" data-end=\"1203\" data-col-size=\"md\">Delay, Echo, Spiral, Reverb, Flanger, Roll, Filter, Phaser, Trans, etc.<\/td>\n<\/tr>\n<tr data-start=\"1204\" data-end=\"1277\">\n<td data-start=\"1204\" data-end=\"1225\" data-col-size=\"sm\"><strong data-start=\"1206\" data-end=\"1224\">Sound Color FX<\/strong><\/td>\n<td data-start=\"1225\" data-end=\"1277\" data-col-size=\"md\">Space, Dub Echo, Gate\/Comp, Noise, Filter, Crush<\/td>\n<\/tr>\n<tr data-start=\"1278\" data-end=\"1326\">\n<td data-start=\"1278\" data-end=\"1287\" data-col-size=\"sm\"><strong data-start=\"1280\" data-end=\"1286\">EQ<\/strong><\/td>\n<td data-start=\"1287\" data-end=\"1326\" data-col-size=\"md\">3-Band pro Kanal (\u201326 dB bis +6 dB)<\/td>\n<\/tr>\n<tr data-start=\"1327\" data-end=\"1378\">\n<td data-start=\"1327\" data-end=\"1339\" data-col-size=\"sm\"><strong data-start=\"1329\" data-end=\"1338\">Fader<\/strong><\/td>\n<td data-start=\"1339\" data-end=\"1378\" data-col-size=\"md\">Channel Fader &amp; Crossfader (Magvel)<\/td>\n<\/tr>\n<tr data-start=\"1379\" data-end=\"1417\">\n<td data-start=\"1379\" data-end=\"1402\" data-col-size=\"sm\"><strong data-start=\"1381\" data-end=\"1401\">Crossfader-Kurve<\/strong><\/td>\n<td data-start=\"1402\" data-end=\"1417\" data-col-size=\"md\">Einstellbar<\/td>\n<\/tr>\n<tr data-start=\"1418\" data-end=\"1468\">\n<td data-start=\"1418\" data-end=\"1449\" data-col-size=\"sm\"><strong data-start=\"1420\" data-end=\"1448\">Samplingrate \/ Bit-Tiefe<\/strong><\/td>\n<td data-start=\"1449\" data-end=\"1468\" data-col-size=\"md\">96 kHz \/ 24 Bit<\/td>\n<\/tr>\n<tr data-start=\"1469\" data-end=\"1506\">\n<td data-start=\"1469\" data-end=\"1488\" data-col-size=\"sm\"><strong data-start=\"1471\" data-end=\"1487\">Frequenzgang<\/strong><\/td>\n<td data-start=\"1488\" data-end=\"1506\" data-col-size=\"md\">20 Hz \u2013 20 kHz<\/td>\n<\/tr>\n<tr data-start=\"1507\" data-end=\"1552\">\n<td data-start=\"1507\" data-end=\"1535\" data-col-size=\"sm\"><strong data-start=\"1509\" data-end=\"1534\">Signal-Rausch-Abstand<\/strong><\/td>\n<td data-start=\"1535\" data-end=\"1552\" data-col-size=\"md\">107 dB (Line)<\/td>\n<\/tr>\n<tr data-start=\"1553\" data-end=\"1588\">\n<td data-start=\"1553\" data-end=\"1577\" data-col-size=\"sm\"><strong data-start=\"1555\" data-end=\"1576\">THD (Klirrfaktor)<\/strong><\/td>\n<td data-start=\"1577\" data-end=\"1588\" data-col-size=\"md\">0,004 %<\/td>\n<\/tr>\n<tr data-start=\"1589\" data-end=\"1638\">\n<td data-start=\"1589\" data-end=\"1614\" data-col-size=\"sm\"><strong data-start=\"1591\" data-end=\"1613\">Kopfh\u00f6reranschluss<\/strong><\/td>\n<td data-start=\"1614\" data-end=\"1638\" data-col-size=\"md\">6,3 mm Stereo-Klinke<\/td>\n<\/tr>\n<tr data-start=\"1639\" data-end=\"1689\">\n<td data-start=\"1639\" data-end=\"1659\" data-col-size=\"sm\"><strong data-start=\"1641\" data-end=\"1658\">USB-Anschluss<\/strong><\/td>\n<td data-start=\"1659\" data-end=\"1689\" data-col-size=\"md\">1 \u00d7 USB Typ-B (f\u00fcr PC\/Mac)<\/td>\n<\/tr>\n<tr data-start=\"1690\" data-end=\"1734\">\n<td data-start=\"1690\" data-end=\"1710\" data-col-size=\"sm\"><strong data-start=\"1692\" data-end=\"1709\">Netzanschluss<\/strong><\/td>\n<td data-start=\"1710\" data-end=\"1734\" data-col-size=\"md\">IEC-Kaltger\u00e4tebuchse<\/td>\n<\/tr>\n<tr data-start=\"1735\" data-end=\"1787\">\n<td data-start=\"1735\" data-end=\"1765\" data-col-size=\"sm\"><strong data-start=\"1737\" data-end=\"1764\">Abmessungen (B \u00d7 H \u00d7 T)<\/strong><\/td>\n<td data-start=\"1765\" data-end=\"1787\" data-col-size=\"md\">333 \u00d7 107 \u00d7 414 mm<\/td>\n<\/tr>\n<tr data-start=\"1788\" data-end=\"1812\">\n<td data-start=\"1788\" data-end=\"1802\" data-col-size=\"sm\"><strong data-start=\"1790\" data-end=\"1801\">Gewicht<\/strong><\/td>\n<td data-start=\"1802\" data-end=\"1812\" data-col-size=\"md\">7,4 kg<\/td>\n<\/tr>\n<tr data-start=\"1813\" data-end=\"1870\">\n<td data-start=\"1813\" data-end=\"1834\" data-col-size=\"sm\"><strong data-start=\"1815\" data-end=\"1833\">Farbe \/ Finish<\/strong><\/td>\n<td data-start=\"1834\" data-end=\"1870\" data-col-size=\"md\">Schwarz mit Aluminium-Frontpanel<\/td>\n<\/tr>\n<\/tbody>\n<\/table>\n<\/div>\n<\/div>\n","protected":false},"excerpt":{"rendered":"<p>2 vorr\u00e4tig<\/p>\n","protected":false},"featured_media":414,"template":"","meta":[],"product_brand":[],"product_cat":[37],"product_tag":[],"class_list":{"0":"post-413","1":"product","2":"type-product","3":"status-publish","4":"has-post-thumbnail","6":"product_cat-dj-gear","8":"first","9":"instock","10":"taxable","11":"shipping-taxable","12":"purchasable","13":"product-type-simple"},"_links":{"self":[{"href":"https:\/\/as-lightsound.de\/wordpress\/wp-json\/wp\/v2\/product\/413","targetHints":{"allow":["GET"]}}],"collection":[{"href":"https:\/\/as-lightsound.de\/wordpress\/wp-json\/wp\/v2\/product"}],"about":[{"href":"https:\/\/as-lightsound.de\/wordpress\/wp-json\/wp\/v2\/types\/product"}],"wp:featuredmedia":[{"embeddable":true,"href":"https:\/\/as-lightsound.de\/wordpress\/wp-json\/wp\/v2\/media\/414"}],"wp:attachment":[{"href":"https:\/\/as-lightsound.de\/wordpress\/wp-json\/wp\/v2\/media?parent=413"}],"wp:term":[{"taxonomy":"product_brand","embeddable":true,"href":"https:\/\/as-lightsound.de\/wordpress\/wp-json\/wp\/v2\/product_brand?post=413"},{"taxonomy":"product_cat","embeddable":true,"href":"https:\/\/as-lightsound.de\/wordpress\/wp-json\/wp\/v2\/product_cat?post=413"},{"taxonomy":"product_tag","embeddable":true,"href":"https:\/\/as-lightsound.de\/wordpress\/wp-json\/wp\/v2\/product_tag?post=413"}],"curies":[{"name":"wp","href":"https:\/\/api.w.org\/{rel}","templated":true}]}}