{"id":411,"date":"2021-05-05T16:49:22","date_gmt":"2021-05-05T14:49:22","guid":{"rendered":"https:\/\/as-lightsound.de\/wordpress\/?post_type=product&#038;p=411"},"modified":"2025-10-08T11:18:09","modified_gmt":"2025-10-08T09:18:09","slug":"pioneer-djm-2000-nxs","status":"publish","type":"product","link":"https:\/\/as-lightsound.de\/wordpress\/product\/pioneer-djm-2000-nxs\/","title":{"rendered":"Pioneer DJM 2000 NXS"},"content":{"rendered":"<p data-start=\"88\" data-end=\"703\">Der <strong data-start=\"92\" data-end=\"115\">Pioneer DJM-2000NXS<\/strong> ist ein professioneller 4-Kanal-DJ-Mixer der Spitzenklasse, konzipiert f\u00fcr den Einsatz in Clubs, auf gro\u00dfen B\u00fchnen und im Studio. Mit seiner leistungsstarken integrierten Soundkarte, dem 5,8\u2033-Multitouch-Display und den kreativen Effekten bietet er maximale Kontrolle \u00fcber Performance und Mixgestaltung. Die 32-Bit-D\/A-Wandler und das 96-kHz-Sampling sorgen f\u00fcr herausragende Audioqualit\u00e4t, w\u00e4hrend Pro DJ Link die nahtlose Verbindung mit bis zu vier CDJ-Playern erm\u00f6glicht. Der DJM-2000NXS kombiniert intuitive Bedienung mit h\u00f6chster technischer Pr\u00e4zision f\u00fcr professionelle Anspr\u00fcche.<\/p>\n<hr data-start=\"705\" data-end=\"708\" \/>\n<h3 data-start=\"710\" data-end=\"743\">Technische Daten (Tech Specs)<\/h3>\n<div class=\"_tableContainer_1rjym_1\">\n<div class=\"group _tableWrapper_1rjym_13 flex w-fit flex-col-reverse\" tabindex=\"-1\">\n<table class=\"w-fit min-w-(--thread-content-width)\" data-start=\"745\" data-end=\"2125\">\n<thead data-start=\"745\" data-end=\"763\">\n<tr data-start=\"745\" data-end=\"763\">\n<th data-start=\"745\" data-end=\"755\" data-col-size=\"sm\">Merkmal<\/th>\n<th data-start=\"755\" data-end=\"763\" data-col-size=\"md\">Wert<\/th>\n<\/tr>\n<\/thead>\n<tbody data-start=\"784\" data-end=\"2125\">\n<tr data-start=\"784\" data-end=\"820\">\n<td data-start=\"784\" data-end=\"797\" data-col-size=\"sm\"><strong data-start=\"786\" data-end=\"796\">Modell<\/strong><\/td>\n<td data-start=\"797\" data-end=\"820\" data-col-size=\"md\">Pioneer DJM-2000NXS<\/td>\n<\/tr>\n<tr data-start=\"821\" data-end=\"867\">\n<td data-start=\"821\" data-end=\"831\" data-col-size=\"sm\"><strong data-start=\"823\" data-end=\"830\">Typ<\/strong><\/td>\n<td data-start=\"831\" data-end=\"867\" data-col-size=\"md\">Professioneller 4-Kanal-DJ-Mixer<\/td>\n<\/tr>\n<tr data-start=\"868\" data-end=\"902\">\n<td data-start=\"868\" data-end=\"881\" data-col-size=\"sm\"><strong data-start=\"870\" data-end=\"880\">Kan\u00e4le<\/strong><\/td>\n<td data-start=\"881\" data-end=\"902\" data-col-size=\"md\">4 + Mikrofonkanal<\/td>\n<\/tr>\n<tr data-start=\"903\" data-end=\"959\">\n<td data-start=\"903\" data-end=\"917\" data-col-size=\"sm\"><strong data-start=\"905\" data-end=\"916\">Display<\/strong><\/td>\n<td data-start=\"917\" data-end=\"959\" data-col-size=\"md\">5,8\u2033 Vollfarb-Touchscreen (Multitouch)<\/td>\n<\/tr>\n<tr data-start=\"960\" data-end=\"1042\">\n<td data-start=\"960\" data-end=\"986\" data-col-size=\"sm\"><strong data-start=\"962\" data-end=\"985\">Digitales Interface<\/strong><\/td>\n<td data-start=\"986\" data-end=\"1042\" data-col-size=\"md\">4-Eingang \/ 4-Ausgang 24-Bit \/ 96-kHz Audiointerface<\/td>\n<\/tr>\n<tr data-start=\"1043\" data-end=\"1138\">\n<td data-start=\"1043\" data-end=\"1072\" data-col-size=\"sm\"><strong data-start=\"1045\" data-end=\"1071\">Effekte (Beat Effects)<\/strong><\/td>\n<td data-start=\"1072\" data-end=\"1138\" data-col-size=\"md\">Delay, Echo, Spiral, Reverb, Roll, Flanger, Trans, Filter u.a.<\/td>\n<\/tr>\n<tr data-start=\"1139\" data-end=\"1206\">\n<td data-start=\"1139\" data-end=\"1171\" data-col-size=\"sm\"><strong data-start=\"1141\" data-end=\"1170\">Inst FX (Instant Effects)<\/strong><\/td>\n<td data-start=\"1171\" data-end=\"1206\" data-col-size=\"md\">Filter, Noise, Crush, Gate\/Comp<\/td>\n<\/tr>\n<tr data-start=\"1207\" data-end=\"1290\">\n<td data-start=\"1207\" data-end=\"1227\" data-col-size=\"sm\"><strong data-start=\"1209\" data-end=\"1226\">Touch Effects<\/strong><\/td>\n<td data-start=\"1227\" data-end=\"1290\" data-col-size=\"md\">XY Pad auf Touchscreen f\u00fcr Live-Filter- und Remix-Steuerung<\/td>\n<\/tr>\n<tr data-start=\"1291\" data-end=\"1339\">\n<td data-start=\"1291\" data-end=\"1310\" data-col-size=\"sm\"><strong data-start=\"1293\" data-end=\"1309\">EQ pro Kanal<\/strong><\/td>\n<td data-start=\"1310\" data-end=\"1339\" data-col-size=\"md\">3-Band (\u201326 dB bis +6 dB)<\/td>\n<\/tr>\n<tr data-start=\"1340\" data-end=\"1397\">\n<td data-start=\"1340\" data-end=\"1357\" data-col-size=\"sm\"><strong data-start=\"1342\" data-end=\"1356\">Crossfader<\/strong><\/td>\n<td data-start=\"1357\" data-end=\"1397\" data-col-size=\"md\">Magvel Crossfader, Curve einstellbar<\/td>\n<\/tr>\n<tr data-start=\"1398\" data-end=\"1467\">\n<td data-start=\"1398\" data-end=\"1429\" data-col-size=\"sm\"><strong data-start=\"1400\" data-end=\"1428\">Sampler \/ Remix-Funktion<\/strong><\/td>\n<td data-start=\"1429\" data-end=\"1467\" data-col-size=\"md\">Live Sampler mit Echtzeitsteuerung<\/td>\n<\/tr>\n<tr data-start=\"1468\" data-end=\"1526\">\n<td data-start=\"1468\" data-end=\"1486\" data-col-size=\"sm\"><strong data-start=\"1470\" data-end=\"1485\">Pro DJ Link<\/strong><\/td>\n<td data-start=\"1486\" data-end=\"1526\" data-col-size=\"md\">Ja (LAN-Verbindung zu bis zu 4 CDJs)<\/td>\n<\/tr>\n<tr data-start=\"1527\" data-end=\"1614\">\n<td data-start=\"1527\" data-end=\"1553\" data-col-size=\"sm\"><strong data-start=\"1529\" data-end=\"1552\">Anschl\u00fcsse Eing\u00e4nge<\/strong><\/td>\n<td data-start=\"1553\" data-end=\"1614\" data-col-size=\"md\">4 \u00d7 Line (Cinch), 4 \u00d7 Phono (Cinch), 2 \u00d7 Mic (XLR\/Klinke)<\/td>\n<\/tr>\n<tr data-start=\"1615\" data-end=\"1727\">\n<td data-start=\"1615\" data-end=\"1641\" data-col-size=\"sm\"><strong data-start=\"1617\" data-end=\"1640\">Anschl\u00fcsse Ausg\u00e4nge<\/strong><\/td>\n<td data-start=\"1641\" data-end=\"1727\" data-col-size=\"md\">Master Out 1 (XLR), Master Out 2 (Cinch), Booth Out (Klinke), Rec Out, Digital Out<\/td>\n<\/tr>\n<tr data-start=\"1728\" data-end=\"1778\">\n<td data-start=\"1728\" data-end=\"1748\" data-col-size=\"sm\"><strong data-start=\"1730\" data-end=\"1747\">USB-Anschluss<\/strong><\/td>\n<td data-start=\"1748\" data-end=\"1778\" data-col-size=\"md\">1 \u00d7 USB Typ-B (f\u00fcr PC\/Mac)<\/td>\n<\/tr>\n<tr data-start=\"1779\" data-end=\"1826\">\n<td data-start=\"1779\" data-end=\"1802\" data-col-size=\"sm\"><strong data-start=\"1781\" data-end=\"1801\">Kopfh\u00f6rerausgang<\/strong><\/td>\n<td data-start=\"1802\" data-end=\"1826\" data-col-size=\"md\">6,3 mm Stereo-Klinke<\/td>\n<\/tr>\n<tr data-start=\"1827\" data-end=\"1864\">\n<td data-start=\"1827\" data-end=\"1846\" data-col-size=\"sm\"><strong data-start=\"1829\" data-end=\"1845\">Frequenzgang<\/strong><\/td>\n<td data-start=\"1846\" data-end=\"1864\" data-col-size=\"md\">20 Hz \u2013 20 kHz<\/td>\n<\/tr>\n<tr data-start=\"1865\" data-end=\"1903\">\n<td data-start=\"1865\" data-end=\"1893\" data-col-size=\"sm\"><strong data-start=\"1867\" data-end=\"1892\">Signal-Rausch-Abstand<\/strong><\/td>\n<td data-start=\"1893\" data-end=\"1903\" data-col-size=\"md\">106 dB<\/td>\n<\/tr>\n<tr data-start=\"1904\" data-end=\"1939\">\n<td data-start=\"1904\" data-end=\"1928\" data-col-size=\"sm\"><strong data-start=\"1906\" data-end=\"1927\">Klirrfaktor (THD)<\/strong><\/td>\n<td data-start=\"1928\" data-end=\"1939\" data-col-size=\"md\">0,004 %<\/td>\n<\/tr>\n<tr data-start=\"1940\" data-end=\"1984\">\n<td data-start=\"1940\" data-end=\"1960\" data-col-size=\"sm\"><strong data-start=\"1942\" data-end=\"1959\">Netzanschluss<\/strong><\/td>\n<td data-start=\"1960\" data-end=\"1984\" data-col-size=\"md\">IEC-Kaltger\u00e4tebuchse<\/td>\n<\/tr>\n<tr data-start=\"1985\" data-end=\"2037\">\n<td data-start=\"1985\" data-end=\"2015\" data-col-size=\"sm\"><strong data-start=\"1987\" data-end=\"2014\">Abmessungen (B \u00d7 H \u00d7 T)<\/strong><\/td>\n<td data-start=\"2015\" data-end=\"2037\" data-col-size=\"md\">430 \u00d7 107 \u00d7 414 mm<\/td>\n<\/tr>\n<tr data-start=\"2038\" data-end=\"2066\">\n<td data-start=\"2038\" data-end=\"2052\" data-col-size=\"sm\"><strong data-start=\"2040\" data-end=\"2051\">Gewicht<\/strong><\/td>\n<td data-start=\"2052\" data-end=\"2066\" data-col-size=\"md\">ca. 8,6 kg<\/td>\n<\/tr>\n<tr data-start=\"2067\" data-end=\"2125\">\n<td data-start=\"2067\" data-end=\"2088\" data-col-size=\"sm\"><strong data-start=\"2069\" data-end=\"2087\">Farbe \/ Finish<\/strong><\/td>\n<td data-start=\"2088\" data-end=\"2125\" data-col-size=\"md\">Schwarz mit Aluminium-Frontblende<\/td>\n<\/tr>\n<\/tbody>\n<\/table>\n<\/div>\n<\/div>\n","protected":false},"excerpt":{"rendered":"<p>1 vorr\u00e4tig<\/p>\n","protected":false},"featured_media":412,"template":"","meta":[],"product_brand":[],"product_cat":[37],"product_tag":[],"class_list":{"0":"post-411","1":"product","2":"type-product","3":"status-publish","4":"has-post-thumbnail","6":"product_cat-dj-gear","8":"first","9":"instock","10":"taxable","11":"shipping-taxable","12":"purchasable","13":"product-type-simple"},"_links":{"self":[{"href":"https:\/\/as-lightsound.de\/wordpress\/wp-json\/wp\/v2\/product\/411","targetHints":{"allow":["GET"]}}],"collection":[{"href":"https:\/\/as-lightsound.de\/wordpress\/wp-json\/wp\/v2\/product"}],"about":[{"href":"https:\/\/as-lightsound.de\/wordpress\/wp-json\/wp\/v2\/types\/product"}],"wp:featuredmedia":[{"embeddable":true,"href":"https:\/\/as-lightsound.de\/wordpress\/wp-json\/wp\/v2\/media\/412"}],"wp:attachment":[{"href":"https:\/\/as-lightsound.de\/wordpress\/wp-json\/wp\/v2\/media?parent=411"}],"wp:term":[{"taxonomy":"product_brand","embeddable":true,"href":"https:\/\/as-lightsound.de\/wordpress\/wp-json\/wp\/v2\/product_brand?post=411"},{"taxonomy":"product_cat","embeddable":true,"href":"https:\/\/as-lightsound.de\/wordpress\/wp-json\/wp\/v2\/product_cat?post=411"},{"taxonomy":"product_tag","embeddable":true,"href":"https:\/\/as-lightsound.de\/wordpress\/wp-json\/wp\/v2\/product_tag?post=411"}],"curies":[{"name":"wp","href":"https:\/\/api.w.org\/{rel}","templated":true}]}}