{"id":409,"date":"2021-05-05T16:48:08","date_gmt":"2021-05-05T14:48:08","guid":{"rendered":"https:\/\/as-lightsound.de\/wordpress\/?post_type=product&#038;p=409"},"modified":"2025-10-08T11:21:26","modified_gmt":"2025-10-08T09:21:26","slug":"pioneer-djm-900-nx2","status":"publish","type":"product","link":"https:\/\/as-lightsound.de\/wordpress\/product\/pioneer-djm-900-nx2\/","title":{"rendered":"Pioneer DJM 900 NX2"},"content":{"rendered":"<p data-start=\"96\" data-end=\"667\">Der <strong data-start=\"100\" data-end=\"123\">Pioneer DJM-900NXS2<\/strong> ist das Referenzmodell unter den Clubmixern und bietet h\u00f6chste Klangqualit\u00e4t, pr\u00e4zise Steuerung und umfassende Anschlussvielfalt. Mit einem vollst\u00e4ndig \u00fcberarbeiteten 64-Bit-DSP f\u00fcr noch mehr Transparenz und Dynamik liefert er erstklassigen Sound f\u00fcr professionelle DJs. Der Mixer verf\u00fcgt \u00fcber doppelte USB-Schnittstellen f\u00fcr nahtlose DJ-Wechsel, \u00fcberarbeitete EQ- und Faderkurven, eine erweiterte Effektsektion und nahtlose Integration mit Rekordbox. Der DJM-900NXS2 ist die zentrale Steuereinheit f\u00fcr moderne DJ-Setups auf h\u00f6chstem Niveau.<\/p>\n<hr data-start=\"669\" data-end=\"672\" \/>\n<h3 data-start=\"674\" data-end=\"707\">Technische Daten (Tech Specs)<\/h3>\n<div class=\"_tableContainer_1rjym_1\">\n<div class=\"group _tableWrapper_1rjym_13 flex w-fit flex-col-reverse\" tabindex=\"-1\">\n<table class=\"w-fit min-w-(--thread-content-width)\" data-start=\"709\" data-end=\"2071\">\n<thead data-start=\"709\" data-end=\"727\">\n<tr data-start=\"709\" data-end=\"727\">\n<th data-start=\"709\" data-end=\"719\" data-col-size=\"sm\">Merkmal<\/th>\n<th data-start=\"719\" data-end=\"727\" data-col-size=\"md\">Wert<\/th>\n<\/tr>\n<\/thead>\n<tbody data-start=\"748\" data-end=\"2071\">\n<tr data-start=\"748\" data-end=\"784\">\n<td data-start=\"748\" data-end=\"761\" data-col-size=\"sm\"><strong data-start=\"750\" data-end=\"760\">Modell<\/strong><\/td>\n<td data-start=\"761\" data-end=\"784\" data-col-size=\"md\">Pioneer DJM-900NXS2<\/td>\n<\/tr>\n<tr data-start=\"785\" data-end=\"831\">\n<td data-start=\"785\" data-end=\"795\" data-col-size=\"sm\"><strong data-start=\"787\" data-end=\"794\">Typ<\/strong><\/td>\n<td data-start=\"795\" data-end=\"831\" data-col-size=\"md\">Professioneller 4-Kanal-DJ-Mixer<\/td>\n<\/tr>\n<tr data-start=\"832\" data-end=\"866\">\n<td data-start=\"832\" data-end=\"845\" data-col-size=\"sm\"><strong data-start=\"834\" data-end=\"844\">Kan\u00e4le<\/strong><\/td>\n<td data-start=\"845\" data-end=\"866\" data-col-size=\"md\">4 + Mikrofonkanal<\/td>\n<\/tr>\n<tr data-start=\"867\" data-end=\"948\">\n<td data-start=\"867\" data-end=\"887\" data-col-size=\"sm\"><strong data-start=\"869\" data-end=\"886\">Wandler \/ DSP<\/strong><\/td>\n<td data-start=\"887\" data-end=\"948\" data-col-size=\"md\">64-Bit Digital Signal Processing, 24-Bit \/ 96-kHz Wandler<\/td>\n<\/tr>\n<tr data-start=\"949\" data-end=\"1020\">\n<td data-start=\"949\" data-end=\"958\" data-col-size=\"sm\"><strong data-start=\"951\" data-end=\"957\">EQ<\/strong><\/td>\n<td data-start=\"958\" data-end=\"1020\" data-col-size=\"md\">3-Band pro Kanal (Isolator oder Classic, \u201326 dB bis +6 dB)<\/td>\n<\/tr>\n<tr data-start=\"1021\" data-end=\"1102\">\n<td data-start=\"1021\" data-end=\"1044\" data-col-size=\"sm\"><strong data-start=\"1023\" data-end=\"1043\">Filter &amp; Effekte<\/strong><\/td>\n<td data-start=\"1044\" data-end=\"1102\" data-col-size=\"md\">6 Sound Color FX, 14 Beat FX mit Touchscreen-Steuerung<\/td>\n<\/tr>\n<tr data-start=\"1103\" data-end=\"1182\">\n<td data-start=\"1103\" data-end=\"1134\" data-col-size=\"sm\"><strong data-start=\"1105\" data-end=\"1133\">Effekte (Sound Color FX)<\/strong><\/td>\n<td data-start=\"1134\" data-end=\"1182\" data-col-size=\"md\">Space, Dub Echo, Sweep, Filter, Crush, Noise<\/td>\n<\/tr>\n<tr data-start=\"1183\" data-end=\"1272\">\n<td data-start=\"1183\" data-end=\"1207\" data-col-size=\"sm\"><strong data-start=\"1185\" data-end=\"1206\">Effekte (Beat FX)<\/strong><\/td>\n<td data-start=\"1207\" data-end=\"1272\" data-col-size=\"md\">Delay, Echo, Spiral, Reverb, Flanger, Pitch, Roll, Trans u.a.<\/td>\n<\/tr>\n<tr data-start=\"1273\" data-end=\"1330\">\n<td data-start=\"1273\" data-end=\"1285\" data-col-size=\"sm\"><strong data-start=\"1275\" data-end=\"1284\">Fader<\/strong><\/td>\n<td data-start=\"1285\" data-end=\"1330\" data-col-size=\"md\">Magvel Crossfader mit einstellbarer Curve<\/td>\n<\/tr>\n<tr data-start=\"1331\" data-end=\"1368\">\n<td data-start=\"1331\" data-end=\"1350\" data-col-size=\"sm\"><strong data-start=\"1333\" data-end=\"1349\">Frequenzgang<\/strong><\/td>\n<td data-start=\"1350\" data-end=\"1368\" data-col-size=\"md\">20 Hz \u2013 40 kHz<\/td>\n<\/tr>\n<tr data-start=\"1369\" data-end=\"1414\">\n<td data-start=\"1369\" data-end=\"1397\" data-col-size=\"sm\"><strong data-start=\"1371\" data-end=\"1396\">Signal-Rausch-Abstand<\/strong><\/td>\n<td data-start=\"1397\" data-end=\"1414\" data-col-size=\"md\">105 dB (Line)<\/td>\n<\/tr>\n<tr data-start=\"1415\" data-end=\"1450\">\n<td data-start=\"1415\" data-end=\"1439\" data-col-size=\"sm\"><strong data-start=\"1417\" data-end=\"1438\">Klirrfaktor (THD)<\/strong><\/td>\n<td data-start=\"1439\" data-end=\"1450\" data-col-size=\"md\">0,005 %<\/td>\n<\/tr>\n<tr data-start=\"1451\" data-end=\"1523\">\n<td data-start=\"1451\" data-end=\"1477\" data-col-size=\"sm\"><strong data-start=\"1453\" data-end=\"1476\">Digitales Interface<\/strong><\/td>\n<td data-start=\"1477\" data-end=\"1523\" data-col-size=\"md\">Dual USB Audio Interface (24 Bit \/ 96 kHz)<\/td>\n<\/tr>\n<tr data-start=\"1524\" data-end=\"1576\">\n<td data-start=\"1524\" data-end=\"1542\" data-col-size=\"sm\"><strong data-start=\"1526\" data-end=\"1541\">Pro DJ Link<\/strong><\/td>\n<td data-start=\"1542\" data-end=\"1576\" data-col-size=\"md\">Ja, \u00fcber LAN mit bis zu 4 CDJs<\/td>\n<\/tr>\n<tr data-start=\"1577\" data-end=\"1670\">\n<td data-start=\"1577\" data-end=\"1603\" data-col-size=\"sm\"><strong data-start=\"1579\" data-end=\"1602\">Anschl\u00fcsse Eing\u00e4nge<\/strong><\/td>\n<td data-start=\"1603\" data-end=\"1670\" data-col-size=\"md\">4 \u00d7 Line (Cinch), 4 \u00d7 Phono (Cinch), 2 \u00d7 Mic (XLR\/Klinke Kombi)<\/td>\n<\/tr>\n<tr data-start=\"1671\" data-end=\"1783\">\n<td data-start=\"1671\" data-end=\"1697\" data-col-size=\"sm\"><strong data-start=\"1673\" data-end=\"1696\">Anschl\u00fcsse Ausg\u00e4nge<\/strong><\/td>\n<td data-start=\"1697\" data-end=\"1783\" data-col-size=\"md\">Master Out 1 (XLR), Master Out 2 (Cinch), Booth Out (Klinke), Rec Out, Digital Out<\/td>\n<\/tr>\n<tr data-start=\"1784\" data-end=\"1831\">\n<td data-start=\"1784\" data-end=\"1807\" data-col-size=\"sm\"><strong data-start=\"1786\" data-end=\"1806\">Kopfh\u00f6rerausgang<\/strong><\/td>\n<td data-start=\"1807\" data-end=\"1831\" data-col-size=\"md\">6,3 mm Stereo-Klinke<\/td>\n<\/tr>\n<tr data-start=\"1832\" data-end=\"1883\">\n<td data-start=\"1832\" data-end=\"1853\" data-col-size=\"sm\"><strong data-start=\"1834\" data-end=\"1852\">USB-Anschl\u00fcsse<\/strong><\/td>\n<td data-start=\"1853\" data-end=\"1883\" data-col-size=\"md\">2 \u00d7 USB Typ-B (f\u00fcr PC\/Mac)<\/td>\n<\/tr>\n<tr data-start=\"1884\" data-end=\"1930\">\n<td data-start=\"1884\" data-end=\"1910\" data-col-size=\"sm\"><strong data-start=\"1886\" data-end=\"1909\">MIDI-Kompatibilit\u00e4t<\/strong><\/td>\n<td data-start=\"1910\" data-end=\"1930\" data-col-size=\"md\">Ja (vollst\u00e4ndig)<\/td>\n<\/tr>\n<tr data-start=\"1931\" data-end=\"1983\">\n<td data-start=\"1931\" data-end=\"1961\" data-col-size=\"sm\"><strong data-start=\"1933\" data-end=\"1960\">Abmessungen (B \u00d7 H \u00d7 T)<\/strong><\/td>\n<td data-start=\"1961\" data-end=\"1983\" data-col-size=\"md\">333 \u00d7 108 \u00d7 414 mm<\/td>\n<\/tr>\n<tr data-start=\"1984\" data-end=\"2006\">\n<td data-start=\"1984\" data-end=\"1998\" data-col-size=\"sm\"><strong data-start=\"1986\" data-end=\"1997\">Gewicht<\/strong><\/td>\n<td data-start=\"1998\" data-end=\"2006\" data-col-size=\"md\">8 kg<\/td>\n<\/tr>\n<tr data-start=\"2007\" data-end=\"2071\">\n<td data-start=\"2007\" data-end=\"2028\" data-col-size=\"sm\"><strong data-start=\"2009\" data-end=\"2027\">Farbe \/ Finish<\/strong><\/td>\n<td data-col-size=\"md\" data-start=\"2028\" data-end=\"2071\">Schwarz mit geb\u00fcrstetem Aluminium-Panel<\/td>\n<\/tr>\n<\/tbody>\n<\/table>\n<\/div>\n<\/div>\n","protected":false},"excerpt":{"rendered":"<p>1 vorr\u00e4tig<\/p>\n","protected":false},"featured_media":410,"template":"","meta":[],"product_brand":[],"product_cat":[37],"product_tag":[],"class_list":{"0":"post-409","1":"product","2":"type-product","3":"status-publish","4":"has-post-thumbnail","6":"product_cat-dj-gear","8":"first","9":"instock","10":"taxable","11":"shipping-taxable","12":"purchasable","13":"product-type-simple"},"_links":{"self":[{"href":"https:\/\/as-lightsound.de\/wordpress\/wp-json\/wp\/v2\/product\/409","targetHints":{"allow":["GET"]}}],"collection":[{"href":"https:\/\/as-lightsound.de\/wordpress\/wp-json\/wp\/v2\/product"}],"about":[{"href":"https:\/\/as-lightsound.de\/wordpress\/wp-json\/wp\/v2\/types\/product"}],"wp:featuredmedia":[{"embeddable":true,"href":"https:\/\/as-lightsound.de\/wordpress\/wp-json\/wp\/v2\/media\/410"}],"wp:attachment":[{"href":"https:\/\/as-lightsound.de\/wordpress\/wp-json\/wp\/v2\/media?parent=409"}],"wp:term":[{"taxonomy":"product_brand","embeddable":true,"href":"https:\/\/as-lightsound.de\/wordpress\/wp-json\/wp\/v2\/product_brand?post=409"},{"taxonomy":"product_cat","embeddable":true,"href":"https:\/\/as-lightsound.de\/wordpress\/wp-json\/wp\/v2\/product_cat?post=409"},{"taxonomy":"product_tag","embeddable":true,"href":"https:\/\/as-lightsound.de\/wordpress\/wp-json\/wp\/v2\/product_tag?post=409"}],"curies":[{"name":"wp","href":"https:\/\/api.w.org\/{rel}","templated":true}]}}