{"id":404,"date":"2021-05-05T16:43:20","date_gmt":"2021-05-05T14:43:20","guid":{"rendered":"https:\/\/as-lightsound.de\/wordpress\/?post_type=product&#038;p=404"},"modified":"2025-10-08T11:14:13","modified_gmt":"2025-10-08T09:14:13","slug":"m-audio-88-e-piano","status":"publish","type":"product","link":"https:\/\/as-lightsound.de\/wordpress\/product\/m-audio-88-e-piano\/","title":{"rendered":"M Audio 88 E Piano"},"content":{"rendered":"<p data-start=\"80\" data-end=\"587\">Das <strong data-start=\"84\" data-end=\"105\">M-Audio Hammer 88<\/strong> ist ein vollwertiges USB\/MIDI-Masterkeyboard mit 88 vollgewichteten Hammermechanik-Tasten f\u00fcr ein authentisches Klaviergef\u00fchl. Es richtet sich an Pianisten und Produzenten, die pr\u00e4zise Spielbarkeit und vielseitige Steuerungsm\u00f6glichkeiten in Studio- und Live-Umgebungen ben\u00f6tigen. Dank Plug-and-Play-Integration \u00fcber USB, umfangreicher MIDI-Steuerung und Kompatibilit\u00e4t mit nahezu jeder DAW ist das Hammer 88 ein zuverl\u00e4ssiges Werkzeug f\u00fcr moderne Musikproduktion und Performance.<\/p>\n<hr data-start=\"589\" data-end=\"592\" \/>\n<h3 data-start=\"594\" data-end=\"627\">Technische Daten (Tech Specs)<\/h3>\n<div class=\"_tableContainer_1rjym_1\">\n<div class=\"group _tableWrapper_1rjym_13 flex w-fit flex-col-reverse\" tabindex=\"-1\">\n<table class=\"w-fit min-w-(--thread-content-width)\" data-start=\"629\" data-end=\"1547\">\n<thead data-start=\"629\" data-end=\"647\">\n<tr data-start=\"629\" data-end=\"647\">\n<th data-start=\"629\" data-end=\"639\" data-col-size=\"sm\">Merkmal<\/th>\n<th data-start=\"639\" data-end=\"647\" data-col-size=\"md\">Wert<\/th>\n<\/tr>\n<\/thead>\n<tbody data-start=\"668\" data-end=\"1547\">\n<tr data-start=\"668\" data-end=\"702\">\n<td data-start=\"668\" data-end=\"681\" data-col-size=\"sm\"><strong data-start=\"670\" data-end=\"680\">Modell<\/strong><\/td>\n<td data-start=\"681\" data-end=\"702\" data-col-size=\"md\">M-Audio Hammer 88<\/td>\n<\/tr>\n<tr data-start=\"703\" data-end=\"728\">\n<td data-start=\"703\" data-end=\"722\" data-col-size=\"sm\"><strong data-start=\"705\" data-end=\"721\">Tastenanzahl<\/strong><\/td>\n<td data-start=\"722\" data-end=\"728\" data-col-size=\"md\">88<\/td>\n<\/tr>\n<tr data-start=\"729\" data-end=\"801\">\n<td data-start=\"729\" data-end=\"745\" data-col-size=\"sm\"><strong data-start=\"731\" data-end=\"744\">Tastentyp<\/strong><\/td>\n<td data-start=\"745\" data-end=\"801\" data-col-size=\"md\">Vollgewichtete Hammermechanik (Graded Hammer Action)<\/td>\n<\/tr>\n<tr data-start=\"802\" data-end=\"843\">\n<td data-start=\"802\" data-end=\"824\" data-col-size=\"sm\"><strong data-start=\"804\" data-end=\"823\">Anschlagdynamik<\/strong><\/td>\n<td data-start=\"824\" data-end=\"843\" data-col-size=\"md\">Ja, einstellbar<\/td>\n<\/tr>\n<tr data-start=\"844\" data-end=\"869\">\n<td data-start=\"844\" data-end=\"861\" data-col-size=\"sm\"><strong data-start=\"846\" data-end=\"860\">Aftertouch<\/strong><\/td>\n<td data-start=\"861\" data-end=\"869\" data-col-size=\"md\">Nein<\/td>\n<\/tr>\n<tr data-start=\"870\" data-end=\"941\">\n<td data-start=\"870\" data-end=\"892\" data-col-size=\"sm\"><strong data-start=\"872\" data-end=\"891\">Pedalanschl\u00fcsse<\/strong><\/td>\n<td data-start=\"892\" data-end=\"941\" data-col-size=\"md\">Sustain, Expression, Soft (3 Pedalanschl\u00fcsse)<\/td>\n<\/tr>\n<tr data-start=\"942\" data-end=\"998\">\n<td data-start=\"942\" data-end=\"953\" data-col-size=\"sm\"><strong data-start=\"944\" data-end=\"952\">MIDI<\/strong><\/td>\n<td data-start=\"953\" data-end=\"998\" data-col-size=\"md\">USB-MIDI (Class Compliant), 5-pol DIN Out<\/td>\n<\/tr>\n<tr data-start=\"999\" data-end=\"1060\">\n<td data-start=\"999\" data-end=\"1022\" data-col-size=\"sm\"><strong data-start=\"1001\" data-end=\"1021\">Pitch\/Modulation<\/strong><\/td>\n<td data-start=\"1022\" data-end=\"1060\" data-col-size=\"md\">R\u00e4der f\u00fcr Pitchbend und Modulation<\/td>\n<\/tr>\n<tr data-start=\"1061\" data-end=\"1127\">\n<td data-start=\"1061\" data-end=\"1087\" data-col-size=\"sm\"><strong data-start=\"1063\" data-end=\"1086\">Regler \/ Controller<\/strong><\/td>\n<td data-start=\"1087\" data-end=\"1127\" data-col-size=\"md\">Volume-Fader, programmierbare Tasten<\/td>\n<\/tr>\n<tr data-start=\"1128\" data-end=\"1169\">\n<td data-start=\"1128\" data-end=\"1142\" data-col-size=\"sm\"><strong data-start=\"1130\" data-end=\"1141\">Display<\/strong><\/td>\n<td data-start=\"1142\" data-end=\"1169\" data-col-size=\"md\">3-stelliges LED-Display<\/td>\n<\/tr>\n<tr data-start=\"1170\" data-end=\"1236\">\n<td data-start=\"1170\" data-end=\"1192\" data-col-size=\"sm\"><strong data-start=\"1172\" data-end=\"1191\">Stromversorgung<\/strong><\/td>\n<td data-start=\"1192\" data-end=\"1236\" data-col-size=\"md\">USB-bus-powered oder Netzteil (optional)<\/td>\n<\/tr>\n<tr data-start=\"1237\" data-end=\"1281\">\n<td data-start=\"1237\" data-end=\"1258\" data-col-size=\"sm\"><strong data-start=\"1239\" data-end=\"1257\">Kompatibilit\u00e4t<\/strong><\/td>\n<td data-start=\"1258\" data-end=\"1281\" data-col-size=\"md\">macOS, Windows, iOS<\/td>\n<\/tr>\n<tr data-start=\"1282\" data-end=\"1391\">\n<td data-start=\"1282\" data-end=\"1307\" data-col-size=\"sm\"><strong data-start=\"1284\" data-end=\"1306\">Software enthalten<\/strong><\/td>\n<td data-start=\"1307\" data-end=\"1319\" data-col-size=\"md\">Pro Tools<\/td>\n<\/tr>\n<tr data-start=\"1392\" data-end=\"1444\">\n<td data-start=\"1392\" data-end=\"1414\" data-col-size=\"sm\"><strong data-start=\"1394\" data-end=\"1413\">Geh\u00e4usematerial<\/strong><\/td>\n<td data-start=\"1414\" data-end=\"1444\" data-col-size=\"md\">Kunststoff \/ Metallchassis<\/td>\n<\/tr>\n<tr data-start=\"1445\" data-end=\"1495\">\n<td data-start=\"1445\" data-end=\"1475\" data-col-size=\"sm\"><strong data-start=\"1447\" data-end=\"1474\">Abmessungen (B \u00d7 T \u00d7 H)<\/strong><\/td>\n<td data-start=\"1475\" data-end=\"1495\" data-col-size=\"md\">137 \u00d7 29 \u00d7 11 cm<\/td>\n<\/tr>\n<tr data-start=\"1496\" data-end=\"1523\">\n<td data-start=\"1496\" data-end=\"1510\" data-col-size=\"sm\"><strong data-start=\"1498\" data-end=\"1509\">Gewicht<\/strong><\/td>\n<td data-start=\"1510\" data-end=\"1523\" data-col-size=\"md\">ca. 17 kg<\/td>\n<\/tr>\n<tr data-start=\"1524\" data-end=\"1547\">\n<td data-start=\"1524\" data-end=\"1536\" data-col-size=\"sm\"><strong data-start=\"1526\" data-end=\"1535\">Farbe<\/strong><\/td>\n<td data-start=\"1536\" data-end=\"1547\" data-col-size=\"md\">Schwarz<\/td>\n<\/tr>\n<\/tbody>\n<\/table>\n<\/div>\n<\/div>\n","protected":false},"excerpt":{"rendered":"<p>1 vorr\u00e4tig<\/p>\n","protected":false},"featured_media":406,"template":"","meta":[],"product_brand":[],"product_cat":[36],"product_tag":[],"class_list":{"0":"post-404","1":"product","2":"type-product","3":"status-publish","4":"has-post-thumbnail","6":"product_cat-backline","8":"first","9":"instock","10":"taxable","11":"shipping-taxable","12":"purchasable","13":"product-type-simple"},"_links":{"self":[{"href":"https:\/\/as-lightsound.de\/wordpress\/wp-json\/wp\/v2\/product\/404","targetHints":{"allow":["GET"]}}],"collection":[{"href":"https:\/\/as-lightsound.de\/wordpress\/wp-json\/wp\/v2\/product"}],"about":[{"href":"https:\/\/as-lightsound.de\/wordpress\/wp-json\/wp\/v2\/types\/product"}],"wp:featuredmedia":[{"embeddable":true,"href":"https:\/\/as-lightsound.de\/wordpress\/wp-json\/wp\/v2\/media\/406"}],"wp:attachment":[{"href":"https:\/\/as-lightsound.de\/wordpress\/wp-json\/wp\/v2\/media?parent=404"}],"wp:term":[{"taxonomy":"product_brand","embeddable":true,"href":"https:\/\/as-lightsound.de\/wordpress\/wp-json\/wp\/v2\/product_brand?post=404"},{"taxonomy":"product_cat","embeddable":true,"href":"https:\/\/as-lightsound.de\/wordpress\/wp-json\/wp\/v2\/product_cat?post=404"},{"taxonomy":"product_tag","embeddable":true,"href":"https:\/\/as-lightsound.de\/wordpress\/wp-json\/wp\/v2\/product_tag?post=404"}],"curies":[{"name":"wp","href":"https:\/\/api.w.org\/{rel}","templated":true}]}}