{"id":400,"date":"2021-05-05T16:38:16","date_gmt":"2021-05-05T14:38:16","guid":{"rendered":"https:\/\/as-lightsound.de\/wordpress\/?post_type=product&#038;p=400"},"modified":"2025-10-08T11:15:23","modified_gmt":"2025-10-08T09:15:23","slug":"tama-superstar-drum-set","status":"publish","type":"product","link":"https:\/\/as-lightsound.de\/wordpress\/product\/tama-superstar-drum-set\/","title":{"rendered":"Tama Superstar Drum Set"},"content":{"rendered":"<p data-start=\"95\" data-end=\"596\">Das <strong data-start=\"99\" data-end=\"126\">Tama Superstar Drum Set<\/strong> ist ein hochwertiges Komplettset f\u00fcr ambitionierte Drummer und Live-Musiker. Mit seinen pr\u00e4zise gefertigten Kesseln, der bew\u00e4hrten Tama-Hardware und dem enthaltenen <strong data-start=\"292\" data-end=\"316\">Meinl MCS Becken-Set<\/strong> bietet es ein vollwertiges, professionell klingendes Schlagzeugpaket. Die Kombination aus ausgewogener Kesselabstimmung, robuster Fu\u00dfmaschine und zuverl\u00e4ssiger Verarbeitung sorgt f\u00fcr druckvollen Sound, hohe Stabilit\u00e4t und Langlebigkeit \u2013 ideal f\u00fcr B\u00fchne, Studio oder Proberaum.<\/p>\n<hr data-start=\"598\" data-end=\"601\" \/>\n<h3 data-start=\"603\" data-end=\"636\">Technische Daten (Tech Specs)<\/h3>\n<div class=\"_tableContainer_1rjym_1\">\n<div class=\"group _tableWrapper_1rjym_13 flex w-fit flex-col-reverse\" tabindex=\"-1\">\n<table class=\"w-fit min-w-(--thread-content-width)\" data-start=\"638\" data-end=\"1542\">\n<thead data-start=\"638\" data-end=\"656\">\n<tr data-start=\"638\" data-end=\"656\">\n<th data-start=\"638\" data-end=\"648\" data-col-size=\"sm\">Merkmal<\/th>\n<th data-start=\"648\" data-end=\"656\" data-col-size=\"md\">Wert<\/th>\n<\/tr>\n<\/thead>\n<tbody data-start=\"677\" data-end=\"1542\">\n<tr data-start=\"677\" data-end=\"717\">\n<td data-start=\"677\" data-end=\"690\" data-col-size=\"sm\"><strong data-start=\"679\" data-end=\"689\">Modell<\/strong><\/td>\n<td data-start=\"690\" data-end=\"717\" data-col-size=\"md\">Tama Superstar Drum Set<\/td>\n<\/tr>\n<tr data-start=\"718\" data-end=\"760\">\n<td data-start=\"718\" data-end=\"739\" data-col-size=\"sm\"><strong data-start=\"720\" data-end=\"738\">Kesselmaterial<\/strong><\/td>\n<td data-start=\"739\" data-end=\"760\" data-col-size=\"md\">Birke (mehrlagig)<\/td>\n<\/tr>\n<tr data-start=\"761\" data-end=\"820\">\n<td data-start=\"761\" data-end=\"780\" data-col-size=\"sm\"><strong data-start=\"763\" data-end=\"779\">Kesselfinish<\/strong><\/td>\n<td data-start=\"780\" data-end=\"820\" data-col-size=\"md\">Hochglanzlackierung (modellabh\u00e4ngig)<\/td>\n<\/tr>\n<tr data-start=\"821\" data-end=\"850\">\n<td data-start=\"821\" data-end=\"837\" data-col-size=\"sm\"><strong data-start=\"823\" data-end=\"836\">Bass Drum<\/strong><\/td>\n<td data-start=\"837\" data-end=\"850\" data-col-size=\"md\">22\u2033 \u00d7 18\u2033<\/td>\n<\/tr>\n<tr data-start=\"851\" data-end=\"888\">\n<td data-start=\"851\" data-end=\"866\" data-col-size=\"sm\"><strong data-start=\"853\" data-end=\"865\">Tom Toms<\/strong><\/td>\n<td data-start=\"866\" data-end=\"888\" data-col-size=\"md\">10\u2033 \u00d7 8\u2033, 12\u2033 \u00d7 9\u2033<\/td>\n<\/tr>\n<tr data-start=\"889\" data-end=\"930\">\n<td data-start=\"889\" data-end=\"906\" data-col-size=\"sm\"><strong data-start=\"891\" data-end=\"905\">Floor Toms<\/strong><\/td>\n<td data-start=\"906\" data-end=\"930\" data-col-size=\"md\">14\u2033 \u00d7 12\u2033, 16\u2033 \u00d7 14\u2033<\/td>\n<\/tr>\n<tr data-start=\"931\" data-end=\"999\">\n<td data-start=\"931\" data-end=\"948\" data-col-size=\"sm\"><\/td>\n<td data-start=\"948\" data-end=\"999\" data-col-size=\"md\"><\/td>\n<\/tr>\n<tr data-start=\"1000\" data-end=\"1063\">\n<td data-start=\"1000\" data-end=\"1017\" data-col-size=\"sm\"><strong data-start=\"1002\" data-end=\"1016\">Becken-Set<\/strong><\/td>\n<td data-start=\"1017\" data-end=\"1063\" data-col-size=\"md\">Meinl MCS Cymbal Set (Hi-Hat, Crash, Ride)<\/td>\n<\/tr>\n<tr data-start=\"1064\" data-end=\"1116\">\n<td data-start=\"1064\" data-end=\"1086\" data-col-size=\"sm\"><strong data-start=\"1066\" data-end=\"1085\">Bass Drum Pedal<\/strong><\/td>\n<td data-start=\"1086\" data-end=\"1116\" data-col-size=\"md\">Tama Fu\u00dfmaschine inklusive<\/td>\n<\/tr>\n<tr data-start=\"1117\" data-end=\"1147\">\n<td data-start=\"1117\" data-end=\"1138\" data-col-size=\"sm\"><strong data-start=\"1119\" data-end=\"1137\">Kesselhardware<\/strong><\/td>\n<td data-start=\"1138\" data-end=\"1147\" data-col-size=\"md\">Chrom<\/td>\n<\/tr>\n<tr data-start=\"1148\" data-end=\"1183\">\n<td data-start=\"1148\" data-end=\"1166\" data-col-size=\"sm\"><strong data-start=\"1150\" data-end=\"1165\">Spannreifen<\/strong><\/td>\n<td data-start=\"1166\" data-end=\"1183\" data-col-size=\"md\">Stahl, 1,6 mm<\/td>\n<\/tr>\n<tr data-start=\"1184\" data-end=\"1226\">\n<td data-start=\"1184\" data-end=\"1204\" data-col-size=\"sm\"><strong data-start=\"1186\" data-end=\"1203\">Stimmb\u00f6ckchen<\/strong><\/td>\n<td data-start=\"1204\" data-end=\"1226\" data-col-size=\"md\">Tama Low-Mass Lugs<\/td>\n<\/tr>\n<tr data-start=\"1227\" data-end=\"1273\">\n<td data-start=\"1227\" data-end=\"1247\" data-col-size=\"sm\"><strong data-start=\"1229\" data-end=\"1246\">Tom-Halterung<\/strong><\/td>\n<td data-start=\"1247\" data-end=\"1273\" data-col-size=\"md\">Tama Star-Mount System<\/td>\n<\/tr>\n<tr data-start=\"1274\" data-end=\"1329\">\n<td data-start=\"1274\" data-end=\"1286\" data-col-size=\"sm\"><strong data-start=\"1276\" data-end=\"1285\">Felle<\/strong><\/td>\n<td data-start=\"1286\" data-end=\"1329\" data-col-size=\"md\">Werkseitig vorgestimmt (Tama \/ Remo UT)<\/td>\n<\/tr>\n<tr data-start=\"1330\" data-end=\"1436\">\n<td data-start=\"1330\" data-end=\"1345\" data-col-size=\"sm\"><strong data-start=\"1332\" data-end=\"1344\">Hardware<\/strong><\/td>\n<td data-start=\"1345\" data-end=\"1436\" data-col-size=\"md\">Doppelstrebig, stabil (Hi-Hat-St\u00e4nder, Snare-St\u00e4nder, Beckenarme je nach Konfiguration)<\/td>\n<\/tr>\n<tr data-start=\"1437\" data-end=\"1480\">\n<td data-start=\"1437\" data-end=\"1449\" data-col-size=\"sm\"><strong data-start=\"1439\" data-end=\"1448\">Farbe<\/strong><\/td>\n<td data-start=\"1449\" data-end=\"1480\" data-col-size=\"md\">Variiert je nach Ausf\u00fchrung<\/td>\n<\/tr>\n<tr data-start=\"1481\" data-end=\"1542\">\n<td data-start=\"1481\" data-end=\"1502\" data-col-size=\"sm\"><strong data-start=\"1483\" data-end=\"1501\">Einsatzbereich<\/strong><\/td>\n<td data-start=\"1502\" data-end=\"1542\" data-col-size=\"md\">B\u00fchne, Studio, Unterricht, Proberaum<\/td>\n<\/tr>\n<\/tbody>\n<\/table>\n<\/div>\n<\/div>\n","protected":false},"excerpt":{"rendered":"<p>2 vorr\u00e4tig<\/p>\n","protected":false},"featured_media":401,"template":"","meta":[],"product_brand":[],"product_cat":[36],"product_tag":[],"class_list":{"0":"post-400","1":"product","2":"type-product","3":"status-publish","4":"has-post-thumbnail","6":"product_cat-backline","8":"first","9":"instock","10":"taxable","11":"shipping-taxable","12":"purchasable","13":"product-type-simple"},"_links":{"self":[{"href":"https:\/\/as-lightsound.de\/wordpress\/wp-json\/wp\/v2\/product\/400","targetHints":{"allow":["GET"]}}],"collection":[{"href":"https:\/\/as-lightsound.de\/wordpress\/wp-json\/wp\/v2\/product"}],"about":[{"href":"https:\/\/as-lightsound.de\/wordpress\/wp-json\/wp\/v2\/types\/product"}],"wp:featuredmedia":[{"embeddable":true,"href":"https:\/\/as-lightsound.de\/wordpress\/wp-json\/wp\/v2\/media\/401"}],"wp:attachment":[{"href":"https:\/\/as-lightsound.de\/wordpress\/wp-json\/wp\/v2\/media?parent=400"}],"wp:term":[{"taxonomy":"product_brand","embeddable":true,"href":"https:\/\/as-lightsound.de\/wordpress\/wp-json\/wp\/v2\/product_brand?post=400"},{"taxonomy":"product_cat","embeddable":true,"href":"https:\/\/as-lightsound.de\/wordpress\/wp-json\/wp\/v2\/product_cat?post=400"},{"taxonomy":"product_tag","embeddable":true,"href":"https:\/\/as-lightsound.de\/wordpress\/wp-json\/wp\/v2\/product_tag?post=400"}],"curies":[{"name":"wp","href":"https:\/\/api.w.org\/{rel}","templated":true}]}}