{"id":40,"date":"2021-02-16T11:13:35","date_gmt":"2021-02-16T10:13:35","guid":{"rendered":"https:\/\/as-lightsound.de\/wordpress\/?post_type=product&#038;p=40"},"modified":"2025-10-08T11:27:16","modified_gmt":"2025-10-08T09:27:16","slug":"hoellstern-delta-12-4-dsp-endstufe","status":"publish","type":"product","link":"https:\/\/as-lightsound.de\/wordpress\/product\/hoellstern-delta-12-4-dsp-endstufe\/","title":{"rendered":"Hoellstern Delta 12.4 DSP Amp"},"content":{"rendered":"<p data-start=\"99\" data-end=\"645\">Die <strong data-start=\"103\" data-end=\"132\">Hoellstern Delta 12.4 DSP<\/strong> ist eine professionelle 4-Kanal-Endstufe mit integriertem Lautsprecher-DSP, entwickelt f\u00fcr h\u00f6chste Anspr\u00fcche im Touring- und Installationsbetrieb. Sie bietet hohe Ausgangsleistung, exakte Signalverarbeitung und extrem niedrige Latenz. Die integrierte DSP-Sektion erm\u00f6glicht pr\u00e4zises Management von Frequenzweichen, Limiting, Delay und EQ. Mit ihrer robusten Konstruktion, effizienten Netzteilstufe und intelligentem Schutzsystem ist die Delta 12.4 DSP ideal f\u00fcr anspruchsvolle Beschallungsanwendungen geeignet.<\/p>\n<hr data-start=\"647\" data-end=\"650\" \/>\n<h3 data-start=\"652\" data-end=\"685\">Technische Daten (Tech Specs)<\/h3>\n<div class=\"_tableContainer_1rjym_1\">\n<div class=\"group _tableWrapper_1rjym_13 flex w-fit flex-col-reverse\" tabindex=\"-1\">\n<table class=\"w-fit min-w-(--thread-content-width)\" data-start=\"687\" data-end=\"1902\">\n<thead data-start=\"687\" data-end=\"705\">\n<tr data-start=\"687\" data-end=\"705\">\n<th data-start=\"687\" data-end=\"697\" data-col-size=\"sm\">Merkmal<\/th>\n<th data-start=\"697\" data-end=\"705\" data-col-size=\"md\">Wert<\/th>\n<\/tr>\n<\/thead>\n<tbody data-start=\"726\" data-end=\"1902\">\n<tr data-start=\"726\" data-end=\"764\">\n<td data-start=\"726\" data-end=\"736\" data-col-size=\"sm\"><strong data-start=\"728\" data-end=\"735\">Typ<\/strong><\/td>\n<td data-start=\"736\" data-end=\"764\" data-col-size=\"md\">4-Kanal-Endstufe mit DSP<\/td>\n<\/tr>\n<tr data-start=\"765\" data-end=\"799\">\n<td data-start=\"765\" data-end=\"786\" data-col-size=\"sm\"><strong data-start=\"767\" data-end=\"785\">Leistung @ 8 \u03a9<\/strong><\/td>\n<td data-start=\"786\" data-end=\"799\" data-col-size=\"md\">4 \u00d7 600 W<\/td>\n<\/tr>\n<tr data-start=\"800\" data-end=\"836\">\n<td data-start=\"800\" data-end=\"821\" data-col-size=\"sm\"><strong data-start=\"802\" data-end=\"820\">Leistung @ 4 \u03a9<\/strong><\/td>\n<td data-start=\"821\" data-end=\"836\" data-col-size=\"md\">4 \u00d7 1.150 W<\/td>\n<\/tr>\n<tr data-start=\"837\" data-end=\"875\">\n<td data-start=\"837\" data-end=\"860\" data-col-size=\"sm\"><strong data-start=\"839\" data-end=\"859\">Leistung @ 2,7 \u03a9<\/strong><\/td>\n<td data-start=\"860\" data-end=\"875\" data-col-size=\"md\">4 \u00d7 1.700 W<\/td>\n<\/tr>\n<tr data-start=\"876\" data-end=\"912\">\n<td data-start=\"876\" data-end=\"897\" data-col-size=\"sm\"><strong data-start=\"878\" data-end=\"896\">Leistung @ 2 \u03a9<\/strong><\/td>\n<td data-start=\"897\" data-end=\"912\" data-col-size=\"md\">4 \u00d7 2.200 W<\/td>\n<\/tr>\n<tr data-start=\"913\" data-end=\"951\">\n<td data-start=\"913\" data-end=\"936\" data-col-size=\"sm\"><strong data-start=\"915\" data-end=\"935\">Leistung @ 1,6 \u03a9<\/strong><\/td>\n<td data-start=\"936\" data-end=\"951\" data-col-size=\"md\">4 \u00d7 2.700 W<\/td>\n<\/tr>\n<tr data-start=\"952\" data-end=\"997\">\n<td data-start=\"952\" data-end=\"982\" data-col-size=\"sm\"><strong data-start=\"954\" data-end=\"981\">Leistung gebr\u00fcckt @ 8 \u03a9<\/strong><\/td>\n<td data-start=\"982\" data-end=\"997\" data-col-size=\"md\">2 \u00d7 2.400 W<\/td>\n<\/tr>\n<tr data-start=\"998\" data-end=\"1043\">\n<td data-start=\"998\" data-end=\"1028\" data-col-size=\"sm\"><strong data-start=\"1000\" data-end=\"1027\">Leistung gebr\u00fcckt @ 4 \u03a9<\/strong><\/td>\n<td data-start=\"1028\" data-end=\"1043\" data-col-size=\"md\">2 \u00d7 4.000 W<\/td>\n<\/tr>\n<tr data-start=\"1044\" data-end=\"1110\">\n<td data-start=\"1044\" data-end=\"1068\" data-col-size=\"sm\"><strong data-start=\"1046\" data-end=\"1067\">Verst\u00e4rkerprinzip<\/strong><\/td>\n<td data-start=\"1068\" data-end=\"1110\" data-col-size=\"md\">Class H mit effizientem Schaltnetzteil<\/td>\n<\/tr>\n<tr data-start=\"1111\" data-end=\"1150\">\n<td data-start=\"1111\" data-end=\"1131\" data-col-size=\"sm\"><strong data-start=\"1113\" data-end=\"1130\">DSP-Aufl\u00f6sung<\/strong><\/td>\n<td data-start=\"1131\" data-end=\"1150\" data-col-size=\"md\">24 Bit \/ 96 kHz<\/td>\n<\/tr>\n<tr data-start=\"1151\" data-end=\"1218\">\n<td data-start=\"1151\" data-end=\"1172\" data-col-size=\"sm\"><strong data-start=\"1153\" data-end=\"1171\">DSP-Funktionen<\/strong><\/td>\n<td data-start=\"1172\" data-end=\"1218\" data-col-size=\"md\">EQ, Crossover, Delay, Limiter, Phase, Gain<\/td>\n<\/tr>\n<tr data-start=\"1219\" data-end=\"1270\">\n<td data-start=\"1219\" data-end=\"1253\" data-col-size=\"sm\"><strong data-start=\"1221\" data-end=\"1252\">Latenz (Bypass \/ DSP aktiv)<\/strong><\/td>\n<td data-start=\"1253\" data-end=\"1270\" data-col-size=\"md\">0 ms \/ 0,2 ms<\/td>\n<\/tr>\n<tr data-start=\"1271\" data-end=\"1318\">\n<td data-start=\"1271\" data-end=\"1290\" data-col-size=\"sm\"><strong data-start=\"1273\" data-end=\"1289\">Frequenzgang<\/strong><\/td>\n<td data-start=\"1290\" data-end=\"1318\" data-col-size=\"md\">20 Hz \u2013 20 kHz (\u00b10,5 dB)<\/td>\n<\/tr>\n<tr data-start=\"1319\" data-end=\"1355\">\n<td data-start=\"1319\" data-end=\"1343\" data-col-size=\"sm\"><strong data-start=\"1321\" data-end=\"1342\">Klirrfaktor (THD)<\/strong><\/td>\n<td data-start=\"1343\" data-end=\"1355\" data-col-size=\"md\">&lt; 0,03 %<\/td>\n<\/tr>\n<tr data-start=\"1356\" data-end=\"1403\">\n<td data-start=\"1356\" data-end=\"1392\" data-col-size=\"sm\"><strong data-start=\"1358\" data-end=\"1391\">D\u00e4mpfungsfaktor (8 \u03a9, 100 Hz)<\/strong><\/td>\n<td data-start=\"1392\" data-end=\"1403\" data-col-size=\"md\">&gt; 1.000<\/td>\n<\/tr>\n<tr data-start=\"1404\" data-end=\"1444\">\n<td data-start=\"1404\" data-end=\"1432\" data-col-size=\"sm\"><strong data-start=\"1406\" data-end=\"1431\">Signal-Rausch-Abstand<\/strong><\/td>\n<td data-start=\"1432\" data-end=\"1444\" data-col-size=\"md\">&gt; 110 dB<\/td>\n<\/tr>\n<tr data-start=\"1445\" data-end=\"1485\">\n<td data-start=\"1445\" data-end=\"1460\" data-col-size=\"sm\"><strong data-start=\"1447\" data-end=\"1459\">Eing\u00e4nge<\/strong><\/td>\n<td data-start=\"1460\" data-end=\"1485\" data-col-size=\"md\">4 \u00d7 XLR (symmetrisch)<\/td>\n<\/tr>\n<tr data-start=\"1486\" data-end=\"1520\">\n<td data-start=\"1486\" data-end=\"1501\" data-col-size=\"sm\"><strong data-start=\"1488\" data-end=\"1500\">Ausg\u00e4nge<\/strong><\/td>\n<td data-start=\"1501\" data-end=\"1520\" data-col-size=\"md\">4 \u00d7 Speakon NL4<\/td>\n<\/tr>\n<tr data-start=\"1521\" data-end=\"1566\">\n<td data-start=\"1521\" data-end=\"1540\" data-col-size=\"sm\"><strong data-start=\"1523\" data-end=\"1539\">Netzspannung<\/strong><\/td>\n<td data-start=\"1540\" data-end=\"1566\" data-col-size=\"md\">180\u2013265 V AC, 50\/60 Hz<\/td>\n<\/tr>\n<tr data-start=\"1567\" data-end=\"1646\">\n<td data-start=\"1567\" data-end=\"1581\" data-col-size=\"sm\"><strong data-start=\"1569\" data-end=\"1580\">K\u00fchlung<\/strong><\/td>\n<td data-start=\"1581\" data-end=\"1646\" data-col-size=\"md\">Temperaturgesteuerte L\u00fcfter, Luftf\u00fchrung von vorn nach hinten<\/td>\n<\/tr>\n<tr data-start=\"1647\" data-end=\"1724\">\n<td data-start=\"1647\" data-end=\"1671\" data-col-size=\"sm\"><strong data-start=\"1649\" data-end=\"1670\">Schutzschaltungen<\/strong><\/td>\n<td data-start=\"1671\" data-end=\"1724\" data-col-size=\"md\">Temperatur, Kurzschluss, Clip, \u00dcberstrom, Limiter<\/td>\n<\/tr>\n<tr data-start=\"1725\" data-end=\"1783\">\n<td data-start=\"1725\" data-end=\"1755\" data-col-size=\"sm\"><strong data-start=\"1727\" data-end=\"1754\">Abmessungen (B \u00d7 H \u00d7 T)<\/strong><\/td>\n<td data-start=\"1755\" data-end=\"1783\" data-col-size=\"md\">483 \u00d7 88 \u00d7 290 mm (2 HE)<\/td>\n<\/tr>\n<tr data-start=\"1784\" data-end=\"1811\">\n<td data-start=\"1784\" data-end=\"1798\" data-col-size=\"sm\"><strong data-start=\"1786\" data-end=\"1797\">Gewicht<\/strong><\/td>\n<td data-start=\"1798\" data-end=\"1811\" data-col-size=\"md\">ca. 12 kg<\/td>\n<\/tr>\n<tr data-start=\"1812\" data-end=\"1869\">\n<td data-start=\"1812\" data-end=\"1834\" data-col-size=\"sm\"><strong data-start=\"1814\" data-end=\"1833\">Geh\u00e4usematerial<\/strong><\/td>\n<td data-start=\"1834\" data-end=\"1869\" data-col-size=\"md\">Stahlchassis mit Aluminiumfront<\/td>\n<\/tr>\n<tr data-start=\"1870\" data-end=\"1902\">\n<td data-start=\"1870\" data-end=\"1891\" data-col-size=\"sm\"><strong data-start=\"1872\" data-end=\"1890\">Farbe \/ Finish<\/strong><\/td>\n<td data-start=\"1891\" data-end=\"1902\" data-col-size=\"md\">Schwarz<\/td>\n<\/tr>\n<\/tbody>\n<\/table>\n<\/div>\n<\/div>\n","protected":false},"excerpt":{"rendered":"<p>2 vorr\u00e4tig<\/p>\n","protected":false},"featured_media":39,"template":"","meta":[],"product_brand":[],"product_cat":[20],"product_tag":[],"class_list":{"0":"post-40","1":"product","2":"type-product","3":"status-publish","4":"has-post-thumbnail","6":"product_cat-amping","8":"first","9":"instock","10":"taxable","11":"shipping-taxable","12":"purchasable","13":"product-type-simple"},"_links":{"self":[{"href":"https:\/\/as-lightsound.de\/wordpress\/wp-json\/wp\/v2\/product\/40","targetHints":{"allow":["GET"]}}],"collection":[{"href":"https:\/\/as-lightsound.de\/wordpress\/wp-json\/wp\/v2\/product"}],"about":[{"href":"https:\/\/as-lightsound.de\/wordpress\/wp-json\/wp\/v2\/types\/product"}],"wp:featuredmedia":[{"embeddable":true,"href":"https:\/\/as-lightsound.de\/wordpress\/wp-json\/wp\/v2\/media\/39"}],"wp:attachment":[{"href":"https:\/\/as-lightsound.de\/wordpress\/wp-json\/wp\/v2\/media?parent=40"}],"wp:term":[{"taxonomy":"product_brand","embeddable":true,"href":"https:\/\/as-lightsound.de\/wordpress\/wp-json\/wp\/v2\/product_brand?post=40"},{"taxonomy":"product_cat","embeddable":true,"href":"https:\/\/as-lightsound.de\/wordpress\/wp-json\/wp\/v2\/product_cat?post=40"},{"taxonomy":"product_tag","embeddable":true,"href":"https:\/\/as-lightsound.de\/wordpress\/wp-json\/wp\/v2\/product_tag?post=40"}],"curies":[{"name":"wp","href":"https:\/\/api.w.org\/{rel}","templated":true}]}}