{"id":363,"date":"2021-03-18T16:20:39","date_gmt":"2021-03-18T15:20:39","guid":{"rendered":"https:\/\/as-lightsound.de\/wordpress\/?post_type=product&#038;p=363"},"modified":"2025-10-07T09:34:35","modified_gmt":"2025-10-07T07:34:35","slug":"infinity-chimp-300","status":"publish","type":"product","link":"https:\/\/as-lightsound.de\/wordpress\/product\/infinity-chimp-300\/","title":{"rendered":"Infinity Chimp 300"},"content":{"rendered":"<p data-start=\"199\" data-end=\"561\">Die <strong data-start=\"203\" data-end=\"225\">Infinity Chimp 300<\/strong> ist eine leistungsf\u00e4hige, intuitive Lichtsteuerkonsole f\u00fcr professionelle Anwendungen in Live-, Theater- und Touring-Umgebungen. Sie kombiniert hohe Flexibilit\u00e4t mit benutzerfreundlicher Bedienung und bietet umfassende Kontrolle \u00fcber Moving Lights, LED-Fixtures und konventionelles Licht \u2013 alles in einem kompakten, robusten Geh\u00e4use.<\/p>\n<hr data-start=\"563\" data-end=\"566\" \/>\n<h3 data-start=\"568\" data-end=\"605\"><strong data-start=\"572\" data-end=\"605\">Technische Daten (Tech Specs)<\/strong><\/h3>\n<div class=\"_tableContainer_1rjym_1\">\n<div class=\"group _tableWrapper_1rjym_13 flex w-fit flex-col-reverse\" tabindex=\"-1\">\n<table class=\"w-fit min-w-(--thread-content-width)\" data-start=\"607\" data-end=\"2102\">\n<thead data-start=\"607\" data-end=\"634\">\n<tr data-start=\"607\" data-end=\"634\">\n<th data-start=\"607\" data-end=\"617\" data-col-size=\"sm\">Merkmal<\/th>\n<th data-start=\"617\" data-end=\"634\" data-col-size=\"lg\">Spezifikation<\/th>\n<\/tr>\n<\/thead>\n<tbody data-start=\"658\" data-end=\"2102\">\n<tr data-start=\"658\" data-end=\"753\">\n<td data-start=\"658\" data-end=\"683\" data-col-size=\"sm\"><strong data-start=\"660\" data-end=\"682\">Universen (Output)<\/strong><\/td>\n<td data-start=\"683\" data-end=\"753\" data-col-size=\"lg\">4 physische DMX-Universen (XLR 5-pol) + bis zu 8 \u00fcber Art-Net\/sACN<\/td>\n<\/tr>\n<tr data-start=\"754\" data-end=\"800\">\n<td data-start=\"754\" data-end=\"773\" data-col-size=\"sm\"><strong data-start=\"756\" data-end=\"772\">DMX-Ausg\u00e4nge<\/strong><\/td>\n<td data-start=\"773\" data-end=\"800\" data-col-size=\"lg\">4 \u00d7 XLR 5-pol (DMX\/RDM)<\/td>\n<\/tr>\n<tr data-start=\"801\" data-end=\"848\">\n<td data-start=\"801\" data-end=\"826\" data-col-size=\"sm\"><strong data-start=\"803\" data-end=\"825\">Netzwerkprotokolle<\/strong><\/td>\n<td data-start=\"826\" data-end=\"848\" data-col-size=\"lg\">Art-Net, sACN, RDM<\/td>\n<\/tr>\n<tr data-start=\"849\" data-end=\"932\">\n<td data-start=\"849\" data-end=\"872\" data-col-size=\"sm\"><strong data-start=\"851\" data-end=\"871\">Fader \/ Executor<\/strong><\/td>\n<td data-start=\"872\" data-end=\"932\" data-col-size=\"lg\">10 Playback-Fader + 10 direkt anw\u00e4hlbare Executor-Tasten<\/td>\n<\/tr>\n<tr data-start=\"933\" data-end=\"1004\">\n<td data-start=\"933\" data-end=\"950\" data-col-size=\"sm\"><strong data-start=\"935\" data-end=\"949\">Bildschirm<\/strong><\/td>\n<td data-start=\"950\" data-end=\"1004\" data-col-size=\"lg\">2 \u00d7 13,3\u2033 Full-HD Multi-Touch-Displays (kapazitiv)<\/td>\n<\/tr>\n<tr data-start=\"1005\" data-end=\"1087\">\n<td data-start=\"1005\" data-end=\"1033\" data-col-size=\"sm\"><strong data-start=\"1007\" data-end=\"1032\">Programmieroberfl\u00e4che<\/strong><\/td>\n<td data-start=\"1033\" data-end=\"1087\" data-col-size=\"lg\">4 Encoder, 2 Grandmaster-Fader, beleuchtete Tasten<\/td>\n<\/tr>\n<tr data-start=\"1088\" data-end=\"1165\">\n<td data-start=\"1088\" data-end=\"1122\" data-col-size=\"sm\"><strong data-start=\"1090\" data-end=\"1121\">Cue- und Playback-Kapazit\u00e4t<\/strong><\/td>\n<td data-start=\"1122\" data-end=\"1165\" data-col-size=\"lg\">Bis zu 1.000 Cues, Chases und Sequences<\/td>\n<\/tr>\n<tr data-start=\"1166\" data-end=\"1250\">\n<td data-start=\"1166\" data-end=\"1190\" data-col-size=\"sm\"><strong data-start=\"1168\" data-end=\"1189\">Effekte &amp; Presets<\/strong><\/td>\n<td data-start=\"1190\" data-end=\"1250\" data-col-size=\"lg\">Integrierte Effekt-Engine, Preset- und Palettensteuerung<\/td>\n<\/tr>\n<tr data-start=\"1251\" data-end=\"1317\">\n<td data-start=\"1251\" data-end=\"1276\" data-col-size=\"sm\"><strong data-start=\"1253\" data-end=\"1275\">Timecode \/ Trigger<\/strong><\/td>\n<td data-start=\"1276\" data-end=\"1317\" data-col-size=\"lg\">Intern, MIDI, SMPTE, Netzwerk-Trigger<\/td>\n<\/tr>\n<tr data-start=\"1318\" data-end=\"1382\">\n<td data-start=\"1318\" data-end=\"1343\" data-col-size=\"sm\"><strong data-start=\"1320\" data-end=\"1342\">Netzwerkanschl\u00fcsse<\/strong><\/td>\n<td data-start=\"1343\" data-end=\"1382\" data-col-size=\"lg\">2 \u00d7 Neutrik etherCON (Art-Net\/sACN)<\/td>\n<\/tr>\n<tr data-start=\"1383\" data-end=\"1460\">\n<td data-start=\"1383\" data-end=\"1404\" data-col-size=\"sm\"><strong data-start=\"1385\" data-end=\"1403\">USB-Anschl\u00fcsse<\/strong><\/td>\n<td data-start=\"1404\" data-end=\"1460\" data-col-size=\"lg\">4 \u00d7 USB (f\u00fcr Showspeicher, MIDI, Wing-Erweiterungen)<\/td>\n<\/tr>\n<tr data-start=\"1461\" data-end=\"1508\">\n<td data-start=\"1461\" data-end=\"1484\" data-col-size=\"sm\"><strong data-start=\"1463\" data-end=\"1483\">Externe Monitore<\/strong><\/td>\n<td data-start=\"1484\" data-end=\"1508\" data-col-size=\"lg\">1 \u00d7 DVI\/HDMI-Ausgang<\/td>\n<\/tr>\n<tr data-start=\"1509\" data-end=\"1557\">\n<td data-start=\"1509\" data-end=\"1531\" data-col-size=\"sm\"><strong data-start=\"1511\" data-end=\"1530\">Stromversorgung<\/strong><\/td>\n<td data-start=\"1531\" data-end=\"1557\" data-col-size=\"lg\">100\u2013240 V AC, 50\/60 Hz<\/td>\n<\/tr>\n<tr data-start=\"1558\" data-end=\"1595\">\n<td data-start=\"1558\" data-end=\"1582\" data-col-size=\"sm\"><strong data-start=\"1560\" data-end=\"1581\">Leistungsaufnahme<\/strong><\/td>\n<td data-start=\"1582\" data-end=\"1595\" data-col-size=\"lg\">ca. 100 W<\/td>\n<\/tr>\n<tr data-start=\"1596\" data-end=\"1634\">\n<td data-start=\"1596\" data-end=\"1619\" data-col-size=\"sm\"><strong data-start=\"1598\" data-end=\"1618\">Anschl\u00fcsse Strom<\/strong><\/td>\n<td data-start=\"1619\" data-end=\"1634\" data-col-size=\"lg\">PowerCON In<\/td>\n<\/tr>\n<tr data-start=\"1635\" data-end=\"1672\">\n<td data-start=\"1635\" data-end=\"1649\" data-col-size=\"sm\"><strong data-start=\"1637\" data-end=\"1648\">K\u00fchlung<\/strong><\/td>\n<td data-start=\"1649\" data-end=\"1672\" data-col-size=\"lg\">Passiv, ger\u00e4uscharm<\/td>\n<\/tr>\n<tr data-start=\"1673\" data-end=\"1737\">\n<td data-start=\"1673\" data-end=\"1687\" data-col-size=\"sm\"><strong data-start=\"1675\" data-end=\"1686\">Geh\u00e4use<\/strong><\/td>\n<td data-start=\"1687\" data-end=\"1737\" data-col-size=\"lg\">Metall, touringgeeignet, seitliche Tragegriffe<\/td>\n<\/tr>\n<tr data-start=\"1738\" data-end=\"1771\">\n<td data-start=\"1738\" data-end=\"1754\" data-col-size=\"sm\"><strong data-start=\"1740\" data-end=\"1753\">Schutzart<\/strong><\/td>\n<td data-start=\"1754\" data-end=\"1771\" data-col-size=\"lg\">IP20 (Indoor)<\/td>\n<\/tr>\n<tr data-start=\"1772\" data-end=\"1828\">\n<td data-start=\"1772\" data-end=\"1802\" data-col-size=\"sm\"><strong data-start=\"1774\" data-end=\"1801\">Abmessungen (B \u00d7 H \u00d7 T)<\/strong><\/td>\n<td data-start=\"1802\" data-end=\"1828\" data-col-size=\"lg\">ca. 660 \u00d7 110 \u00d7 480 mm<\/td>\n<\/tr>\n<tr data-start=\"1829\" data-end=\"1856\">\n<td data-start=\"1829\" data-end=\"1843\" data-col-size=\"sm\"><strong data-start=\"1831\" data-end=\"1842\">Gewicht<\/strong><\/td>\n<td data-start=\"1843\" data-end=\"1856\" data-col-size=\"lg\">ca. 13 kg<\/td>\n<\/tr>\n<tr data-start=\"1857\" data-end=\"1932\">\n<td data-start=\"1857\" data-end=\"1877\" data-col-size=\"sm\"><strong data-start=\"1859\" data-end=\"1876\">Software \/ OS<\/strong><\/td>\n<td data-start=\"1877\" data-end=\"1932\" data-col-size=\"lg\">Infinity Chimp OS (lizenzfrei, regelm\u00e4\u00dfige Updates)<\/td>\n<\/tr>\n<tr data-start=\"1933\" data-end=\"2102\">\n<td data-start=\"1933\" data-end=\"1954\" data-col-size=\"sm\"><strong data-start=\"1935\" data-end=\"1953\">Besonderheiten<\/strong><\/td>\n<td data-start=\"1954\" data-end=\"2102\" data-col-size=\"lg\">4 physische + 8 Netzwerk-Universen, Dual-Touchscreens, Art-Net\/sACN, integrierter Effektgenerator, RDM-Unterst\u00fctzung, intuitive Bedienoberfl\u00e4che<\/td>\n<\/tr>\n<\/tbody>\n<\/table>\n<\/div>\n<\/div>\n","protected":false},"excerpt":{"rendered":"<p>2 vorr\u00e4tig<\/p>\n","protected":false},"featured_media":364,"template":"","meta":[],"product_brand":[],"product_cat":[33],"product_tag":[],"class_list":{"0":"post-363","1":"product","2":"type-product","3":"status-publish","4":"has-post-thumbnail","6":"product_cat-steuerpulte","8":"first","9":"instock","10":"taxable","11":"shipping-taxable","12":"purchasable","13":"product-type-simple"},"_links":{"self":[{"href":"https:\/\/as-lightsound.de\/wordpress\/wp-json\/wp\/v2\/product\/363","targetHints":{"allow":["GET"]}}],"collection":[{"href":"https:\/\/as-lightsound.de\/wordpress\/wp-json\/wp\/v2\/product"}],"about":[{"href":"https:\/\/as-lightsound.de\/wordpress\/wp-json\/wp\/v2\/types\/product"}],"wp:featuredmedia":[{"embeddable":true,"href":"https:\/\/as-lightsound.de\/wordpress\/wp-json\/wp\/v2\/media\/364"}],"wp:attachment":[{"href":"https:\/\/as-lightsound.de\/wordpress\/wp-json\/wp\/v2\/media?parent=363"}],"wp:term":[{"taxonomy":"product_brand","embeddable":true,"href":"https:\/\/as-lightsound.de\/wordpress\/wp-json\/wp\/v2\/product_brand?post=363"},{"taxonomy":"product_cat","embeddable":true,"href":"https:\/\/as-lightsound.de\/wordpress\/wp-json\/wp\/v2\/product_cat?post=363"},{"taxonomy":"product_tag","embeddable":true,"href":"https:\/\/as-lightsound.de\/wordpress\/wp-json\/wp\/v2\/product_tag?post=363"}],"curies":[{"name":"wp","href":"https:\/\/api.w.org\/{rel}","templated":true}]}}