{"id":361,"date":"2021-03-18T16:18:40","date_gmt":"2021-03-18T15:18:40","guid":{"rendered":"https:\/\/as-lightsound.de\/wordpress\/?post_type=product&#038;p=361"},"modified":"2025-10-07T09:35:22","modified_gmt":"2025-10-07T07:35:22","slug":"briteq-bt-node28-xlr-3pin-artnet-dmx","status":"publish","type":"product","link":"https:\/\/as-lightsound.de\/wordpress\/product\/briteq-bt-node28-xlr-3pin-artnet-dmx\/","title":{"rendered":"BriteQ BT-NODE28 XLR 3pin ArtNet DMX"},"content":{"rendered":"<p data-start=\"206\" data-end=\"670\">Der <strong data-start=\"210\" data-end=\"230\">BriteQ BT-NODE28<\/strong> ist ein professioneller, kompakter <strong data-start=\"266\" data-end=\"294\">Art-Net\/sACN zu DMX-Node<\/strong> mit 2 DMX-Eing\u00e4ngen und 8 DMX-Ausg\u00e4ngen (3-pol XLR). Er erm\u00f6glicht eine stabile, flexible DMX-Verteilung \u00fcber Ethernet-Netzwerke und eignet sich ideal f\u00fcr Touring, Theater, TV-Produktionen und Festinstallationen. Dank integriertem Farbdisplay, robustem Metallgeh\u00e4use und rackf\u00e4higem Design ist der BT-NODE28 die perfekte Schnittstelle zwischen Lichtnetzwerk und DMX-System.<\/p>\n<hr data-start=\"672\" data-end=\"675\" \/>\n<h3 data-start=\"677\" data-end=\"714\"><strong data-start=\"681\" data-end=\"714\">Technische Daten (Tech Specs)<\/strong><\/h3>\n<div class=\"_tableContainer_1rjym_1\">\n<div class=\"group _tableWrapper_1rjym_13 flex w-fit flex-col-reverse\" tabindex=\"-1\">\n<table class=\"w-fit min-w-(--thread-content-width)\" data-start=\"716\" data-end=\"1746\">\n<thead data-start=\"716\" data-end=\"743\">\n<tr data-start=\"716\" data-end=\"743\">\n<th data-start=\"716\" data-end=\"726\" data-col-size=\"sm\">Merkmal<\/th>\n<th data-start=\"726\" data-end=\"743\" data-col-size=\"md\">Spezifikation<\/th>\n<\/tr>\n<\/thead>\n<tbody data-start=\"767\" data-end=\"1746\">\n<tr data-start=\"767\" data-end=\"814\">\n<td data-start=\"767\" data-end=\"792\" data-col-size=\"sm\"><strong data-start=\"769\" data-end=\"791\">Netzwerkprotokolle<\/strong><\/td>\n<td data-start=\"792\" data-end=\"814\" data-col-size=\"md\">Art-Net, sACN, RDM<\/td>\n<\/tr>\n<tr data-start=\"815\" data-end=\"867\">\n<td data-start=\"815\" data-end=\"834\" data-col-size=\"sm\"><strong data-start=\"817\" data-end=\"833\">DMX-Ausg\u00e4nge<\/strong><\/td>\n<td data-start=\"834\" data-end=\"867\" data-col-size=\"md\">8 \u00d7 3-pol XLR (DMX\/RDM-f\u00e4hig)<\/td>\n<\/tr>\n<tr data-start=\"868\" data-end=\"925\">\n<td data-start=\"868\" data-end=\"887\" data-col-size=\"sm\"><strong data-start=\"870\" data-end=\"886\">DMX-Eing\u00e4nge<\/strong><\/td>\n<td data-start=\"887\" data-end=\"925\" data-col-size=\"md\">2 \u00d7 3-pol XLR (umschaltbar In\/Out)<\/td>\n<\/tr>\n<tr data-start=\"926\" data-end=\"967\">\n<td data-start=\"926\" data-end=\"942\" data-col-size=\"sm\"><strong data-start=\"928\" data-end=\"941\">Universen<\/strong><\/td>\n<td data-start=\"942\" data-end=\"967\" data-col-size=\"md\">Bis zu 8 gleichzeitig<\/td>\n<\/tr>\n<tr data-start=\"968\" data-end=\"1038\">\n<td data-start=\"968\" data-end=\"992\" data-col-size=\"sm\"><strong data-start=\"970\" data-end=\"991\">Netzwerkanschluss<\/strong><\/td>\n<td data-start=\"992\" data-end=\"1038\" data-col-size=\"md\">1 \u00d7 Neutrik etherCON (RJ45, 10\/100 Mbit\/s)<\/td>\n<\/tr>\n<tr data-start=\"1039\" data-end=\"1110\">\n<td data-start=\"1039\" data-end=\"1059\" data-col-size=\"sm\"><strong data-start=\"1041\" data-end=\"1058\">Konfiguration<\/strong><\/td>\n<td data-start=\"1059\" data-end=\"1110\" data-col-size=\"md\">\u00dcber integriertes Farbdisplay oder Webinterface<\/td>\n<\/tr>\n<tr data-start=\"1111\" data-end=\"1159\">\n<td data-start=\"1111\" data-end=\"1125\" data-col-size=\"sm\"><strong data-start=\"1113\" data-end=\"1124\">Display<\/strong><\/td>\n<td data-start=\"1125\" data-end=\"1159\" data-col-size=\"md\">Farb-LCD mit Navigationstasten<\/td>\n<\/tr>\n<tr data-start=\"1160\" data-end=\"1234\">\n<td data-start=\"1160\" data-end=\"1185\" data-col-size=\"sm\"><strong data-start=\"1162\" data-end=\"1184\">Protokoll-Optionen<\/strong><\/td>\n<td data-start=\"1185\" data-end=\"1234\" data-col-size=\"md\">Art-Net \u2192 DMX, DMX \u2192 Art-Net, sACN \u2192 DMX, RDM<\/td>\n<\/tr>\n<tr data-start=\"1235\" data-end=\"1274\">\n<td data-start=\"1235\" data-end=\"1258\" data-col-size=\"sm\"><strong data-start=\"1237\" data-end=\"1257\">DMX-Refresh-Rate<\/strong><\/td>\n<td data-start=\"1258\" data-end=\"1274\" data-col-size=\"md\">Bis zu 44 Hz<\/td>\n<\/tr>\n<tr data-start=\"1275\" data-end=\"1323\">\n<td data-start=\"1275\" data-end=\"1297\" data-col-size=\"sm\"><strong data-start=\"1277\" data-end=\"1296\">Stromversorgung<\/strong><\/td>\n<td data-start=\"1297\" data-end=\"1323\" data-col-size=\"md\">100\u2013240 V AC, 50\/60 Hz<\/td>\n<\/tr>\n<tr data-start=\"1324\" data-end=\"1361\">\n<td data-start=\"1324\" data-end=\"1348\" data-col-size=\"sm\"><strong data-start=\"1326\" data-end=\"1347\">Leistungsaufnahme<\/strong><\/td>\n<td data-start=\"1348\" data-end=\"1361\" data-col-size=\"md\">max. 15 W<\/td>\n<\/tr>\n<tr data-start=\"1362\" data-end=\"1404\">\n<td data-start=\"1362\" data-end=\"1385\" data-col-size=\"sm\"><strong data-start=\"1364\" data-end=\"1384\">Anschl\u00fcsse Strom<\/strong><\/td>\n<td data-start=\"1385\" data-end=\"1404\" data-col-size=\"md\">PowerCON In\/Out<\/td>\n<\/tr>\n<tr data-start=\"1405\" data-end=\"1438\">\n<td data-start=\"1405\" data-end=\"1421\" data-col-size=\"sm\"><strong data-start=\"1407\" data-end=\"1420\">Schutzart<\/strong><\/td>\n<td data-start=\"1421\" data-end=\"1438\" data-col-size=\"md\">IP20 (Indoor)<\/td>\n<\/tr>\n<tr data-start=\"1439\" data-end=\"1488\">\n<td data-start=\"1439\" data-end=\"1453\" data-col-size=\"sm\"><strong data-start=\"1441\" data-end=\"1452\">K\u00fchlung<\/strong><\/td>\n<td data-start=\"1453\" data-end=\"1488\" data-col-size=\"md\">Passiv (l\u00fcfterlos, ger\u00e4uschlos)<\/td>\n<\/tr>\n<tr data-start=\"1489\" data-end=\"1541\">\n<td data-start=\"1489\" data-end=\"1503\" data-col-size=\"sm\"><strong data-start=\"1491\" data-end=\"1502\">Geh\u00e4use<\/strong><\/td>\n<td data-start=\"1503\" data-end=\"1541\" data-col-size=\"md\">Metallgeh\u00e4use, 19\u2033 Rackmount, 1 HE<\/td>\n<\/tr>\n<tr data-start=\"1542\" data-end=\"1593\">\n<td data-start=\"1542\" data-end=\"1572\" data-col-size=\"sm\"><strong data-start=\"1544\" data-end=\"1571\">Abmessungen (B \u00d7 H \u00d7 T)<\/strong><\/td>\n<td data-start=\"1572\" data-end=\"1593\" data-col-size=\"md\">483 \u00d7 44 \u00d7 170 mm<\/td>\n<\/tr>\n<tr data-start=\"1594\" data-end=\"1622\">\n<td data-start=\"1594\" data-end=\"1608\" data-col-size=\"sm\"><strong data-start=\"1596\" data-end=\"1607\">Gewicht<\/strong><\/td>\n<td data-start=\"1608\" data-end=\"1622\" data-col-size=\"md\">ca. 2,3 kg<\/td>\n<\/tr>\n<tr data-start=\"1623\" data-end=\"1746\">\n<td data-start=\"1623\" data-end=\"1644\" data-col-size=\"sm\"><strong data-start=\"1625\" data-end=\"1643\">Besonderheiten<\/strong><\/td>\n<td data-start=\"1644\" data-end=\"1746\" data-col-size=\"md\">2 DMX-In \/ 8 DMX-Out, 3-pol XLR, Art-Net\/sACN, RDM, Webinterface, rackf\u00e4hig, PowerCON-Stromf\u00fchrung<\/td>\n<\/tr>\n<\/tbody>\n<\/table>\n<\/div>\n<\/div>\n","protected":false},"excerpt":{"rendered":"<p>2 vorr\u00e4tig<\/p>\n","protected":false},"featured_media":362,"template":"","meta":[],"product_brand":[],"product_cat":[33],"product_tag":[],"class_list":{"0":"post-361","1":"product","2":"type-product","3":"status-publish","4":"has-post-thumbnail","6":"product_cat-steuerpulte","8":"first","9":"instock","10":"taxable","11":"shipping-taxable","12":"purchasable","13":"product-type-simple"},"_links":{"self":[{"href":"https:\/\/as-lightsound.de\/wordpress\/wp-json\/wp\/v2\/product\/361","targetHints":{"allow":["GET"]}}],"collection":[{"href":"https:\/\/as-lightsound.de\/wordpress\/wp-json\/wp\/v2\/product"}],"about":[{"href":"https:\/\/as-lightsound.de\/wordpress\/wp-json\/wp\/v2\/types\/product"}],"wp:featuredmedia":[{"embeddable":true,"href":"https:\/\/as-lightsound.de\/wordpress\/wp-json\/wp\/v2\/media\/362"}],"wp:attachment":[{"href":"https:\/\/as-lightsound.de\/wordpress\/wp-json\/wp\/v2\/media?parent=361"}],"wp:term":[{"taxonomy":"product_brand","embeddable":true,"href":"https:\/\/as-lightsound.de\/wordpress\/wp-json\/wp\/v2\/product_brand?post=361"},{"taxonomy":"product_cat","embeddable":true,"href":"https:\/\/as-lightsound.de\/wordpress\/wp-json\/wp\/v2\/product_cat?post=361"},{"taxonomy":"product_tag","embeddable":true,"href":"https:\/\/as-lightsound.de\/wordpress\/wp-json\/wp\/v2\/product_tag?post=361"}],"curies":[{"name":"wp","href":"https:\/\/api.w.org\/{rel}","templated":true}]}}