{"id":341,"date":"2021-03-18T15:56:57","date_gmt":"2021-03-18T14:56:57","guid":{"rendered":"https:\/\/as-lightsound.de\/wordpress\/?post_type=product&#038;p=341"},"modified":"2025-10-07T08:51:07","modified_gmt":"2025-10-07T06:51:07","slug":"light-bright-synjax-matrix-bar-12","status":"publish","type":"product","link":"https:\/\/as-lightsound.de\/wordpress\/product\/light-bright-synjax-matrix-bar-12\/","title":{"rendered":"Light Bright Synjax Matrix Bar 12"},"content":{"rendered":"<p data-start=\"188\" data-end=\"541\">Die <strong data-start=\"192\" data-end=\"229\">Light Bright Synjax Matrix Bar 12<\/strong> ist eine leistungsstarke LED-Lichtleiste mit 12 individuell steuerbaren RGBW-Pixeln. Sie bietet beeindruckende Matrix-, Chase- und Wash-Effekte f\u00fcr B\u00fchne, Event, Club oder Installation. Durch pr\u00e4zise Farbmischung, DMX-Steuerung und robustes Geh\u00e4use ist sie ideal f\u00fcr dynamische Lichtshows und kreative Setups.<\/p>\n<hr data-start=\"543\" data-end=\"546\" \/>\n<h3 data-start=\"548\" data-end=\"585\"><strong data-start=\"552\" data-end=\"585\">Technische Daten (Tech Specs)<\/strong><\/h3>\n<div class=\"_tableContainer_1rjym_1\">\n<div class=\"group _tableWrapper_1rjym_13 flex w-fit flex-col-reverse\" tabindex=\"-1\">\n<table class=\"w-fit min-w-(--thread-content-width)\" data-start=\"587\" data-end=\"1842\">\n<thead data-start=\"587\" data-end=\"614\">\n<tr data-start=\"587\" data-end=\"614\">\n<th data-start=\"587\" data-end=\"597\" data-col-size=\"sm\">Merkmal<\/th>\n<th data-start=\"597\" data-end=\"614\" data-col-size=\"lg\">Spezifikation<\/th>\n<\/tr>\n<\/thead>\n<tbody data-start=\"638\" data-end=\"1842\">\n<tr data-start=\"638\" data-end=\"688\">\n<td data-start=\"638\" data-end=\"656\" data-col-size=\"sm\"><strong data-start=\"640\" data-end=\"655\">Lichtquelle<\/strong><\/td>\n<td data-start=\"656\" data-end=\"688\" data-col-size=\"lg\">12 \u00d7 15 W RGBW-LEDs (4-in-1)<\/td>\n<\/tr>\n<tr data-start=\"689\" data-end=\"723\">\n<td data-start=\"689\" data-end=\"710\" data-col-size=\"sm\"><strong data-start=\"691\" data-end=\"709\">Gesamtleistung<\/strong><\/td>\n<td data-start=\"710\" data-end=\"723\" data-col-size=\"lg\">ca. 180 W<\/td>\n<\/tr>\n<tr data-start=\"724\" data-end=\"787\">\n<td data-start=\"724\" data-end=\"743\" data-col-size=\"sm\"><strong data-start=\"726\" data-end=\"742\">Farbmischung<\/strong><\/td>\n<td data-start=\"743\" data-end=\"787\" data-col-size=\"lg\">RGBW \u2013 volle Farbtiefe inkl. reinem Wei\u00df<\/td>\n<\/tr>\n<tr data-start=\"788\" data-end=\"820\">\n<td data-start=\"788\" data-end=\"809\" data-col-size=\"sm\"><strong data-start=\"790\" data-end=\"808\">Abstrahlwinkel<\/strong><\/td>\n<td data-start=\"809\" data-end=\"820\" data-col-size=\"lg\">ca. 20\u00b0<\/td>\n<\/tr>\n<tr data-start=\"821\" data-end=\"891\">\n<td data-start=\"821\" data-end=\"842\" data-col-size=\"sm\"><strong data-start=\"823\" data-end=\"841\">Pixelsteuerung<\/strong><\/td>\n<td data-start=\"842\" data-end=\"891\" data-col-size=\"lg\">Jede LED einzeln adressierbar (Pixel Control)<\/td>\n<\/tr>\n<tr data-start=\"892\" data-end=\"930\">\n<td data-start=\"892\" data-end=\"906\" data-col-size=\"sm\"><strong data-start=\"894\" data-end=\"905\">Dimmung<\/strong><\/td>\n<td data-start=\"906\" data-end=\"930\" data-col-size=\"lg\">0\u2013100 %, flickerfrei<\/td>\n<\/tr>\n<tr data-start=\"931\" data-end=\"1004\">\n<td data-start=\"931\" data-end=\"947\" data-col-size=\"sm\"><strong data-start=\"933\" data-end=\"946\">Steuerung<\/strong><\/td>\n<td data-start=\"947\" data-end=\"1004\" data-col-size=\"lg\">DMX512, Art-Net, Kling-Net, Auto, Sound, Master\/Slave<\/td>\n<\/tr>\n<tr data-start=\"1005\" data-end=\"1072\">\n<td data-start=\"1005\" data-end=\"1022\" data-col-size=\"sm\"><strong data-start=\"1007\" data-end=\"1021\">DMX-Kan\u00e4le<\/strong><\/td>\n<td data-start=\"1022\" data-end=\"1072\" data-col-size=\"lg\">3 \/ 4 \/ 6 \/ 48 \/ 60 Kan\u00e4le (verschiedene Modi)<\/td>\n<\/tr>\n<tr data-start=\"1073\" data-end=\"1137\">\n<td data-start=\"1073\" data-end=\"1087\" data-col-size=\"sm\"><strong data-start=\"1075\" data-end=\"1086\">Effekte<\/strong><\/td>\n<td data-start=\"1087\" data-end=\"1137\" data-col-size=\"lg\">Lauflichter, Pixel-Matrix, Farbwechsel, Strobe<\/td>\n<\/tr>\n<tr data-start=\"1138\" data-end=\"1210\">\n<td data-start=\"1138\" data-end=\"1164\" data-col-size=\"sm\"><strong data-start=\"1140\" data-end=\"1163\">Display \/ Bedienung<\/strong><\/td>\n<td data-start=\"1164\" data-end=\"1210\" data-col-size=\"lg\">Farbdisplay mit Men\u00fc und Navigationstasten<\/td>\n<\/tr>\n<tr data-start=\"1211\" data-end=\"1263\">\n<td data-start=\"1211\" data-end=\"1237\" data-col-size=\"sm\"><strong data-start=\"1213\" data-end=\"1236\">Spannungsversorgung<\/strong><\/td>\n<td data-start=\"1237\" data-end=\"1263\" data-col-size=\"lg\">100\u2013240 V AC, 50\/60 Hz<\/td>\n<\/tr>\n<tr data-start=\"1264\" data-end=\"1302\">\n<td data-start=\"1264\" data-end=\"1288\" data-col-size=\"sm\"><strong data-start=\"1266\" data-end=\"1287\">Leistungsaufnahme<\/strong><\/td>\n<td data-start=\"1288\" data-end=\"1302\" data-col-size=\"lg\">max. 180 W<\/td>\n<\/tr>\n<tr data-start=\"1303\" data-end=\"1352\">\n<td data-start=\"1303\" data-end=\"1319\" data-col-size=\"sm\"><strong data-start=\"1305\" data-end=\"1318\">Schutzart<\/strong><\/td>\n<td data-start=\"1319\" data-end=\"1352\" data-col-size=\"lg\">IP20 (f\u00fcr Indoor-Anwendungen)<\/td>\n<\/tr>\n<tr data-start=\"1353\" data-end=\"1405\">\n<td data-start=\"1353\" data-end=\"1367\" data-col-size=\"sm\"><strong data-start=\"1355\" data-end=\"1366\">K\u00fchlung<\/strong><\/td>\n<td data-start=\"1367\" data-end=\"1405\" data-col-size=\"lg\">Temperaturgeregelte L\u00fcfter (leise)<\/td>\n<\/tr>\n<tr data-start=\"1406\" data-end=\"1460\">\n<td data-start=\"1406\" data-end=\"1420\" data-col-size=\"sm\"><strong data-start=\"1408\" data-end=\"1419\">Geh\u00e4use<\/strong><\/td>\n<td data-start=\"1420\" data-end=\"1460\" data-col-size=\"lg\">Aluminium, schwarz pulverbeschichtet<\/td>\n<\/tr>\n<tr data-start=\"1461\" data-end=\"1548\">\n<td data-start=\"1461\" data-end=\"1478\" data-col-size=\"sm\"><strong data-start=\"1463\" data-end=\"1477\">Anschl\u00fcsse<\/strong><\/td>\n<td data-start=\"1478\" data-end=\"1548\" data-col-size=\"lg\">PowerCON In\/Out, 3-\/5-pol DMX In\/Out, Ethernet (Art-Net\/Kling-Net)<\/td>\n<\/tr>\n<tr data-start=\"1549\" data-end=\"1616\">\n<td data-start=\"1549\" data-end=\"1563\" data-col-size=\"sm\"><strong data-start=\"1551\" data-end=\"1562\">Montage<\/strong><\/td>\n<td data-start=\"1563\" data-end=\"1616\" data-col-size=\"lg\">Verstellbare Montageb\u00fcgel f\u00fcr Boden oder Traverse<\/td>\n<\/tr>\n<tr data-start=\"1617\" data-end=\"1674\">\n<td data-start=\"1617\" data-end=\"1647\" data-col-size=\"sm\"><strong data-start=\"1619\" data-end=\"1646\">Abmessungen (B \u00d7 H \u00d7 T)<\/strong><\/td>\n<td data-start=\"1647\" data-end=\"1674\" data-col-size=\"lg\">ca. 1.000 \u00d7 120 \u00d7 90 mm<\/td>\n<\/tr>\n<tr data-start=\"1675\" data-end=\"1703\">\n<td data-start=\"1675\" data-end=\"1689\" data-col-size=\"sm\"><strong data-start=\"1677\" data-end=\"1688\">Gewicht<\/strong><\/td>\n<td data-start=\"1689\" data-end=\"1703\" data-col-size=\"lg\">ca. 5,5 kg<\/td>\n<\/tr>\n<tr data-start=\"1704\" data-end=\"1842\">\n<td data-start=\"1704\" data-end=\"1725\" data-col-size=\"sm\"><strong data-start=\"1706\" data-end=\"1724\">Besonderheiten<\/strong><\/td>\n<td data-start=\"1725\" data-end=\"1842\" data-col-size=\"lg\">12 Pixel einzeln steuerbar, RGBW 4-in-1 LEDs, Art-Net &amp; Kling-Net kompatibel, dynamische Effekte, robustes Design<\/td>\n<\/tr>\n<\/tbody>\n<\/table>\n<\/div>\n<\/div>\n","protected":false},"excerpt":{"rendered":"<p>30 vorr\u00e4tig<\/p>\n","protected":false},"featured_media":342,"template":"","meta":[],"product_brand":[],"product_cat":[32],"product_tag":[],"class_list":{"0":"post-341","1":"product","2":"type-product","3":"status-publish","4":"has-post-thumbnail","6":"product_cat-scheinwerfer","8":"first","9":"instock","10":"taxable","11":"shipping-taxable","12":"purchasable","13":"product-type-simple"},"_links":{"self":[{"href":"https:\/\/as-lightsound.de\/wordpress\/wp-json\/wp\/v2\/product\/341","targetHints":{"allow":["GET"]}}],"collection":[{"href":"https:\/\/as-lightsound.de\/wordpress\/wp-json\/wp\/v2\/product"}],"about":[{"href":"https:\/\/as-lightsound.de\/wordpress\/wp-json\/wp\/v2\/types\/product"}],"wp:featuredmedia":[{"embeddable":true,"href":"https:\/\/as-lightsound.de\/wordpress\/wp-json\/wp\/v2\/media\/342"}],"wp:attachment":[{"href":"https:\/\/as-lightsound.de\/wordpress\/wp-json\/wp\/v2\/media?parent=341"}],"wp:term":[{"taxonomy":"product_brand","embeddable":true,"href":"https:\/\/as-lightsound.de\/wordpress\/wp-json\/wp\/v2\/product_brand?post=341"},{"taxonomy":"product_cat","embeddable":true,"href":"https:\/\/as-lightsound.de\/wordpress\/wp-json\/wp\/v2\/product_cat?post=341"},{"taxonomy":"product_tag","embeddable":true,"href":"https:\/\/as-lightsound.de\/wordpress\/wp-json\/wp\/v2\/product_tag?post=341"}],"curies":[{"name":"wp","href":"https:\/\/api.w.org\/{rel}","templated":true}]}}