{"id":34,"date":"2021-02-16T11:05:05","date_gmt":"2021-02-16T10:05:05","guid":{"rendered":"https:\/\/as-lightsound.de\/wordpress\/?post_type=product&#038;p=34"},"modified":"2025-10-08T10:19:53","modified_gmt":"2025-10-08T08:19:53","slug":"flugrahmen-fuer-vt20","status":"publish","type":"product","link":"https:\/\/as-lightsound.de\/wordpress\/product\/flugrahmen-fuer-vt20\/","title":{"rendered":"Flugrahmen f\u00fcr VT20 Aluminium"},"content":{"rendered":"<p data-start=\"76\" data-end=\"572\">Der <strong data-start=\"80\" data-end=\"116\">ProAudio Technology FRAME09-VT20<\/strong> ist ein robuster Flugrahmen, der den sicheren Betrieb von Line-Array-Systemen erm\u00f6glicht. Er erlaubt das H\u00e4ngen von bis zu 9 VT20-Lautsprechern oder wahlweise 6 VS18F-Subwoofern. Der Rahmen ist aus pulverbeschichtetem Aluminium gefertigt und beinhaltet einen Lastadapter sowie einen 3,25-Tonnen-Sch\u00e4kel. Zudem sind zehn Kugelsperrbolzen (\u00d8 10 mm) enthalten, und optional kann eine Halterung f\u00fcr Winkelsensor mit integriertem Laserpointer genutzt werden.<\/p>\n<hr data-start=\"574\" data-end=\"577\" \/>\n<h3 data-start=\"579\" data-end=\"612\">Technische Daten (Tech Specs)<\/h3>\n<div class=\"_tableContainer_1rjym_1\">\n<div class=\"group _tableWrapper_1rjym_13 flex w-fit flex-col-reverse\" tabindex=\"-1\">\n<table class=\"w-fit min-w-(--thread-content-width)\" data-start=\"614\" data-end=\"1221\">\n<thead data-start=\"614\" data-end=\"632\">\n<tr data-start=\"614\" data-end=\"632\">\n<th data-start=\"614\" data-end=\"624\" data-col-size=\"sm\">Merkmal<\/th>\n<th data-start=\"624\" data-end=\"632\" data-col-size=\"md\">Wert<\/th>\n<\/tr>\n<\/thead>\n<tbody data-start=\"643\" data-end=\"1221\">\n<tr data-start=\"643\" data-end=\"682\">\n<td data-start=\"643\" data-end=\"653\" data-col-size=\"sm\"><strong data-start=\"645\" data-end=\"652\">Typ<\/strong><\/td>\n<td data-start=\"653\" data-end=\"682\" data-col-size=\"md\">Flugrahmen \/ Flying-Frame<\/td>\n<\/tr>\n<tr data-start=\"683\" data-end=\"765\">\n<td data-start=\"683\" data-end=\"713\" data-col-size=\"sm\"><strong data-start=\"685\" data-end=\"712\">Kompatible Lautsprecher<\/strong><\/td>\n<td data-start=\"713\" data-end=\"765\" data-col-size=\"md\">VT20 (bis 9 Einheiten) \/ VS18F (bis 6 Einheiten)<\/td>\n<\/tr>\n<tr data-start=\"766\" data-end=\"813\">\n<td data-start=\"766\" data-end=\"781\" data-col-size=\"sm\"><strong data-start=\"768\" data-end=\"780\">Material<\/strong><\/td>\n<td data-col-size=\"md\" data-start=\"781\" data-end=\"813\">Aluminium, pulverbeschichtet<\/td>\n<\/tr>\n<tr data-start=\"814\" data-end=\"894\">\n<td data-start=\"814\" data-end=\"828\" data-col-size=\"sm\"><strong data-start=\"816\" data-end=\"827\">Zubeh\u00f6r<\/strong><\/td>\n<td data-start=\"828\" data-end=\"894\" data-col-size=\"md\">1 \u00d7 Lastadapter, 1 Sch\u00e4kel 3,25 t, 10 Kugelsperrbolzen \u00d8 10 mm<\/td>\n<\/tr>\n<tr data-start=\"895\" data-end=\"982\">\n<td data-start=\"895\" data-end=\"923\" data-col-size=\"sm\"><strong data-start=\"897\" data-end=\"922\">Rigging-M\u00f6glichkeiten<\/strong><\/td>\n<td data-start=\"923\" data-end=\"982\" data-col-size=\"md\">Flugmechanik integriert, Montageoption f\u00fcr Winkelsensor<\/td>\n<\/tr>\n<tr data-start=\"983\" data-end=\"1040\">\n<td data-start=\"983\" data-end=\"1008\" data-col-size=\"sm\"><strong data-start=\"985\" data-end=\"1007\">Farbe \/ Oberfl\u00e4che<\/strong><\/td>\n<td data-col-size=\"md\" data-start=\"1008\" data-end=\"1040\">Schwarz (Pulverbeschichtung)<\/td>\n<\/tr>\n<tr data-start=\"1041\" data-end=\"1122\">\n<td data-start=\"1041\" data-end=\"1068\" data-col-size=\"sm\"><strong data-start=\"1043\" data-end=\"1067\">Traglast \/ Auslegung<\/strong><\/td>\n<td data-start=\"1068\" data-end=\"1122\" data-col-size=\"md\">Ausgelegt f\u00fcr das Gewicht der maximalen Best\u00fcckung<\/td>\n<\/tr>\n<tr data-start=\"1123\" data-end=\"1163\">\n<td data-start=\"1123\" data-end=\"1146\" data-col-size=\"sm\"><strong data-start=\"1125\" data-end=\"1145\">Gewicht (Rahmen)<\/strong><\/td>\n<td data-start=\"1146\" data-end=\"1163\" data-col-size=\"md\">ca. <strong data-start=\"1152\" data-end=\"1161\">10 kg<\/strong><\/td>\n<\/tr>\n<tr data-start=\"1164\" data-end=\"1221\">\n<td data-start=\"1164\" data-end=\"1182\" data-col-size=\"sm\"><\/td>\n<td data-start=\"1182\" data-end=\"1221\" data-col-size=\"md\"><\/td>\n<\/tr>\n<\/tbody>\n<\/table>\n<\/div>\n<\/div>\n","protected":false},"excerpt":{"rendered":"<p>4 vorr\u00e4tig<\/p>\n","protected":false},"featured_media":35,"template":"","meta":[],"product_brand":[],"product_cat":[19],"product_tag":[],"class_list":{"0":"post-34","1":"product","2":"type-product","3":"status-publish","4":"has-post-thumbnail","6":"product_cat-lautsprecher","8":"first","9":"instock","10":"taxable","11":"shipping-taxable","12":"purchasable","13":"product-type-simple"},"_links":{"self":[{"href":"https:\/\/as-lightsound.de\/wordpress\/wp-json\/wp\/v2\/product\/34","targetHints":{"allow":["GET"]}}],"collection":[{"href":"https:\/\/as-lightsound.de\/wordpress\/wp-json\/wp\/v2\/product"}],"about":[{"href":"https:\/\/as-lightsound.de\/wordpress\/wp-json\/wp\/v2\/types\/product"}],"wp:featuredmedia":[{"embeddable":true,"href":"https:\/\/as-lightsound.de\/wordpress\/wp-json\/wp\/v2\/media\/35"}],"wp:attachment":[{"href":"https:\/\/as-lightsound.de\/wordpress\/wp-json\/wp\/v2\/media?parent=34"}],"wp:term":[{"taxonomy":"product_brand","embeddable":true,"href":"https:\/\/as-lightsound.de\/wordpress\/wp-json\/wp\/v2\/product_brand?post=34"},{"taxonomy":"product_cat","embeddable":true,"href":"https:\/\/as-lightsound.de\/wordpress\/wp-json\/wp\/v2\/product_cat?post=34"},{"taxonomy":"product_tag","embeddable":true,"href":"https:\/\/as-lightsound.de\/wordpress\/wp-json\/wp\/v2\/product_tag?post=34"}],"curies":[{"name":"wp","href":"https:\/\/api.w.org\/{rel}","templated":true}]}}