{"id":337,"date":"2021-03-18T15:52:53","date_gmt":"2021-03-18T14:52:53","guid":{"rendered":"https:\/\/as-lightsound.de\/wordpress\/?post_type=product&#038;p=337"},"modified":"2025-10-07T08:52:00","modified_gmt":"2025-10-07T06:52:00","slug":"adj-mega-tripar-led-pad","status":"publish","type":"product","link":"https:\/\/as-lightsound.de\/wordpress\/product\/adj-mega-tripar-led-pad\/","title":{"rendered":"ADJ Mega Tripar LED Pad"},"content":{"rendered":"<p data-start=\"200\" data-end=\"576\">Der <strong data-start=\"204\" data-end=\"231\">ADJ Mega Tripar Profile<\/strong> ist ein kompakter, flacher LED-PAR-Scheinwerfer mit f\u00fcnf leistungsstarken RGB+UV-LEDs. Er liefert brillante Farben, gleichm\u00e4\u00dfige Ausleuchtung und vielseitige Einsatzm\u00f6glichkeiten \u2013 ideal f\u00fcr B\u00fchnen, Clubs, Events oder Architekturlicht. Dank seines flachen Geh\u00e4uses eignet er sich perfekt f\u00fcr den Einbau in Truss-Systeme oder den Bodenbetrieb.<\/p>\n<hr data-start=\"578\" data-end=\"581\" \/>\n<h3 data-start=\"583\" data-end=\"620\"><strong data-start=\"587\" data-end=\"620\">Technische Daten (Tech Specs)<\/strong><\/h3>\n<div class=\"_tableContainer_1rjym_1\">\n<div class=\"group _tableWrapper_1rjym_13 flex w-fit flex-col-reverse\" tabindex=\"-1\">\n<table class=\"w-fit min-w-(--thread-content-width)\" data-start=\"622\" data-end=\"1663\">\n<thead data-start=\"622\" data-end=\"649\">\n<tr data-start=\"622\" data-end=\"649\">\n<th data-start=\"622\" data-end=\"632\" data-col-size=\"sm\">Merkmal<\/th>\n<th data-start=\"632\" data-end=\"649\" data-col-size=\"lg\">Spezifikation<\/th>\n<\/tr>\n<\/thead>\n<tbody data-start=\"673\" data-end=\"1663\">\n<tr data-start=\"673\" data-end=\"723\">\n<td data-start=\"673\" data-end=\"691\" data-col-size=\"sm\"><strong data-start=\"675\" data-end=\"690\">Lichtquelle<\/strong><\/td>\n<td data-start=\"691\" data-end=\"723\" data-col-size=\"lg\">5 \u00d7 4 W RGB+UV-LEDs (4-in-1)<\/td>\n<\/tr>\n<tr data-start=\"724\" data-end=\"753\">\n<td data-start=\"724\" data-end=\"745\" data-col-size=\"sm\"><strong data-start=\"726\" data-end=\"744\">Gesamtleistung<\/strong><\/td>\n<td data-start=\"745\" data-end=\"753\" data-col-size=\"lg\">20 W<\/td>\n<\/tr>\n<tr data-start=\"754\" data-end=\"815\">\n<td data-start=\"754\" data-end=\"773\" data-col-size=\"sm\"><strong data-start=\"756\" data-end=\"772\">Farbmischung<\/strong><\/td>\n<td data-start=\"773\" data-end=\"815\" data-col-size=\"lg\">RGB+UV (Rot, Gr\u00fcn, Blau, Ultraviolett)<\/td>\n<\/tr>\n<tr data-start=\"816\" data-end=\"844\">\n<td data-start=\"816\" data-end=\"837\" data-col-size=\"sm\"><strong data-start=\"818\" data-end=\"836\">Abstrahlwinkel<\/strong><\/td>\n<td data-start=\"837\" data-end=\"844\" data-col-size=\"lg\">40\u00b0<\/td>\n<\/tr>\n<tr data-start=\"845\" data-end=\"883\">\n<td data-start=\"845\" data-end=\"859\" data-col-size=\"sm\"><strong data-start=\"847\" data-end=\"858\">Dimmung<\/strong><\/td>\n<td data-start=\"859\" data-end=\"883\" data-col-size=\"lg\">0\u2013100 %, flickerfrei<\/td>\n<\/tr>\n<tr data-start=\"884\" data-end=\"917\">\n<td data-start=\"884\" data-end=\"906\" data-col-size=\"sm\"><strong data-start=\"886\" data-end=\"905\">Strobe-Funktion<\/strong><\/td>\n<td data-start=\"906\" data-end=\"917\" data-col-size=\"lg\">0\u201330 Hz<\/td>\n<\/tr>\n<tr data-start=\"918\" data-end=\"980\">\n<td data-start=\"918\" data-end=\"934\" data-col-size=\"sm\"><strong data-start=\"920\" data-end=\"933\">Steuerung<\/strong><\/td>\n<td data-start=\"934\" data-end=\"980\" data-col-size=\"lg\">DMX512, Master\/Slave, Auto, Sound-to-Light<\/td>\n<\/tr>\n<tr data-start=\"981\" data-end=\"1029\">\n<td data-start=\"981\" data-end=\"998\" data-col-size=\"sm\"><strong data-start=\"983\" data-end=\"997\">DMX-Kan\u00e4le<\/strong><\/td>\n<td data-start=\"998\" data-end=\"1029\" data-col-size=\"lg\">5 oder 9 Kan\u00e4le (wahlweise)<\/td>\n<\/tr>\n<tr data-start=\"1030\" data-end=\"1079\">\n<td data-start=\"1030\" data-end=\"1046\" data-col-size=\"sm\"><strong data-start=\"1032\" data-end=\"1045\">Bedienung<\/strong><\/td>\n<td data-start=\"1046\" data-end=\"1079\" data-col-size=\"lg\">LED-Display mit 4-Tasten-Men\u00fc<\/td>\n<\/tr>\n<tr data-start=\"1080\" data-end=\"1163\">\n<td data-start=\"1080\" data-end=\"1097\" data-col-size=\"sm\"><strong data-start=\"1082\" data-end=\"1096\">Anschl\u00fcsse<\/strong><\/td>\n<td data-start=\"1097\" data-end=\"1163\" data-col-size=\"lg\">3-pol DMX In\/Out, IEC Netz In\/Out (bis zu 30 Ger\u00e4te koppelbar)<\/td>\n<\/tr>\n<tr data-start=\"1164\" data-end=\"1216\">\n<td data-start=\"1164\" data-end=\"1190\" data-col-size=\"sm\"><strong data-start=\"1166\" data-end=\"1189\">Spannungsversorgung<\/strong><\/td>\n<td data-start=\"1190\" data-end=\"1216\" data-col-size=\"lg\">100\u2013240 V AC, 50\/60 Hz<\/td>\n<\/tr>\n<tr data-start=\"1217\" data-end=\"1254\">\n<td data-start=\"1217\" data-end=\"1241\" data-col-size=\"sm\"><strong data-start=\"1219\" data-end=\"1240\">Leistungsaufnahme<\/strong><\/td>\n<td data-start=\"1241\" data-end=\"1254\" data-col-size=\"lg\">max. 21 W<\/td>\n<\/tr>\n<tr data-start=\"1255\" data-end=\"1292\">\n<td data-start=\"1255\" data-end=\"1271\" data-col-size=\"sm\"><strong data-start=\"1257\" data-end=\"1270\">Schutzart<\/strong><\/td>\n<td data-start=\"1271\" data-end=\"1292\" data-col-size=\"lg\">IP20 (nur Indoor)<\/td>\n<\/tr>\n<tr data-start=\"1293\" data-end=\"1330\">\n<td data-start=\"1293\" data-end=\"1307\" data-col-size=\"sm\"><strong data-start=\"1295\" data-end=\"1306\">K\u00fchlung<\/strong><\/td>\n<td data-start=\"1307\" data-end=\"1330\" data-col-size=\"lg\">Passiv, ger\u00e4uschlos<\/td>\n<\/tr>\n<tr data-start=\"1331\" data-end=\"1375\">\n<td data-start=\"1331\" data-end=\"1345\" data-col-size=\"sm\"><strong data-start=\"1333\" data-end=\"1344\">Geh\u00e4use<\/strong><\/td>\n<td data-start=\"1345\" data-end=\"1375\" data-col-size=\"lg\">Kunststoff\/Metall, schwarz<\/td>\n<\/tr>\n<tr data-start=\"1376\" data-end=\"1438\">\n<td data-start=\"1376\" data-end=\"1390\" data-col-size=\"sm\"><strong data-start=\"1378\" data-end=\"1389\">Montage<\/strong><\/td>\n<td data-start=\"1390\" data-end=\"1438\" data-col-size=\"lg\">Doppelb\u00fcgel f\u00fcr Boden- oder Traverseneinsatz<\/td>\n<\/tr>\n<tr data-start=\"1439\" data-end=\"1494\">\n<td data-start=\"1439\" data-end=\"1469\" data-col-size=\"sm\"><strong data-start=\"1441\" data-end=\"1468\">Abmessungen (B \u00d7 H \u00d7 T)<\/strong><\/td>\n<td data-start=\"1469\" data-end=\"1494\" data-col-size=\"lg\">ca. 230 \u00d7 210 \u00d7 85 mm<\/td>\n<\/tr>\n<tr data-start=\"1495\" data-end=\"1523\">\n<td data-start=\"1495\" data-end=\"1509\" data-col-size=\"sm\"><strong data-start=\"1497\" data-end=\"1508\">Gewicht<\/strong><\/td>\n<td data-start=\"1509\" data-end=\"1523\" data-col-size=\"lg\">ca. 1,1 kg<\/td>\n<\/tr>\n<tr data-start=\"1524\" data-end=\"1663\">\n<td data-start=\"1524\" data-end=\"1545\" data-col-size=\"sm\"><strong data-start=\"1526\" data-end=\"1544\">Besonderheiten<\/strong><\/td>\n<td data-start=\"1545\" data-end=\"1663\" data-col-size=\"lg\">RGB+UV Farbmischung, flaches Design, Auto- &amp; Musikmodus, DMX oder Standalone, ideal f\u00fcr kleine bis mittlere Events<\/td>\n<\/tr>\n<\/tbody>\n<\/table>\n<\/div>\n<\/div>\n","protected":false},"excerpt":{"rendered":"<p>28 vorr\u00e4tig<\/p>\n","protected":false},"featured_media":338,"template":"","meta":[],"product_brand":[],"product_cat":[32],"product_tag":[],"class_list":{"0":"post-337","1":"product","2":"type-product","3":"status-publish","4":"has-post-thumbnail","6":"product_cat-scheinwerfer","8":"first","9":"instock","10":"taxable","11":"shipping-taxable","12":"purchasable","13":"product-type-simple"},"_links":{"self":[{"href":"https:\/\/as-lightsound.de\/wordpress\/wp-json\/wp\/v2\/product\/337","targetHints":{"allow":["GET"]}}],"collection":[{"href":"https:\/\/as-lightsound.de\/wordpress\/wp-json\/wp\/v2\/product"}],"about":[{"href":"https:\/\/as-lightsound.de\/wordpress\/wp-json\/wp\/v2\/types\/product"}],"wp:featuredmedia":[{"embeddable":true,"href":"https:\/\/as-lightsound.de\/wordpress\/wp-json\/wp\/v2\/media\/338"}],"wp:attachment":[{"href":"https:\/\/as-lightsound.de\/wordpress\/wp-json\/wp\/v2\/media?parent=337"}],"wp:term":[{"taxonomy":"product_brand","embeddable":true,"href":"https:\/\/as-lightsound.de\/wordpress\/wp-json\/wp\/v2\/product_brand?post=337"},{"taxonomy":"product_cat","embeddable":true,"href":"https:\/\/as-lightsound.de\/wordpress\/wp-json\/wp\/v2\/product_cat?post=337"},{"taxonomy":"product_tag","embeddable":true,"href":"https:\/\/as-lightsound.de\/wordpress\/wp-json\/wp\/v2\/product_tag?post=337"}],"curies":[{"name":"wp","href":"https:\/\/api.w.org\/{rel}","templated":true}]}}