{"id":331,"date":"2021-03-18T15:48:37","date_gmt":"2021-03-18T14:48:37","guid":{"rendered":"https:\/\/as-lightsound.de\/wordpress\/?post_type=product&#038;p=331"},"modified":"2025-10-04T07:34:04","modified_gmt":"2025-10-04T05:34:04","slug":"arri-650-stufenlinse","status":"publish","type":"product","link":"https:\/\/as-lightsound.de\/wordpress\/product\/arri-650-stufenlinse\/","title":{"rendered":"Arri 650 Stufenlinse"},"content":{"rendered":"<h2 data-start=\"122\" data-end=\"163\"><strong data-start=\"125\" data-end=\"163\">ARRI 650 Plus Fresnel-Scheinwerfer<\/strong><\/h2>\n<p data-start=\"165\" data-end=\"474\">Der <strong data-start=\"169\" data-end=\"186\">ARRI 650 Plus<\/strong> ist ein professioneller Tungsten-Fresnel-Scheinwerfer mit 650 W Leistung, bekannt f\u00fcr seine robuste Bauweise und hervorragende Lichtqualit\u00e4t. Er bietet einen pr\u00e4zisen Abstrahlwinkel, gleichm\u00e4\u00dfige Ausleuchtung und hohe Zuverl\u00e4ssigkeit \u2013 ideal f\u00fcr Film, TV, Theater und Eventbeleuchtung.<\/p>\n<hr data-start=\"476\" data-end=\"479\" \/>\n<h3 data-start=\"481\" data-end=\"518\"><strong data-start=\"485\" data-end=\"518\">Technische Daten (Tech Specs)<\/strong><\/h3>\n<div class=\"_tableContainer_1rjym_1\">\n<div class=\"group _tableWrapper_1rjym_13 flex w-fit flex-col-reverse\" tabindex=\"-1\">\n<table class=\"w-fit min-w-(--thread-content-width)\" data-start=\"520\" data-end=\"1373\">\n<thead data-start=\"520\" data-end=\"547\">\n<tr data-start=\"520\" data-end=\"547\">\n<th data-start=\"520\" data-end=\"530\" data-col-size=\"sm\">Merkmal<\/th>\n<th data-start=\"530\" data-end=\"547\" data-col-size=\"lg\">Spezifikation<\/th>\n<\/tr>\n<\/thead>\n<tbody data-start=\"571\" data-end=\"1373\">\n<tr data-start=\"571\" data-end=\"643\">\n<td data-start=\"571\" data-end=\"587\" data-col-size=\"sm\"><strong data-start=\"573\" data-end=\"586\">Lampentyp<\/strong><\/td>\n<td data-start=\"587\" data-end=\"643\" data-col-size=\"lg\">Halogen (Tungsten) 650 W \/ 230 V (Typ FKW oder CP89)<\/td>\n<\/tr>\n<tr data-start=\"644\" data-end=\"675\">\n<td data-start=\"644\" data-end=\"665\" data-col-size=\"sm\"><strong data-start=\"646\" data-end=\"664\">Farbtemperatur<\/strong><\/td>\n<td data-start=\"665\" data-end=\"675\" data-col-size=\"lg\">3200 K<\/td>\n<\/tr>\n<tr data-start=\"676\" data-end=\"700\">\n<td data-start=\"676\" data-end=\"691\" data-col-size=\"sm\"><strong data-start=\"678\" data-end=\"690\">Leistung<\/strong><\/td>\n<td data-start=\"691\" data-end=\"700\" data-col-size=\"lg\">650 W<\/td>\n<\/tr>\n<tr data-start=\"701\" data-end=\"752\">\n<td data-start=\"701\" data-end=\"722\" data-col-size=\"sm\"><strong data-start=\"703\" data-end=\"721\">Abstrahlwinkel<\/strong><\/td>\n<td data-start=\"722\" data-end=\"752\" data-col-size=\"lg\">14\u00b0 \u2013 52\u00b0 (Spot bis Flood)<\/td>\n<\/tr>\n<tr data-start=\"753\" data-end=\"828\">\n<td data-start=\"753\" data-end=\"773\" data-col-size=\"sm\"><strong data-start=\"755\" data-end=\"772\">Lichtleistung<\/strong><\/td>\n<td data-start=\"773\" data-end=\"828\" data-col-size=\"lg\">Ca. 15.000 lx @ 3 m (Spot) \/ 3.000 lx @ 3 m (Flood)<\/td>\n<\/tr>\n<tr data-start=\"829\" data-end=\"901\">\n<td data-start=\"829\" data-end=\"853\" data-col-size=\"sm\"><strong data-start=\"831\" data-end=\"852\">Reflektor \/ Linse<\/strong><\/td>\n<td data-start=\"853\" data-end=\"901\" data-col-size=\"lg\">Pr\u00e4zisions-Fresnel-Linse, 112 mm Durchmesser<\/td>\n<\/tr>\n<tr data-start=\"902\" data-end=\"981\">\n<td data-start=\"902\" data-end=\"916\" data-col-size=\"sm\"><strong data-start=\"904\" data-end=\"915\">Geh\u00e4use<\/strong><\/td>\n<td data-start=\"916\" data-end=\"981\" data-col-size=\"lg\">Aluminium-Druckguss, hitzebest\u00e4ndig, ARRI-typisch blau\/silber<\/td>\n<\/tr>\n<tr data-start=\"982\" data-end=\"1019\">\n<td data-start=\"982\" data-end=\"996\" data-col-size=\"sm\"><strong data-start=\"984\" data-end=\"995\">K\u00fchlung<\/strong><\/td>\n<td data-start=\"996\" data-end=\"1019\" data-col-size=\"lg\">Passiv, ger\u00e4uschlos<\/td>\n<\/tr>\n<tr data-start=\"1020\" data-end=\"1093\">\n<td data-start=\"1020\" data-end=\"1034\" data-col-size=\"sm\"><strong data-start=\"1022\" data-end=\"1033\">Montage<\/strong><\/td>\n<td data-start=\"1034\" data-end=\"1093\" data-col-size=\"lg\">B\u00fcgel mit TV-Zapfen (28 mm), Stativ- oder Deckenmontage<\/td>\n<\/tr>\n<tr data-start=\"1094\" data-end=\"1146\">\n<td data-start=\"1094\" data-end=\"1110\" data-col-size=\"sm\"><strong data-start=\"1096\" data-end=\"1109\">Anschluss<\/strong><\/td>\n<td data-start=\"1110\" data-end=\"1146\" data-col-size=\"lg\">Schuko oder CEE (modellabh\u00e4ngig)<\/td>\n<\/tr>\n<tr data-start=\"1147\" data-end=\"1203\">\n<td data-start=\"1147\" data-end=\"1177\" data-col-size=\"sm\"><strong data-start=\"1149\" data-end=\"1176\">Abmessungen (B \u00d7 H \u00d7 T)<\/strong><\/td>\n<td data-start=\"1177\" data-end=\"1203\" data-col-size=\"lg\">ca. 210 \u00d7 230 \u00d7 310 mm<\/td>\n<\/tr>\n<tr data-start=\"1204\" data-end=\"1232\">\n<td data-start=\"1204\" data-end=\"1218\" data-col-size=\"sm\"><strong data-start=\"1206\" data-end=\"1217\">Gewicht<\/strong><\/td>\n<td data-start=\"1218\" data-end=\"1232\" data-col-size=\"lg\">ca. 3,3 kg<\/td>\n<\/tr>\n<tr data-start=\"1233\" data-end=\"1373\">\n<td data-start=\"1233\" data-end=\"1254\" data-col-size=\"sm\"><strong data-start=\"1235\" data-end=\"1253\">Besonderheiten<\/strong><\/td>\n<td data-start=\"1254\" data-end=\"1373\" data-col-size=\"lg\">Stufenloser Zoom, austauschbare Lampe, langlebige ARRI-Qualit\u00e4t, optional mit Torblende und Filterrahmen erh\u00e4ltlich<\/td>\n<\/tr>\n<\/tbody>\n<\/table>\n<\/div>\n<\/div>\n","protected":false},"excerpt":{"rendered":"<p>12 vorr\u00e4tig<\/p>\n","protected":false},"featured_media":2172,"template":"","meta":[],"product_brand":[],"product_cat":[32],"product_tag":[],"class_list":{"0":"post-331","1":"product","2":"type-product","3":"status-publish","4":"has-post-thumbnail","6":"product_cat-scheinwerfer","8":"first","9":"instock","10":"taxable","11":"shipping-taxable","12":"purchasable","13":"product-type-simple"},"_links":{"self":[{"href":"https:\/\/as-lightsound.de\/wordpress\/wp-json\/wp\/v2\/product\/331","targetHints":{"allow":["GET"]}}],"collection":[{"href":"https:\/\/as-lightsound.de\/wordpress\/wp-json\/wp\/v2\/product"}],"about":[{"href":"https:\/\/as-lightsound.de\/wordpress\/wp-json\/wp\/v2\/types\/product"}],"wp:featuredmedia":[{"embeddable":true,"href":"https:\/\/as-lightsound.de\/wordpress\/wp-json\/wp\/v2\/media\/2172"}],"wp:attachment":[{"href":"https:\/\/as-lightsound.de\/wordpress\/wp-json\/wp\/v2\/media?parent=331"}],"wp:term":[{"taxonomy":"product_brand","embeddable":true,"href":"https:\/\/as-lightsound.de\/wordpress\/wp-json\/wp\/v2\/product_brand?post=331"},{"taxonomy":"product_cat","embeddable":true,"href":"https:\/\/as-lightsound.de\/wordpress\/wp-json\/wp\/v2\/product_cat?post=331"},{"taxonomy":"product_tag","embeddable":true,"href":"https:\/\/as-lightsound.de\/wordpress\/wp-json\/wp\/v2\/product_tag?post=331"}],"curies":[{"name":"wp","href":"https:\/\/api.w.org\/{rel}","templated":true}]}}