{"id":330,"date":"2021-03-18T15:47:57","date_gmt":"2021-03-18T14:47:57","guid":{"rendered":"https:\/\/as-lightsound.de\/wordpress\/?post_type=product&#038;p=330"},"modified":"2025-10-07T08:54:36","modified_gmt":"2025-10-07T06:54:36","slug":"tec-stufenlinse-1-kw","status":"publish","type":"product","link":"https:\/\/as-lightsound.de\/wordpress\/product\/tec-stufenlinse-1-kw\/","title":{"rendered":"TEC Stufenlinse 1 KW"},"content":{"rendered":"<p data-start=\"173\" data-end=\"534\">Die <strong data-start=\"177\" data-end=\"201\">TEC Stufenlinse 1 kW<\/strong> ist ein klassischer, robuster Theater- und B\u00fchnenscheinwerfer mit pr\u00e4ziser Lichtsteuerung und hoher Lichtausbeute. Sie bietet eine gleichm\u00e4\u00dfige Ausleuchtung, weiche Kanten und eine stufenlos einstellbare Spot\u2013Flood-Fokussierung. Ideal f\u00fcr Theater, Studios, Messen und Events, bei denen zuverl\u00e4ssiges, warmwei\u00dfes Licht gefragt ist.<\/p>\n<hr data-start=\"536\" data-end=\"539\" \/>\n<h3 data-start=\"541\" data-end=\"578\"><strong data-start=\"545\" data-end=\"578\">Technische Daten (Tech Specs)<\/strong><\/h3>\n<div class=\"_tableContainer_1rjym_1\">\n<div class=\"group _tableWrapper_1rjym_13 flex w-fit flex-col-reverse\" tabindex=\"-1\">\n<table class=\"w-fit min-w-(--thread-content-width)\" data-start=\"580\" data-end=\"1689\">\n<thead data-start=\"580\" data-end=\"607\">\n<tr data-start=\"580\" data-end=\"607\">\n<th data-start=\"580\" data-end=\"590\" data-col-size=\"sm\">Merkmal<\/th>\n<th data-start=\"590\" data-end=\"607\" data-col-size=\"md\">Spezifikation<\/th>\n<\/tr>\n<\/thead>\n<tbody data-start=\"631\" data-end=\"1689\">\n<tr data-start=\"631\" data-end=\"657\">\n<td data-start=\"631\" data-end=\"646\" data-col-size=\"sm\"><strong data-start=\"633\" data-end=\"645\">Leistung<\/strong><\/td>\n<td data-start=\"646\" data-end=\"657\" data-col-size=\"md\">1.000 W<\/td>\n<\/tr>\n<tr data-start=\"658\" data-end=\"733\">\n<td data-start=\"658\" data-end=\"674\" data-col-size=\"sm\"><strong data-start=\"660\" data-end=\"673\">Lampentyp<\/strong><\/td>\n<td data-start=\"674\" data-end=\"733\" data-col-size=\"md\">Halogen \/ Tungsten (z. B. CP\/70, GX9.5, 230 V \/ 1000 W)<\/td>\n<\/tr>\n<tr data-start=\"734\" data-end=\"770\">\n<td data-start=\"734\" data-end=\"755\" data-col-size=\"sm\"><strong data-start=\"736\" data-end=\"754\">Farbtemperatur<\/strong><\/td>\n<td data-start=\"755\" data-end=\"770\" data-col-size=\"md\">ca. 3.200 K<\/td>\n<\/tr>\n<tr data-start=\"771\" data-end=\"822\">\n<td data-start=\"771\" data-end=\"783\" data-col-size=\"sm\"><strong data-start=\"773\" data-end=\"782\">Optik<\/strong><\/td>\n<td data-start=\"783\" data-end=\"822\" data-col-size=\"md\">Stufenlinse (Fresnel), \u00d8 ca. 150 mm<\/td>\n<\/tr>\n<tr data-start=\"823\" data-end=\"886\">\n<td data-start=\"823\" data-end=\"844\" data-col-size=\"sm\"><strong data-start=\"825\" data-end=\"843\">Abstrahlwinkel<\/strong><\/td>\n<td data-start=\"844\" data-end=\"886\" data-col-size=\"md\">ca. 10\u00b0 \u2013 50\u00b0 (Spot\u2013Flood einstellbar)<\/td>\n<\/tr>\n<tr data-start=\"887\" data-end=\"951\">\n<td data-start=\"887\" data-end=\"907\" data-col-size=\"sm\"><strong data-start=\"889\" data-end=\"906\">Lichtausbeute<\/strong><\/td>\n<td data-start=\"907\" data-end=\"951\" data-col-size=\"md\">Hohe Helligkeit mit weichem Lichtverlauf<\/td>\n<\/tr>\n<tr data-start=\"952\" data-end=\"1004\">\n<td data-start=\"952\" data-end=\"971\" data-col-size=\"sm\"><strong data-start=\"954\" data-end=\"970\">Fokussierung<\/strong><\/td>\n<td data-start=\"971\" data-end=\"1004\" data-col-size=\"md\">Manuell \u00fcber F\u00fchrungsmechanik<\/td>\n<\/tr>\n<tr data-start=\"1005\" data-end=\"1071\">\n<td data-start=\"1005\" data-end=\"1019\" data-col-size=\"sm\"><strong data-start=\"1007\" data-end=\"1018\">Dimmung<\/strong><\/td>\n<td data-start=\"1019\" data-end=\"1071\" data-col-size=\"md\">\u00dcber externen Dimmer (DMX- oder analoges System)<\/td>\n<\/tr>\n<tr data-start=\"1072\" data-end=\"1114\">\n<td data-start=\"1072\" data-end=\"1092\" data-col-size=\"sm\"><strong data-start=\"1074\" data-end=\"1091\">Netzanschluss<\/strong><\/td>\n<td data-start=\"1092\" data-end=\"1114\" data-col-size=\"md\">230 V AC, 50\/60 Hz<\/td>\n<\/tr>\n<tr data-start=\"1115\" data-end=\"1150\">\n<td data-start=\"1115\" data-end=\"1139\" data-col-size=\"sm\"><strong data-start=\"1117\" data-end=\"1138\">Leistungsaufnahme<\/strong><\/td>\n<td data-start=\"1139\" data-end=\"1150\" data-col-size=\"md\">1.000 W<\/td>\n<\/tr>\n<tr data-start=\"1151\" data-end=\"1218\">\n<td data-start=\"1151\" data-end=\"1174\" data-col-size=\"sm\"><strong data-start=\"1153\" data-end=\"1173\">Anschlussstecker<\/strong><\/td>\n<td data-start=\"1174\" data-end=\"1218\" data-col-size=\"md\">Schuko oder CEE 16A (je nach Ausf\u00fchrung)<\/td>\n<\/tr>\n<tr data-start=\"1219\" data-end=\"1256\">\n<td data-start=\"1219\" data-end=\"1233\" data-col-size=\"sm\"><strong data-start=\"1221\" data-end=\"1232\">K\u00fchlung<\/strong><\/td>\n<td data-start=\"1233\" data-end=\"1256\" data-col-size=\"md\">Passiv, ger\u00e4uschlos<\/td>\n<\/tr>\n<tr data-start=\"1257\" data-end=\"1324\">\n<td data-start=\"1257\" data-end=\"1271\" data-col-size=\"sm\"><strong data-start=\"1259\" data-end=\"1270\">Geh\u00e4use<\/strong><\/td>\n<td data-start=\"1271\" data-end=\"1324\" data-col-size=\"md\">Metall, schwarz pulverbeschichtet, hitzebest\u00e4ndig<\/td>\n<\/tr>\n<tr data-start=\"1325\" data-end=\"1405\">\n<td data-start=\"1325\" data-end=\"1339\" data-col-size=\"sm\"><strong data-start=\"1327\" data-end=\"1338\">Montage<\/strong><\/td>\n<td data-start=\"1339\" data-end=\"1405\" data-col-size=\"md\">Verstellbarer Montageb\u00fcgel mit 28 mm TV-Zapfen (Junior Spigot)<\/td>\n<\/tr>\n<tr data-start=\"1406\" data-end=\"1477\">\n<td data-start=\"1406\" data-end=\"1420\" data-col-size=\"sm\"><strong data-start=\"1408\" data-end=\"1419\">Zubeh\u00f6r<\/strong><\/td>\n<td data-start=\"1420\" data-end=\"1477\" data-col-size=\"md\">Torblende, Farbfilterrahmen (inklusive oder optional)<\/td>\n<\/tr>\n<tr data-start=\"1478\" data-end=\"1534\">\n<td data-start=\"1478\" data-end=\"1508\" data-col-size=\"sm\"><strong data-start=\"1480\" data-end=\"1507\">Abmessungen (B \u00d7 H \u00d7 T)<\/strong><\/td>\n<td data-start=\"1508\" data-end=\"1534\" data-col-size=\"md\">ca. 280 \u00d7 330 \u00d7 320 mm<\/td>\n<\/tr>\n<tr data-start=\"1535\" data-end=\"1563\">\n<td data-start=\"1535\" data-end=\"1549\" data-col-size=\"sm\"><strong data-start=\"1537\" data-end=\"1548\">Gewicht<\/strong><\/td>\n<td data-start=\"1549\" data-end=\"1563\" data-col-size=\"md\">ca. 6,5 kg<\/td>\n<\/tr>\n<tr data-start=\"1564\" data-end=\"1689\">\n<td data-start=\"1564\" data-end=\"1585\" data-col-size=\"sm\"><strong data-start=\"1566\" data-end=\"1584\">Besonderheiten<\/strong><\/td>\n<td data-start=\"1585\" data-end=\"1689\" data-col-size=\"md\">Robuste Bauweise, pr\u00e4zise Fokussierung, weicher Lichtkegel, ideal f\u00fcr B\u00fchnen- und Theaterbeleuchtung<\/td>\n<\/tr>\n<\/tbody>\n<\/table>\n<\/div>\n<\/div>\n","protected":false},"excerpt":{"rendered":"<p>8 vorr\u00e4tig<\/p>\n","protected":false},"featured_media":780,"template":"","meta":[],"product_brand":[],"product_cat":[32],"product_tag":[],"class_list":{"0":"post-330","1":"product","2":"type-product","3":"status-publish","4":"has-post-thumbnail","6":"product_cat-scheinwerfer","8":"first","9":"instock","10":"taxable","11":"shipping-taxable","12":"purchasable","13":"product-type-simple"},"_links":{"self":[{"href":"https:\/\/as-lightsound.de\/wordpress\/wp-json\/wp\/v2\/product\/330","targetHints":{"allow":["GET"]}}],"collection":[{"href":"https:\/\/as-lightsound.de\/wordpress\/wp-json\/wp\/v2\/product"}],"about":[{"href":"https:\/\/as-lightsound.de\/wordpress\/wp-json\/wp\/v2\/types\/product"}],"wp:featuredmedia":[{"embeddable":true,"href":"https:\/\/as-lightsound.de\/wordpress\/wp-json\/wp\/v2\/media\/780"}],"wp:attachment":[{"href":"https:\/\/as-lightsound.de\/wordpress\/wp-json\/wp\/v2\/media?parent=330"}],"wp:term":[{"taxonomy":"product_brand","embeddable":true,"href":"https:\/\/as-lightsound.de\/wordpress\/wp-json\/wp\/v2\/product_brand?post=330"},{"taxonomy":"product_cat","embeddable":true,"href":"https:\/\/as-lightsound.de\/wordpress\/wp-json\/wp\/v2\/product_cat?post=330"},{"taxonomy":"product_tag","embeddable":true,"href":"https:\/\/as-lightsound.de\/wordpress\/wp-json\/wp\/v2\/product_tag?post=330"}],"curies":[{"name":"wp","href":"https:\/\/api.w.org\/{rel}","templated":true}]}}