{"id":326,"date":"2021-03-18T15:41:40","date_gmt":"2021-03-18T14:41:40","guid":{"rendered":"https:\/\/as-lightsound.de\/wordpress\/?post_type=product&#038;p=326"},"modified":"2025-10-07T09:00:53","modified_gmt":"2025-10-07T07:00:53","slug":"light-bright-wash-44-45","status":"publish","type":"product","link":"https:\/\/as-lightsound.de\/wordpress\/product\/light-bright-wash-44-45\/","title":{"rendered":"Light Bright Wash 44 45\u00b0"},"content":{"rendered":"<p data-start=\"318\" data-end=\"736\">Der <strong data-start=\"322\" data-end=\"350\">Light Bright Wash 44 45\u00b0<\/strong> ist ein leistungsstarker LED-Fluter mit 44 Hochleistungs-RGBW-LEDs und einem breiten 45\u00b0-Abstrahlwinkel. Er sorgt f\u00fcr satte Farben, gleichm\u00e4\u00dfige Ausleuchtung und weiche \u00dcberg\u00e4nge \u2013 ideal f\u00fcr B\u00fchnen, Messest\u00e4nde, Architekturbeleuchtung und Events. Durch sein robustes Geh\u00e4use, IP65-Schutz und einfache DMX-Steuerung ist er sowohl f\u00fcr Innen- als auch Au\u00dfenanwendungen bestens geeignet.<\/p>\n<hr data-start=\"738\" data-end=\"741\" \/>\n<h3 data-start=\"743\" data-end=\"780\"><strong data-start=\"747\" data-end=\"780\">Technische Daten (Tech Specs)<\/strong><\/h3>\n<div class=\"_tableContainer_1rjym_1\">\n<div class=\"group _tableWrapper_1rjym_13 flex w-fit flex-col-reverse\" tabindex=\"-1\">\n<table class=\"w-fit min-w-(--thread-content-width)\" data-start=\"782\" data-end=\"1961\">\n<thead data-start=\"782\" data-end=\"809\">\n<tr data-start=\"782\" data-end=\"809\">\n<th data-start=\"782\" data-end=\"792\" data-col-size=\"sm\">Merkmal<\/th>\n<th data-start=\"792\" data-end=\"809\" data-col-size=\"lg\">Spezifikation<\/th>\n<\/tr>\n<\/thead>\n<tbody data-start=\"833\" data-end=\"1961\">\n<tr data-start=\"833\" data-end=\"883\">\n<td data-start=\"833\" data-end=\"851\" data-col-size=\"sm\"><strong data-start=\"835\" data-end=\"850\">Lichtquelle<\/strong><\/td>\n<td data-start=\"851\" data-end=\"883\" data-col-size=\"lg\">44 \u00d7 10 W RGBW-LEDs (4-in-1)<\/td>\n<\/tr>\n<tr data-start=\"884\" data-end=\"914\">\n<td data-start=\"884\" data-end=\"905\" data-col-size=\"sm\"><strong data-start=\"886\" data-end=\"904\">Gesamtleistung<\/strong><\/td>\n<td data-start=\"905\" data-end=\"914\" data-col-size=\"lg\">440 W<\/td>\n<\/tr>\n<tr data-start=\"915\" data-end=\"966\">\n<td data-start=\"915\" data-end=\"934\" data-col-size=\"sm\"><strong data-start=\"917\" data-end=\"933\">Farbmischung<\/strong><\/td>\n<td data-start=\"934\" data-end=\"966\" data-col-size=\"lg\">RGBW (Rot, Gr\u00fcn, Blau, Wei\u00df)<\/td>\n<\/tr>\n<tr data-start=\"967\" data-end=\"1008\">\n<td data-start=\"967\" data-end=\"988\" data-col-size=\"sm\"><strong data-start=\"969\" data-end=\"987\">Abstrahlwinkel<\/strong><\/td>\n<td data-start=\"988\" data-end=\"1008\" data-col-size=\"lg\">45\u00b0 (Wide Flood)<\/td>\n<\/tr>\n<tr data-start=\"1009\" data-end=\"1046\">\n<td data-start=\"1009\" data-end=\"1026\" data-col-size=\"sm\"><strong data-start=\"1011\" data-end=\"1025\">Lichtstrom<\/strong><\/td>\n<td data-start=\"1026\" data-end=\"1046\" data-col-size=\"lg\">bis zu 18.000 lm<\/td>\n<\/tr>\n<tr data-start=\"1047\" data-end=\"1085\">\n<td data-start=\"1047\" data-end=\"1061\" data-col-size=\"sm\"><strong data-start=\"1049\" data-end=\"1060\">Dimmung<\/strong><\/td>\n<td data-start=\"1061\" data-end=\"1085\" data-col-size=\"lg\">0\u2013100 %, flickerfrei<\/td>\n<\/tr>\n<tr data-start=\"1086\" data-end=\"1129\">\n<td data-start=\"1086\" data-end=\"1108\" data-col-size=\"sm\"><strong data-start=\"1088\" data-end=\"1107\">Strobe-Funktion<\/strong><\/td>\n<td data-start=\"1108\" data-end=\"1129\" data-col-size=\"lg\">0\u201325 Hz, regelbar<\/td>\n<\/tr>\n<tr data-start=\"1130\" data-end=\"1189\">\n<td data-start=\"1130\" data-end=\"1146\" data-col-size=\"sm\"><strong data-start=\"1132\" data-end=\"1145\">Steuerung<\/strong><\/td>\n<td data-start=\"1146\" data-end=\"1189\" data-col-size=\"lg\">DMX512, Master\/Slave, Auto, Sound-Modus<\/td>\n<\/tr>\n<tr data-start=\"1190\" data-end=\"1238\">\n<td data-start=\"1190\" data-end=\"1207\" data-col-size=\"sm\"><strong data-start=\"1192\" data-end=\"1206\">DMX-Kan\u00e4le<\/strong><\/td>\n<td data-start=\"1207\" data-end=\"1238\" data-col-size=\"lg\">4 \/ 6 \/ 8 \/ 11 Modi w\u00e4hlbar<\/td>\n<\/tr>\n<tr data-start=\"1239\" data-end=\"1303\">\n<td data-start=\"1239\" data-end=\"1265\" data-col-size=\"sm\"><strong data-start=\"1241\" data-end=\"1264\">Display \/ Bedienung<\/strong><\/td>\n<td data-start=\"1265\" data-end=\"1303\" data-col-size=\"lg\">LCD-Display mit 4-Tasten-Bedienung<\/td>\n<\/tr>\n<tr data-start=\"1304\" data-end=\"1356\">\n<td data-start=\"1304\" data-end=\"1330\" data-col-size=\"sm\"><strong data-start=\"1306\" data-end=\"1329\">Spannungsversorgung<\/strong><\/td>\n<td data-start=\"1330\" data-end=\"1356\" data-col-size=\"lg\">100\u2013240 V AC, 50\/60 Hz<\/td>\n<\/tr>\n<tr data-start=\"1357\" data-end=\"1395\">\n<td data-start=\"1357\" data-end=\"1381\" data-col-size=\"sm\"><strong data-start=\"1359\" data-end=\"1380\">Leistungsaufnahme<\/strong><\/td>\n<td data-start=\"1381\" data-end=\"1395\" data-col-size=\"lg\">max. 450 W<\/td>\n<\/tr>\n<tr data-start=\"1396\" data-end=\"1473\">\n<td data-start=\"1396\" data-end=\"1412\" data-col-size=\"sm\"><strong data-start=\"1398\" data-end=\"1411\">Schutzart<\/strong><\/td>\n<td data-start=\"1412\" data-end=\"1473\" data-col-size=\"lg\">IP65 (staub- und spritzwassergesch\u00fctzt, outdoor-tauglich)<\/td>\n<\/tr>\n<tr data-start=\"1474\" data-end=\"1525\">\n<td data-start=\"1474\" data-end=\"1488\" data-col-size=\"sm\"><strong data-start=\"1476\" data-end=\"1487\">K\u00fchlung<\/strong><\/td>\n<td data-start=\"1488\" data-end=\"1525\" data-col-size=\"lg\">Temperaturgeregelte, leise L\u00fcfter<\/td>\n<\/tr>\n<tr data-start=\"1526\" data-end=\"1588\">\n<td data-start=\"1526\" data-end=\"1543\" data-col-size=\"sm\"><strong data-start=\"1528\" data-end=\"1542\">Anschl\u00fcsse<\/strong><\/td>\n<td data-start=\"1543\" data-end=\"1588\" data-col-size=\"lg\">PowerCON In\/Out, 3-pol DMX In\/Out<\/td>\n<\/tr>\n<tr data-start=\"1589\" data-end=\"1652\">\n<td data-start=\"1589\" data-end=\"1603\" data-col-size=\"sm\"><strong data-start=\"1591\" data-end=\"1602\">Geh\u00e4use<\/strong><\/td>\n<td data-start=\"1603\" data-end=\"1652\" data-col-size=\"lg\">Aluminiumdruckguss, schwarz pulverbeschichtet<\/td>\n<\/tr>\n<tr data-start=\"1653\" data-end=\"1730\">\n<td data-start=\"1653\" data-end=\"1667\" data-col-size=\"sm\"><strong data-start=\"1655\" data-end=\"1666\">Montage<\/strong><\/td>\n<td data-start=\"1667\" data-end=\"1730\" data-col-size=\"lg\">Verstellbarer Montageb\u00fcgel f\u00fcr Boden- oder Traverseneinsatz<\/td>\n<\/tr>\n<tr data-start=\"1731\" data-end=\"1787\">\n<td data-start=\"1731\" data-end=\"1761\" data-col-size=\"sm\"><strong data-start=\"1733\" data-end=\"1760\">Abmessungen (B \u00d7 H \u00d7 T)<\/strong><\/td>\n<td data-start=\"1761\" data-end=\"1787\" data-col-size=\"lg\">ca. 420 \u00d7 320 \u00d7 150 mm<\/td>\n<\/tr>\n<tr data-start=\"1788\" data-end=\"1816\">\n<td data-start=\"1788\" data-end=\"1802\" data-col-size=\"sm\"><strong data-start=\"1790\" data-end=\"1801\">Gewicht<\/strong><\/td>\n<td data-start=\"1802\" data-end=\"1816\" data-col-size=\"lg\">ca. 8,2 kg<\/td>\n<\/tr>\n<tr data-start=\"1817\" data-end=\"1961\">\n<td data-start=\"1817\" data-end=\"1838\" data-col-size=\"sm\"><strong data-start=\"1819\" data-end=\"1837\">Besonderheiten<\/strong><\/td>\n<td data-start=\"1838\" data-end=\"1961\" data-col-size=\"lg\">44\u00d710 W RGBW-LEDs, 45\u00b0 Abstrahlwinkel, IP65-Schutz, PowerCON &amp; 3p DMX, hohe Lichtleistung und gleichm\u00e4\u00dfige Farbmischung<\/td>\n<\/tr>\n<\/tbody>\n<\/table>\n<\/div>\n<\/div>\n","protected":false},"excerpt":{"rendered":"<p>42 vorr\u00e4tig<\/p>\n","protected":false},"featured_media":327,"template":"","meta":[],"product_brand":[],"product_cat":[32],"product_tag":[],"class_list":{"0":"post-326","1":"product","2":"type-product","3":"status-publish","4":"has-post-thumbnail","6":"product_cat-scheinwerfer","8":"first","9":"instock","10":"taxable","11":"shipping-taxable","12":"purchasable","13":"product-type-simple"},"_links":{"self":[{"href":"https:\/\/as-lightsound.de\/wordpress\/wp-json\/wp\/v2\/product\/326","targetHints":{"allow":["GET"]}}],"collection":[{"href":"https:\/\/as-lightsound.de\/wordpress\/wp-json\/wp\/v2\/product"}],"about":[{"href":"https:\/\/as-lightsound.de\/wordpress\/wp-json\/wp\/v2\/types\/product"}],"wp:featuredmedia":[{"embeddable":true,"href":"https:\/\/as-lightsound.de\/wordpress\/wp-json\/wp\/v2\/media\/327"}],"wp:attachment":[{"href":"https:\/\/as-lightsound.de\/wordpress\/wp-json\/wp\/v2\/media?parent=326"}],"wp:term":[{"taxonomy":"product_brand","embeddable":true,"href":"https:\/\/as-lightsound.de\/wordpress\/wp-json\/wp\/v2\/product_brand?post=326"},{"taxonomy":"product_cat","embeddable":true,"href":"https:\/\/as-lightsound.de\/wordpress\/wp-json\/wp\/v2\/product_cat?post=326"},{"taxonomy":"product_tag","embeddable":true,"href":"https:\/\/as-lightsound.de\/wordpress\/wp-json\/wp\/v2\/product_tag?post=326"}],"curies":[{"name":"wp","href":"https:\/\/api.w.org\/{rel}","templated":true}]}}