{"id":32,"date":"2021-02-16T11:03:16","date_gmt":"2021-02-16T10:03:16","guid":{"rendered":"https:\/\/as-lightsound.de\/wordpress\/?post_type=product&#038;p=32"},"modified":"2025-10-08T11:27:31","modified_gmt":"2025-10-08T09:27:31","slug":"hoellstern-delta-14-4-dsp","status":"publish","type":"product","link":"https:\/\/as-lightsound.de\/wordpress\/product\/hoellstern-delta-14-4-dsp\/","title":{"rendered":"Hoellstern Delta 14.4 DSP Amp"},"content":{"rendered":"<p data-start=\"76\" data-end=\"504\">Die <strong data-start=\"80\" data-end=\"109\">Hoellstern DELTA 14.4 DSP<\/strong> ist eine professionelle Vier-Kanal-Endstufe mit integriertem Lautsprecher-Management und hoher Leistungsreserve. Sie kombiniert modulare Verst\u00e4rkertechnik mit hohem Wirkungsgrad und einer flexiblen DSP-Sektion. Die spezielle DSP-Architektur erm\u00f6glicht extrem niedrige Latenz, effektives Limiting und pr\u00e4zise Filterung \u2013 ideal f\u00fcr Touring-, Installations- und PA-Systeme mit hohen Anforderungen.<\/p>\n<hr data-start=\"506\" data-end=\"509\" \/>\n<h3 data-start=\"511\" data-end=\"544\">Technische Daten (Tech Specs)<\/h3>\n<div class=\"_tableContainer_1rjym_1\">\n<div class=\"group _tableWrapper_1rjym_13 flex w-fit flex-col-reverse\" tabindex=\"-1\">\n<table class=\"w-fit min-w-(--thread-content-width)\" data-start=\"546\" data-end=\"1835\">\n<thead data-start=\"546\" data-end=\"564\">\n<tr data-start=\"546\" data-end=\"564\">\n<th data-start=\"546\" data-end=\"556\" data-col-size=\"sm\">Merkmal<\/th>\n<th data-start=\"556\" data-end=\"564\" data-col-size=\"md\">Wert<\/th>\n<\/tr>\n<\/thead>\n<tbody data-start=\"575\" data-end=\"1835\">\n<tr data-start=\"575\" data-end=\"613\">\n<td data-start=\"575\" data-end=\"585\" data-col-size=\"sm\"><strong data-start=\"577\" data-end=\"584\">Typ<\/strong><\/td>\n<td data-start=\"585\" data-end=\"613\" data-col-size=\"md\">4-Kanal-Endstufe mit DSP<\/td>\n<\/tr>\n<tr data-start=\"614\" data-end=\"659\">\n<td data-start=\"614\" data-end=\"649\" data-col-size=\"sm\"><strong data-start=\"616\" data-end=\"648\">DSP-Latenz (bei aktivem DSP)<\/strong><\/td>\n<td data-start=\"649\" data-end=\"659\" data-col-size=\"md\">0,2 ms<\/td>\n<\/tr>\n<tr data-start=\"660\" data-end=\"715\">\n<td data-start=\"660\" data-end=\"699\" data-col-size=\"sm\"><strong data-start=\"662\" data-end=\"698\">DSP-Delaybereich (pro Kanalpaar)<\/strong><\/td>\n<td data-start=\"699\" data-end=\"715\" data-col-size=\"md\">0 bis 340 ms<\/td>\n<\/tr>\n<tr data-start=\"716\" data-end=\"759\">\n<td data-start=\"716\" data-end=\"744\" data-col-size=\"sm\"><strong data-start=\"718\" data-end=\"743\">Speicherkapazit\u00e4t DSP<\/strong><\/td>\n<td data-start=\"744\" data-end=\"759\" data-col-size=\"md\">300 Presets<\/td>\n<\/tr>\n<tr data-start=\"760\" data-end=\"828\">\n<td data-start=\"760\" data-end=\"784\" data-col-size=\"sm\"><strong data-start=\"762\" data-end=\"783\">Datenverarbeitung<\/strong><\/td>\n<td data-col-size=\"md\" data-start=\"784\" data-end=\"828\">24 Bit \/ 96 kHz (optionale 48 \/ 192 kHz)<\/td>\n<\/tr>\n<tr data-start=\"829\" data-end=\"879\">\n<td data-start=\"829\" data-end=\"868\" data-col-size=\"sm\"><strong data-start=\"831\" data-end=\"867\">Leistung pro Kanal (Stereo, 8 \u03a9)<\/strong><\/td>\n<td data-col-size=\"md\" data-start=\"868\" data-end=\"879\">1.300 W<\/td>\n<\/tr>\n<tr data-start=\"880\" data-end=\"930\">\n<td data-start=\"880\" data-end=\"919\" data-col-size=\"sm\"><strong data-start=\"882\" data-end=\"918\">Leistung pro Kanal (Stereo, 4 \u03a9)<\/strong><\/td>\n<td data-start=\"919\" data-end=\"930\" data-col-size=\"md\">2.600 W<\/td>\n<\/tr>\n<tr data-start=\"931\" data-end=\"983\">\n<td data-start=\"931\" data-end=\"972\" data-col-size=\"sm\"><strong data-start=\"933\" data-end=\"971\">Leistung pro Kanal (Stereo, 2,7 \u03a9)<\/strong><\/td>\n<td data-start=\"972\" data-end=\"983\" data-col-size=\"md\">3.800 W<\/td>\n<\/tr>\n<tr data-start=\"984\" data-end=\"1036\">\n<td data-start=\"984\" data-end=\"1025\" data-col-size=\"sm\"><strong data-start=\"986\" data-end=\"1024\">Leistung pro Kanal (Stereo, 2,0 \u03a9)<\/strong><\/td>\n<td data-col-size=\"md\" data-start=\"1025\" data-end=\"1036\">5.000 W<\/td>\n<\/tr>\n<tr data-start=\"1037\" data-end=\"1081\">\n<td data-start=\"1037\" data-end=\"1070\" data-col-size=\"sm\"><strong data-start=\"1039\" data-end=\"1069\">Bridge-Betrieb (Mono, 8 \u03a9)<\/strong><\/td>\n<td data-start=\"1070\" data-end=\"1081\" data-col-size=\"md\">5.000 W<\/td>\n<\/tr>\n<tr data-start=\"1082\" data-end=\"1169\">\n<td data-start=\"1082\" data-end=\"1106\" data-col-size=\"sm\"><strong data-start=\"1084\" data-end=\"1105\">Verst\u00e4rkerprinzip<\/strong><\/td>\n<td data-col-size=\"md\" data-start=\"1106\" data-end=\"1169\">Hoher Wirkungsgrad, hoher Stromausgang, Leistungselektronik<\/td>\n<\/tr>\n<tr data-start=\"1170\" data-end=\"1217\">\n<td data-start=\"1170\" data-end=\"1189\" data-col-size=\"sm\"><strong data-start=\"1172\" data-end=\"1188\">Frequenzgang<\/strong><\/td>\n<td data-start=\"1189\" data-end=\"1217\" data-col-size=\"md\">20 Hz \u2013 20 kHz (\u00b10,5 dB)<\/td>\n<\/tr>\n<tr data-start=\"1218\" data-end=\"1278\">\n<td data-start=\"1218\" data-end=\"1242\" data-col-size=\"sm\"><strong data-start=\"1220\" data-end=\"1241\">THD (Klirrfaktor)<\/strong><\/td>\n<td data-col-size=\"md\" data-start=\"1242\" data-end=\"1278\">&lt; 0,03 % (bei 1 kHz, 4 \u03a9, \u20133 dB)<\/td>\n<\/tr>\n<tr data-start=\"1279\" data-end=\"1342\">\n<td data-start=\"1279\" data-end=\"1315\" data-col-size=\"sm\"><strong data-start=\"1281\" data-end=\"1314\">D\u00e4mpfungsfaktor (8 \u03a9, 100 Hz)<\/strong><\/td>\n<td data-start=\"1315\" data-end=\"1342\" data-col-size=\"md\">&gt; 1.000 (typisch 1.500)<\/td>\n<\/tr>\n<tr data-start=\"1343\" data-end=\"1369\">\n<td data-start=\"1343\" data-end=\"1358\" data-col-size=\"sm\"><strong data-start=\"1345\" data-end=\"1357\">Eing\u00e4nge<\/strong><\/td>\n<td data-start=\"1358\" data-end=\"1369\" data-col-size=\"md\">4 \u00d7 XLR<\/td>\n<\/tr>\n<tr data-start=\"1370\" data-end=\"1428\">\n<td data-start=\"1370\" data-end=\"1385\" data-col-size=\"sm\"><strong data-start=\"1372\" data-end=\"1384\">Ausg\u00e4nge<\/strong><\/td>\n<td data-start=\"1385\" data-end=\"1428\" data-col-size=\"md\">4 \u00d7 Neutrik SpeakON (4-polig Hochstrom)<\/td>\n<\/tr>\n<tr data-start=\"1429\" data-end=\"1469\">\n<td data-start=\"1429\" data-end=\"1451\" data-col-size=\"sm\"><strong data-start=\"1431\" data-end=\"1450\">Stromversorgung<\/strong><\/td>\n<td data-col-size=\"md\" data-start=\"1451\" data-end=\"1469\">180 \u2013 265 V AC<\/td>\n<\/tr>\n<tr data-start=\"1470\" data-end=\"1553\">\n<td data-start=\"1470\" data-end=\"1493\" data-col-size=\"sm\"><strong data-start=\"1472\" data-end=\"1492\">Schutzfunktionen<\/strong><\/td>\n<td data-start=\"1493\" data-end=\"1553\" data-col-size=\"md\">Temperatur, \u00dcberstrom, Limiter (RMS \/ Peak), Kurzschluss<\/td>\n<\/tr>\n<tr data-start=\"1554\" data-end=\"1634\">\n<td data-start=\"1554\" data-end=\"1568\" data-col-size=\"sm\"><strong data-start=\"1556\" data-end=\"1567\">K\u00fchlung<\/strong><\/td>\n<td data-start=\"1568\" data-end=\"1634\" data-col-size=\"md\">Temperaturgeregelte L\u00fcfter (Frontansaugung, R\u00fcckluftabf\u00fchrung)<\/td>\n<\/tr>\n<tr data-start=\"1635\" data-end=\"1694\">\n<td data-start=\"1635\" data-end=\"1663\" data-col-size=\"sm\"><strong data-start=\"1637\" data-end=\"1662\">Geh\u00e4use \/ Abmessungen<\/strong><\/td>\n<td data-start=\"1663\" data-end=\"1694\" data-col-size=\"md\">19\u2033, 2 RU, Tiefe ca. 290 mm<\/td>\n<\/tr>\n<tr data-start=\"1695\" data-end=\"1722\">\n<td data-start=\"1695\" data-end=\"1709\" data-col-size=\"sm\"><strong data-start=\"1697\" data-end=\"1708\">Gewicht<\/strong><\/td>\n<td data-col-size=\"md\" data-start=\"1709\" data-end=\"1722\">ca. 12 kg<\/td>\n<\/tr>\n<tr data-start=\"1723\" data-end=\"1835\">\n<td data-start=\"1723\" data-end=\"1748\" data-col-size=\"sm\"><strong data-start=\"1725\" data-end=\"1747\">Besondere Merkmale<\/strong><\/td>\n<td data-start=\"1748\" data-end=\"1835\" data-col-size=\"md\">ZeroLatency\u2122-Bypass (DSP), iCVP\u00ae-Netzmanagement, integrierte Lautsprecherbibliothek<\/td>\n<\/tr>\n<\/tbody>\n<\/table>\n<\/div>\n<\/div>\n","protected":false},"excerpt":{"rendered":"<p>6 vorr\u00e4tig<\/p>\n","protected":false},"featured_media":33,"template":"","meta":[],"product_brand":[],"product_cat":[20],"product_tag":[],"class_list":{"0":"post-32","1":"product","2":"type-product","3":"status-publish","4":"has-post-thumbnail","6":"product_cat-amping","8":"first","9":"instock","10":"taxable","11":"shipping-taxable","12":"purchasable","13":"product-type-simple"},"_links":{"self":[{"href":"https:\/\/as-lightsound.de\/wordpress\/wp-json\/wp\/v2\/product\/32","targetHints":{"allow":["GET"]}}],"collection":[{"href":"https:\/\/as-lightsound.de\/wordpress\/wp-json\/wp\/v2\/product"}],"about":[{"href":"https:\/\/as-lightsound.de\/wordpress\/wp-json\/wp\/v2\/types\/product"}],"wp:featuredmedia":[{"embeddable":true,"href":"https:\/\/as-lightsound.de\/wordpress\/wp-json\/wp\/v2\/media\/33"}],"wp:attachment":[{"href":"https:\/\/as-lightsound.de\/wordpress\/wp-json\/wp\/v2\/media?parent=32"}],"wp:term":[{"taxonomy":"product_brand","embeddable":true,"href":"https:\/\/as-lightsound.de\/wordpress\/wp-json\/wp\/v2\/product_brand?post=32"},{"taxonomy":"product_cat","embeddable":true,"href":"https:\/\/as-lightsound.de\/wordpress\/wp-json\/wp\/v2\/product_cat?post=32"},{"taxonomy":"product_tag","embeddable":true,"href":"https:\/\/as-lightsound.de\/wordpress\/wp-json\/wp\/v2\/product_tag?post=32"}],"curies":[{"name":"wp","href":"https:\/\/api.w.org\/{rel}","templated":true}]}}