{"id":319,"date":"2021-03-18T15:24:07","date_gmt":"2021-03-18T14:24:07","guid":{"rendered":"https:\/\/as-lightsound.de\/wordpress\/?post_type=product&#038;p=319"},"modified":"2025-10-07T09:04:37","modified_gmt":"2025-10-07T07:04:37","slug":"4cell-blinder-aktiv","status":"publish","type":"product","link":"https:\/\/as-lightsound.de\/wordpress\/product\/4cell-blinder-aktiv\/","title":{"rendered":"4cell Blinder aktiv"},"content":{"rendered":"<p data-start=\"314\" data-end=\"666\">Der <strong data-start=\"318\" data-end=\"341\">4Cell Blinder Aktiv<\/strong> ist ein klassischer 4-fach Halogen-Blinder mit integriertem Dimmermodul. Er erzeugt das typische, intensive Warmwei\u00df-Licht traditioneller Blinder und eignet sich perfekt f\u00fcr B\u00fchnen, Konzerte und Festivals. Dank eingebauter Elektronik kann der Scheinwerfer direkt per DMX angesteuert werden \u2013 ganz ohne externes Dimmerpack.<\/p>\n<hr data-start=\"668\" data-end=\"671\" \/>\n<h3 data-start=\"673\" data-end=\"710\"><strong data-start=\"677\" data-end=\"710\">Technische Daten (Tech Specs)<\/strong><\/h3>\n<div class=\"_tableContainer_1rjym_1\">\n<div class=\"group _tableWrapper_1rjym_13 flex w-fit flex-col-reverse\" tabindex=\"-1\">\n<table class=\"w-fit min-w-(--thread-content-width)\" data-start=\"712\" data-end=\"1925\">\n<thead data-start=\"712\" data-end=\"739\">\n<tr data-start=\"712\" data-end=\"739\">\n<th data-start=\"712\" data-end=\"722\" data-col-size=\"sm\">Merkmal<\/th>\n<th data-start=\"722\" data-end=\"739\" data-col-size=\"lg\">Spezifikation<\/th>\n<\/tr>\n<\/thead>\n<tbody data-start=\"763\" data-end=\"1925\">\n<tr data-start=\"763\" data-end=\"821\">\n<td data-start=\"763\" data-end=\"781\" data-col-size=\"sm\"><strong data-start=\"765\" data-end=\"780\">Lichtquelle<\/strong><\/td>\n<td data-start=\"781\" data-end=\"821\" data-col-size=\"lg\">4 \u00d7 650 W Halogenlampen (DWE, GX16d)<\/td>\n<\/tr>\n<tr data-start=\"822\" data-end=\"854\">\n<td data-start=\"822\" data-end=\"843\" data-col-size=\"sm\"><strong data-start=\"824\" data-end=\"842\">Gesamtleistung<\/strong><\/td>\n<td data-start=\"843\" data-end=\"854\" data-col-size=\"lg\">2.600 W<\/td>\n<\/tr>\n<tr data-start=\"855\" data-end=\"902\">\n<td data-start=\"855\" data-end=\"876\" data-col-size=\"sm\"><strong data-start=\"857\" data-end=\"875\">Farbtemperatur<\/strong><\/td>\n<td data-start=\"876\" data-end=\"902\" data-col-size=\"lg\">ca. 3.200 K (Warmwei\u00df)<\/td>\n<\/tr>\n<tr data-start=\"903\" data-end=\"935\">\n<td data-start=\"903\" data-end=\"924\" data-col-size=\"sm\"><strong data-start=\"905\" data-end=\"923\">Abstrahlwinkel<\/strong><\/td>\n<td data-start=\"924\" data-end=\"935\" data-col-size=\"lg\">ca. 60\u00b0<\/td>\n<\/tr>\n<tr data-start=\"936\" data-end=\"1013\">\n<td data-start=\"936\" data-end=\"962\" data-col-size=\"sm\"><strong data-start=\"938\" data-end=\"961\">Lichtcharakteristik<\/strong><\/td>\n<td data-start=\"962\" data-end=\"1013\" data-col-size=\"lg\">Sehr hell, warmwei\u00df, klassischer Blinder-Effekt<\/td>\n<\/tr>\n<tr data-start=\"1014\" data-end=\"1081\">\n<td data-start=\"1014\" data-end=\"1028\" data-col-size=\"sm\"><strong data-start=\"1016\" data-end=\"1027\">Dimmung<\/strong><\/td>\n<td data-start=\"1028\" data-end=\"1081\" data-col-size=\"lg\">Integrierter Dimmer, 0\u2013100 % via DMX512 steuerbar<\/td>\n<\/tr>\n<tr data-start=\"1082\" data-end=\"1134\">\n<td data-start=\"1082\" data-end=\"1098\" data-col-size=\"sm\"><strong data-start=\"1084\" data-end=\"1097\">Steuerung<\/strong><\/td>\n<td data-start=\"1098\" data-end=\"1134\" data-col-size=\"lg\">DMX512, Standalone, Master\/Slave<\/td>\n<\/tr>\n<tr data-start=\"1135\" data-end=\"1197\">\n<td data-start=\"1135\" data-end=\"1152\" data-col-size=\"sm\"><strong data-start=\"1137\" data-end=\"1151\">DMX-Kan\u00e4le<\/strong><\/td>\n<td data-start=\"1152\" data-end=\"1197\" data-col-size=\"lg\">2 Kan\u00e4le<\/td>\n<\/tr>\n<tr data-start=\"1198\" data-end=\"1254\">\n<td data-start=\"1198\" data-end=\"1224\" data-col-size=\"sm\"><strong data-start=\"1200\" data-end=\"1223\">Display \/ Bedienung<\/strong><\/td>\n<td data-start=\"1224\" data-end=\"1254\" data-col-size=\"lg\">DMX-Dip-Switch<\/td>\n<\/tr>\n<tr data-start=\"1255\" data-end=\"1294\">\n<td data-start=\"1255\" data-end=\"1275\" data-col-size=\"sm\"><strong data-start=\"1257\" data-end=\"1274\">Netzanschluss<\/strong><\/td>\n<td data-start=\"1275\" data-end=\"1294\" data-col-size=\"lg\">1x PowerCON In<\/td>\n<\/tr>\n<tr data-start=\"1295\" data-end=\"1343\">\n<td data-start=\"1295\" data-end=\"1321\" data-col-size=\"sm\"><strong data-start=\"1297\" data-end=\"1320\">Spannungsversorgung<\/strong><\/td>\n<td data-start=\"1321\" data-end=\"1343\" data-col-size=\"lg\">230 V AC, 50\/60 Hz<\/td>\n<\/tr>\n<tr data-start=\"1344\" data-end=\"1384\">\n<td data-start=\"1344\" data-end=\"1368\" data-col-size=\"sm\"><strong data-start=\"1346\" data-end=\"1367\">Leistungsaufnahme<\/strong><\/td>\n<td data-start=\"1368\" data-end=\"1384\" data-col-size=\"lg\">max. 2.600 W<\/td>\n<\/tr>\n<tr data-start=\"1385\" data-end=\"1418\">\n<td data-start=\"1385\" data-end=\"1401\" data-col-size=\"sm\"><strong data-start=\"1387\" data-end=\"1400\">Schutzart<\/strong><\/td>\n<td data-start=\"1401\" data-end=\"1418\" data-col-size=\"lg\">IP20 (Indoor)<\/td>\n<\/tr>\n<tr data-start=\"1419\" data-end=\"1456\">\n<td data-start=\"1419\" data-end=\"1433\" data-col-size=\"sm\"><strong data-start=\"1421\" data-end=\"1432\">K\u00fchlung<\/strong><\/td>\n<td data-start=\"1433\" data-end=\"1456\" data-col-size=\"lg\">Passiv, ger\u00e4uschlos<\/td>\n<\/tr>\n<tr data-start=\"1457\" data-end=\"1517\">\n<td data-start=\"1457\" data-end=\"1471\" data-col-size=\"sm\"><strong data-start=\"1459\" data-end=\"1470\">Geh\u00e4use<\/strong><\/td>\n<td data-start=\"1471\" data-end=\"1517\" data-col-size=\"lg\">Pulverbeschichtetes Metallgeh\u00e4use, schwarz<\/td>\n<\/tr>\n<tr data-start=\"1518\" data-end=\"1585\">\n<td data-start=\"1518\" data-end=\"1532\" data-col-size=\"sm\"><strong data-start=\"1520\" data-end=\"1531\">Montage<\/strong><\/td>\n<td data-start=\"1532\" data-end=\"1585\" data-col-size=\"lg\">Verstellbarer Doppelb\u00fcgel f\u00fcr Boden oder Traverse<\/td>\n<\/tr>\n<tr data-start=\"1586\" data-end=\"1642\">\n<td data-start=\"1586\" data-end=\"1616\" data-col-size=\"sm\"><strong data-start=\"1588\" data-end=\"1615\">Abmessungen (B \u00d7 H \u00d7 T)<\/strong><\/td>\n<td data-start=\"1616\" data-end=\"1642\" data-col-size=\"lg\">ca. 480 \u00d7 250 \u00d7 180 mm<\/td>\n<\/tr>\n<tr data-start=\"1643\" data-end=\"1671\">\n<td data-start=\"1643\" data-end=\"1657\" data-col-size=\"sm\"><strong data-start=\"1645\" data-end=\"1656\">Gewicht<\/strong><\/td>\n<td data-start=\"1657\" data-end=\"1671\" data-col-size=\"lg\">ca. 8,5 kg<\/td>\n<\/tr>\n<tr data-start=\"1672\" data-end=\"1749\">\n<td data-start=\"1672\" data-end=\"1691\" data-col-size=\"sm\"><strong data-start=\"1674\" data-end=\"1690\">Leuchtmittel<\/strong><\/td>\n<td data-start=\"1691\" data-end=\"1749\" data-col-size=\"lg\">4 \u00d7 DWE 650 W, 120 V (serienverschaltet, austauschbar)<\/td>\n<\/tr>\n<tr data-start=\"1750\" data-end=\"1925\">\n<td data-start=\"1750\" data-end=\"1771\" data-col-size=\"sm\"><strong data-start=\"1752\" data-end=\"1770\">Besonderheiten<\/strong><\/td>\n<td data-start=\"1771\" data-end=\"1925\" data-col-size=\"lg\">2 separat dimmbare Zellen, eingebauter Dimmer, kein externes Dimmerpack n\u00f6tig, klassische Halogenoptik, hohe Leuchtkraft f\u00fcr Live- und Touring-Einsatz<\/td>\n<\/tr>\n<\/tbody>\n<\/table>\n<\/div>\n<\/div>\n","protected":false},"excerpt":{"rendered":"<p>4 vorr\u00e4tig<\/p>\n","protected":false},"featured_media":318,"template":"","meta":[],"product_brand":[],"product_cat":[32],"product_tag":[],"class_list":{"0":"post-319","1":"product","2":"type-product","3":"status-publish","4":"has-post-thumbnail","6":"product_cat-scheinwerfer","8":"first","9":"instock","10":"taxable","11":"shipping-taxable","12":"purchasable","13":"product-type-simple"},"_links":{"self":[{"href":"https:\/\/as-lightsound.de\/wordpress\/wp-json\/wp\/v2\/product\/319","targetHints":{"allow":["GET"]}}],"collection":[{"href":"https:\/\/as-lightsound.de\/wordpress\/wp-json\/wp\/v2\/product"}],"about":[{"href":"https:\/\/as-lightsound.de\/wordpress\/wp-json\/wp\/v2\/types\/product"}],"wp:featuredmedia":[{"embeddable":true,"href":"https:\/\/as-lightsound.de\/wordpress\/wp-json\/wp\/v2\/media\/318"}],"wp:attachment":[{"href":"https:\/\/as-lightsound.de\/wordpress\/wp-json\/wp\/v2\/media?parent=319"}],"wp:term":[{"taxonomy":"product_brand","embeddable":true,"href":"https:\/\/as-lightsound.de\/wordpress\/wp-json\/wp\/v2\/product_brand?post=319"},{"taxonomy":"product_cat","embeddable":true,"href":"https:\/\/as-lightsound.de\/wordpress\/wp-json\/wp\/v2\/product_cat?post=319"},{"taxonomy":"product_tag","embeddable":true,"href":"https:\/\/as-lightsound.de\/wordpress\/wp-json\/wp\/v2\/product_tag?post=319"}],"curies":[{"name":"wp","href":"https:\/\/api.w.org\/{rel}","templated":true}]}}